{"id":369,"date":"2025-11-14T10:30:36","date_gmt":"2025-11-14T07:30:36","guid":{"rendered":"https:\/\/beta.medepia.com\/?page_id=369"},"modified":"2025-11-14T10:31:44","modified_gmt":"2025-11-14T07:31:44","slug":"sap-data-evaluation","status":"publish","type":"page","link":"https:\/\/medepia.com\/tr\/sap-data-evaluation\/","title":{"rendered":"SAP Veri De\u011ferlendirmesi"},"content":{"rendered":"<div class=\"wp-block-group has-global-padding is-layout-constrained wp-block-group-is-layout-constrained\">\n<figure class=\"wp-block-image size-full\"><img loading=\"lazy\" decoding=\"async\" width=\"2560\" height=\"1440\" src=\"https:\/\/medepia.com\/wp-content\/uploads\/2025\/11\/7-min-scaled.png\" alt=\"\" class=\"wp-image-339\" srcset=\"https:\/\/medepia.com\/wp-content\/uploads\/2025\/11\/7-min-scaled.png 2560w, https:\/\/medepia.com\/wp-content\/uploads\/2025\/11\/7-min-300x169.png 300w, https:\/\/medepia.com\/wp-content\/uploads\/2025\/11\/7-min-1024x576.png 1024w, https:\/\/medepia.com\/wp-content\/uploads\/2025\/11\/7-min-768x432.png 768w, https:\/\/medepia.com\/wp-content\/uploads\/2025\/11\/7-min-1536x864.png 1536w, https:\/\/medepia.com\/wp-content\/uploads\/2025\/11\/7-min-2048x1152.png 2048w\" sizes=\"auto, (max-width: 2560px) 100vw, 2560px\" \/><\/figure>\n\n\n\n<p><em>Veri Analizi, Temizli\u011fi ve Haz\u0131rl\u0131\u011f\u0131<\/em><\/p>\n\n\n\n<p class=\"has-featured-color has-text-color has-link-color wp-elements-6471bbaeb2eb8bcd71da52dbafa9423c\">Her d\u00f6n\u00fc\u015f\u00fcm veya y\u00f6neti\u015fim projesi, mevcut veri kalitesinin do\u011fru analiz edilmesiyle ba\u015flar.\nSAP Data Evaluation, veriyi inceleyip iyile\u015ftirme alanlar\u0131n\u0131 belirleyerek gelecekteki projelerin sa\u011flam temele oturmas\u0131n\u0131 sa\u011flar.<\/p>\n\n\n\n<p class=\"has-featured-color has-text-color has-link-color wp-elements-ec8cbc9f9e8b90b690ad77acf1e29b7c\"><strong>Neden SAP Data Evaluation?<\/strong><\/p>\n\n\n\n<ul class=\"wp-block-list\">\n<li class=\"has-featured-color has-text-color has-link-color wp-elements-5ecfaea2ce7adc1736304bad0e66ba0c\">Veri tutars\u0131zl\u0131klar\u0131n\u0131 ve yinelenen kay\u0131tlar\u0131 ortaya \u00e7\u0131kar\u0131r.<\/li>\n\n\n\n<li class=\"has-featured-color has-text-color has-link-color wp-elements-dbc50a1dfc9722efdad657516b84c688\">SAP MDG veya S\/4HANA'ya ge\u00e7i\u015f i\u00e7in haz\u0131r olup olmad\u0131\u011f\u0131n\u0131z\u0131 de\u011ferlendirir.<\/li>\n\n\n\n<li class=\"has-featured-color has-text-color has-link-color wp-elements-6d37ca29b32326e4040a63244ead9183\">S\u00fcrekli y\u00f6neti\u015fim i\u00e7in geli\u015ftirme \u00f6nceliklerini belirler.<\/li>\n<\/ul>\n\n\n\n<p class=\"has-featured-color has-text-color has-link-color wp-elements-c05b8cfc9678bb79972a2fc14a406806\"><strong>\u0130\u015finiz \u0130\u00e7in Ne Anlama Geliyor?<\/strong><br>Veri varl\u0131klar\u0131n\u0131z hakk\u0131nda net bir g\u00f6r\u00fcn\u00fcrl\u00fck elde eder, do\u011fru planlama yapar ve t\u00fcm projelere sa\u011flam bir ba\u015flang\u0131\u00e7 yapars\u0131n\u0131z.<\/p>\n<\/div>\n\n\n\n<div style=\"height:121px\" aria-hidden=\"true\" class=\"wp-block-spacer\"><\/div>\n\n\n\n<p><\/p>","protected":false},"excerpt":{"rendered":"<p>Assess, Improve, and Govern Your Data Before starting any governance or transformation project, data quality assessment is key. SAP Data Evaluation provides the insight needed to understand, clean, and optimize your existing datasets. Why SAP Data Evaluation? What It Means for Your BusinessGain clarity and confidence in your data assets\u2014laying the groundwork for accurate reporting, [&hellip;]<\/p>","protected":false},"author":1,"featured_media":0,"parent":0,"menu_order":0,"comment_status":"closed","ping_status":"closed","template":"","meta":{"footnotes":""},"class_list":["post-369","page","type-page","status-publish","hentry"],"_hostinger_reach_plugin_has_subscription_block":false,"_hostinger_reach_plugin_is_elementor":false,"_links":{"self":[{"href":"https:\/\/medepia.com\/tr\/wp-json\/wp\/v2\/pages\/369","targetHints":{"allow":["GET"]}}],"collection":[{"href":"https:\/\/medepia.com\/tr\/wp-json\/wp\/v2\/pages"}],"about":[{"href":"https:\/\/medepia.com\/tr\/wp-json\/wp\/v2\/types\/page"}],"author":[{"embeddable":true,"href":"https:\/\/medepia.com\/tr\/wp-json\/wp\/v2\/users\/1"}],"replies":[{"embeddable":true,"href":"https:\/\/medepia.com\/tr\/wp-json\/wp\/v2\/comments?post=369"}],"version-history":[{"count":3,"href":"https:\/\/medepia.com\/tr\/wp-json\/wp\/v2\/pages\/369\/revisions"}],"predecessor-version":[{"id":372,"href":"https:\/\/medepia.com\/tr\/wp-json\/wp\/v2\/pages\/369\/revisions\/372"}],"wp:attachment":[{"href":"https:\/\/medepia.com\/tr\/wp-json\/wp\/v2\/media?parent=369"}],"curies":[{"name":"wp","href":"https:\/\/api.w.org\/{rel}","templated":true}]}}