{"id":367,"date":"2025-11-14T10:28:41","date_gmt":"2025-11-14T07:28:41","guid":{"rendered":"https:\/\/beta.medepia.com\/?page_id=367"},"modified":"2025-11-14T10:32:32","modified_gmt":"2025-11-14T07:32:32","slug":"enterprise-information-management","status":"publish","type":"page","link":"https:\/\/medepia.com\/tr\/enterprise-information-management\/","title":{"rendered":"Kurumsal Bilgi Y\u00f6netimi"},"content":{"rendered":"<div class=\"wp-block-group has-global-padding is-layout-constrained wp-block-group-is-layout-constrained\">\n<figure class=\"wp-block-image size-full\"><img loading=\"lazy\" decoding=\"async\" width=\"2560\" height=\"1440\" src=\"https:\/\/medepia.com\/wp-content\/uploads\/2025\/11\/6-min-scaled.png\" alt=\"\" class=\"wp-image-340\" srcset=\"https:\/\/medepia.com\/wp-content\/uploads\/2025\/11\/6-min-scaled.png 2560w, https:\/\/medepia.com\/wp-content\/uploads\/2025\/11\/6-min-300x169.png 300w, https:\/\/medepia.com\/wp-content\/uploads\/2025\/11\/6-min-1024x576.png 1024w, https:\/\/medepia.com\/wp-content\/uploads\/2025\/11\/6-min-768x432.png 768w, https:\/\/medepia.com\/wp-content\/uploads\/2025\/11\/6-min-1536x864.png 1536w, https:\/\/medepia.com\/wp-content\/uploads\/2025\/11\/6-min-2048x1152.png 2048w\" sizes=\"auto, (max-width: 2560px) 100vw, 2560px\" \/><\/figure>\n\n\n\n<p><em>\u015eirket Verisinin Ortak Bir Kaynakta Y\u00f6netilmesi<\/em><\/p>\n\n\n\n<p class=\"has-featured-color has-text-color has-link-color wp-elements-315cba4beb66f451256dffb177145694\">Bilgi, i\u015f s\u00fcre\u00e7lerinin merkezinde yer al\u0131r.\nSAP Enterprise Information Management (EIM), yap\u0131land\u0131r\u0131lm\u0131\u015f ve yap\u0131land\u0131r\u0131lmam\u0131\u015f t\u00fcm kurumsal bilgiyi bir araya getirerek daha \u015feffaf, daha y\u00f6netilebilir bir bilgi mimarisi sunar.<\/p>\n\n\n\n<p class=\"has-featured-color has-text-color has-link-color wp-elements-44e6ab43586e133183c3846607cb9a36\"><strong>Neden Enterprise Information Management?<\/strong><\/p>\n\n\n\n<ul class=\"wp-block-list\">\n<li class=\"has-featured-color has-text-color has-link-color wp-elements-ad8bde098a2512764195d52c3a2593d2\">Farkl\u0131 veri alanlar\u0131n\u0131 tek bir yap\u0131 alt\u0131nda toplar.<\/li>\n\n\n\n<li class=\"has-featured-color has-text-color has-link-color wp-elements-112a32ef353cfa732b5da2367011fcf3\">Operasyonel ve analitik veri i\u00e7in verinin do\u011fru, kontroll\u00fc ve kurallara ba\u011fl\u0131 bir \u015fekilde y\u00f6netilmesini sa\u011flar.<\/li>\n\n\n\n<li class=\"has-featured-color has-text-color has-link-color wp-elements-03a8a29f3f41def2997e27bf2cc2d883\">Veri kopyalar\u0131n\u0131 ve bilgi da\u011f\u0131n\u0131kl\u0131\u011f\u0131n\u0131 azalt\u0131r.<\/li>\n<\/ul>\n\n\n\n<p class=\"has-featured-color has-text-color has-link-color wp-elements-43e0d5534dcf0ddfb4882524169ada51\"><strong>\u0130\u015finiz \u0130\u00e7in Ne Anlama Gelir?<\/strong>s<br>Bilgi ak\u0131\u015f\u0131n\u0131n tek merkezde birle\u015fmesi, uyumluluk, \u015feffafl\u0131k ve i\u015f birli\u011fini g\u00fc\u00e7lendirir; b\u00fcy\u00fcmeye haz\u0131r bir bilgi altyap\u0131s\u0131 olu\u015fturur.<\/p>\n<\/div>\n\n\n\n<div style=\"height:121px\" aria-hidden=\"true\" class=\"wp-block-spacer\"><\/div>\n\n\n\n<p><\/p>","protected":false},"excerpt":{"rendered":"<p>Unified Information Across the Organization Information drives your business. SAP Enterprise Information Management (EIM) ensures structured and unstructured data is consolidated, governed, and available across all systems. Why Enterprise Information Management? What It Means for Your BusinessUnify your information landscape to improve collaboration, compliance, and business agility\u2014building a data foundation that scales with growth.<\/p>","protected":false},"author":1,"featured_media":0,"parent":0,"menu_order":0,"comment_status":"closed","ping_status":"closed","template":"","meta":{"footnotes":""},"class_list":["post-367","page","type-page","status-publish","hentry"],"_hostinger_reach_plugin_has_subscription_block":false,"_hostinger_reach_plugin_is_elementor":false,"_links":{"self":[{"href":"https:\/\/medepia.com\/tr\/wp-json\/wp\/v2\/pages\/367","targetHints":{"allow":["GET"]}}],"collection":[{"href":"https:\/\/medepia.com\/tr\/wp-json\/wp\/v2\/pages"}],"about":[{"href":"https:\/\/medepia.com\/tr\/wp-json\/wp\/v2\/types\/page"}],"author":[{"embeddable":true,"href":"https:\/\/medepia.com\/tr\/wp-json\/wp\/v2\/users\/1"}],"replies":[{"embeddable":true,"href":"https:\/\/medepia.com\/tr\/wp-json\/wp\/v2\/comments?post=367"}],"version-history":[{"count":3,"href":"https:\/\/medepia.com\/tr\/wp-json\/wp\/v2\/pages\/367\/revisions"}],"predecessor-version":[{"id":374,"href":"https:\/\/medepia.com\/tr\/wp-json\/wp\/v2\/pages\/367\/revisions\/374"}],"wp:attachment":[{"href":"https:\/\/medepia.com\/tr\/wp-json\/wp\/v2\/media?parent=367"}],"curies":[{"name":"wp","href":"https:\/\/api.w.org\/{rel}","templated":true}]}}