{"id":365,"date":"2025-11-14T10:26:43","date_gmt":"2025-11-14T07:26:43","guid":{"rendered":"https:\/\/beta.medepia.com\/?page_id=365"},"modified":"2025-11-14T10:33:01","modified_gmt":"2025-11-14T07:33:01","slug":"data-analysis-and-reporting","status":"publish","type":"page","link":"https:\/\/medepia.com\/tr\/data-analysis-and-reporting\/","title":{"rendered":"Veri Analizi ve Raporlama"},"content":{"rendered":"<div class=\"wp-block-group has-global-padding is-layout-constrained wp-block-group-is-layout-constrained\">\n<figure class=\"wp-block-image size-full\"><img loading=\"lazy\" decoding=\"async\" width=\"2560\" height=\"1440\" src=\"https:\/\/medepia.com\/wp-content\/uploads\/2025\/11\/5-min-scaled.png\" alt=\"\" class=\"wp-image-344\" srcset=\"https:\/\/medepia.com\/wp-content\/uploads\/2025\/11\/5-min-scaled.png 2560w, https:\/\/medepia.com\/wp-content\/uploads\/2025\/11\/5-min-300x169.png 300w, https:\/\/medepia.com\/wp-content\/uploads\/2025\/11\/5-min-1024x576.png 1024w, https:\/\/medepia.com\/wp-content\/uploads\/2025\/11\/5-min-768x432.png 768w, https:\/\/medepia.com\/wp-content\/uploads\/2025\/11\/5-min-1536x864.png 1536w, https:\/\/medepia.com\/wp-content\/uploads\/2025\/11\/5-min-2048x1152.png 2048w\" sizes=\"auto, (max-width: 2560px) 100vw, 2560px\" \/><\/figure>\n\n\n\n<p><em>Veriyi Anlama, Avantaja D\u00f6n\u00fc\u015ft\u00fcrme<\/em><\/p>\n\n\n\n<p class=\"has-featured-color has-text-color has-link-color wp-elements-702c380705f10c228fbf88458a215d3d\">Veriyi y\u00f6netmek kadar, o veriden anlaml\u0131 bilgi elde edebilmek de kritik \u00f6neme sahiptir.\nSAP MDG, temizlenmi\u015f ve birle\u015ftirilmi\u015f veriyi analitik platformlara ta\u015f\u0131yarak daha do\u011fru i\u00e7g\u00f6r\u00fclerin ortaya \u00e7\u0131kmas\u0131n\u0131 sa\u011flar.<\/p>\n\n\n\n<p class=\"has-featured-color has-text-color has-link-color wp-elements-1e1c3a3671c19f5ae7ba8356c78e3528\"><strong>Neden Data Analysis &amp; Reporting?<\/strong><\/p>\n\n\n\n<ul class=\"wp-block-list\">\n<li class=\"has-featured-color has-text-color has-link-color wp-elements-16ee756e0b7b581d4b8ee216e1da35e4\">SAP HANA\u2019n\u0131n ger\u00e7ek zamanl\u0131 verilerini kullan\u0131r.<\/li>\n\n\n\n<li class=\"has-featured-color has-text-color has-link-color wp-elements-ede340d9ba24a2cc406f2829ed7023bb\">BI ara\u00e7lar\u0131yla entegre \u00e7al\u0131\u015farak derinlemesine analiz sunar.<\/li>\n\n\n\n<li class=\"has-featured-color has-text-color has-link-color wp-elements-93ce997fe8356198332f5d2a9b3f3411\">Do\u011fru raporlama ile daha isabetli kararlar al\u0131n\u0131r.<\/li>\n<\/ul>\n\n\n\n<p class=\"has-featured-color has-text-color has-link-color wp-elements-98b352d565fe3982ad5a754281be6c65\"><strong>\u0130\u015finiz \u0130\u00e7in Ne Anlama Gelir?<\/strong>s<br>Analiz g\u00fcc\u00fc artar, tahminleme kolayla\u015f\u0131r ve stratejik planlama daha isabetli h\u00e2le gelir.<\/p>\n\n\n\n<p><\/p>\n<\/div>\n\n\n\n<div style=\"height:121px\" aria-hidden=\"true\" class=\"wp-block-spacer\"><\/div>\n\n\n\n<p><\/p>","protected":false},"excerpt":{"rendered":"<p>Turning Data into Insight Effective governance is not just about managing data\u2014it\u2019s about understanding it. SAP MDG provides a foundation for advanced analytics, helping businesses extract meaningful insights from clean and unified data. Why Data Analysis and Reporting? What It Means for Your BusinessTransform your data into a competitive advantage by enabling smarter analysis, forecasting, [&hellip;]<\/p>","protected":false},"author":1,"featured_media":0,"parent":0,"menu_order":0,"comment_status":"closed","ping_status":"closed","template":"","meta":{"footnotes":""},"class_list":["post-365","page","type-page","status-publish","hentry"],"_hostinger_reach_plugin_has_subscription_block":false,"_hostinger_reach_plugin_is_elementor":false,"_links":{"self":[{"href":"https:\/\/medepia.com\/tr\/wp-json\/wp\/v2\/pages\/365","targetHints":{"allow":["GET"]}}],"collection":[{"href":"https:\/\/medepia.com\/tr\/wp-json\/wp\/v2\/pages"}],"about":[{"href":"https:\/\/medepia.com\/tr\/wp-json\/wp\/v2\/types\/page"}],"author":[{"embeddable":true,"href":"https:\/\/medepia.com\/tr\/wp-json\/wp\/v2\/users\/1"}],"replies":[{"embeddable":true,"href":"https:\/\/medepia.com\/tr\/wp-json\/wp\/v2\/comments?post=365"}],"version-history":[{"count":2,"href":"https:\/\/medepia.com\/tr\/wp-json\/wp\/v2\/pages\/365\/revisions"}],"predecessor-version":[{"id":375,"href":"https:\/\/medepia.com\/tr\/wp-json\/wp\/v2\/pages\/365\/revisions\/375"}],"wp:attachment":[{"href":"https:\/\/medepia.com\/tr\/wp-json\/wp\/v2\/media?parent=365"}],"curies":[{"name":"wp","href":"https:\/\/api.w.org\/{rel}","templated":true}]}}