{"id":362,"date":"2025-11-14T10:22:59","date_gmt":"2025-11-14T07:22:59","guid":{"rendered":"https:\/\/beta.medepia.com\/?page_id=362"},"modified":"2025-11-14T10:37:44","modified_gmt":"2025-11-14T07:37:44","slug":"s-4hana-transformation","status":"publish","type":"page","link":"https:\/\/medepia.com\/tr\/s-4hana-transformation\/","title":{"rendered":"S\/4HANA Dijital D\u00f6n\u00fc\u015f\u00fcm"},"content":{"rendered":"<div class=\"wp-block-group has-global-padding is-layout-constrained wp-block-group-is-layout-constrained\">\n<figure class=\"wp-block-image size-full\"><img loading=\"lazy\" decoding=\"async\" width=\"2560\" height=\"1440\" src=\"https:\/\/medepia.com\/wp-content\/uploads\/2025\/11\/4-min-scaled.png\" alt=\"\" class=\"wp-image-342\" srcset=\"https:\/\/medepia.com\/wp-content\/uploads\/2025\/11\/4-min-scaled.png 2560w, https:\/\/medepia.com\/wp-content\/uploads\/2025\/11\/4-min-300x169.png 300w, https:\/\/medepia.com\/wp-content\/uploads\/2025\/11\/4-min-1024x576.png 1024w, https:\/\/medepia.com\/wp-content\/uploads\/2025\/11\/4-min-768x432.png 768w, https:\/\/medepia.com\/wp-content\/uploads\/2025\/11\/4-min-1536x864.png 1536w, https:\/\/medepia.com\/wp-content\/uploads\/2025\/11\/4-min-2048x1152.png 2048w\" sizes=\"auto, (max-width: 2560px) 100vw, 2560px\" \/><\/figure>\n\n\n\n<p><em>G\u00fcvenilir Veri ile Ba\u015flayan S\/4HANA Yolculu\u011fu<\/em><\/p>\n\n\n\n<p class=\"has-featured-color has-text-color has-link-color wp-elements-5a79a4cde5aa812f580af3caf8d136be\">S\/4HANA\u2019ya ge\u00e7i\u015f sadece bir teknik d\u00f6n\u00fc\u015f\u00fcm de\u011fildir; veri haz\u0131rl\u0131\u011f\u0131 bu yolculu\u011fun en kritik b\u00f6l\u00fcm\u00fcd\u00fcr.\nSAP MDG, ge\u00e7i\u015f \u00f6ncesinde veriyi temizleyip d\u00fczenleyerek S\/4HANA\u2019ya uyumlu hale getirir.<\/p>\n\n\n\n<p class=\"has-featured-color has-text-color has-link-color wp-elements-c3e32fa89b6a2d9195f269f78859718d\"><strong>Neden S\/4HANA Transformation?<\/strong><\/p>\n\n\n\n<ul class=\"wp-block-list\">\n<li class=\"has-featured-color has-text-color has-link-color wp-elements-ef026636bcd5f231af572efddd470869\">Eski verileri migrasyon \u00f6ncesinde standardize eder ve temizler.<\/li>\n\n\n\n<li class=\"has-featured-color has-text-color has-link-color wp-elements-5fa1ecbcc8b2d27ed5d6ca2271d5dc64\">S\/4HANA veri modeline sorunsuz uyum sa\u011flar.<\/li>\n\n\n\n<li class=\"has-featured-color has-text-color has-link-color wp-elements-4367ce58188ddda34e9d55dd9b30765b\">G\u00f6\u00e7 s\u0131ras\u0131nda riskleri azalt\u0131r, s\u00fcreci h\u0131zland\u0131r\u0131r.<\/li>\n<\/ul>\n\n\n\n<p class=\"has-featured-color has-text-color has-link-color wp-elements-a52dbda70e3afbc8f683650c186ce35e\"><strong>\u0130\u015finiz \u0130\u00e7in Ne Anlama Geliyor?<\/strong><br>Do\u011fru veri ile ba\u015flayan bir d\u00f6n\u00fc\u015f\u00fcm, canl\u0131ya ge\u00e7i\u015f s\u00fcrecini kolayla\u015ft\u0131r\u0131r, maliyetleri d\u00fc\u015f\u00fcr\u00fcr ve yeniliklerin daha h\u0131zl\u0131 benimsenmesini sa\u011flar.<\/p>\n\n\n\n<p><\/p>\n<\/div>\n\n\n\n<div style=\"height:121px\" aria-hidden=\"true\" class=\"wp-block-spacer\"><\/div>\n\n\n\n<p><\/p>","protected":false},"excerpt":{"rendered":"<p>Empower Your Transition with Trusted Data Migrating to SAP S\/4HANA requires more than a technical upgrade\u2014it requires data readiness. SAP MDG ensures your data is harmonized, validated, and prepared for the digital core. Why S\/4HANA Transformation? What It Means for Your BusinessSimplify your digital transformation journey with accurate, migration-ready data\u2014unlocking agility, efficiency, and innovation.<\/p>","protected":false},"author":1,"featured_media":0,"parent":0,"menu_order":0,"comment_status":"closed","ping_status":"closed","template":"","meta":{"footnotes":""},"class_list":["post-362","page","type-page","status-publish","hentry"],"_hostinger_reach_plugin_has_subscription_block":false,"_hostinger_reach_plugin_is_elementor":false,"_links":{"self":[{"href":"https:\/\/medepia.com\/tr\/wp-json\/wp\/v2\/pages\/362","targetHints":{"allow":["GET"]}}],"collection":[{"href":"https:\/\/medepia.com\/tr\/wp-json\/wp\/v2\/pages"}],"about":[{"href":"https:\/\/medepia.com\/tr\/wp-json\/wp\/v2\/types\/page"}],"author":[{"embeddable":true,"href":"https:\/\/medepia.com\/tr\/wp-json\/wp\/v2\/users\/1"}],"replies":[{"embeddable":true,"href":"https:\/\/medepia.com\/tr\/wp-json\/wp\/v2\/comments?post=362"}],"version-history":[{"count":4,"href":"https:\/\/medepia.com\/tr\/wp-json\/wp\/v2\/pages\/362\/revisions"}],"predecessor-version":[{"id":382,"href":"https:\/\/medepia.com\/tr\/wp-json\/wp\/v2\/pages\/362\/revisions\/382"}],"wp:attachment":[{"href":"https:\/\/medepia.com\/tr\/wp-json\/wp\/v2\/media?parent=362"}],"curies":[{"name":"wp","href":"https:\/\/api.w.org\/{rel}","templated":true}]}}