{"id":359,"date":"2025-11-14T10:20:55","date_gmt":"2025-11-14T07:20:55","guid":{"rendered":"https:\/\/beta.medepia.com\/?page_id=359"},"modified":"2025-11-14T10:33:54","modified_gmt":"2025-11-14T07:33:54","slug":"data-quality","status":"publish","type":"page","link":"https:\/\/medepia.com\/tr\/data-quality\/","title":{"rendered":"Veri Kalitesi"},"content":{"rendered":"<div class=\"wp-block-group has-global-padding is-layout-constrained wp-block-group-is-layout-constrained\">\n<figure class=\"wp-block-image size-full\"><img loading=\"lazy\" decoding=\"async\" width=\"2560\" height=\"1440\" src=\"https:\/\/medepia.com\/wp-content\/uploads\/2025\/11\/3-min-scaled.png\" alt=\"\" class=\"wp-image-341\" srcset=\"https:\/\/medepia.com\/wp-content\/uploads\/2025\/11\/3-min-scaled.png 2560w, https:\/\/medepia.com\/wp-content\/uploads\/2025\/11\/3-min-300x169.png 300w, https:\/\/medepia.com\/wp-content\/uploads\/2025\/11\/3-min-1024x576.png 1024w, https:\/\/medepia.com\/wp-content\/uploads\/2025\/11\/3-min-768x432.png 768w, https:\/\/medepia.com\/wp-content\/uploads\/2025\/11\/3-min-1536x864.png 1536w, https:\/\/medepia.com\/wp-content\/uploads\/2025\/11\/3-min-2048x1152.png 2048w\" sizes=\"auto, (max-width: 2560px) 100vw, 2560px\" \/><\/figure>\n\n\n\n<p><em>Do\u011fru Veri, Do\u011fru Kararlar<\/em><\/p>\n\n\n\n<p class=\"has-featured-color has-text-color has-link-color wp-elements-cddd0a7b4239d3f9851dbae5876746db\">Kaliteli veri  i\u015fleyi\u015fin temelidir.\nSAP MDG, ana veriyi standartla\u015ft\u0131ra\u00adrak, do\u011frulayarak ve izleyerek kurum genelinde g\u00fcvenilir veri ak\u0131\u015f\u0131 sa\u011flar.<\/p>\n\n\n\n<p class=\"has-featured-color has-text-color has-link-color wp-elements-16adc36149c65a94d3d939cc2e1bca95\"><strong>Neden Data Quality?<\/strong><\/p>\n\n\n\n<ul class=\"wp-block-list\">\n<li class=\"has-featured-color has-text-color has-link-color wp-elements-a28515a97fa1ed508df54a95fd7f63f3\">Geli\u015fmi\u015f e\u015fle\u015ftirme y\u00f6ntemleri ile yinelenen kay\u0131tlar\u0131 tespit eder ve temizler.<\/li>\n\n\n\n<li class=\"has-featured-color has-text-color has-link-color wp-elements-d0f151e990c1a7481141650cb8ae6c93\">\u0130\u015f kurallar\u0131 ile tutarl\u0131l\u0131k sa\u011flar.<\/li>\n\n\n\n<li class=\"has-featured-color has-text-color has-link-color wp-elements-ecb7f38535b7dd2bb33f6ecad2344a89\">Veri sa\u011fl\u0131\u011f\u0131 ve KPI\u2019lar\u0131 s\u00fcrekli izlenebilir h\u00e2le getirir.<\/li>\n<\/ul>\n\n\n\n<p class=\"has-featured-color has-text-color has-link-color wp-elements-36941d8362a90bdcede9f94d1770e36f\"><strong>\u0130\u015finiz \u0130\u00e7in Ne Anlama Geliyor?<\/strong><br>Temiz ve g\u00fcvenilir veri sayesinde operasyonlar h\u0131zlan\u0131r, ekipler hatas\u0131z \u00e7al\u0131\u015f\u0131r ve riskler en aza iner.<\/p>\n<\/div>\n\n\n\n<div style=\"height:121px\" aria-hidden=\"true\" class=\"wp-block-spacer\"><\/div>\n\n\n\n<p><\/p>","protected":false},"excerpt":{"rendered":"<p>Trusted Data, Trusted Decisions High-quality data is not optional\u2014it\u2019s essential. SAP MDG helps identify, standardize, and validate master data to ensure it remains accurate and reliable across the enterprise. Why Data Quality? What It Means for Your BusinessWith clean, reliable data, your teams make better decisions, operations run smoother, and compliance risks are minimized.<\/p>","protected":false},"author":1,"featured_media":0,"parent":0,"menu_order":0,"comment_status":"closed","ping_status":"closed","template":"","meta":{"footnotes":""},"class_list":["post-359","page","type-page","status-publish","hentry"],"_hostinger_reach_plugin_has_subscription_block":false,"_hostinger_reach_plugin_is_elementor":false,"_links":{"self":[{"href":"https:\/\/medepia.com\/tr\/wp-json\/wp\/v2\/pages\/359","targetHints":{"allow":["GET"]}}],"collection":[{"href":"https:\/\/medepia.com\/tr\/wp-json\/wp\/v2\/pages"}],"about":[{"href":"https:\/\/medepia.com\/tr\/wp-json\/wp\/v2\/types\/page"}],"author":[{"embeddable":true,"href":"https:\/\/medepia.com\/tr\/wp-json\/wp\/v2\/users\/1"}],"replies":[{"embeddable":true,"href":"https:\/\/medepia.com\/tr\/wp-json\/wp\/v2\/comments?post=359"}],"version-history":[{"count":3,"href":"https:\/\/medepia.com\/tr\/wp-json\/wp\/v2\/pages\/359\/revisions"}],"predecessor-version":[{"id":377,"href":"https:\/\/medepia.com\/tr\/wp-json\/wp\/v2\/pages\/359\/revisions\/377"}],"wp:attachment":[{"href":"https:\/\/medepia.com\/tr\/wp-json\/wp\/v2\/media?parent=359"}],"curies":[{"name":"wp","href":"https:\/\/api.w.org\/{rel}","templated":true}]}}