{"id":301,"date":"2025-11-03T08:33:10","date_gmt":"2025-11-03T05:33:10","guid":{"rendered":"https:\/\/beta.medepia.com\/?page_id=301"},"modified":"2025-11-03T08:58:31","modified_gmt":"2025-11-03T05:58:31","slug":"monitoring-cockpit","status":"publish","type":"page","link":"https:\/\/medepia.com\/tr\/monitoring-cockpit\/","title":{"rendered":"\u0130zleme Kokpiti"},"content":{"rendered":"<div class=\"wp-block-group has-global-padding is-layout-constrained wp-block-group-is-layout-constrained\">\n<figure class=\"wp-block-image size-full\"><img loading=\"lazy\" decoding=\"async\" width=\"2560\" height=\"1440\" src=\"https:\/\/medepia.com\/wp-content\/uploads\/2025\/10\/7-scaled.png\" alt=\"\" class=\"wp-image-309\" srcset=\"https:\/\/medepia.com\/wp-content\/uploads\/2025\/10\/7-scaled.png 2560w, https:\/\/medepia.com\/wp-content\/uploads\/2025\/10\/7-300x169.png 300w, https:\/\/medepia.com\/wp-content\/uploads\/2025\/10\/7-1024x576.png 1024w, https:\/\/medepia.com\/wp-content\/uploads\/2025\/10\/7-768x432.png 768w, https:\/\/medepia.com\/wp-content\/uploads\/2025\/10\/7-1536x864.png 1536w, https:\/\/medepia.com\/wp-content\/uploads\/2025\/10\/7-2048x1152.png 2048w\" sizes=\"auto, (max-width: 2560px) 100vw, 2560px\" \/><\/figure>\n\n\n\n<p><em>Operasyonlar\u0131n\u0131z\u0131 Ba\u015ftan Sona \u0130zleyin<\/em><\/p>\n\n\n\n<p class=\"has-text-color has-link-color wp-elements-e65b5f679d8a97de07911345b2543daa\" style=\"color:#0e0e0e\">\u015eirketler her g\u00fcn b\u00fcy\u00fck miktarda veri ve s\u00fcre\u00e7 \u00fcretir. Ancak net bir g\u00f6r\u00fcn\u00fcrl\u00fck olmad\u0131\u011f\u0131nda \u00f6nemli uyar\u0131lar kolayca kaybolabilir. <\/p>\n\n\n\n<p class=\"has-featured-color has-text-color has-link-color wp-elements-9fcdd181d67689d0710abdb0796e8f7d\">Monitoring Cockpit, sistem performans\u0131n\u0131, veri ak\u0131\u015flar\u0131n\u0131 ve s\u00fcre\u00e7 sa\u011fl\u0131\u011f\u0131n\u0131 tek bir noktadan takip etmenizi sa\u011flayarak proaktif y\u00f6netim k\u00fclt\u00fcr\u00fcn\u00fc hayata ge\u00e7irir.<\/p>\n\n\n\n<p class=\"has-featured-color has-text-color has-link-color wp-elements-618d7b48a57f4020de177b63ef41dd37\"><strong>Temel Yetkinlikler<\/strong><\/p>\n\n\n\n<ul class=\"wp-block-list\">\n<li class=\"has-featured-color has-text-color has-link-color wp-elements-504e98a63878359afd5041a74bf16396\"><strong>Anl\u0131k \u0130zleme:<\/strong> Ana veriler, i\u015f ak\u0131\u015flar\u0131 ve entegrasyon noktalar\u0131 ger\u00e7ek zamanl\u0131 g\u00f6r\u00fcnt\u00fclenir.<\/li>\n\n\n\n<li class=\"has-featured-color has-text-color has-link-color wp-elements-f5ae16ba2f9000a0f21c8db7b1a1ba9d\"><strong>Ki\u015fiselle\u015ftirilebilir Paneller<\/strong> \u00d6nceliklerinize g\u00f6re KPI\u2019lar\u0131 ve uyar\u0131lar\u0131 g\u00f6rselle\u015ftiren \u00f6zelle\u015ftirilebilir dashboard\u2019lar.<\/li>\n\n\n\n<li class=\"has-featured-color has-text-color has-link-color wp-elements-dd6cba58acba0df349a85958eea6163b\"><strong>Erken Uyar\u0131 Mekanizmas\u0131<\/strong> Olas\u0131 sorunlar\u0131 b\u00fcy\u00fcmeden \u00f6nce fark ederek h\u0131zl\u0131 aksiyon alman\u0131z\u0131 sa\u011flar.<\/li>\n\n\n\n<li class=\"has-featured-color has-text-color has-link-color wp-elements-162525b5456396bf9c73f4d4ffcd6515\"><strong>U\u00e7tan Uca \u015eeffafl\u0131k<\/strong> \u0130\u015f ve IT ekiplerini ayn\u0131 veri seti \u00fczerinden bulu\u015fturan ortak bir g\u00f6r\u00fcn\u00fcrl\u00fck noktas\u0131 sunar.<\/li>\n<\/ul>\n\n\n\n<p class=\"has-featured-color has-text-color has-link-color wp-elements-e2df69220692af9b00e9bd9e30d88304\"><strong>\u0130\u015finiz \u0130\u00e7in Ne Anlama Gelir?<\/strong><\/p>\n\n\n\n<p class=\"has-featured-color has-text-color has-link-color wp-elements-0e2dea1e7d97b83b6f7b9901ce6112ba\">Monitoring Cockpit, izlemeyi sadece bir kontrol arac\u0131 olmaktan \u00e7\u0131kar\u0131p i\u015fletme verimlili\u011finin stratejik bir bile\u015feni h\u00e2line getirir:<\/p>\n\n\n\n<ul class=\"wp-block-list\">\n<li class=\"has-featured-color has-text-color has-link-color wp-elements-ac63c45ee31a211512499a2fd765a703\"><strong>Sorunlara proaktif yakla\u015f\u0131m:<\/strong> Duru\u015flar, veri hatalar\u0131 ve aksakl\u0131klar yay\u0131lmadan \u00e7\u00f6z\u00fcl\u00fcr.<\/li>\n\n\n\n<li class=\"has-featured-color has-text-color has-link-color wp-elements-bed854901d9e1342ebf6c88bde14e803\"><strong>Daha iyi karar alma:<\/strong> G\u00fcncel veriler \u00fczerinden an\u0131nda de\u011ferlendirme yap\u0131l\u0131r.<\/li>\n\n\n\n<li class=\"has-featured-color has-text-color has-link-color wp-elements-33ec8d19ad8848bc413bf0d1974a67d6\"><strong>Ekipler aras\u0131 uyum:<\/strong> \u0130\u015f ve IT ekipleri ayn\u0131 bilgilere e\u015f zamanl\u0131 eri\u015fir.<\/li>\n\n\n\n<li class=\"has-featured-color has-text-color has-link-color wp-elements-83d36c7fc21b04611c9bad0deddec0c3\"><strong>Operasyonel verimlilik:<\/strong> Manuel takip azal\u0131r, ekipler geli\u015fime odaklan\u0131r.<\/li>\n<\/ul>\n<\/div>\n\n\n\n<div style=\"height:121px\" aria-hidden=\"true\" class=\"wp-block-spacer\"><\/div>\n\n\n\n<p><\/p>","protected":false},"excerpt":{"rendered":"<p>Full Visibility, Smarter Decisions As businesses transition to digital ecosystems, the need for consistent, accurate, and well-governed data becomes Enterprises generate massive amounts of data and processes every day\u2014but without clear oversight, critical signals get lost. Monitoring Cockpit provides a centralized view of system performance, data flows, and process health, enabling proactive management instead of [&hellip;]<\/p>","protected":false},"author":1,"featured_media":0,"parent":0,"menu_order":0,"comment_status":"closed","ping_status":"closed","template":"","meta":{"footnotes":""},"class_list":["post-301","page","type-page","status-publish","hentry"],"_hostinger_reach_plugin_has_subscription_block":false,"_hostinger_reach_plugin_is_elementor":false,"_links":{"self":[{"href":"https:\/\/medepia.com\/tr\/wp-json\/wp\/v2\/pages\/301","targetHints":{"allow":["GET"]}}],"collection":[{"href":"https:\/\/medepia.com\/tr\/wp-json\/wp\/v2\/pages"}],"about":[{"href":"https:\/\/medepia.com\/tr\/wp-json\/wp\/v2\/types\/page"}],"author":[{"embeddable":true,"href":"https:\/\/medepia.com\/tr\/wp-json\/wp\/v2\/users\/1"}],"replies":[{"embeddable":true,"href":"https:\/\/medepia.com\/tr\/wp-json\/wp\/v2\/comments?post=301"}],"version-history":[{"count":4,"href":"https:\/\/medepia.com\/tr\/wp-json\/wp\/v2\/pages\/301\/revisions"}],"predecessor-version":[{"id":336,"href":"https:\/\/medepia.com\/tr\/wp-json\/wp\/v2\/pages\/301\/revisions\/336"}],"wp:attachment":[{"href":"https:\/\/medepia.com\/tr\/wp-json\/wp\/v2\/media?parent=301"}],"curies":[{"name":"wp","href":"https:\/\/api.w.org\/{rel}","templated":true}]}}