{"id":299,"date":"2025-11-03T08:33:15","date_gmt":"2025-11-03T05:33:15","guid":{"rendered":"https:\/\/beta.medepia.com\/?page_id=299"},"modified":"2025-11-03T08:57:20","modified_gmt":"2025-11-03T05:57:20","slug":"ptc-integrity","status":"publish","type":"page","link":"https:\/\/medepia.com\/tr\/ptc-integrity\/","title":{"rendered":"PTC B\u00fct\u00fcnl\u00fc\u011f\u00fc"},"content":{"rendered":"<div class=\"wp-block-group has-global-padding is-layout-constrained wp-block-group-is-layout-constrained\">\n<figure class=\"wp-block-image size-full\"><img loading=\"lazy\" decoding=\"async\" width=\"2560\" height=\"1440\" src=\"https:\/\/medepia.com\/wp-content\/uploads\/2025\/10\/6-scaled.png\" alt=\"\" class=\"wp-image-308\" srcset=\"https:\/\/medepia.com\/wp-content\/uploads\/2025\/10\/6-scaled.png 2560w, https:\/\/medepia.com\/wp-content\/uploads\/2025\/10\/6-300x169.png 300w, https:\/\/medepia.com\/wp-content\/uploads\/2025\/10\/6-1024x576.png 1024w, https:\/\/medepia.com\/wp-content\/uploads\/2025\/10\/6-768x432.png 768w, https:\/\/medepia.com\/wp-content\/uploads\/2025\/10\/6-1536x864.png 1536w, https:\/\/medepia.com\/wp-content\/uploads\/2025\/10\/6-2048x1152.png 2048w\" sizes=\"auto, (max-width: 2560px) 100vw, 2560px\" \/><\/figure>\n\n\n\n<p><em>Karma\u015f\u0131k \u00dcr\u00fcn S\u00fcre\u00e7lerinde Netlik ve Kontrol<\/em><\/p>\n\n\n\n<p class=\"has-text-color has-link-color wp-elements-d3b08a711dac224bcb058ba3c5429974\" style=\"color:#0e0e0e\"><\/p>\n\n\n\n<p class=\"has-featured-color has-text-color has-link-color wp-elements-35328eb637246e6c3e46493b67e118a7\">Bir \u00fcr\u00fcn yaln\u0131zca tasar\u0131mdan ibaret de\u011fildir; bile\u015fen y\u00f6netimi, gereksinim takibi, de\u011fi\u015fiklik kontrol\u00fc ve uyumluluk s\u00fcre\u00e7lerini de kapsar. PTC Integrity, gereksinimlerden geli\u015ftirmeye ve test s\u00fcre\u00e7lerine kadar t\u00fcm ad\u0131mlar\u0131 tek bir platformda birle\u015ftirerek kurumlar\u0131n \u00fcr\u00fcn ya\u015fam d\u00f6ng\u00fcs\u00fcn\u00fc g\u00fcvenle y\u00f6netmesini sa\u011flar.<\/p>\n\n\n\n<p class=\"has-featured-color has-text-color has-link-color wp-elements-19b82c7ff4f82b8b77e7cddda8f2e4cc\"><strong>\u00d6ne \u00c7\u0131kan Yetkinlikler<\/strong><\/p>\n\n\n\n<ul class=\"wp-block-list\">\n<li class=\"has-featured-color has-text-color has-link-color wp-elements-43847052eab71fc3650e28e4aa05c1f6\"><strong>Gereksinim Y\u00f6netimi<\/strong> Gereksinimlerin tan\u0131mlanmas\u0131, izlenmesi ve do\u011frulanmas\u0131 tek bir yap\u0131 alt\u0131nda ger\u00e7ekle\u015fir; tam izlenebilirlik sunar.<\/li>\n\n\n\n<li class=\"has-featured-color has-text-color has-link-color wp-elements-6965d428623482bb25e2f79c3c1da242\"><strong>De\u011fi\u015fiklik Y\u00f6netimi<\/strong> \u00dcr\u00fcn ve s\u00fcre\u00e7 de\u011fi\u015fiklikleri kontroll\u00fc \u015fekilde ele al\u0131n\u0131r; riskler, tekrarlayan i\u015f y\u00fck\u00fc ve hatalar en aza iner.<\/li>\n\n\n\n<li class=\"has-featured-color has-text-color has-link-color wp-elements-aeb388e3c6f35e8b82d5ead9bb69c3fb\"><strong>Uyumluluk ve Standartlara Uyum<\/strong> ISO, FDA, Automotive SPICE gibi sekt\u00f6rel standartlarla uyumlu bir yap\u0131 sunar; denetim s\u00fcre\u00e7lerini kolayla\u015ft\u0131r\u0131r.<\/li>\n\n\n\n<li class=\"has-featured-color has-text-color has-link-color wp-elements-32eab10866abc1f52512c8897df6c862\"><strong>Entegrasyon Kabiliyeti<\/strong> M\u00fchendislik, test ve kurumsal sistemlerle sorunsuz ba\u011flant\u0131lar kurarak b\u00fct\u00fcnsel y\u00f6netim sa\u011flar.<\/li>\n<\/ul>\n\n\n\n<p class=\"has-featured-color has-text-color has-link-color wp-elements-da41c8f4817277d12fb90a6fbdfdc747\"><strong>\u0130\u015finiz \u0130\u00e7in Ne Anlama Gelir?<\/strong><\/p>\n\n\n\n<p class=\"has-featured-color has-text-color has-link-color wp-elements-8d5fa3f49176b21fba5ae024d1d477d3\">PTC Integrity, \u00fcr\u00fcn geli\u015ftirme s\u00fcrecindeki karma\u015fay\u0131 ortadan kald\u0131r\u0131p tek ve g\u00fcvenilir bir \u00e7al\u0131\u015fma modeli sunar.\nBu sayede:<\/p>\n\n\n\n<ul class=\"wp-block-list\">\n<li class=\"has-featured-color has-text-color has-link-color wp-elements-63ccad85aa6fbe19553eefa04dae3060\"><strong>Pazara \u00e7\u0131k\u0131\u015f s\u00fcresi k\u0131sal\u0131r:<\/strong> \u015eeffaf s\u00fcre\u00e7 y\u00f6netimi h\u0131z kazand\u0131r\u0131r.<\/li>\n\n\n\n<li class=\"has-featured-color has-text-color has-link-color wp-elements-4e80073cd7266267ae0ce6053832b114\"><strong>Riskler azal\u0131r:<\/strong> Hatalar erken tespit edilir, uyumluluk en ba\u015ftan sa\u011flan\u0131r.<\/li>\n\n\n\n<li class=\"has-featured-color has-text-color has-link-color wp-elements-a49bd1e6bc2c7055ae98b2cb2ffc2d2f\"><strong>Ekipler aras\u0131 uyum g\u00fc\u00e7lenir:<\/strong> M\u00fchendislik, kalite ve i\u015f ekipleri ayn\u0131 bilgi kayna\u011f\u0131ndan \u00e7al\u0131\u015f\u0131r.<\/li>\n\n\n\n<li class=\"has-featured-color has-text-color has-link-color wp-elements-1b9b4542d720b95a96416257426ce6f9\"><strong>Ya\u015fam d\u00f6ng\u00fcs\u00fc g\u00f6r\u00fcn\u00fcrl\u00fc\u011f\u00fc artar:<\/strong> Gereksinimden yay\u0131na kadar her ad\u0131m takip edilebilir h\u00e2le gelir.<\/li>\n<\/ul>\n<\/div>\n\n\n\n<div style=\"height:121px\" aria-hidden=\"true\" class=\"wp-block-spacer\"><\/div>\n\n\n\n<p><\/p>","protected":false},"excerpt":{"rendered":"<p>End-to-End Lifecycle Governance Complex products demand more than just design\u2014they demand control, traceability, and compliance across the entire lifecycle. PTC Integrity provides a unified platform that connects requirements, development, and validation, ensuring every step aligns with business and regulatory standards. Key Strengths Strategic Business Value With PTC Integrity, organizations can transform complexity into clarity:<\/p>","protected":false},"author":1,"featured_media":0,"parent":0,"menu_order":0,"comment_status":"closed","ping_status":"closed","template":"","meta":{"footnotes":""},"class_list":["post-299","page","type-page","status-publish","hentry"],"_hostinger_reach_plugin_has_subscription_block":false,"_hostinger_reach_plugin_is_elementor":false,"_links":{"self":[{"href":"https:\/\/medepia.com\/tr\/wp-json\/wp\/v2\/pages\/299","targetHints":{"allow":["GET"]}}],"collection":[{"href":"https:\/\/medepia.com\/tr\/wp-json\/wp\/v2\/pages"}],"about":[{"href":"https:\/\/medepia.com\/tr\/wp-json\/wp\/v2\/types\/page"}],"author":[{"embeddable":true,"href":"https:\/\/medepia.com\/tr\/wp-json\/wp\/v2\/users\/1"}],"replies":[{"embeddable":true,"href":"https:\/\/medepia.com\/tr\/wp-json\/wp\/v2\/comments?post=299"}],"version-history":[{"count":3,"href":"https:\/\/medepia.com\/tr\/wp-json\/wp\/v2\/pages\/299\/revisions"}],"predecessor-version":[{"id":334,"href":"https:\/\/medepia.com\/tr\/wp-json\/wp\/v2\/pages\/299\/revisions\/334"}],"wp:attachment":[{"href":"https:\/\/medepia.com\/tr\/wp-json\/wp\/v2\/media?parent=299"}],"curies":[{"name":"wp","href":"https:\/\/api.w.org\/{rel}","templated":true}]}}