{"id":291,"date":"2025-11-03T08:33:13","date_gmt":"2025-11-03T05:33:13","guid":{"rendered":"https:\/\/beta.medepia.com\/?page_id=291"},"modified":"2025-11-03T08:56:05","modified_gmt":"2025-11-03T05:56:05","slug":"notification-framework","status":"publish","type":"page","link":"https:\/\/medepia.com\/tr\/notification-framework\/","title":{"rendered":"Notification Framework"},"content":{"rendered":"<div class=\"wp-block-group has-global-padding is-layout-constrained wp-block-group-is-layout-constrained\">\n<figure class=\"wp-block-image size-full\"><img loading=\"lazy\" decoding=\"async\" width=\"2560\" height=\"1440\" src=\"https:\/\/medepia.com\/wp-content\/uploads\/2025\/10\/5-scaled.png\" alt=\"\" class=\"wp-image-307\" srcset=\"https:\/\/medepia.com\/wp-content\/uploads\/2025\/10\/5-scaled.png 2560w, https:\/\/medepia.com\/wp-content\/uploads\/2025\/10\/5-300x169.png 300w, https:\/\/medepia.com\/wp-content\/uploads\/2025\/10\/5-1024x576.png 1024w, https:\/\/medepia.com\/wp-content\/uploads\/2025\/10\/5-768x432.png 768w, https:\/\/medepia.com\/wp-content\/uploads\/2025\/10\/5-1536x864.png 1536w, https:\/\/medepia.com\/wp-content\/uploads\/2025\/10\/5-2048x1152.png 2048w\" sizes=\"auto, (max-width: 2560px) 100vw, 2560px\" \/><\/figure>\n\n\n\n<p><em>Ak\u0131ll\u0131 ve \u00d6l\u00e7eklenebilir Bildirim Y\u00f6netimi<\/em><\/p>\n\n\n\n<p class=\"has-text-color has-link-color wp-elements-b7153d89cc4caa4e9763f16186008bf7\" style=\"color:#0e0e0e\">\u00c7ok kanall\u0131 ve ger\u00e7ek zamanl\u0131 bir bildirim altyap\u0131s\u0131, kritik bilgilerin do\u011fru ki\u015filere, do\u011fru anda ve do\u011fru formatta ula\u015fmas\u0131n\u0131 sa\u011flar; b\u00f6ylece kurum genelinde daha h\u0131zl\u0131 ve tutarl\u0131 bir i\u015fleyi\u015f olu\u015fturur.<\/p>\n\n\n\n<p class=\"has-featured-color has-text-color has-link-color wp-elements-c24268b8784155edf8ab07f01a50270b\"><strong>Temel \u00d6zellikler<\/strong><\/p>\n\n\n\n<ul class=\"wp-block-list\">\n<li class=\"has-featured-color has-text-color has-link-color wp-elements-55da8f1ff5993db0a3dfee0648c6bfad\"><strong>\u00c7ok Kanall\u0131 Bildirim:<\/strong> E-posta, mobil uygulamalar, paneller ve entegre i\u015f uygulamalar\u0131 \u00fczerinden bildirim g\u00f6nderimi.<\/li>\n\n\n\n<li class=\"has-featured-color has-text-color has-link-color wp-elements-7b6a962e600270f1ae2f9fcf5e477038\"><strong>Olay Tabanl\u0131 Uyar\u0131lar:<\/strong> Onay talepleri, i\u015f ak\u0131\u015f\u0131 de\u011fi\u015fiklikleri veya kritik i\u015f olaylar\u0131nda anl\u0131k bildirim tetikleme.<\/li>\n\n\n\n<li class=\"has-featured-color has-text-color has-link-color wp-elements-8dc9ad11183813efaf4882f7cf4f0671\"><strong>Ki\u015fiselle\u015ftirme ve \u00d6nceliklendirme:<\/strong> Gereksiz bildirimleri azaltan, ger\u00e7ekten \u00f6nemli olan\u0131 \u00f6ne \u00e7\u0131karan ak\u0131ll\u0131 yap\u0131.<\/li>\n\n\n\n<li class=\"has-featured-color has-text-color has-link-color wp-elements-2ef993e4d45c70733a2ac28c55bc14a0\"><strong>\u0130zlenebilir ve Uyumluluk Dostu:<\/strong> G\u00f6nderilen bildirimler kay\u0131t alt\u0131ndad\u0131r; denetim, raporlama ve y\u00f6neti\u015fim s\u00fcre\u00e7lerini destekler.<\/li>\n<\/ul>\n\n\n\n<p class=\"has-featured-color has-text-color has-link-color wp-elements-5462c8cc13f314b0f6af72de4d28ac89\"><strong>\u0130\u015finiz \u0130\u00e7in Ne Anlama Gelir?<\/strong><\/p>\n\n\n\n<p class=\"has-featured-color has-text-color has-link-color wp-elements-90da54ac55c7fba89a7419113fe028d0\">G\u00fc\u00e7l\u00fc bir bildirim altyap\u0131s\u0131 sayesinde kurumlar pasif ileti\u015fimden \u00e7\u0131kar, proaktif y\u00f6netim seviyesine ge\u00e7er.\nBu yap\u0131 ile:<\/p>\n\n\n\n<p class=\"has-text-color has-link-color wp-elements-8a10a80671b333e1c3f67919c63280d6\" style=\"color:#0e0e0e\"><strong>Yan\u0131t s\u00fcreleri h\u0131zlan\u0131r:<\/strong> Kritik olaylar gecikmeden ele al\u0131n\u0131r.<\/p>\n\n\n\n<p class=\"has-featured-color has-text-color has-link-color wp-elements-ed02b87165a39f015801f6c0a640218d\"><strong>Verim artar:<\/strong> \u00c7al\u0131\u015fanlar do\u011fru bilgiye an\u0131nda ula\u015f\u0131r ve harekete ge\u00e7er.<\/p>\n\n\n\n<p class=\"has-featured-color has-text-color has-link-color wp-elements-8f45d08f1d38c49741a4f96f30a6535e\"><strong>Ekip uyumu geli\u015fir:<\/strong> Manuel hat\u0131rlatmalar yerine otomatik ve tutarl\u0131 bilgilendirme yap\u0131l\u0131r.<\/p>\n\n\n\n<p class=\"has-featured-color has-text-color has-link-color wp-elements-d244b395cd1a5e65238e236f3f96a353\"><strong>Ekipler aras\u0131 uyum g\u00fc\u00e7lenir:<\/strong> \u00d6nemli hi\u00e7bir ad\u0131m g\u00f6zden ka\u00e7maz; kesintisiz i\u015f devaml\u0131l\u0131\u011f\u0131 sa\u011flan\u0131r.<\/p>\n\n\n\n<p><\/p>\n<\/div>\n\n\n\n<div style=\"height:121px\" aria-hidden=\"true\" class=\"wp-block-spacer\"><\/div>\n\n\n\n<p><\/p>","protected":false},"excerpt":{"rendered":"<p>Intelligent Communication at Scale Staying informed is no longer optional\u2014it\u2019s the foundation of responsive business. A modern notification framework ensures that the right information reaches the right people, at the right time, across the entire enterprise. Core Capabilities Business Benefits With a robust notification framework, organizations move beyond passive communication. Instead, they gain: Operational Resilience [&hellip;]<\/p>","protected":false},"author":1,"featured_media":0,"parent":0,"menu_order":0,"comment_status":"closed","ping_status":"closed","template":"","meta":{"footnotes":""},"class_list":["post-291","page","type-page","status-publish","hentry"],"_hostinger_reach_plugin_has_subscription_block":false,"_hostinger_reach_plugin_is_elementor":false,"_links":{"self":[{"href":"https:\/\/medepia.com\/tr\/wp-json\/wp\/v2\/pages\/291","targetHints":{"allow":["GET"]}}],"collection":[{"href":"https:\/\/medepia.com\/tr\/wp-json\/wp\/v2\/pages"}],"about":[{"href":"https:\/\/medepia.com\/tr\/wp-json\/wp\/v2\/types\/page"}],"author":[{"embeddable":true,"href":"https:\/\/medepia.com\/tr\/wp-json\/wp\/v2\/users\/1"}],"replies":[{"embeddable":true,"href":"https:\/\/medepia.com\/tr\/wp-json\/wp\/v2\/comments?post=291"}],"version-history":[{"count":4,"href":"https:\/\/medepia.com\/tr\/wp-json\/wp\/v2\/pages\/291\/revisions"}],"predecessor-version":[{"id":333,"href":"https:\/\/medepia.com\/tr\/wp-json\/wp\/v2\/pages\/291\/revisions\/333"}],"wp:attachment":[{"href":"https:\/\/medepia.com\/tr\/wp-json\/wp\/v2\/media?parent=291"}],"curies":[{"name":"wp","href":"https:\/\/api.w.org\/{rel}","templated":true}]}}