{"id":289,"date":"2025-11-03T08:33:01","date_gmt":"2025-11-03T05:33:01","guid":{"rendered":"https:\/\/beta.medepia.com\/?page_id=289"},"modified":"2025-11-03T08:55:10","modified_gmt":"2025-11-03T05:55:10","slug":"dynamic-parallel-work-items","status":"publish","type":"page","link":"https:\/\/medepia.com\/tr\/dynamic-parallel-work-items\/","title":{"rendered":"Dinamik Paralel \u00c7al\u0131\u015fma \u00d6\u011feleri"},"content":{"rendered":"<div class=\"wp-block-group has-global-padding is-layout-constrained wp-block-group-is-layout-constrained\">\n<figure class=\"wp-block-image size-full\"><img loading=\"lazy\" decoding=\"async\" width=\"2560\" height=\"1440\" src=\"https:\/\/medepia.com\/wp-content\/uploads\/2025\/10\/3-scaled.png\" alt=\"\" class=\"wp-image-305\" srcset=\"https:\/\/medepia.com\/wp-content\/uploads\/2025\/10\/3-scaled.png 2560w, https:\/\/medepia.com\/wp-content\/uploads\/2025\/10\/3-300x169.png 300w, https:\/\/medepia.com\/wp-content\/uploads\/2025\/10\/3-1024x576.png 1024w, https:\/\/medepia.com\/wp-content\/uploads\/2025\/10\/3-768x432.png 768w, https:\/\/medepia.com\/wp-content\/uploads\/2025\/10\/3-1536x864.png 1536w, https:\/\/medepia.com\/wp-content\/uploads\/2025\/10\/3-2048x1152.png 2048w\" sizes=\"auto, (max-width: 2560px) 100vw, 2560px\" \/><\/figure>\n\n\n\n<p><em>S\u00fcre\u00e7leri Paralel \u00c7al\u0131\u015ft\u0131rarak H\u0131zland\u0131ran Yakla\u015f\u0131m<\/em><\/p>\n\n\n\n<p class=\"has-featured-color has-text-color has-link-color wp-elements-5a8eac16f7ac3e42b4d72dec4308979c\">Kurumlarda s\u00fcre\u00e7ler giderek karma\u015f\u0131kla\u015f\u0131yor ve tek s\u0131ra h\u00e2linde ilerleyen i\u015f ak\u0131\u015flar\u0131 bu h\u0131z\u0131n gerisinde kal\u0131yor.\nDynamic Parallel Work Items, birden fazla g\u00f6revin ayn\u0131 anda y\u00fcr\u00fct\u00fclmesini sa\u011flayarak ekiplerin karma\u015f\u0131k s\u00fcre\u00e7leri daha h\u0131zl\u0131, daha verimli ve daha uyumlu \u015fekilde tamamlamas\u0131n\u0131 m\u00fcmk\u00fcn k\u0131lar.<\/p>\n\n\n\n<p class=\"has-featured-color has-text-color has-link-color wp-elements-9cade89c1e7fdfc6be488c9616050bd4\"><strong>Neden Dynamic Parallel Work Items?<\/strong><\/p>\n\n\n\n<ul class=\"wp-block-list\">\n<li class=\"has-featured-color has-text-color has-link-color wp-elements-d50f8afc3f47d964f3d4636004856768\"><strong>Paralel \u00c7al\u0131\u015fma:<\/strong> S\u00fcre\u00e7leri s\u0131rayla ilerleten yap\u0131lar\u0131 ortadan kald\u0131r\u0131r; g\u00f6revler e\u015fzamanl\u0131 i\u015fler ve ilerleme h\u0131zlan\u0131r.<\/li>\n\n\n\n<li class=\"has-featured-color has-text-color has-link-color wp-elements-371af1f1794ec6c5bbe4ea22ce84824d\"><strong>Daha Y\u00fcksek Verim:<\/strong> Ekipler ayn\u0131 s\u00fcre i\u00e7inde daha fazla i\u015fi tamamlar ve kalite kayb\u0131 ya\u015fanmaz.<\/li>\n\n\n\n<li class=\"has-featured-color has-text-color has-link-color wp-elements-4f905a9d19c92b6bd34e08ba2543b1db\"><strong>Ekipler Aras\u0131 Ak\u0131c\u0131 \u0130\u015f Birli\u011fi<\/strong> Farkl\u0131 kullan\u0131c\u0131lar veya departmanlar, ayn\u0131 s\u00fcrece ayn\u0131 anda katk\u0131 sa\u011flayabilir.<\/li>\n<\/ul>\n\n\n\n<p class=\"has-featured-color has-text-color has-link-color wp-elements-d5de2cf1ed50ab6361eeef987232b1da\"><strong>\u0130\u015finiz \u0130\u00e7in Ne Anlama Geliyor?<\/strong><\/p>\n\n\n\n<p class=\"has-featured-color has-text-color has-link-color wp-elements-c1bf3702d538d51eedbd7daf7fce3a44\">Dynamic Parallel Work Items, \u00f6zellikle h\u0131zl\u0131 aksiyon gerektiren s\u00fcre\u00e7lerde performans\u0131 belirgin \u015fekilde art\u0131r\u0131r. Bu sayede:<\/p>\n\n\n\n<ul class=\"wp-block-list\">\n<li class=\"has-featured-color has-text-color has-link-color wp-elements-64dde92048089bf2ddeb87964239499f\">S\u00fcre\u00e7 tamamlanma s\u00fcreleri \u00f6nemli \u00f6l\u00e7\u00fcde k\u0131sal\u0131r.<\/li>\n\n\n\n<li class=\"has-featured-color has-text-color has-link-color wp-elements-1d8898cade4d2e12137e722ebfe0a6be\">Departmanlar aras\u0131 uyum ve g\u00f6r\u00fcn\u00fcrl\u00fck artar.<\/li>\n\n\n\n<li class=\"has-featured-color has-text-color has-link-color wp-elements-b175eac90cd48fc571878a6f14e43b82\">Operasyonel kapasite b\u00fcy\u00fcrken karma\u015f\u0131kl\u0131k artmaz.<\/li>\n\n\n\n<li class=\"has-featured-color has-text-color has-link-color wp-elements-51160380c6fbdf7104390966f59d660d\">\u00c7al\u0131\u015fanlar rutin i\u015flere de\u011fil, de\u011fer \u00fcreten g\u00f6revlere odaklanabilir.<\/li>\n<\/ul>\n<\/div>\n\n\n\n<div style=\"height:121px\" aria-hidden=\"true\" class=\"wp-block-spacer\"><\/div>\n\n\n\n<p><\/p>","protected":false},"excerpt":{"rendered":"<p>Accelerating Business Through Parallelization Dynamic Parallel Work Items enables multiple tasks to run side by side\u2014empowering teams to complete complex workflows faster, with greater efficiency and collaboration. Why Dynamic Parallel Work Items? What It Means for Your Business Dynamic Parallel Work Items transforms how organizations approach time-sensitive processes. By parallelizing critical steps, you can:<\/p>","protected":false},"author":1,"featured_media":0,"parent":0,"menu_order":0,"comment_status":"closed","ping_status":"closed","template":"","meta":{"footnotes":""},"class_list":["post-289","page","type-page","status-publish","hentry"],"_hostinger_reach_plugin_has_subscription_block":false,"_hostinger_reach_plugin_is_elementor":false,"_links":{"self":[{"href":"https:\/\/medepia.com\/tr\/wp-json\/wp\/v2\/pages\/289","targetHints":{"allow":["GET"]}}],"collection":[{"href":"https:\/\/medepia.com\/tr\/wp-json\/wp\/v2\/pages"}],"about":[{"href":"https:\/\/medepia.com\/tr\/wp-json\/wp\/v2\/types\/page"}],"author":[{"embeddable":true,"href":"https:\/\/medepia.com\/tr\/wp-json\/wp\/v2\/users\/1"}],"replies":[{"embeddable":true,"href":"https:\/\/medepia.com\/tr\/wp-json\/wp\/v2\/comments?post=289"}],"version-history":[{"count":4,"href":"https:\/\/medepia.com\/tr\/wp-json\/wp\/v2\/pages\/289\/revisions"}],"predecessor-version":[{"id":332,"href":"https:\/\/medepia.com\/tr\/wp-json\/wp\/v2\/pages\/289\/revisions\/332"}],"wp:attachment":[{"href":"https:\/\/medepia.com\/tr\/wp-json\/wp\/v2\/media?parent=289"}],"curies":[{"name":"wp","href":"https:\/\/api.w.org\/{rel}","templated":true}]}}