{"id":287,"date":"2025-11-03T08:33:08","date_gmt":"2025-11-03T05:33:08","guid":{"rendered":"https:\/\/beta.medepia.com\/?page_id=287"},"modified":"2025-11-03T08:54:04","modified_gmt":"2025-11-03T05:54:04","slug":"dynamic-wf-command","status":"publish","type":"page","link":"https:\/\/medepia.com\/tr\/dynamic-wf-command\/","title":{"rendered":"Dinamik WF Kontrol\u00fc"},"content":{"rendered":"<div class=\"wp-block-group has-global-padding is-layout-constrained wp-block-group-is-layout-constrained\">\n<figure class=\"wp-block-image size-full\"><img loading=\"lazy\" decoding=\"async\" width=\"2560\" height=\"1440\" src=\"https:\/\/medepia.com\/wp-content\/uploads\/2025\/10\/2-scaled.png\" alt=\"\" class=\"wp-image-304\" srcset=\"https:\/\/medepia.com\/wp-content\/uploads\/2025\/10\/2-scaled.png 2560w, https:\/\/medepia.com\/wp-content\/uploads\/2025\/10\/2-300x169.png 300w, https:\/\/medepia.com\/wp-content\/uploads\/2025\/10\/2-1024x576.png 1024w, https:\/\/medepia.com\/wp-content\/uploads\/2025\/10\/2-768x432.png 768w, https:\/\/medepia.com\/wp-content\/uploads\/2025\/10\/2-1536x864.png 1536w, https:\/\/medepia.com\/wp-content\/uploads\/2025\/10\/2-2048x1152.png 2048w\" sizes=\"auto, (max-width: 2560px) 100vw, 2560px\" \/><\/figure>\n\n\n\n<p><em>Ak\u0131ll\u0131 \u0130\u015f Ak\u0131\u015f\u0131 Y\u00f6netimi<\/em><\/p>\n\n\n\n<p class=\"has-featured-color has-text-color has-link-color wp-elements-3956270f757dde3cd9d289e2a9bf37b9\">\u0130\u015f ak\u0131\u015flar\u0131 bir \u015firketin nabz\u0131d\u0131r.\nAncak statik ak\u0131\u015flar, bug\u00fcn h\u0131zla de\u011fi\u015fen i\u015f ihtiya\u00e7lar\u0131na ayak uyduramaz.\nDynamic WF Command, kurulu\u015flar\u0131n i\u015f ak\u0131\u015flar\u0131n\u0131 ger\u00e7ek zamanl\u0131 olarak tasarlamas\u0131n\u0131, d\u00fczenlemesini ve kontrol etmesini sa\u011flayarak t\u00fcm organizasyonda \u015feffafl\u0131k, verimlilik ve kolayca uyumlanabilme kazand\u0131r\u0131r.<\/p>\n\n\n\n<p class=\"has-featured-color has-text-color has-link-color wp-elements-b5d17376d1c2acfc21ae421c40dea72b\"><strong>Neden Dynamic WF Command?<\/strong><\/p>\n\n\n\n<ul class=\"wp-block-list\">\n<li class=\"has-featured-color has-text-color has-link-color wp-elements-1acc5d8c8dfc5d39fb56246dfca2f9a6\"><strong>Tek Merkezden Y\u00f6netim:<\/strong> Farkl\u0131 sistem ve departmanlardaki i\u015f ak\u0131\u015flar\u0131n\u0131 tek bir noktadan izleyin ve y\u00f6netin.<\/li>\n\n\n\n<li class=\"has-featured-color has-text-color has-link-color wp-elements-f052e0fad6c463e14210bbb0b4290e5c\"><strong>De\u011fi\u015fime H\u0131zl\u0131 Uyum<\/strong> Reg\u00fclasyon de\u011fi\u015fikliklerine, \u00f6nceliklere veya beklenmedik durumlara an\u0131nda adapte olun.<\/li>\n\n\n\n<li class=\"has-featured-color has-text-color has-link-color wp-elements-5627e3523156e016659fa4c4850c1f82\"><strong>Verimlili\u011fi Art\u0131ran Otomasyon:<\/strong> Tekrarlayan i\u015fleri otomatikle\u015ftirerek i\u015fleyi\u015fteki t\u0131kanmalar\u0131 ortadan kald\u0131r\u0131n ve operasyon h\u0131z\u0131n\u0131z\u0131 y\u00fckseltin.<\/li>\n<\/ul>\n\n\n\n<p class=\"has-featured-color has-text-color has-link-color wp-elements-d5de2cf1ed50ab6361eeef987232b1da\"><strong>\u0130\u015finiz \u0130\u00e7in Ne Anlama Geliyor?<\/strong><\/p>\n\n\n\n<p class=\"has-featured-color has-text-color has-link-color wp-elements-7a63b07f84c4a45cb5d689327396a880\">Dynamic WF Command, i\u015f ak\u0131\u015flar\u0131n\u0131 \u201carka planda i\u015fleyen\u201d teknik bir s\u00fcre\u00e7 olmaktan \u00e7\u0131kar\u0131p stratejik bir avantaja d\u00f6n\u00fc\u015ft\u00fcr\u00fcr.\nAk\u0131ll\u0131 i\u015f ak\u0131\u015f\u0131 y\u00f6netimiyle:<\/p>\n\n\n\n<ul class=\"wp-block-list\">\n<li class=\"has-featured-color has-text-color has-link-color wp-elements-45ba4e54374fec51df6d9822549cf254\">\u0130\u015f s\u00fcre\u00e7lerini daha h\u0131zl\u0131 ve hatas\u0131z y\u00fcr\u00fct\u00fcrs\u00fcn\u00fcz.<\/li>\n\n\n\n<li class=\"has-featured-color has-text-color has-link-color wp-elements-1b697b704b8d1c72e714424c8475636c\">\u0130\u015f ve IT ekipleri aras\u0131nda i\u015f birli\u011fini g\u00fc\u00e7lendirirsiniz.<\/li>\n\n\n\n<li class=\"has-featured-color has-text-color has-link-color wp-elements-5f13af4fbf726f30fddc8cf8b0395196\">Operasyonlarda \u015feffafl\u0131k ve uyumlulu\u011fu art\u0131r\u0131rs\u0131n\u0131z.<\/li>\n\n\n\n<li class=\"has-featured-color has-text-color has-link-color wp-elements-4e7f69736afbb5fb064c267204064a0f\">B\u00fcy\u00fcrken ve yeni \u00e7\u00f6z\u00fcmler geli\u015ftirirken s\u00fcre\u00e7ler \u00fczerindeki kontrol\u00fc korursunuz.<\/li>\n<\/ul>\n<\/div>\n\n\n\n<div style=\"height:121px\" aria-hidden=\"true\" class=\"wp-block-spacer\"><\/div>\n\n\n\n<p><\/p>","protected":false},"excerpt":{"rendered":"<p>Intelligent Workflow Control Workflows are the pulse of any enterprise. However, static workflows can\u2019t keep up with today\u2019s fast-moving demands. Dynamic WF Command empowers organizations to design, adjust, and control workflows in real-time, ensuring agility, transparency, and efficiency across the entire business. Why Dynamic WF Command? What It Means for Your Business Dynamic WF Command [&hellip;]<\/p>","protected":false},"author":1,"featured_media":0,"parent":0,"menu_order":0,"comment_status":"closed","ping_status":"closed","template":"","meta":{"footnotes":""},"class_list":["post-287","page","type-page","status-publish","hentry"],"_hostinger_reach_plugin_has_subscription_block":false,"_hostinger_reach_plugin_is_elementor":false,"_links":{"self":[{"href":"https:\/\/medepia.com\/tr\/wp-json\/wp\/v2\/pages\/287","targetHints":{"allow":["GET"]}}],"collection":[{"href":"https:\/\/medepia.com\/tr\/wp-json\/wp\/v2\/pages"}],"about":[{"href":"https:\/\/medepia.com\/tr\/wp-json\/wp\/v2\/types\/page"}],"author":[{"embeddable":true,"href":"https:\/\/medepia.com\/tr\/wp-json\/wp\/v2\/users\/1"}],"replies":[{"embeddable":true,"href":"https:\/\/medepia.com\/tr\/wp-json\/wp\/v2\/comments?post=287"}],"version-history":[{"count":5,"href":"https:\/\/medepia.com\/tr\/wp-json\/wp\/v2\/pages\/287\/revisions"}],"predecessor-version":[{"id":331,"href":"https:\/\/medepia.com\/tr\/wp-json\/wp\/v2\/pages\/287\/revisions\/331"}],"wp:attachment":[{"href":"https:\/\/medepia.com\/tr\/wp-json\/wp\/v2\/media?parent=287"}],"curies":[{"name":"wp","href":"https:\/\/api.w.org\/{rel}","templated":true}]}}