{"id":285,"date":"2025-11-03T08:33:03","date_gmt":"2025-11-03T05:33:03","guid":{"rendered":"https:\/\/beta.medepia.com\/?page_id=285"},"modified":"2025-11-03T08:52:53","modified_gmt":"2025-11-03T05:52:53","slug":"dynamic-ua","status":"publish","type":"page","link":"https:\/\/medepia.com\/tr\/dynamic-ua\/","title":{"rendered":"Dinamik UA"},"content":{"rendered":"<div class=\"wp-block-group has-global-padding is-layout-constrained wp-block-group-is-layout-constrained\">\n<figure class=\"wp-block-image size-full\"><img loading=\"lazy\" decoding=\"async\" width=\"2560\" height=\"1440\" src=\"https:\/\/medepia.com\/wp-content\/uploads\/2025\/10\/4-scaled.png\" alt=\"\" class=\"wp-image-306\" srcset=\"https:\/\/medepia.com\/wp-content\/uploads\/2025\/10\/4-scaled.png 2560w, https:\/\/medepia.com\/wp-content\/uploads\/2025\/10\/4-300x169.png 300w, https:\/\/medepia.com\/wp-content\/uploads\/2025\/10\/4-1024x576.png 1024w, https:\/\/medepia.com\/wp-content\/uploads\/2025\/10\/4-768x432.png 768w, https:\/\/medepia.com\/wp-content\/uploads\/2025\/10\/4-1536x864.png 1536w, https:\/\/medepia.com\/wp-content\/uploads\/2025\/10\/4-2048x1152.png 2048w\" sizes=\"auto, (max-width: 2560px) 100vw, 2560px\" \/><\/figure>\n\n\n\n<p><em>Dinamik Birle\u015fik Mimari<\/em><\/p>\n\n\n\n<p class=\"has-featured-color has-text-color has-link-color wp-elements-cc0b7bef44aff7c711df17a2427f1923\">Dynamic UA, mimarinizin de\u011fi\u015fimlere kesintisiz uyum sa\u011flamas\u0131n\u0131 m\u00fcmk\u00fcn k\u0131lar; sistemleri, s\u00fcre\u00e7leri ve uygulamalar\u0131 tek bir dayan\u0131kl\u0131 ve gelece\u011fe haz\u0131r \u00e7er\u00e7evede birle\u015ftirir.<\/p>\n\n\n\n<p class=\"has-featured-color has-text-color has-link-color wp-elements-7c2b2ed0990eac81110a4aba5b504d8a\"><strong>Neden Dynamic UA?<\/strong><\/p>\n\n\n\n<ul class=\"wp-block-list\">\n<li class=\"has-featured-color has-text-color has-link-color wp-elements-072558c66544f1c87eaad97be490f93b\"><strong>U\u00e7tan Uca Entegre Mimari:<\/strong> Da\u011f\u0131n\u0131k IT sistemlerini tek ve tutarl\u0131 bir mimaride bir araya getirir.<\/li>\n\n\n\n<li class=\"has-featured-color has-text-color has-link-color wp-elements-e767a8cc7d457f6c92d945afddd9a668\"><strong>De\u011fi\u015fime An\u0131nda Yan\u0131t Veren Mimari:<\/strong> Yeni i\u015f modellerine, uyumluluk gerekliliklerine veya pazar de\u011fi\u015fimlerine h\u0131zla yan\u0131t verir.<\/li>\n\n\n\n<li class=\"has-featured-color has-text-color has-link-color wp-elements-9492edf7dd79cf368dc7c76ef060d15d\"><strong>S\u00fcrekli Yenilenebilen Altyap\u0131:<\/strong> Altyap\u0131n\u0131z\u0131n kesintiye u\u011framadan geli\u015fmesini sa\u011flar.<\/li>\n<\/ul>\n\n\n\n<p class=\"has-featured-color has-text-color has-link-color wp-elements-d5de2cf1ed50ab6361eeef987232b1da\"><strong>\u0130\u015finiz \u0130\u00e7in Ne Anlama Geliyor?<\/strong><\/p>\n\n\n\n<p class=\"has-featured-color has-text-color has-link-color wp-elements-3a891ac449a56381d6728fa69c169eb7\">Dynamic UA, sadece sistem entegrasyonundan ibaret de\u011fildir.\nTeknoloji, s\u00fcre\u00e7ler ve verinin birlikte \u00e7al\u0131\u015ft\u0131\u011f\u0131 ak\u0131ll\u0131 bir altyap\u0131 olu\u015fturur.\nBirle\u015fik ve dinamik bu mimari sayesinde:<\/p>\n\n\n\n<ul class=\"wp-block-list\">\n<li class=\"has-featured-color has-text-color has-link-color wp-elements-2a302dda0d40b9cab1b58f2b9aa60438\">Karma\u015f\u0131k IT ortamlar\u0131n\u0131 sadele\u015ftirebilirsiniz.<\/li>\n\n\n\n<li class=\"has-featured-color has-text-color has-link-color wp-elements-d08411fd6e16ff22e21315f88ea80fa9\">Operasyonel maliyetleri ve tekrar eden i\u015f y\u00fcklerini azaltabilirsiniz.<\/li>\n\n\n\n<li class=\"has-featured-color has-text-color has-link-color wp-elements-33aee000d43c4cf9c9a256daa4cf3b73\">Yeni dijital \u00e7\u00f6z\u00fcmleri daha h\u0131zl\u0131 ve \u00e7evik \u015fekilde benimseyebilirsiniz.<\/li>\n\n\n\n<li class=\"has-featured-color has-text-color has-link-color wp-elements-2510b2488583ea26edef64112b87761d\">\u0130novasyon, uyumluluk ve b\u00fcy\u00fcmeyi destekleyen sa\u011flam bir temel kurabilirsiniz.<\/li>\n<\/ul>\n<\/div>\n\n\n\n<div style=\"height:121px\" aria-hidden=\"true\" class=\"wp-block-spacer\"><\/div>\n\n\n\n<p><\/p>","protected":false},"excerpt":{"rendered":"<p>Dynamic Unified Architecture Business environments are rarely static. New technologies constantly reshape how organizations operate. Dynamic UA ensures your architecture adapts to these changes seamlessly, unifying systems, processes, and applications into a resilient and future-ready framework. Why Dynamic UA? What It Means for Your Business Dynamic UA goes beyond system integration. It establishes an intelligent [&hellip;]<\/p>","protected":false},"author":1,"featured_media":0,"parent":0,"menu_order":0,"comment_status":"closed","ping_status":"closed","template":"","meta":{"footnotes":""},"class_list":["post-285","page","type-page","status-publish","hentry"],"_hostinger_reach_plugin_has_subscription_block":false,"_hostinger_reach_plugin_is_elementor":false,"_links":{"self":[{"href":"https:\/\/medepia.com\/tr\/wp-json\/wp\/v2\/pages\/285","targetHints":{"allow":["GET"]}}],"collection":[{"href":"https:\/\/medepia.com\/tr\/wp-json\/wp\/v2\/pages"}],"about":[{"href":"https:\/\/medepia.com\/tr\/wp-json\/wp\/v2\/types\/page"}],"author":[{"embeddable":true,"href":"https:\/\/medepia.com\/tr\/wp-json\/wp\/v2\/users\/1"}],"replies":[{"embeddable":true,"href":"https:\/\/medepia.com\/tr\/wp-json\/wp\/v2\/comments?post=285"}],"version-history":[{"count":4,"href":"https:\/\/medepia.com\/tr\/wp-json\/wp\/v2\/pages\/285\/revisions"}],"predecessor-version":[{"id":330,"href":"https:\/\/medepia.com\/tr\/wp-json\/wp\/v2\/pages\/285\/revisions\/330"}],"wp:attachment":[{"href":"https:\/\/medepia.com\/tr\/wp-json\/wp\/v2\/media?parent=285"}],"curies":[{"name":"wp","href":"https:\/\/api.w.org\/{rel}","templated":true}]}}