{"id":282,"date":"2025-11-03T08:33:05","date_gmt":"2025-11-03T05:33:05","guid":{"rendered":"https:\/\/beta.medepia.com\/?page_id=282"},"modified":"2025-11-03T08:51:18","modified_gmt":"2025-11-03T05:51:18","slug":"dynamic-uad","status":"publish","type":"page","link":"https:\/\/medepia.com\/tr\/dynamic-uad\/","title":{"rendered":"Dinamik UAD"},"content":{"rendered":"<div class=\"wp-block-group has-global-padding is-layout-constrained wp-block-group-is-layout-constrained\">\n<figure class=\"wp-block-image size-full\"><img loading=\"lazy\" decoding=\"async\" width=\"2560\" height=\"1440\" src=\"https:\/\/medepia.com\/wp-content\/uploads\/2025\/10\/1-scaled.png\" alt=\"\" class=\"wp-image-303\" srcset=\"https:\/\/medepia.com\/wp-content\/uploads\/2025\/10\/1-scaled.png 2560w, https:\/\/medepia.com\/wp-content\/uploads\/2025\/10\/1-300x169.png 300w, https:\/\/medepia.com\/wp-content\/uploads\/2025\/10\/1-1024x576.png 1024w, https:\/\/medepia.com\/wp-content\/uploads\/2025\/10\/1-768x432.png 768w, https:\/\/medepia.com\/wp-content\/uploads\/2025\/10\/1-1536x864.png 1536w, https:\/\/medepia.com\/wp-content\/uploads\/2025\/10\/1-2048x1152.png 2048w\" sizes=\"auto, (max-width: 2560px) 100vw, 2560px\" \/><\/figure>\n\n\n\n<p><em>Esnek ve Entegre Veri Y\u00f6netimi<\/em><\/p>\n\n\n\n<p class=\"has-featured-color has-text-color has-link-color wp-elements-928bccb7bb4ecfc0482d74ae18a58d62\">Dynamic UAD esnekli\u011fi modern veri y\u00f6neti\u015fiminin merkezine yerle\u015ftirir.\nReg\u00fclasyonlar\u0131n, pazar dinamiklerinin ve teknolojilerin bir gecede de\u011fi\u015febildi\u011fi g\u00fcn\u00fcm\u00fcz i\u015f d\u00fcnyas\u0131nda uyarlanabilirlik art\u0131k bir avantaj de\u011fil\u2014veri stratejinizi diren\u00e7li, \u00f6l\u00e7eklenebilir ve rekabet\u00e7i tutman\u0131n tek yoludur.<\/p>\n\n\n\n<p class=\"has-featured-color has-text-color has-link-color wp-elements-448c1bcb177e8bb6f84b5c8c44dc465b\"><strong>Neden Dynamic UAD?<\/strong><\/p>\n\n\n\n<ul class=\"wp-block-list\">\n<li class=\"has-featured-color has-text-color has-link-color wp-elements-4dcf3a29e780db276cd8631dd76b4ae5\">Unified (Birle\u015fik):\n Par\u00e7al\u0131 veri kaynaklar\u0131n\u0131 tek, tutarl\u0131 bir \u00e7er\u00e7evede birle\u015ftirir.<\/li>\n\n\n\n<li class=\"has-featured-color has-text-color has-link-color wp-elements-81f61f5fd2ccfc997c4d67d662124a5f\">Adaptive (Uyarlanabilir):\n Organizasyonel de\u011fi\u015fikliklere, yasal g\u00fcncellemelere ve yeni i\u015f modellerine h\u0131zla yan\u0131t verir.<\/li>\n\n\n\n<li class=\"has-featured-color has-text-color has-link-color wp-elements-a2ec922785ec0010e7053aa2fbac483f\">Data-Driven (Veri Odakl\u0131):\nT\u00fcm kararlar\u0131n do\u011fru, g\u00fcvenilir ve aksiyona d\u00f6n\u00fc\u015ft\u00fcr\u00fclebilir veri \u00fczerine in\u015fa edilmesini sa\u011flar.<\/li>\n<\/ul>\n\n\n\n<p class=\"has-featured-color has-text-color has-link-color wp-elements-d5de2cf1ed50ab6361eeef987232b1da\"><strong>\u0130\u015finiz \u0130\u00e7in Ne Anlama Geliyor?<\/strong><\/p>\n\n\n\n<p class=\"has-featured-color has-text-color has-link-color wp-elements-ebaf6a30cd1bf6d84bb4728cf8092ccd\">Dynamic UAD yaln\u0131zca teknik bir katman de\u011fildir\u2014\u015firketiniz i\u00e7in stratejik bir temel h\u00e2line gelir.\nDinamik y\u00f6neti\u015fim ve ger\u00e7ek zamanl\u0131 uyarlanabilirlik sayesinde organizasyonunuz \u015fu faydalar\u0131 elde eder:<\/p>\n\n\n\n<ul class=\"wp-block-list\">\n<li class=\"has-featured-color has-text-color has-link-color wp-elements-524d6dfc10907a2ec5688e6dff328c32\">Birle\u015fme, sat\u0131n alma veya sistem d\u00f6n\u00fc\u015f\u00fcmleri s\u0131ras\u0131nda entegrasyonu h\u0131zland\u0131r\u0131r.<\/li>\n\n\n\n<li class=\"has-featured-color has-text-color has-link-color wp-elements-05a242d5cec80e1e7dd0c30c92a534a8\">Operasyonel riskleri ve uyumluluk y\u00fck\u00fcn\u00fc azalt\u0131r.<\/li>\n\n\n\n<li class=\"has-featured-color has-text-color has-link-color wp-elements-e57200ad5e8891d2db21324f1721559a\">IT ve i\u015f birimlerini ortak bir veri vizyonu etraf\u0131nda hizalar.<\/li>\n\n\n\n<li class=\"has-featured-color has-text-color has-link-color wp-elements-f093aef9079e8f7469223c2c84fbdea2\" style=\"font-style:normal;font-weight:400\">\u0130novasyon ve b\u00fcy\u00fcmeyi destekleyen gelece\u011fe dayan\u0131kl\u0131 bir mimari olu\u015fturur.<\/li>\n<\/ul>\n<\/div>\n\n\n\n<div style=\"height:121px\" aria-hidden=\"true\" class=\"wp-block-spacer\"><\/div>\n\n\n\n<p><\/p>","protected":false},"excerpt":{"rendered":"<p>Unified, Adaptive, Data-Driven Instead of treating flexibility as a nice-to-have feature, Dynamic UAD puts it at the very core of modern data governance. In a business world where regulations, markets, and technologies evolve overnight, adaptability is not just an advantage\u2014it is the only way to keep your data strategy resilient, scalable, and competitive. Why Dynamic [&hellip;]<\/p>","protected":false},"author":1,"featured_media":0,"parent":0,"menu_order":0,"comment_status":"closed","ping_status":"closed","template":"","meta":{"footnotes":""},"class_list":["post-282","page","type-page","status-publish","hentry"],"_hostinger_reach_plugin_has_subscription_block":false,"_hostinger_reach_plugin_is_elementor":false,"_links":{"self":[{"href":"https:\/\/medepia.com\/tr\/wp-json\/wp\/v2\/pages\/282","targetHints":{"allow":["GET"]}}],"collection":[{"href":"https:\/\/medepia.com\/tr\/wp-json\/wp\/v2\/pages"}],"about":[{"href":"https:\/\/medepia.com\/tr\/wp-json\/wp\/v2\/types\/page"}],"author":[{"embeddable":true,"href":"https:\/\/medepia.com\/tr\/wp-json\/wp\/v2\/users\/1"}],"replies":[{"embeddable":true,"href":"https:\/\/medepia.com\/tr\/wp-json\/wp\/v2\/comments?post=282"}],"version-history":[{"count":9,"href":"https:\/\/medepia.com\/tr\/wp-json\/wp\/v2\/pages\/282\/revisions"}],"predecessor-version":[{"id":329,"href":"https:\/\/medepia.com\/tr\/wp-json\/wp\/v2\/pages\/282\/revisions\/329"}],"wp:attachment":[{"href":"https:\/\/medepia.com\/tr\/wp-json\/wp\/v2\/media?parent=282"}],"curies":[{"name":"wp","href":"https:\/\/api.w.org\/{rel}","templated":true}]}}