{"id":13947,"date":"2025-12-25T10:04:54","date_gmt":"2025-12-25T07:04:54","guid":{"rendered":"https:\/\/skyblue-oryx-530841.hostingersite.com\/?page_id=13947"},"modified":"2025-12-25T10:23:28","modified_gmt":"2025-12-25T07:23:28","slug":"medepia-taxonomy-management-application","status":"publish","type":"page","link":"https:\/\/medepia.com\/tr\/medepia-taxonomy-management-application\/","title":{"rendered":"medepia Taksonomi Y\u00f6netim Uygulamas\u0131"},"content":{"rendered":"<p><\/p>\n\n\n\n<p><strong>\u0130\u00e7indekiler<\/strong><\/p>\n\n\n\n<ol class=\"wp-block-list\">\n<li>Giri\u015f<\/li>\n\n\n\n<li>\u0130\u015f Ba\u011flam\u0131 ve Sorun Tan\u0131m\u0131<\/li>\n\n\n\n<li>Temel S\u00fcre\u00e7ler<br>3.1. Kategori Y\u00f6netimi Uygulamas\u0131<br>3.2. Nitelik Y\u00f6netimi Uygulamas\u0131<br>3.3. Malzeme Atama Ba\u015fvurusu<br>3.4. Kullan\u0131c\u0131 Aray\u00fcz\u00fc Yap\u0131land\u0131rma Uygulamas\u0131<br>3.5 Ola\u011fan\u00fcst\u00fc \u00d6zellik<\/li>\n\n\n\n<li>Modellemeye Genel Bak\u0131\u015f ve Mimari<\/li>\n<\/ol>\n\n\n\n<div style=\"height:23px\" aria-hidden=\"true\" class=\"wp-block-spacer\"><\/div>\n\n\n\n<p><strong>1. <\/strong><strong>Giri\u015f<\/strong><\/p>\n\n\n\n<p>Taksonomi, genel bir s\u0131n\u0131fland\u0131rma \u015femas\u0131 terimidir. Taksonominin amac\u0131, genellikle ortak, kategoriye \u00f6zg\u00fc \u00f6zellikler veya nitelikler k\u00fcmesine dayal\u0131 olarak, benzer \u015feyleri kategoriler halinde grupland\u0131rmakt\u0131r. Bu makale, b\u00fcy\u00fck kurulu\u015flarda \u00fcr\u00fcn kategorilerinin ve bunlarla ili\u015fkili niteliklerin y\u00f6netimini standartla\u015ft\u0131rmak ve d\u00fczenlemek i\u00e7in tasarlanm\u0131\u015f kurumsal bir uygulama olan medepia Taksonomi Y\u00f6netimi'ni tan\u0131tmaktad\u0131r. SAP ekosistemi \u00fczerine kurulu ve Ana Veri Y\u00f6netimi (MDG), ABAP RAP (RESTful Uygulama Programlama) ve Fiori gibi teknolojilerden yararlanan bu sistem, \u00fcr\u00fcnlerin ve \u00f6zelliklerinin s\u0131n\u0131fland\u0131r\u0131lmas\u0131 \u00fczerinde tam kontrol ve esneklik sa\u011flayarak, kurumsal sistemler ve kanallar genelinde verimli \u00fcr\u00fcn veri y\u00f6netimini m\u00fcmk\u00fcn k\u0131lar.<\/p>\n\n\n\n<div style=\"height:23px\" aria-hidden=\"true\" class=\"wp-block-spacer\"><\/div>\n\n\n\n<p><strong>Medepia Taksonomi Y\u00f6netimi Uygulamas\u0131<\/strong><\/p>\n\n\n\n<figure class=\"wp-block-image size-large\"><img loading=\"lazy\" decoding=\"async\" width=\"1024\" height=\"259\" src=\"https:\/\/medepia.com\/wp-content\/uploads\/2025\/12\/v2_medepia-Taxonomy-Management-Application-Blog-02-1024x259.png\" alt=\"\" class=\"wp-image-13948\" srcset=\"https:\/\/medepia.com\/wp-content\/uploads\/2025\/12\/v2_medepia-Taxonomy-Management-Application-Blog-02-1024x259.png 1024w, https:\/\/medepia.com\/wp-content\/uploads\/2025\/12\/v2_medepia-Taxonomy-Management-Application-Blog-02-300x76.png 300w, https:\/\/medepia.com\/wp-content\/uploads\/2025\/12\/v2_medepia-Taxonomy-Management-Application-Blog-02-768x194.png 768w, https:\/\/medepia.com\/wp-content\/uploads\/2025\/12\/v2_medepia-Taxonomy-Management-Application-Blog-02-18x5.png 18w, https:\/\/medepia.com\/wp-content\/uploads\/2025\/12\/v2_medepia-Taxonomy-Management-Application-Blog-02.png 1296w\" sizes=\"auto, (max-width: 1024px) 100vw, 1024px\" \/><\/figure>\n\n\n\n<p class=\"has-superbfont-tiny-font-size\"><em>\u015eekil 1 \u2013 medepia Taksonomi Y\u00f6neti\u015fim Uygulamas\u0131<\/em><\/p>\n\n\n\n<div style=\"height:56px\" aria-hidden=\"true\" class=\"wp-block-spacer\"><\/div>\n\n\n\n<p> <\/p>\n\n\n\n<p><\/p>\n\n\n\n<p><strong>Kategorileri Y\u00f6net<\/strong><\/p>\n\n\n\n<figure class=\"wp-block-image size-large\"><img loading=\"lazy\" decoding=\"async\" width=\"1024\" height=\"576\" src=\"https:\/\/medepia.com\/wp-content\/uploads\/2025\/12\/v2_medepia-Taxonomy-Management-Appliyycation-Blog-03-1024x576.png\" alt=\"\" class=\"wp-image-13950\" srcset=\"https:\/\/medepia.com\/wp-content\/uploads\/2025\/12\/v2_medepia-Taxonomy-Management-Appliyycation-Blog-03-1024x576.png 1024w, https:\/\/medepia.com\/wp-content\/uploads\/2025\/12\/v2_medepia-Taxonomy-Management-Appliyycation-Blog-03-300x169.png 300w, https:\/\/medepia.com\/wp-content\/uploads\/2025\/12\/v2_medepia-Taxonomy-Management-Appliyycation-Blog-03-768x432.png 768w, https:\/\/medepia.com\/wp-content\/uploads\/2025\/12\/v2_medepia-Taxonomy-Management-Appliyycation-Blog-03-18x10.png 18w, https:\/\/medepia.com\/wp-content\/uploads\/2025\/12\/v2_medepia-Taxonomy-Management-Appliyycation-Blog-03.png 1300w\" sizes=\"auto, (max-width: 1024px) 100vw, 1024px\" \/><\/figure>\n\n\n\n<p class=\"has-superbfont-tiny-font-size\"><em>\u015eekil 2 \u2013 Kategorileri Y\u00f6netme<\/em><br><\/p>\n\n\n\n<div style=\"height:23px\" aria-hidden=\"true\" class=\"wp-block-spacer\"><\/div>\n\n\n\n<figure class=\"wp-block-image size-large\"><img loading=\"lazy\" decoding=\"async\" width=\"1024\" height=\"454\" src=\"https:\/\/medepia.com\/wp-content\/uploads\/2025\/12\/v2_medepia-Taxonomy-Management-Applicaftion-Blog-03-1024x454.png\" alt=\"\" class=\"wp-image-13952\" srcset=\"https:\/\/medepia.com\/wp-content\/uploads\/2025\/12\/v2_medepia-Taxonomy-Management-Applicaftion-Blog-03-1024x454.png 1024w, https:\/\/medepia.com\/wp-content\/uploads\/2025\/12\/v2_medepia-Taxonomy-Management-Applicaftion-Blog-03-300x133.png 300w, https:\/\/medepia.com\/wp-content\/uploads\/2025\/12\/v2_medepia-Taxonomy-Management-Applicaftion-Blog-03-768x341.png 768w, https:\/\/medepia.com\/wp-content\/uploads\/2025\/12\/v2_medepia-Taxonomy-Management-Applicaftion-Blog-03-18x8.png 18w, https:\/\/medepia.com\/wp-content\/uploads\/2025\/12\/v2_medepia-Taxonomy-Management-Applicaftion-Blog-03.png 1294w\" sizes=\"auto, (max-width: 1024px) 100vw, 1024px\" \/><\/figure>\n\n\n\n<p class=\"has-superbfont-tiny-font-size\"><em>\u015eekil 3 \u2013 Kategori detaylar\u0131: Bula\u015f\u0131k makinesi<\/em><br><\/p>\n\n\n\n<div style=\"height:23px\" aria-hidden=\"true\" class=\"wp-block-spacer\"><\/div>\n\n\n\n<p><strong>\u00d6zellikleri Y\u00f6net<\/strong><br><\/p>\n\n\n\n<figure class=\"wp-block-image size-large\"><img loading=\"lazy\" decoding=\"async\" width=\"1024\" height=\"691\" src=\"https:\/\/medepia.com\/wp-content\/uploads\/2025\/12\/v2_medepia-Taxonomy-Managemasent-Application-Blog-04-1024x691.png\" alt=\"\" class=\"wp-image-13954\" srcset=\"https:\/\/medepia.com\/wp-content\/uploads\/2025\/12\/v2_medepia-Taxonomy-Managemasent-Application-Blog-04-1024x691.png 1024w, https:\/\/medepia.com\/wp-content\/uploads\/2025\/12\/v2_medepia-Taxonomy-Managemasent-Application-Blog-04-300x202.png 300w, https:\/\/medepia.com\/wp-content\/uploads\/2025\/12\/v2_medepia-Taxonomy-Managemasent-Application-Blog-04-768x518.png 768w, https:\/\/medepia.com\/wp-content\/uploads\/2025\/12\/v2_medepia-Taxonomy-Managemasent-Application-Blog-04-18x12.png 18w, https:\/\/medepia.com\/wp-content\/uploads\/2025\/12\/v2_medepia-Taxonomy-Managemasent-Application-Blog-04.png 1292w\" sizes=\"auto, (max-width: 1024px) 100vw, 1024px\" \/><\/figure>\n\n\n\n<p class=\"has-superbfont-tiny-font-size\"><em>\u015eekil 4 \u2013 Taksonominin \u00d6zelliklerinin Y\u00f6netimi<\/em><br><\/p>\n\n\n\n<div style=\"height:23px\" aria-hidden=\"true\" class=\"wp-block-spacer\"><\/div>\n\n\n\n<p><strong>2. <\/strong><strong>\u0130\u015f Ba\u011flam\u0131 ve Sorun Tan\u0131m\u0131<\/strong><\/p>\n\n\n\n<p>G\u00fcn\u00fcm\u00fcz\u00fcn dijital i\u015f d\u00fcnyas\u0131nda, kurulu\u015flar ERP ve e-ticaret platformlar\u0131 gibi birden fazla sistemde binlerce \u00fcr\u00fcn\u00fc y\u00f6netmektedir. Her sistem genellikle kendi \u00fcr\u00fcn kategorilerini ve \u00f6zelliklerini tan\u0131mlar ve bu da bazen tutars\u0131z \u00fcr\u00fcn verilerine yol a\u00e7ar. Bu tutars\u0131zl\u0131k, do\u011fru \u00fcr\u00fcn bilgilerini korumay\u0131, sistemleri entegre etmeyi ve birle\u015fik bir m\u00fc\u015fteri deneyimi sa\u011flamay\u0131 zorla\u015ft\u0131r\u0131r. Bu sorunu \u00e7\u00f6zmek i\u00e7in olu\u015fturulan \u00f6zel uygulamalar, yeni bir \u00f6zellik veya kategori eklendi\u011finde teknik de\u011fi\u015fiklikler gerektirerek i\u015flemleri yava\u015flat\u0131r.<\/p>\n\n\n\n<p class=\"translation-block\">To remain competitive, businesses require a governed, dynamic, and scalable taxonomy<strong> <\/strong>application that centralizes the management of product categories and attributes while also ensuring multilingual and hierarchical consistency, integrating seamlessly with SAP\u2019s MDG and RAP environments for robust master data governance. <strong>medepia Taxonomy Management<\/strong> directly addresses these needs by providing an easily configurable, unified and intelligent approach to organizing, maintaining, and governing product data within the SAP ecosystem that improves data quality across the enterprise, without any need of backend code or database schema changes.<\/p>\n\n\n\n<div style=\"height:23px\" aria-hidden=\"true\" class=\"wp-block-spacer\"><\/div>\n\n\n\n<p><strong>3. <\/strong><strong>Temel S\u00fcre\u00e7ler<\/strong><\/p>\n\n\n\n<p class=\"translation-block\">The<strong> medepia Taxonomy Application<\/strong> is built around five core processes: <strong>creating <\/strong><strong>attributes<\/strong>, <strong>creating categories<\/strong>, <strong>linking attributes to categories<\/strong>, and <strong>assigning <\/strong><strong>materials to these categories while capturing all related product data<\/strong>. Together, these processes form a modular governance framework, allowing product information to be structured, enriched, and maintained consistently across the SAP landscape.<\/p>\n\n\n\n<p>Bu i\u015flemlerin her biri ayr\u0131 ancak birbirine ba\u011fl\u0131 uygulamalarda y\u00fcr\u00fct\u00fcl\u00fcr.<\/p>\n\n\n\n<ul class=\"wp-block-list\">\n<li class=\"translation-block\">Nitelikler ve bunlar\u0131n kategori ba\u011flant\u0131lar\u0131 Nitelik Y\u00f6netimi'nde olu\u015fturulabilir.<\/li>\n<\/ul>\n\n\n\n<ul class=\"wp-block-list\">\n<li class=\"translation-block\">Kategoriler ve \u00f6zellik ba\u011flamalar\u0131 Kategori Y\u00f6netimi'nde olu\u015fturulur.<\/li>\n<\/ul>\n\n\n\n<ul class=\"wp-block-list\">\n<li class=\"translation-block\">Malzemelere kategori atamas\u0131, SAP MDG De\u011fi\u015fiklik Talepleri arac\u0131l\u0131\u011f\u0131yla yap\u0131labilir.<\/li>\n<\/ul>\n\n\n\n<p>Bu s\u00fcre\u00e7 ayr\u0131m\u0131 ve malzeme d\u00fczeyinde veri giri\u015fi sayesinde uygulama, esneklik ve her ad\u0131m\u0131n net bir \u015fekilde sahiplenilmesini sa\u011flar.<\/p>\n\n\n\n<figure class=\"wp-block-image size-large\"><img loading=\"lazy\" decoding=\"async\" width=\"1024\" height=\"568\" src=\"https:\/\/medepia.com\/wp-content\/uploads\/2025\/12\/indir-1.png\" alt=\"\" class=\"wp-image-13958\" srcset=\"https:\/\/medepia.com\/wp-content\/uploads\/2025\/12\/indir-1.png 1304w, https:\/\/medepia.com\/wp-content\/uploads\/2025\/12\/indir-1-300x166.png 300w, https:\/\/medepia.com\/wp-content\/uploads\/2025\/12\/indir-1-1024x568.png 1024w, https:\/\/medepia.com\/wp-content\/uploads\/2025\/12\/indir-1-768x426.png 768w, https:\/\/medepia.com\/wp-content\/uploads\/2025\/12\/indir-1-18x10.png 18w\" sizes=\"auto, (max-width: 1024px) 100vw, 1024px\" \/><\/figure>\n\n\n\n<p class=\"has-superbfont-tiny-font-size\"><em>\u015eekil 5 \u2013 Medepia taksonomi i\u015f ak\u0131\u015f\u0131<\/em><br><\/p>\n\n\n\n<div style=\"height:23px\" aria-hidden=\"true\" class=\"wp-block-spacer\"><\/div>\n\n\n\n<p>3.1. Kategori Y\u00f6netimi Uygulamas\u0131<\/p>\n\n\n\n<p>\u00dcr\u00fcn kategorilerini ve hiyerar\u015fik ili\u015fkilerini olu\u015fturmak ve y\u00f6netmek i\u00e7in yap\u0131land\u0131r\u0131lm\u0131\u015f bir ortam. Her kategori, verilerin uygunlu\u011funu do\u011frulamak i\u00e7in iyi tan\u0131mlanm\u0131\u015f a\u015famalardan ge\u00e7er. Her kategori, yap\u0131land\u0131r\u0131labilir kullan\u0131c\u0131 aray\u00fcz\u00fc d\u00fczenleri ve alan \u00f6zellikleriyle kendi \u00f6zellik setine sahip olabilir.<\/p>\n\n\n\n<p>Taksonomi, her d\u00fc\u011f\u00fcm\u00fcn \u00fcst d\u00fc\u011f\u00fcm\u00fcnden nitelikleri ve \u00f6zellikleri miras alabilece\u011fi, tamamen hiyerar\u015fik bir \u00fcr\u00fcn kategorisi yap\u0131s\u0131n\u0131 destekler. Bu \u00f6zellik, gereksiz tekrarlar\u0131 azalt\u0131r ve ilgili \u00fcr\u00fcn aileleri genelinde tutarl\u0131 nitelik kapsam\u0131 sa\u011flar.<\/p>\n\n\n\n<figure class=\"wp-block-image size-large\"><img loading=\"lazy\" decoding=\"async\" width=\"1024\" height=\"787\" src=\"https:\/\/medepia.com\/wp-content\/uploads\/2025\/12\/image-2-768x590-3.png\" alt=\"\" class=\"wp-image-13963\" srcset=\"https:\/\/medepia.com\/wp-content\/uploads\/2025\/12\/image-2-768x590-3.png 768w, https:\/\/medepia.com\/wp-content\/uploads\/2025\/12\/image-2-768x590-3-300x230.png 300w, https:\/\/medepia.com\/wp-content\/uploads\/2025\/12\/image-2-768x590-3-16x12.png 16w\" sizes=\"auto, (max-width: 1024px) 100vw, 1024px\" \/><\/figure>\n\n\n\n<p class=\"has-superbfont-tiny-font-size\"><em>\u015eekil 6 \u2013 Kategori Y\u00f6netimi<\/em><br><\/p>\n\n\n\n<div style=\"height:23px\" aria-hidden=\"true\" class=\"wp-block-spacer\"><\/div>\n\n\n\n<p>3.2. Nitelik Y\u00f6netimi Uygulamas\u0131<\/p>\n\n\n\n<p>Nitelikler, renk, a\u011f\u0131rl\u0131k, y\u00fckseklik veya voltaj gibi herhangi bir \u00fcr\u00fcn \u00f6zelli\u011fine ili\u015fkin varl\u0131klard\u0131r ve ilgili olduklar\u0131 \u00fcr\u00fcn kategorilerine atanabilirler. Nitelik y\u00f6netimi, \u00fcr\u00fcn \u00f6zelliklerinin nas\u0131l tan\u0131mland\u0131\u011f\u0131n\u0131, do\u011fruland\u0131\u011f\u0131n\u0131 ve kategorilere nas\u0131l uyguland\u0131\u011f\u0131n\u0131 d\u00fczenler. Nitelikler, veri t\u00fcr\u00fc, uzunluk, de\u011fer yard\u0131m\u0131 ve \u00e7ok dilli a\u00e7\u0131klamalar dahil olmak \u00fczere yap\u0131land\u0131rmalar\u0131 destekler.<\/p>\n\n\n\n<p>\u00d6zellikler birden fazla kategoriye ba\u011flanabilir ve ba\u011flanmalar\u0131 A\u00e7\u0131k (O), Kabul Edildi (A), Reddedildi (R) olan ya\u015fam d\u00f6ng\u00fcs\u00fc durumlar\u0131na g\u00f6re y\u00f6netilir. \u00d6zelli\u011fin kullan\u0131c\u0131 aray\u00fcz\u00fcndeki bir listeden se\u00e7ilmesi gereken varsay\u0131lan de\u011ferleri varsa, kullan\u0131c\u0131 \u00d6zellik Y\u00f6netimi Uygulamas\u0131nda \u00f6zellik de\u011feri yard\u0131mc\u0131lar\u0131n\u0131 tan\u0131mlayabilir.<\/p>\n\n\n\n<div style=\"height:23px\" aria-hidden=\"true\" class=\"wp-block-spacer\"><\/div>\n\n\n\n<p><\/p>\n\n\n\n<p><\/p>\n\n\n\n<figure class=\"wp-block-image size-large\"><img loading=\"lazy\" decoding=\"async\" width=\"1024\" height=\"832\" src=\"https:\/\/medepia.com\/wp-content\/uploads\/2025\/12\/image-1-7kj68x624.png\" alt=\"\" class=\"wp-image-13962\" srcset=\"https:\/\/medepia.com\/wp-content\/uploads\/2025\/12\/image-1-7kj68x624.png 768w, https:\/\/medepia.com\/wp-content\/uploads\/2025\/12\/image-1-7kj68x624-300x244.png 300w, https:\/\/medepia.com\/wp-content\/uploads\/2025\/12\/image-1-7kj68x624-15x12.png 15w\" sizes=\"auto, (max-width: 1024px) 100vw, 1024px\" \/><\/figure>\n\n\n\n<p class=\"has-superbfont-tiny-font-size\"><em>\u015eekil 7 \u2013 Nitelik Y\u00f6netimi<\/em><br><\/p>\n\n\n\n<div style=\"height:23px\" aria-hidden=\"true\" class=\"wp-block-spacer\"><\/div>\n\n\n\n<p>3.3. Malzeme Atama Ba\u015fvurusu<\/p>\n\n\n\n<p>Bu uygulama, SAP malzemelerini taksonomi kategorilerine atamay\u0131 ve ilgili \u00f6znitelik de\u011ferlerini SAP MDG de\u011fi\u015fiklik istekleri arac\u0131l\u0131\u011f\u0131yla dinamik olarak korumay\u0131 sa\u011flar. Kullan\u0131c\u0131 bir malzeme se\u00e7ebilir, malzemeyi kategorilerden birine atayabilir ve ard\u0131ndan atanan kategoriye ba\u011fl\u0131 \u00f6zniteliklerin de\u011ferlerini doldurabilir.<\/p>\n\n\n\n<figure class=\"wp-block-image size-large\"><img loading=\"lazy\" decoding=\"async\" width=\"1024\" height=\"684\" src=\"https:\/\/medepia.com\/wp-content\/uploads\/2025\/12\/image-3-1024x684-1-1.png\" alt=\"\" class=\"wp-image-13964\" srcset=\"https:\/\/medepia.com\/wp-content\/uploads\/2025\/12\/image-3-1024x684-1-1.png 1024w, https:\/\/medepia.com\/wp-content\/uploads\/2025\/12\/image-3-1024x684-1-1-300x200.png 300w, https:\/\/medepia.com\/wp-content\/uploads\/2025\/12\/image-3-1024x684-1-1-768x513.png 768w, https:\/\/medepia.com\/wp-content\/uploads\/2025\/12\/image-3-1024x684-1-1-18x12.png 18w\" sizes=\"auto, (max-width: 1024px) 100vw, 1024px\" \/><\/figure>\n\n\n\n<p class=\"has-superbfont-tiny-font-size\"><em>\u015eekil 8 \u2013 Malzemeye taksonomi atama<\/em><\/p>\n\n\n\n<div style=\"height:23px\" aria-hidden=\"true\" class=\"wp-block-spacer\"><\/div>\n\n\n\n<p>3.4. Taksonomi Kullan\u0131c\u0131 Aray\u00fcz\u00fc Yap\u0131land\u0131rma Uygulamas\u0131<\/p>\n\n\n\n<p>Bu temel s\u00fcre\u00e7leri ve uygulamalar\u0131 desteklemek amac\u0131yla, herhangi bir teknik kurulum gerektirmeden kategori \u00f6zelliklerinin d\u00fczenli bir \u015fekilde sunulmas\u0131n\u0131 sa\u011flayan kullan\u0131c\u0131 aray\u00fcz\u00fc alanlar\u0131 (Gruplar) olu\u015fturan bir \u00e7al\u0131\u015fma zaman\u0131 bile\u015feni olan Taksonomi Kullan\u0131c\u0131 Aray\u00fcz\u00fc Yap\u0131land\u0131rma uygulamas\u0131 bulunmaktad\u0131r. \u0130lgili \u00f6zellikler birlikte grupland\u0131r\u0131labilir ve hem gruplar hem de i\u00e7indeki \u00f6zellikler farkl\u0131 senaryolara ba\u011fl\u0131 olarak konumland\u0131r\u0131labilir, bu da daha sezgisel ve kullan\u0131m\u0131 daha kolay bir kullan\u0131c\u0131 aray\u00fcz\u00fc sa\u011flar.<\/p>\n\n\n\n<p><\/p>\n\n\n\n<figure class=\"wp-block-image size-large\"><img loading=\"lazy\" decoding=\"async\" width=\"1024\" height=\"835\" src=\"https:\/\/medepia.com\/wp-content\/uploads\/2025\/12\/image-5-768x627-1.png\" alt=\"\" class=\"wp-image-13966\" srcset=\"https:\/\/medepia.com\/wp-content\/uploads\/2025\/12\/image-5-768x627-1.png 768w, https:\/\/medepia.com\/wp-content\/uploads\/2025\/12\/image-5-768x627-1-300x245.png 300w, https:\/\/medepia.com\/wp-content\/uploads\/2025\/12\/image-5-768x627-1-15x12.png 15w\" sizes=\"auto, (max-width: 1024px) 100vw, 1024px\" \/><\/figure>\n\n\n\n<p class=\"has-superbfont-tiny-font-size\"><em>\u015eekil 9 \u2013 Kullan\u0131c\u0131 Aray\u00fcz\u00fc Yap\u0131land\u0131rmas\u0131<\/em><br><\/p>\n\n\n\n<div style=\"height:23px\" aria-hidden=\"true\" class=\"wp-block-spacer\"><\/div>\n\n\n\n<p><\/p>\n\n\n\n<p>3.5. \u00d6ne \u00c7\u0131kan \u00d6zellikler<br><\/p>\n\n\n\n<p>\u0130\u015f ak\u0131\u015f\u0131 boyunca, farkl\u0131 \u00f6zellikler, yetenekler ve ak\u0131ll\u0131 yakla\u015f\u0131mlar, uygulaman\u0131n y\u00f6netilebilir, dinamik ve \u00f6l\u00e7eklenebilir olmas\u0131n\u0131 sa\u011flar. Bu \u00f6zelliklerden baz\u0131lar\u0131 \u015funlard\u0131r:<\/p>\n\n\n\n<ul class=\"wp-block-list\">\n<li class=\"translation-block\">Dinamik Nitelik Y\u00f6netimi, sistemin \u00f6nceden belirlenmi\u015f mant\u0131k yerine meta verilere dayal\u0131 olarak \u00fcr\u00fcn niteliklerini \u00e7al\u0131\u015fma zaman\u0131nda olu\u015fturmas\u0131na ve y\u00f6netmesine olanak tan\u0131r. Yeni alanlar, veritaban\u0131 yap\u0131lar\u0131n\u0131 de\u011fi\u015ftirmeden veya uygulamalar\u0131 yeniden da\u011f\u0131tmadan an\u0131nda eklenebilir; bu da h\u0131zl\u0131 nitelik olu\u015fturma ve y\u00f6netimi sa\u011flayarak \u00e7evikli\u011fi art\u0131r\u0131r.<\/li>\n<\/ul>\n\n\n\n<ul class=\"wp-block-list\">\n<li class=\"translation-block\">JSON tabanl\u0131 kal\u0131c\u0131 depolama,  birden fazla \u00f6znitelik t\u00fcr\u00fcn\u00fcn esnek bir \u015fekilde saklanmas\u0131n\u0131 sa\u011flar.<\/li>\n<\/ul>\n\n\n\n<ul class=\"wp-block-list\">\n<li class=\"translation-block\">\u00d6nceden tan\u0131mlanm\u0131\u015f listeler ve say\u0131sal aral\u0131klar i\u00e7in de\u011fer atama i\u015flemleri h\u0131zland\u0131r\u0131l\u0131r.<\/li>\n<\/ul>\n\n\n\n<ul class=\"wp-block-list\">\n<li class=\"translation-block\">Ebeveyn-\u00e7ocuk ili\u015fkileriyle ba\u011fland\u0131\u011f\u0131nda \u00f6zniteliklerin otomatik olarak alt kategorilere aktar\u0131lmas\u0131n\u0131 sa\u011flayan hiyerar\u015fi ve kal\u0131t\u0131m yap\u0131s\u0131.<\/li>\n<\/ul>\n\n\n\n<ul class=\"wp-block-list\">\n<li class=\"translation-block\">Durum Y\u00f6netimi, Kategorilerin, Niteliklerin ve Nitelik-Kategori ba\u011flant\u0131lar\u0131n\u0131n tan\u0131mlanm\u0131\u015f bir ya\u015fam d\u00f6ng\u00fcs\u00fcn\u00fc (A\u00e7\u0131k, Kabul Edildi, \u0130ptal Edildi) durumlar\u0131yla izlemesine olanak tan\u0131r. Bu y\u00f6netilen onay s\u00fcreci, veri do\u011frulu\u011funu ve izlenebilirli\u011fini sa\u011flar.<\/li>\n<\/ul>\n\n\n\n<p class=\"translation-block\">\u00c7ok dilli destek, k\u00fcresel \u00fcr\u00fcn kataloglar\u0131n\u0131 desteklemek i\u00e7in hem kategorilerin hem de \u00f6zelliklerin birden fazla dilde tan\u0131mlanmas\u0131na olanak tan\u0131r. Kullan\u0131c\u0131 aray\u00fcz\u00fc, metinleri otomatik olarak kullan\u0131c\u0131n\u0131n oturum a\u00e7t\u0131\u011f\u0131 dilde g\u00f6r\u00fcnt\u00fcler.<\/p>\n\n\n\n<div style=\"height:23px\" aria-hidden=\"true\" class=\"wp-block-spacer\"><\/div>\n\n\n\n<p>4. <strong>Modellemeye Genel Bak\u0131\u015f ve Mimari<\/strong><\/p>\n\n\n\n<p class=\"translation-block\">Medepia Taksonomi Y\u00f6netimi uygulamas\u0131, SAP ekosistemi \u00fczerine kurulu d\u00f6rt katmanl\u0131 bir mimariye sahiptir ve kullan\u0131c\u0131 aray\u00fcz\u00fc, servis, i\u015f mant\u0131\u011f\u0131 ve veritaban\u0131 katmanlar\u0131n\u0131 tutarl\u0131 bir \u00e7er\u00e7evede birle\u015ftirir. Her katman, SAP Core Data Services (CDS) ve RAP davran\u0131\u015f tan\u0131mlar\u0131na dayal\u0131, iyi tan\u0131mlanm\u0131\u015f veri modelleri ve aray\u00fczler arac\u0131l\u0131\u011f\u0131yla ileti\u015fim kurar. Bu modelleme yakla\u015f\u0131m\u0131, t\u00fcm taksonomi ya\u015fam d\u00f6ng\u00fcs\u00fc boyunca h\u0131z, \u00f6l\u00e7eklenebilirlik ve s\u00fcrd\u00fcr\u00fclebilirlik sa\u011flar.<\/p>\n\n\n\n<p><\/p>\n\n\n\n<figure class=\"wp-block-table\"><table class=\"has-fixed-layout\"><tbody><tr><td>Kullan\u0131c\u0131 Aray\u00fcz\u00fc Katman\u0131 (UI)<\/td><td>SAP Fiori ve FPM \u00e7er\u00e7eveleri kullan\u0131larak geli\u015ftirilmi\u015ftir. Kategori, \u00f6zellik ve malzeme y\u00f6netimi uygulamalar\u0131n\u0131 s\u00fcrd\u00fcr\u00fcr.<\/td><\/tr><tr><td>Servis Katman\u0131<\/td><td>Kullan\u0131c\u0131 aray\u00fcz\u00fcyle etkile\u015fim kurmak i\u00e7in verilere eri\u015fim ve do\u011frulama amac\u0131yla CDS tabanl\u0131 varl\u0131klar\u0131 kullan\u0131ma sunan OData hizmetlerini uygular.<\/td><\/tr><tr><td>Uygulama Katman\u0131<\/td><td>Dinamik alan olu\u015fturma, kal\u0131t\u0131m mant\u0131\u011f\u0131 ve y\u00f6netim i\u015f ak\u0131\u015flar\u0131 i\u00e7in ABAP s\u0131n\u0131flar\u0131 ve RAP davran\u0131\u015f i\u015fleyicileri i\u00e7erir. Geli\u015ftirme noktalar\u0131ndan (BadI'ler) ve BRF+ kurallar\u0131ndan olu\u015fur.<\/td><\/tr><tr><td>Kal\u0131c\u0131l\u0131k Katman\u0131 (Veritaban\u0131)<\/td><td>Veritaban\u0131 tablolar\u0131n\u0131 kullanarak yap\u0131land\u0131r\u0131lm\u0131\u015f bir modelde \u00f6znitelikler, kategoriler, hiyerar\u015filer, ili\u015fkiler ve malzeme s\u0131n\u0131fland\u0131rma verileri gibi t\u00fcm taksonomi varl\u0131klar\u0131n\u0131 depolayan normalle\u015ftirilmi\u015f bir veri taban\u0131.<\/td><\/tr><\/tbody><\/table><\/figure>","protected":false},"excerpt":{"rendered":"<p>Table of Contents 1. Introduction A taxonomy is a general term for a classification scheme. The purpose of a taxonomy is to group like things together into categories, usually based on a set of common, category-specific characteristics, or attributes. This article introduces the medepia Taxonomy Management, which is an enterprise application designed to standardize and [&hellip;]<\/p>","protected":false},"author":1,"featured_media":0,"parent":0,"menu_order":0,"comment_status":"closed","ping_status":"closed","template":"","meta":{"footnotes":""},"class_list":["post-13947","page","type-page","status-publish","hentry"],"_hostinger_reach_plugin_has_subscription_block":false,"_hostinger_reach_plugin_is_elementor":false,"_links":{"self":[{"href":"https:\/\/medepia.com\/tr\/wp-json\/wp\/v2\/pages\/13947","targetHints":{"allow":["GET"]}}],"collection":[{"href":"https:\/\/medepia.com\/tr\/wp-json\/wp\/v2\/pages"}],"about":[{"href":"https:\/\/medepia.com\/tr\/wp-json\/wp\/v2\/types\/page"}],"author":[{"embeddable":true,"href":"https:\/\/medepia.com\/tr\/wp-json\/wp\/v2\/users\/1"}],"replies":[{"embeddable":true,"href":"https:\/\/medepia.com\/tr\/wp-json\/wp\/v2\/comments?post=13947"}],"version-history":[{"count":36,"href":"https:\/\/medepia.com\/tr\/wp-json\/wp\/v2\/pages\/13947\/revisions"}],"predecessor-version":[{"id":13996,"href":"https:\/\/medepia.com\/tr\/wp-json\/wp\/v2\/pages\/13947\/revisions\/13996"}],"wp:attachment":[{"href":"https:\/\/medepia.com\/tr\/wp-json\/wp\/v2\/media?parent=13947"}],"curies":[{"name":"wp","href":"https:\/\/api.w.org\/{rel}","templated":true}]}}