{"id":13842,"date":"2025-11-27T17:33:56","date_gmt":"2025-11-27T14:33:56","guid":{"rendered":"https:\/\/skyblue-oryx-530841.hostingersite.com\/?page_id=13842"},"modified":"2025-11-27T17:33:56","modified_gmt":"2025-11-27T14:33:56","slug":"improving-data-quality-the-strategic-benefits-of-sap-mdg","status":"publish","type":"page","link":"https:\/\/medepia.com\/tr\/improving-data-quality-the-strategic-benefits-of-sap-mdg\/","title":{"rendered":"Veri Kalitesini \u0130yile\u015ftirme: SAP MDG'nin Stratejik Faydalar\u0131"},"content":{"rendered":"<figure class=\"wp-block-image size-large\"><img loading=\"lazy\" decoding=\"async\" width=\"1024\" height=\"576\" src=\"https:\/\/medepia.com\/wp-content\/uploads\/2025\/11\/1-min-1536x864-1-1024x576.png\" alt=\"\" class=\"wp-image-13843\" srcset=\"https:\/\/medepia.com\/wp-content\/uploads\/2025\/11\/1-min-1536x864-1-1024x576.png 1024w, https:\/\/medepia.com\/wp-content\/uploads\/2025\/11\/1-min-1536x864-1-300x169.png 300w, https:\/\/medepia.com\/wp-content\/uploads\/2025\/11\/1-min-1536x864-1-768x432.png 768w, https:\/\/medepia.com\/wp-content\/uploads\/2025\/11\/1-min-1536x864-1.png 1536w\" sizes=\"auto, (max-width: 1024px) 100vw, 1024px\" \/><\/figure>\n\n\n\n<p>G\u00fcn\u00fcm\u00fcz\u00fcn h\u0131zla dijitalle\u015fen i\u015f d\u00fcnyas\u0131nda, veri kalitesi i\u015f s\u00fcre\u00e7lerinin ba\u015far\u0131s\u0131nda kritik bir rol oynamaktad\u0131r. Yanl\u0131\u015f veya tutars\u0131z veriler yaln\u0131zca g\u00fcnl\u00fck operasyonlarda sorunlara yol a\u00e7makla kalmaz, ayn\u0131 zamanda stratejik kararlar al\u0131n\u0131rken de \u00f6nemli riskler olu\u015fturur. Bu nedenle, hatas\u0131z ve tutarl\u0131 veri ak\u0131\u015flar\u0131n\u0131 sa\u011flayan etkili veri y\u00f6netimi, i\u015fletmelerin uzun vadeli rekabet avantaj\u0131 elde etmelerini sa\u011flar. SAP MDG (Ana Veri Y\u00f6netimi), veri kalitesini iyile\u015ftirmede hayati bir rol oynar. M\u00fc\u015fteri, \u00fcr\u00fcn ve tedarik\u00e7i bilgileri gibi kritik verilerin do\u011frulu\u011funu ve tutarl\u0131l\u0131\u011f\u0131n\u0131 sa\u011flamada \u00f6nemli faydalar sunar.<\/p>\n\n\n\n<h3 class=\"wp-block-heading\">\u0130\u015f S\u00fcre\u00e7lerinde Veri Kalitesinin \u00d6nemi<\/h3>\n\n\n\n<p>Veri kalitesi, herhangi bir kurulu\u015fun etkili bir \u015fekilde i\u015fleyebilme yetene\u011finin merkezinde yer al\u0131r. \u00d6zellikle b\u00fcy\u00fck \u00f6l\u00e7ekli kurulu\u015flarda, verilerin do\u011frulu\u011fu, eksiksizli\u011fi ve tutarl\u0131l\u0131\u011f\u0131, g\u00fcnl\u00fck operasyonlar\u0131n sorunsuz bir \u015fekilde y\u00fcr\u00fct\u00fclmesi i\u00e7in hayati \u00f6nem ta\u015f\u0131r. Yanl\u0131\u015f veya eksik veriler, i\u015f s\u00fcre\u00e7lerinde aksamalara neden olabilir. \u00d6rne\u011fin, yanl\u0131\u015f m\u00fc\u015fteri bilgileriyle olu\u015fturulan bir sipari\u015f, \u00fcr\u00fcnlerin yanl\u0131\u015f adrese g\u00f6nderilmesine, faturalar\u0131n yanl\u0131\u015f ki\u015fiye g\u00f6nderilmesine ve nihayetinde m\u00fc\u015fteri memnuniyetsizli\u011fine yol a\u00e7abilir. Benzer \u015fekilde, yanl\u0131\u015f tedarik\u00e7i verileri, stok y\u00f6netiminde sorunlara yol a\u00e7abilir ve \u00fcretim s\u00fcre\u00e7lerini olumsuz etkileyebilir.<\/p>\n\n\n\n<p>\u0130\u015fte burada SAP MDG devreye giriyor. Ana verilerin do\u011fru ve tutarl\u0131 bir \u015fekilde y\u00f6netilmesini sa\u011flayarak i\u015f s\u00fcre\u00e7lerindeki aksakl\u0131klar\u0131 \u00f6nler. Sistem, verilerin merkezi olarak y\u00f6netilmesini ve do\u011frulanmas\u0131n\u0131 sa\u011flayarak yanl\u0131\u015f verilerin sisteme girmesini engeller. Bu da i\u015f s\u00fcre\u00e7lerinin daha verimli ve sorunsuz bir \u015fekilde i\u015flemesini sa\u011flar.<\/p>\n\n\n\n<h3 class=\"wp-block-heading\">SAP MDG'nin Veri Kalitesinin Sa\u011flanmas\u0131ndaki Rol\u00fc<\/h3>\n\n\n\n<figure class=\"wp-block-image size-large\"><img loading=\"lazy\" decoding=\"async\" width=\"1024\" height=\"576\" src=\"https:\/\/medepia.com\/wp-content\/uploads\/2025\/11\/2-min-1536x864-1-1024x576.png\" alt=\"\" class=\"wp-image-13844\" srcset=\"https:\/\/medepia.com\/wp-content\/uploads\/2025\/11\/2-min-1536x864-1-1024x576.png 1024w, https:\/\/medepia.com\/wp-content\/uploads\/2025\/11\/2-min-1536x864-1-300x169.png 300w, https:\/\/medepia.com\/wp-content\/uploads\/2025\/11\/2-min-1536x864-1-768x432.png 768w, https:\/\/medepia.com\/wp-content\/uploads\/2025\/11\/2-min-1536x864-1.png 1536w\" sizes=\"auto, (max-width: 1024px) 100vw, 1024px\" \/><\/figure>\n\n\n\n<p>SAP MDG, ana verilerin olu\u015fturulmas\u0131, g\u00fcncellenmesi ve y\u00f6netimi i\u00e7in \u00e7e\u015fitli otomasyon ve kontrol mekanizmalar\u0131 sunar. Bu, yanl\u0131\u015f veya eksik veri olas\u0131l\u0131\u011f\u0131n\u0131 en aza indirir. A\u015fa\u011f\u0131da, veri kalitesini art\u0131rmak i\u00e7in SAP MDG'nin sa\u011flad\u0131\u011f\u0131 baz\u0131 \u00f6nemli \u00f6zellikler yer almaktad\u0131r:<\/p>\n\n\n\n<p>1.&nbsp;<strong>Merkezi Veri Y\u00f6netimi:&nbsp;<\/strong>MDG, t\u00fcm ana verilerin tek bir merkezi sistemden y\u00f6netilmesini sa\u011flar. Bu, verilerin birden fazla yerden kaynaklanmas\u0131 durumunda ortaya \u00e7\u0131kabilecek tutars\u0131zl\u0131klar\u0131 \u00f6nler. Ayr\u0131ca, verilerin do\u011fru ve g\u00fcncel kalmas\u0131n\u0131 sa\u011flamak i\u00e7in s\u00fcrekli bir kontrol mekanizmas\u0131 mevcuttur.<\/p>\n\n\n\n<p>2.&nbsp;<strong>Veri Do\u011frulama ve Onay S\u00fcre\u00e7leri:<\/strong>SAP MDG, veri giri\u015flerinin do\u011frulu\u011funu sa\u011flamak i\u00e7in \u00e7e\u015fitli do\u011frulama ve onay s\u00fcre\u00e7leri sunar. Veriler sisteme girildi\u011fi anda do\u011frulan\u0131r ve belirli bir kalite standard\u0131n\u0131 kar\u015f\u0131lamal\u0131d\u0131r. Ayr\u0131ca, \u00f6nemli de\u011fi\u015fiklikler uygulanmadan \u00f6nce onay s\u00fcre\u00e7lerinden ge\u00e7melidir; bu da sisteme yanl\u0131\u015f verilerin girilmesini \u00f6nler.<\/p>\n\n\n\n<p>3.&nbsp;<strong>Tutarl\u0131 Veri Standartlar\u0131:<\/strong>SAP MDG, veri standartlar\u0131n\u0131 tan\u0131mlamak ve uygulamak i\u00e7in ara\u00e7lar sunar. Bu, t\u00fcm i\u015f birimlerinin ayn\u0131 veri standartlar\u0131na uymas\u0131n\u0131 sa\u011flayarak tutars\u0131z veri giri\u015flerini \u00f6nler. \u00d6zellikle \u00e7ok uluslu \u015firketlerde, farkl\u0131 b\u00f6lgelerden gelen veri giri\u015fleri aras\u0131nda tutarl\u0131l\u0131\u011f\u0131n sa\u011flanmas\u0131, verimli i\u015f s\u00fcre\u00e7leri i\u00e7in \u00e7ok \u00f6nemlidir.<\/p>\n\n\n\n<p>4.&nbsp;<strong>Otomatik Veri G\u00fcncellemeleri (Uyumla\u015ft\u0131rma\/\u00c7o\u011faltma):<\/strong>SAP MDG, verilerin g\u00fcncel kalmas\u0131n\u0131 sa\u011flamak i\u00e7in otomatik veri g\u00fcncellemeleri sunar. Bu, manuel m\u00fcdahale ihtiyac\u0131n\u0131 azalt\u0131r ve yanl\u0131\u015f veri giri\u015flerini \u00f6nler. \u00d6rne\u011fin, m\u00fc\u015fteri veya tedarik\u00e7i bilgilerinde yap\u0131lan de\u011fi\u015fiklikler sistemde otomatik olarak g\u00fcncellenir ve ilgili t\u00fcm departmanlar bu de\u011fi\u015fikliklerden haberdar edilir.<\/p>\n\n\n\n<h3 class=\"wp-block-heading\">\u0130\u015fletmeler \u0130\u00e7in Veri Kalitesinin \u0130yile\u015ftirilmesinin Avantajlar\u0131<\/h3>\n\n\n\n<figure class=\"wp-block-image size-large\"><img loading=\"lazy\" decoding=\"async\" width=\"1024\" height=\"576\" src=\"https:\/\/medepia.com\/wp-content\/uploads\/2025\/11\/3-min-1536x864-1-1024x576.png\" alt=\"\" class=\"wp-image-13845\" srcset=\"https:\/\/medepia.com\/wp-content\/uploads\/2025\/11\/3-min-1536x864-1-1024x576.png 1024w, https:\/\/medepia.com\/wp-content\/uploads\/2025\/11\/3-min-1536x864-1-300x169.png 300w, https:\/\/medepia.com\/wp-content\/uploads\/2025\/11\/3-min-1536x864-1-768x432.png 768w, https:\/\/medepia.com\/wp-content\/uploads\/2025\/11\/3-min-1536x864-1.png 1536w\" sizes=\"auto, (max-width: 1024px) 100vw, 1024px\" \/><\/figure>\n\n\n\n<p>Veri kalitesinin art\u0131r\u0131lmas\u0131, g\u00fcnl\u00fck operasyonlar\u0131n sorunsuz y\u00fcr\u00fct\u00fclmesini sa\u011flar ve i\u015fletmeler i\u00e7in stratejik avantajlar sunar. Do\u011fru ve g\u00fcvenilir verilerle \u015firketler daha h\u0131zl\u0131 ve daha bilin\u00e7li kararlar alabilirler. \u0130\u015fte veri kalitesinin i\u015fletmelere sundu\u011fu ba\u015fl\u0131ca faydalardan baz\u0131lar\u0131:<\/p>\n\n\n\n<p>1.&nbsp;<strong>Operasyonel verimlilik:<\/strong>Do\u011fru ve tutarl\u0131 veriler, i\u015f s\u00fcre\u00e7lerinin daha verimli ve sorunsuz bir \u015fekilde y\u00fcr\u00fct\u00fclmesini sa\u011flar. \u00d6zellikle tedarik zinciri y\u00f6netimi, m\u00fc\u015fteri ili\u015fkileri y\u00f6netimi ve finansal i\u015flemler gibi kritik alanlarda y\u00fcksek veri kalitesi, i\u015f verimlili\u011fini art\u0131r\u0131r.<\/p>\n\n\n\n<p>2<strong>.Maliyet Tasarrufu:<\/strong>Yanl\u0131\u015f verilerden kaynaklanan sorunlar, i\u015fletmeler i\u00e7in hem zaman hem de maliyet kay\u0131plar\u0131na yol a\u00e7ar. Yanl\u0131\u015f verilere dayal\u0131 i\u015flemler iadelere, yeniden i\u015fleme ihtiya\u00e7lar\u0131na ve m\u00fc\u015fteri memnuniyetsizli\u011fine neden olabilir. SAP MDG'nin sa\u011flad\u0131\u011f\u0131 y\u00fcksek veri kalitesi, bu maliyetli hatalar\u0131 \u00f6nler.<\/p>\n\n\n\n<p>3.&nbsp;<strong>G\u00fcvenilirlik ve M\u00fc\u015fteri Memnuniyeti:<\/strong>Do\u011fru veriler ayn\u0131 zamanda m\u00fc\u015fteri ili\u015fkilerini de g\u00fc\u00e7lendirir. M\u00fc\u015fterilere do\u011fru ve zaman\u0131nda hizmet sunmak m\u00fc\u015fteri memnuniyetini art\u0131r\u0131r. \u00d6rne\u011fin, \u00fcr\u00fcnlerin do\u011fru adrese teslim edilmesi veya do\u011fru faturalar\u0131n g\u00f6nderilmesi \u015firketin g\u00fcvenilirli\u011fi i\u00e7in kritik \u00f6neme sahiptir.<\/p>\n\n\n\n<p>Veri kalitesi, g\u00fcn\u00fcm\u00fcz i\u015fletmelerinin ba\u015far\u0131s\u0131n\u0131 belirleyen en kritik fakt\u00f6rlerden biridir. Yanl\u0131\u015f, eksik veya tutars\u0131z veriler, i\u015f s\u00fcre\u00e7lerinde aksamalara neden olabilir ve uzun vadede \u015firketlere \u00f6nemli zararlar verebilir. SAP MDG, veri kalitesini iyile\u015ftirerek bu sorunlar\u0131n \u00f6nlenmesine yard\u0131mc\u0131 olur. Merkezi veri y\u00f6netimi, veri do\u011frulama s\u00fcre\u00e7leri ve otomatik g\u00fcncellemeler gibi \u00f6zellikleriyle SAP MDG, i\u015fletmelerin verilerini do\u011fru, eksiksiz ve tutarl\u0131 bir \u015fekilde y\u00f6netmelerini sa\u011flar. Bu, yaln\u0131zca i\u015f s\u00fcre\u00e7lerinin verimlili\u011fini art\u0131rmakla kalmaz, ayn\u0131 zamanda \u015firketler i\u00e7in uzun vadeli stratejik avantajlar da sa\u011flar.<\/p>\n\n\n\n<p>SAP MDG'nin sundu\u011fu stratejik avantajlardan yararlanarak veri y\u00f6netimi s\u00fcre\u00e7lerinizi geli\u015ftirebilir ve veri kalitesini iyile\u015ftirebilirsiniz. \u0130\u015fletme faaliyetlerinizde verimlili\u011fi art\u0131rmay\u0131 ve daha iyi veri kalitesiyle maliyet tasarrufu sa\u011flamay\u0131 hedefliyorsan\u0131z, size \u00f6zel \u00e7\u00f6z\u00fcmlerimiz hakk\u0131nda daha fazla bilgi edinmek i\u00e7in bizimle ileti\u015fime ge\u00e7mekten \u00e7ekinmeyin.<\/p>\n\n\n\n<p>Uzman ekibimiz, SAP MDG ile i\u015fletmenizin ihtiya\u00e7lar\u0131na en uygun stratejiyi belirlemenizde size destek olmaya haz\u0131r.<\/p>","protected":false},"excerpt":{"rendered":"<p>In today\u2019s rapidly digitizing business world, data quality plays a critical role in the success of business processes. Incorrect or inconsistent data not only cause problems in daily operations but also pose significant risks when making strategic decisions. For this reason, effective data managing, ensuring error-free and consistent data flows, allows businesses to gain a [&hellip;]<\/p>","protected":false},"author":1,"featured_media":0,"parent":0,"menu_order":0,"comment_status":"closed","ping_status":"closed","template":"","meta":{"footnotes":""},"class_list":["post-13842","page","type-page","status-publish","hentry"],"_hostinger_reach_plugin_has_subscription_block":false,"_hostinger_reach_plugin_is_elementor":false,"_links":{"self":[{"href":"https:\/\/medepia.com\/tr\/wp-json\/wp\/v2\/pages\/13842","targetHints":{"allow":["GET"]}}],"collection":[{"href":"https:\/\/medepia.com\/tr\/wp-json\/wp\/v2\/pages"}],"about":[{"href":"https:\/\/medepia.com\/tr\/wp-json\/wp\/v2\/types\/page"}],"author":[{"embeddable":true,"href":"https:\/\/medepia.com\/tr\/wp-json\/wp\/v2\/users\/1"}],"replies":[{"embeddable":true,"href":"https:\/\/medepia.com\/tr\/wp-json\/wp\/v2\/comments?post=13842"}],"version-history":[{"count":1,"href":"https:\/\/medepia.com\/tr\/wp-json\/wp\/v2\/pages\/13842\/revisions"}],"predecessor-version":[{"id":13846,"href":"https:\/\/medepia.com\/tr\/wp-json\/wp\/v2\/pages\/13842\/revisions\/13846"}],"wp:attachment":[{"href":"https:\/\/medepia.com\/tr\/wp-json\/wp\/v2\/media?parent=13842"}],"curies":[{"name":"wp","href":"https:\/\/api.w.org\/{rel}","templated":true}]}}