{"id":13840,"date":"2025-11-27T17:31:31","date_gmt":"2025-11-27T14:31:31","guid":{"rendered":"https:\/\/skyblue-oryx-530841.hostingersite.com\/?page_id=13840"},"modified":"2025-11-27T17:40:12","modified_gmt":"2025-11-27T14:40:12","slug":"enhancing-data-quality-through-vat-verification","status":"publish","type":"page","link":"https:\/\/medepia.com\/tr\/enhancing-data-quality-through-vat-verification\/","title":{"rendered":"KDV Do\u011frulama Y\u00f6ntemiyle Veri Kalitesinin Art\u0131r\u0131lmas\u0131"},"content":{"rendered":"<figure class=\"wp-block-image\"><img decoding=\"async\" src=\"https:\/\/medepia.com\/wp-content\/uploads\/2024\/10\/1.png\" alt=\"\" class=\"wp-image-14738\"\/><\/figure>\n\n\n\n<h3 class=\"wp-block-heading\"><strong>KDV Do\u011frulama Y\u00f6ntemiyle Veri Kalitesinin Art\u0131r\u0131lmas\u0131<\/strong>&nbsp;<\/h3>\n\n\n\n<p>\u00d6nceki tart\u0131\u015fmam\u0131zda, \"SAP D\u00fcnyas\u0131nda Kelebek Etkisi: CDQ \u00c7\u00f6z\u00fcmleriyle Veri Zenginle\u015ftirme\" ba\u015fl\u0131\u011f\u0131 alt\u0131nda, KDV do\u011frulamas\u0131n\u0131n veri kalitemizi nas\u0131l art\u0131rabilece\u011fini ele ald\u0131k.&nbsp;&nbsp;<\/p>\n\n\n\n<p>Bug\u00fcn, Avrupa Komisyonu taraf\u0131ndan sunulan \u00fccretsiz bir KDV do\u011frulama hizmetini ve bu hizmetin veri kalitemizi nas\u0131l \u00f6nemli \u00f6l\u00e7\u00fcde iyile\u015ftirebilece\u011fini inceleyece\u011fiz. Ayr\u0131ca, bu hizmeti ana veri y\u00f6netiminde nas\u0131l kullanabilece\u011fimize dair pratik \u00f6rneklere de g\u00f6z ataca\u011f\u0131z.&nbsp;<\/p>\n\n\n\n<h3 class=\"wp-block-heading\"><strong>KDV bilgilerine neden ihtiyac\u0131m\u0131z var?<\/strong>&nbsp;<\/h3>\n\n\n\n<p>KDV numaralar\u0131, vergi ve finansal i\u015flemleri tan\u0131mlamak, kullan\u0131c\u0131lar\u0131 g\u00fcncellemeler konusunda y\u00f6nlendirmek ve s\u00fcre\u00e7leri basitle\u015ftirmek i\u00e7in kullan\u0131lan temel ara\u00e7lard\u0131r. SAP'de KDV numaralar\u0131, kurumsal kimli\u011fin olu\u015fturulmas\u0131 i\u00e7in \u00e7ok \u00f6nemli girdilerdir. Bu nedenle, Avrupa Birli\u011fi'nde vergi muafiyetlerinden yararlanmak i\u00e7in faturalarda KDV numaralar\u0131n\u0131 kullan\u0131yoruz.&nbsp;<\/p>\n\n\n\n<p>KDV numaralar\u0131 15 alfan\u00fcmerik karakterden olu\u015fur ve her m\u00fc\u015fteri, sat\u0131c\u0131 veya \u015firketin kendine \u00f6zg\u00fc KDV bilgileri vard\u0131r. Bu numaralar ayr\u0131ca \u00fclke kodlar\u0131n\u0131 da i\u00e7erir; \u00f6rne\u011fin, Almanya'n\u0131n KDV numaralar\u0131 \"DE\" ile ba\u015flar.&nbsp;&nbsp;<\/p>\n\n\n\n<p>Bu format, her KDV numaras\u0131yla ili\u015fkili \u00fclkeyi belirlememizi sa\u011flar.&nbsp;<\/p>\n\n\n\n<p>KDV numaralar\u0131, SAP'de m\u00fc\u015fteri, tedarik\u00e7i veya \u015firket ana verilerinin olu\u015fturulmas\u0131nda hayati bir rol oynar. S\u00fcre\u00e7leri etkili bir \u015fekilde y\u00f6netmek i\u00e7in bu verilerin do\u011frulanmas\u0131 \u00e7ok \u00f6nemlidir.&nbsp;&nbsp;<\/p>\n\n\n\n<p>Kullan\u0131c\u0131lar\u0131n bu say\u0131lar\u0131n do\u011frulu\u011funu Avrupa Komisyonu'nun internet sitesinde manuel olarak kontrol etmeleri gerekiyor; bu da zaman al\u0131c\u0131 ve manuel giri\u015f nedeniyle hatalara a\u00e7\u0131k bir s\u00fcre\u00e7.&nbsp;<\/p>\n\n\n\n<h3 class=\"wp-block-heading\"><strong>KDV Hizmetini Kullanma&nbsp;<\/strong><\/h3>\n\n\n\n<figure class=\"wp-block-image\"><img decoding=\"async\" src=\"https:\/\/medepia.com\/wp-content\/uploads\/2024\/10\/3.png\" alt=\"\"\/><\/figure>\n\n\n\n<p>KDV bilgilerinin \u00f6nemini anlad\u0131ktan sonra, bu hizmetten nas\u0131l faydalanabilece\u011fimize ve bunun Ana Veri Y\u00f6netimi (MDG) ile ili\u015fkisine k\u0131saca g\u00f6z atal\u0131m.&nbsp;<\/p>\n\n\n\n<p>Hizmeti kullanmadan \u00f6nce, Avrupa Komisyonu'nun web sitesinden KDV hizmetine ait WSDL dosyas\u0131n\u0131 indirmemiz gerekiyor. WSDL dosyas\u0131na a\u015fa\u011f\u0131daki ba\u011flant\u0131dan eri\u015febilirsiniz:&nbsp;<\/p>\n\n\n\n<p><a href=\"http:\/\/ec.europa.eu\/taxation_customs\/vies\/checkVatService.wsdl\">WSDL Dosyas\u0131n\u0131 \u0130ndir<\/a>&nbsp;<\/p>\n\n\n\n<p>WSDL dosyas\u0131 indirildikten sonra, SoapUI gibi bir ara\u00e7 kullanarak servisi inceleyebiliriz.&nbsp;<\/p>\n\n\n\n<figure class=\"wp-block-image\"><img decoding=\"async\" src=\"https:\/\/medepia.com\/wp-content\/uploads\/2024\/10\/Picture1-300x161.png\" alt=\"\" class=\"wp-image-14720\"\/><\/figure>\n\n\n\n<p>Bunu yapmak i\u00e7in SoapUI'da yeni bir SOAP projesi olu\u015fturun ve WSDL ba\u011flant\u0131s\u0131n\u0131 ba\u015flang\u0131\u00e7 \u200b\u200bWSDL alan\u0131na girin.<\/p>\n\n\n\n<p>Ard\u0131ndan, soldaki listeden \"checkVat\" hizmetini se\u00e7in. KDV numaras\u0131n\u0131n do\u011frulu\u011funu teyit etmek istedi\u011fimiz i\u00e7in bu hizmeti kullanaca\u011f\u0131z.&nbsp;<\/p>\n\n\n\n<figure class=\"wp-block-image\"><img decoding=\"async\" src=\"https:\/\/medepia.com\/wp-content\/uploads\/2024\/10\/Picture2-300x161.png\" alt=\"\" class=\"wp-image-14727\"\/><\/figure>\n\n\n\n<p>\u00d6rnekte g\u00f6sterildi\u011fi gibi, \u00fclke kodunu ve KDV numaras\u0131n\u0131 g\u00f6nderdi\u011fimizde, servis bize kar\u015f\u0131l\u0131k gelen adres ve \u015firket bilgilerini d\u00f6nd\u00fcr\u00fcyor.<\/p>\n\n\n\n<p>Additionally, we can check if the searched VAT number is valid within the European Union using the tag. This is a brief overview of how to use the service provided by the European Commission.<\/p>\n\n\n\n<h3 class=\"wp-block-heading\"><strong>R<\/strong><strong>MDG'de VIEWS'in raporlanmas\u0131 ve kullan\u0131m\u0131<\/strong>&nbsp;<\/h3>\n\n\n\n<p>Kullan\u0131mla ilgili haz\u0131rlad\u0131\u011f\u0131m\u0131z \u00f6rnek raporda, Excel dosyas\u0131ndaki KDV numaralar\u0131n\u0131n do\u011frulan\u0131p do\u011frulanmad\u0131\u011f\u0131n\u0131 inceleyece\u011fiz. Ge\u00e7ersiz KDV numaralar\u0131n\u0131 h\u0131zl\u0131 bir \u015fekilde tespit ederek gerekli \u00f6nlemleri alabiliriz.&nbsp;<\/p>\n\n\n\n<figure class=\"wp-block-image\"><img decoding=\"async\" src=\"https:\/\/medepia.com\/wp-content\/uploads\/2024\/10\/Picture3-300x158.png\" alt=\"\" class=\"wp-image-14726\"\/><\/figure>\n\n\n\n<p>G\u00f6rselde de g\u00f6r\u00fcld\u00fc\u011f\u00fc gibi, Excel format\u0131ndan y\u00fcklenen farkl\u0131 \u00fclkelerden \u00e7e\u015fitli verileri birka\u00e7 saniye i\u00e7inde kontrol ettik ve ekranda ge\u00e7ersiz KDV numaralar\u0131n\u0131 listeledik.&nbsp;<\/p>\n\n\n\n<figure class=\"wp-block-image\"><img decoding=\"async\" src=\"https:\/\/medepia.com\/wp-content\/uploads\/2024\/10\/Picture4-300x253.png\" alt=\"\" class=\"wp-image-14725\"\/><\/figure>\n\n\n\n<p>Benzer programlar, hedeflerinize uygun daha ayr\u0131nt\u0131l\u0131 raporlama imkan\u0131 sa\u011flayabilir. \u00d6rne\u011fin, \u015firket adlar\u0131n\u0131n veya adres bilgilerinin do\u011frulu\u011fu KDV numaralar\u0131 kullan\u0131larak da do\u011frulanabilir.<\/p>\n\n\n\n<h3 class=\"wp-block-heading\"><strong>MDG'de VIES Kullan\u0131m\u0131n\u0131n Faydalar\u0131&nbsp;<\/strong><\/h3>\n\n\n\n<figure class=\"wp-block-image\"><img decoding=\"async\" src=\"https:\/\/medepia.com\/wp-content\/uploads\/2024\/10\/4.png\" alt=\"\"\/><\/figure>\n\n\n\n<p>Vergi kimlik numaras\u0131, bir \u015firket i\u00e7in en kritik temel verilerden biridir. Daha \u00f6nce KDV bilgilerinin \u00f6nemini ve kullan\u0131m\u0131n\u0131 ele alm\u0131\u015ft\u0131k.&nbsp;<\/p>\n\n\n\n<p>Baz\u0131 durumlarda, kullan\u0131c\u0131lar kendilerini \u00e7ok say\u0131da i\u015flemle bo\u011fu\u015furken bulabilirler. Bu t\u00fcr i\u015flemler s\u0131ras\u0131nda ne kadar hataya tahamm\u00fcl edebiliriz? \u0130deal olarak, \u00e7al\u0131\u015fmalar\u0131m\u0131zda minimum hata bekleriz. \u00d6rne\u011fin, iki sistem aras\u0131nda veri aktar\u0131m\u0131n\u0131 ele alal\u0131m; al\u0131c\u0131 sistemde yaln\u0131zca g\u00fcncel verilerin olmas\u0131n\u0131 bekleriz. Binlerce kay\u0131t olas\u0131l\u0131\u011f\u0131 g\u00f6z \u00f6n\u00fcne al\u0131nd\u0131\u011f\u0131nda, g\u00fcncel olmayan \u015firket verilerinin manuel olarak do\u011frulanmas\u0131 zaman kayb\u0131na, mali sonu\u00e7lara ve kullan\u0131c\u0131 kaynakl\u0131 hatalara yol a\u00e7abilir. KDV do\u011frulama hizmetini kullanmak bu riskleri azaltmaya yard\u0131mc\u0131 olur.&nbsp;<\/p>\n\n\n\n<p>Dolay\u0131s\u0131yla, SAP b\u00fcnyesinde Avrupa Komisyonu taraf\u0131ndan sa\u011flanan hizmeti kullanarak, raporumuz arac\u0131l\u0131\u011f\u0131yla \u00e7e\u015fitli do\u011frulama s\u00fcre\u00e7lerini inceleyebiliriz. KDV hizmetinin sundu\u011fu baz\u0131 avantajlar \u015funlard\u0131r:&nbsp;<\/p>\n\n\n\n<p>\u201cBunu MDG ile birle\u015ftirmenin faydalar\u0131 nelerdir?\u201d&nbsp;<\/p>\n\n\n\n<ul class=\"wp-block-list\">\n<li>M\u00fc\u015fteriler ve tedarik\u00e7iler i\u00e7in do\u011frulanm\u0131\u015f veri giri\u015fi.&nbsp;<\/li>\n\n\n\n<li>Y\u00fcksek kaliteli ana veriler&nbsp;<\/li>\n\n\n\n<li>Sorunsuz i\u015f i\u015flemleri&nbsp;<\/li>\n\n\n\n<li>Do\u011frulama i\u015flemleri i\u00e7in fiziksel \u00e7aba gerektirmeyen s\u00fcre\u00e7ler&nbsp;<\/li>\n\n\n\n<li>Fiziksel giri\u015flerden kaynaklanan insan hatalar\u0131ndan ar\u0131nd\u0131r\u0131lm\u0131\u015f i\u015flemler.&nbsp;<\/li>\n<\/ul>\n\n\n\n<h3 class=\"wp-block-heading\"><strong>MDG'de VIES Kullan\u0131m\u0131<\/strong>&nbsp;<\/h3>\n\n\n\n<p>KDV hizmeti, dolayl\u0131 olarak maliyetlerimizi d\u00fc\u015f\u00fcrmede hayati bir rol oynaman\u0131n yan\u0131 s\u0131ra veri kalitemizi de art\u0131r\u0131r. Bunu bir \u00f6rnek senaryo ile a\u00e7\u0131klayal\u0131m:&nbsp;<\/p>\n\n\n\n<p>Kullan\u0131c\u0131, MDG'de olu\u015fturulan bir de\u011fi\u015fiklik talebine vergi numaras\u0131n\u0131 girdi\u011finde, hizmet arac\u0131l\u0131\u011f\u0131yla a\u015fa\u011f\u0131daki bilgilere ula\u015fabilir:&nbsp;<\/p>\n\n\n\n<ul class=\"wp-block-list\">\n<li>Adres bilgileri&nbsp;<\/li>\n\n\n\n<li>Firma Ad\u0131&nbsp;<\/li>\n\n\n\n<li>Vergi numaras\u0131n\u0131n do\u011frulu\u011fu&nbsp;<\/li>\n<\/ul>\n\n\n\n<p>Vergi numaras\u0131n\u0131 girdikten sonra, yukar\u0131daki alanlarda herhangi bir de\u011fi\u015fiklik olursa, ayn\u0131 servis tekrar \u00e7al\u0131\u015ft\u0131r\u0131l\u0131r ve do\u011frulanm\u0131\u015f veriler bir kez daha g\u00f6r\u00fcnt\u00fclenir. Bu, kullan\u0131c\u0131lar\u0131n girdikleri verilerin do\u011frulu\u011funu saniyeler i\u00e7inde kontrol etmelerini sa\u011flar. Kullan\u0131c\u0131 onaylad\u0131ktan sonra, servisten gelen bilgiler ekrandaki gerekli alanlara otomatik olarak yerle\u015ftirilir.&nbsp;<\/p>\n\n\n\n<p>\u00d6rnek vermek gerekirse, a\u015fa\u011f\u0131daki g\u00f6rselleri inceleyelim:&nbsp;<\/p>\n\n\n\n<p>1. \u00d6ncelikle yeni bir vergi numaras\u0131 ekliyoruz.&nbsp;<\/p>\n\n\n\n<figure class=\"wp-block-image\"><img decoding=\"async\" src=\"https:\/\/medepia.com\/wp-content\/uploads\/2024\/10\/Picture5-300x161.png\" alt=\"\" class=\"wp-image-14724\"\/><\/figure>\n\n\n\n<p>2. Ard\u0131ndan, \u201cENTER\u201d tu\u015funa basarak servisi ba\u015flat\u0131yoruz.&nbsp;<\/p>\n\n\n\n<figure class=\"wp-block-image\"><img decoding=\"async\" src=\"https:\/\/medepia.com\/wp-content\/uploads\/2024\/10\/Picture6-300x163.png\" alt=\"\" class=\"wp-image-14723\"\/><\/figure>\n\n\n\n<p>3. Daha sonra, servis taraf\u0131ndan d\u00f6nd\u00fcr\u00fclen sonu\u00e7lar, kullan\u0131c\u0131n\u0131n onay\u0131na sunulmak \u00fczere bir a\u00e7\u0131l\u0131r pencerede g\u00f6r\u00fcnt\u00fclenir.&nbsp;<\/p>\n\n\n\n<figure class=\"wp-block-image\"><img decoding=\"async\" src=\"https:\/\/medepia.com\/wp-content\/uploads\/2024\/10\/Picture1-300x161.png\" alt=\"\" class=\"wp-image-14720\"\/><\/figure>\n\n\n\n<p>Kullan\u0131c\u0131 bu bilgiyi onaylarsa, adres alan\u0131 ve i\u015f orta\u011f\u0131n\u0131n ad\u0131 otomatik olarak doldurulacakt\u0131r.<\/p>\n\n\n\n<figure class=\"wp-block-image\"><img decoding=\"async\" src=\"https:\/\/medepia.com\/wp-content\/uploads\/2024\/10\/Picture8-300x147.png\" alt=\"\" class=\"wp-image-14721\"\/><\/figure>\n\n\n\n<p>G\u00f6sterildi\u011fi gibi, di\u011fer alanlar\u0131 sadece vergi numaras\u0131n\u0131 girerek doldurduk ve girilen KDV numaras\u0131n\u0131n kullan\u0131c\u0131 hatas\u0131 olmadan do\u011fru bir \u015fekilde do\u011frulan\u0131p i\u015flenmesini sa\u011flad\u0131k.<\/p>\n\n\n\n<p><\/p>\n\n\n\n<figure class=\"wp-block-image\"><img decoding=\"async\" src=\"https:\/\/medepia.com\/wp-content\/uploads\/2024\/10\/2-min-1.png\" alt=\"\"\/><\/figure>\n\n\n\n<p>Bu yaz\u0131da, KDV numaralar\u0131n\u0131n \u00f6nemini ve SAP MDG i\u00e7indeki uygulamalar\u0131n\u0131 ele ald\u0131k ve k\u00fc\u00e7\u00fck bir m\u00fcdahalenin veri kalitenizi nas\u0131l art\u0131rabilece\u011fini g\u00f6sterdik. Ayr\u0131ca, bu \u00fccretsiz hizmeti kullanarak, sistemlerimizden gereksiz, eski ve s\u00fcresi dolmu\u015f verileri ortadan kald\u0131rmak m\u00fcmk\u00fcnd\u00fcr.<\/p>","protected":false},"excerpt":{"rendered":"<p>Enhancing Data Quality Through VAT Verification&nbsp; In our previous discussion, \u201cThe Butterfly Effect in the SAP World: Data Enrichment with CDQ Solutions,\u201d we explored how VAT verification can enhance our data quality.&nbsp;&nbsp; Today, we will delve into a free service provided by the European Commission for VAT verification and how this service can significantly improve [&hellip;]<\/p>","protected":false},"author":1,"featured_media":0,"parent":0,"menu_order":0,"comment_status":"closed","ping_status":"closed","template":"","meta":{"footnotes":""},"class_list":["post-13840","page","type-page","status-publish","hentry"],"_hostinger_reach_plugin_has_subscription_block":false,"_hostinger_reach_plugin_is_elementor":false,"_links":{"self":[{"href":"https:\/\/medepia.com\/tr\/wp-json\/wp\/v2\/pages\/13840","targetHints":{"allow":["GET"]}}],"collection":[{"href":"https:\/\/medepia.com\/tr\/wp-json\/wp\/v2\/pages"}],"about":[{"href":"https:\/\/medepia.com\/tr\/wp-json\/wp\/v2\/types\/page"}],"author":[{"embeddable":true,"href":"https:\/\/medepia.com\/tr\/wp-json\/wp\/v2\/users\/1"}],"replies":[{"embeddable":true,"href":"https:\/\/medepia.com\/tr\/wp-json\/wp\/v2\/comments?post=13840"}],"version-history":[{"count":12,"href":"https:\/\/medepia.com\/tr\/wp-json\/wp\/v2\/pages\/13840\/revisions"}],"predecessor-version":[{"id":13858,"href":"https:\/\/medepia.com\/tr\/wp-json\/wp\/v2\/pages\/13840\/revisions\/13858"}],"wp:attachment":[{"href":"https:\/\/medepia.com\/tr\/wp-json\/wp\/v2\/media?parent=13840"}],"curies":[{"name":"wp","href":"https:\/\/api.w.org\/{rel}","templated":true}]}}