{"id":13835,"date":"2025-11-27T17:29:57","date_gmt":"2025-11-27T14:29:57","guid":{"rendered":"https:\/\/skyblue-oryx-530841.hostingersite.com\/?page_id=13835"},"modified":"2025-11-27T17:29:57","modified_gmt":"2025-11-27T14:29:57","slug":"the-key-benefits-of-sap-mdg-centralized-data-management","status":"publish","type":"page","link":"https:\/\/medepia.com\/tr\/the-key-benefits-of-sap-mdg-centralized-data-management\/","title":{"rendered":"SAP MDG'nin Ba\u015fl\u0131ca Faydalar\u0131: Merkezi Veri Y\u00f6netimi"},"content":{"rendered":"<p><\/p>\n\n\n\n<figure class=\"wp-block-image size-large\"><img loading=\"lazy\" decoding=\"async\" width=\"1024\" height=\"576\" src=\"https:\/\/medepia.com\/wp-content\/uploads\/2025\/11\/1-1-1536x864-1-1024x576.png\" alt=\"\" class=\"wp-image-13836\" srcset=\"https:\/\/medepia.com\/wp-content\/uploads\/2025\/11\/1-1-1536x864-1-1024x576.png 1024w, https:\/\/medepia.com\/wp-content\/uploads\/2025\/11\/1-1-1536x864-1-300x169.png 300w, https:\/\/medepia.com\/wp-content\/uploads\/2025\/11\/1-1-1536x864-1-768x432.png 768w, https:\/\/medepia.com\/wp-content\/uploads\/2025\/11\/1-1-1536x864-1.png 1536w\" sizes=\"auto, (max-width: 1024px) 100vw, 1024px\" \/><\/figure>\n\n\n\n<p>Veriler, bir kurulu\u015f i\u00e7indeki farkl\u0131 departmanlar ve sistemler aras\u0131nda \u00fcretilir ve kullan\u0131l\u0131r. M\u00fc\u015fteri ili\u015fkilerinden tedarik zinciri y\u00f6netimine, finanstan insan kaynaklar\u0131na kadar her departman, verimli operasyonlar i\u00e7in verilerin etkin kullan\u0131m\u0131na g\u00fcvenir. Ancak, veriler departmanlar ve sistemler aras\u0131nda izole edildi\u011finde, veri silolar\u0131 ortaya \u00e7\u0131kar ve veri tekrar\u0131, tutars\u0131zl\u0131klar ve ileti\u015fim kopukluklar\u0131 gibi sorunlara yol a\u00e7ar. SAP Master Data Governance (MDG), merkezi veri y\u00f6netimi ile bu zorluklar\u0131n \u00fcstesinden gelir ve kurulu\u015f genelinde tutarl\u0131 ve do\u011fru veri kullan\u0131m\u0131n\u0131 sa\u011flar. Bu merkezi yakla\u015f\u0131m, uyumu ve koordinasyonu art\u0131rarak i\u015f s\u00fcre\u00e7lerinin verimlili\u011fini iyile\u015ftirir.<\/p>\n\n\n\n<p><strong>Veri Silolar\u0131n\u0131n Yaratt\u0131\u011f\u0131 Zorluklar<\/strong><\/p>\n\n\n\n<p>Veri silolar\u0131, bir kurulu\u015fun di\u011fer b\u00f6l\u00fcmlerinin eri\u015femedi\u011fi, birbirinden ayr\u0131 veri k\u00fcmelerini ifade eder. Her departman verilerini ba\u011f\u0131ms\u0131z olarak saklad\u0131\u011f\u0131nda, bu durum \u00e7e\u015fitli sorunlara yol a\u00e7abilir:<\/p>\n\n\n\n<ul class=\"wp-block-list\">\n<li><strong>Veri Tutars\u0131zl\u0131klar\u0131:<\/strong>Farkl\u0131 departmanlar ayn\u0131 verinin farkl\u0131 s\u00fcr\u00fcmlerini saklayabilir. \u00d6rne\u011fin, m\u00fc\u015fteri hizmetleri ekibi bir m\u00fc\u015fteri i\u00e7in bir adres kullan\u0131rken, faturalama departman\u0131 ba\u015fka bir adres kullanabilir. Bu tutars\u0131zl\u0131klar ileti\u015fimde, faturalamada ve hizmet sunumunda hatalara yol a\u00e7abilir.<\/li>\n\n\n\n<li><strong>Yinelenen Veriler:<\/strong>Merkezi bir sistem olmadan, ayn\u0131 veriler departmanlar aras\u0131nda birden fazla kez saklanabilir; bu da gereksiz depolama kullan\u0131m\u0131na ve veri y\u00f6netimi ve analizinde zorluklara yol a\u00e7abilir.<\/li>\n\n\n\n<li><strong>Verimsiz \u0130\u015flemler:<\/strong>Tek tek depolanan veriler, departmanlar aras\u0131 sorunsuz ileti\u015fimi engeller ve i\u015f birli\u011fini zorla\u015ft\u0131r\u0131r. \u00d6rne\u011fin, sat\u0131\u015f ve pazarlama ekipleri g\u00fcncel m\u00fc\u015fteri bilgilerine eri\u015fmekte zorlanabilir ve bu da kampanyalar\u0131n etkinli\u011fini etkileyebilir.<\/li>\n\n\n\n<li><strong>Gecikmi\u015f Karar Verme:<\/strong>Verilerin \u00e7e\u015fitli sistemlere da\u011f\u0131lm\u0131\u015f olmas\u0131 durumunda, karar vericiler bilgi toplama ve analiz etme s\u00fcre\u00e7lerinde gecikmelerle kar\u015f\u0131la\u015f\u0131rlar; bu da dinamik bir i\u015f ortam\u0131nda stratejik planlamay\u0131 ve h\u0131zl\u0131 yan\u0131t verme yeteneklerini engelleyebilir.<\/li>\n<\/ul>\n\n\n\n<p>SAP MDG, verilerin merkezi bir platformda y\u00f6netilmesini sa\u011flayarak bu zorluklar\u0131 ortadan kald\u0131r\u0131r. Bu, t\u00fcm departmanlar\u0131n ayn\u0131 g\u00fcvenilir verilere dayanmas\u0131n\u0131 sa\u011flayarak tutarl\u0131l\u0131k ve do\u011frulu\u011fu garanti eder, b\u00f6ylece kurulu\u015f genelinde uyum ve koordinasyon artar.<\/p>\n\n\n\n<h3 class=\"wp-block-heading\">SAP MDG, Merkezi Veri Y\u00f6netimini Nas\u0131l Sa\u011fl\u0131yor?<\/h3>\n\n\n\n<figure class=\"wp-block-image size-large\"><img loading=\"lazy\" decoding=\"async\" width=\"1024\" height=\"576\" src=\"https:\/\/medepia.com\/wp-content\/uploads\/2025\/11\/2-1-1536x864-1-1024x576.png\" alt=\"\" class=\"wp-image-13837\" srcset=\"https:\/\/medepia.com\/wp-content\/uploads\/2025\/11\/2-1-1536x864-1-1024x576.png 1024w, https:\/\/medepia.com\/wp-content\/uploads\/2025\/11\/2-1-1536x864-1-300x169.png 300w, https:\/\/medepia.com\/wp-content\/uploads\/2025\/11\/2-1-1536x864-1-768x432.png 768w, https:\/\/medepia.com\/wp-content\/uploads\/2025\/11\/2-1-1536x864-1.png 1536w\" sizes=\"auto, (max-width: 1024px) 100vw, 1024px\" \/><\/figure>\n\n\n\n<p>SAP MDG, m\u00fc\u015fteriler, \u00fcr\u00fcnler ve tedarik\u00e7iler gibi temel verilerin merkezi y\u00f6netimini sa\u011flayarak t\u00fcm departmanlarda tutarl\u0131, do\u011fru ve g\u00fcncel veri kullan\u0131m\u0131na olanak tan\u0131r. SAP MDG'nin merkezi veri y\u00f6netimini kolayla\u015ft\u0131rma \u015fekli \u015f\u00f6yledir:<\/p>\n\n\n\n<ul class=\"wp-block-list\">\n<li><strong>Birle\u015fik Veri Depolama:<\/strong>SAP MDG, t\u00fcm temel verileri tek bir merkezi platformda depolayarak, t\u00fcm organizasyon birimlerinin ayn\u0131, g\u00fcncel bilgilerle \u00e7al\u0131\u015fmas\u0131n\u0131 sa\u011flar ve tutars\u0131zl\u0131klar\u0131 ve yinelenen verileri azalt\u0131r.<\/li>\n\n\n\n<li><strong>Veri Y\u00f6netimi:<\/strong>SAP MDG, kurulu\u015f genelinde veri standartlar\u0131n\u0131, politikalar\u0131n\u0131 ve s\u00fcre\u00e7lerini uygulayan kapsaml\u0131 veri y\u00f6neti\u015fimi ara\u00e7lar\u0131 sunar. Veri olu\u015fturma, de\u011fi\u015ftirme ve depolama kurallar\u0131 belirlenir; bu kurallar t\u00fcm departmanlarda uygulan\u0131r ve zaman i\u00e7inde veri b\u00fct\u00fcnl\u00fc\u011f\u00fc ve kalitesi korunur.<\/li>\n\n\n\n<li><strong>Ger\u00e7ek Zamanl\u0131 Veri Payla\u015f\u0131m\u0131:<\/strong>SAP MDG'deki temel verilerdeki g\u00fcncellemeler, ilgili t\u00fcm sistemlere ve departmanlara an\u0131nda yans\u0131t\u0131l\u0131r. \u00d6rne\u011fin, finans ekibi bir tedarik\u00e7inin \u00f6deme bilgilerini g\u00fcncellerse, bu bilgiye sat\u0131n alma ve muhasebe ekipleri an\u0131nda eri\u015febilir. Bu ger\u00e7ek zamanl\u0131 payla\u015f\u0131m \u015feffafl\u0131\u011f\u0131 art\u0131r\u0131r ve herkesin en g\u00fcncel verilerle \u00e7al\u0131\u015fmas\u0131n\u0131 sa\u011flar.<\/li>\n\n\n\n<li><strong>Entegre \u0130\u015f Ak\u0131\u015f\u0131 Y\u00f6netimi<\/strong>SAP MDG, veriyle ilgili s\u00fcre\u00e7leri d\u00fczenlemek i\u00e7in i\u015f ak\u0131\u015f\u0131 y\u00f6netim ara\u00e7lar\u0131 sunar. Veri de\u011fi\u015fiklikleri, onay i\u00e7in ilgili payda\u015flara otomatik olarak y\u00f6nlendirilir ve her de\u011fi\u015fikli\u011fin uygulanmadan \u00f6nce incelenmesi sa\u011flan\u0131r. Bu, veri kalitesini art\u0131r\u0131rken kurulu\u015f i\u00e7inde sorumluluk ve uyumu da te\u015fvik eder.<\/li>\n\n\n\n<li><strong>Veri Uyumla\u015ft\u0131rmas\u0131:<\/strong>SAP MDG, eski sistemler, \u00fc\u00e7\u00fcnc\u00fc taraf veritabanlar\u0131 ve farkl\u0131 departmanlar gibi \u00e7e\u015fitli kaynaklardan gelen verileri uyumlu hale getirir. Bu verileri temizler, e\u015fle\u015ftirir ve tek bir standart bi\u00e7ime d\u00f6n\u00fc\u015ft\u00fcr\u00fcr; b\u00f6ylece kurulu\u015flar\u0131n do\u011fru raporlar olu\u015fturmas\u0131n\u0131, anlaml\u0131 analizler yapmas\u0131n\u0131 ve g\u00fcvenilir bilgilere dayal\u0131 kararlar almas\u0131n\u0131 sa\u011flar.<\/li>\n<\/ul>\n\n\n\n<h3 class=\"wp-block-heading\">SAP MDG ile Merkezi Veri Y\u00f6netiminin \u0130\u015fletmeler \u0130\u00e7in Faydalar\u0131<\/h3>\n\n\n\n<figure class=\"wp-block-image size-large\"><img loading=\"lazy\" decoding=\"async\" width=\"1024\" height=\"576\" src=\"https:\/\/medepia.com\/wp-content\/uploads\/2025\/11\/3-3-1536x864-1-1024x576.png\" alt=\"\" class=\"wp-image-13838\" srcset=\"https:\/\/medepia.com\/wp-content\/uploads\/2025\/11\/3-3-1536x864-1-1024x576.png 1024w, https:\/\/medepia.com\/wp-content\/uploads\/2025\/11\/3-3-1536x864-1-300x169.png 300w, https:\/\/medepia.com\/wp-content\/uploads\/2025\/11\/3-3-1536x864-1-768x432.png 768w, https:\/\/medepia.com\/wp-content\/uploads\/2025\/11\/3-3-1536x864-1.png 1536w\" sizes=\"auto, (max-width: 1024px) 100vw, 1024px\" \/><\/figure>\n\n\n\n<p>SAP MDG ile merkezi veri y\u00f6netimini benimsemek, i\u015fletmeler i\u00e7in \u00e7e\u015fitli stratejik avantajlar sunar:<\/p>\n\n\n\n<ul class=\"wp-block-list\">\n<li><strong>Geli\u015ftirilmi\u015f Koordinasyon ve \u0130\u015fbirli\u011fi:<\/strong>Merkezi veri y\u00f6netimi sayesinde t\u00fcm departmanlar ayn\u0131 bilgilerle \u00e7al\u0131\u015farak koordinasyonu ve i\u015f birli\u011fini art\u0131r\u0131r. Ekipler, birden fazla veri kayna\u011f\u0131n\u0131 \u00e7apraz referanslamaya veya g\u00fcncel olmayan bilgilere g\u00fcvenmeye gerek kalmadan uyum i\u00e7inde \u00e7al\u0131\u015fabilirler. \u00d6rne\u011fin, pazarlama ve sat\u0131\u015f ekipleri tutarl\u0131 m\u00fc\u015fteri bilgilerine eri\u015fti\u011finde daha etkili kampanyalar y\u00fcr\u00fctebilirler.<\/li>\n\n\n\n<li><strong>Veri Kalitesinde \u0130yile\u015fme:<\/strong>Merkezi veri y\u00f6netimi, hata ve tutars\u0131zl\u0131k olas\u0131l\u0131\u011f\u0131n\u0131 azalt\u0131r. SAP MDG, standartla\u015ft\u0131r\u0131lm\u0131\u015f veri giri\u015fi, do\u011frulama ve onay s\u00fcre\u00e7lerini uygulayarak yaln\u0131zca do\u011fru ve y\u00fcksek kaliteli verilerin saklanmas\u0131n\u0131 sa\u011flar. Bu, g\u00fcvenilir bilgilere dayal\u0131 kararlar al\u0131nmas\u0131n\u0131 ve i\u015f operasyonlar\u0131n\u0131n daha g\u00fcvenilir olmas\u0131n\u0131 m\u00fcmk\u00fcn k\u0131lar.<\/li>\n\n\n\n<li><strong>Daha Verimli \u0130\u015f S\u00fcre\u00e7leri:<\/strong>Merkezi bir veri platformuyla kurulu\u015flar i\u015f s\u00fcre\u00e7lerini kolayla\u015ft\u0131rabilirler. \u00d6rne\u011fin, sat\u0131n alma ekipleri g\u00fcncel tedarik\u00e7i bilgilerine do\u011frudan eri\u015febildi\u011finde, sat\u0131n alma s\u00fcreci h\u0131zlan\u0131r. Benzer \u015fekilde, m\u00fc\u015fteri hizmetleri, ger\u00e7ek zamanl\u0131 olarak do\u011fru m\u00fc\u015fteri verilerine eri\u015febildiklerinde daha iyi destek sa\u011flayabilirler.<\/li>\n\n\n\n<li><strong>Daha H\u0131zl\u0131, Bilin\u00e7li Karar Verme:<\/strong>Merkezi veri y\u00f6netimi, tek bir do\u011fru bilgi kayna\u011f\u0131 sa\u011flayarak karar alma s\u00fcre\u00e7lerini h\u0131zland\u0131r\u0131r. Y\u00f6neticiler, farkl\u0131 sistemlerdeki tutars\u0131zl\u0131klar\u0131 gidermeye gerek kalmadan kapsaml\u0131 ve do\u011fru verilere h\u0131zl\u0131ca eri\u015febilirler. Bu da stratejik planlamay\u0131, problem \u00e7\u00f6zmeyi ve i\u015f giri\u015fimlerinin uygulanmas\u0131n\u0131 h\u0131zland\u0131r\u0131r.<\/li>\n\n\n\n<li><strong>Maliyet Tasarrufu:<\/strong>SAP MDG ile merkezi veri y\u00f6netimi, \u00f6nemli maliyet tasarruflar\u0131 sa\u011flar. Veri tekrar\u0131n\u0131 ortadan kald\u0131rmak ve veri uzla\u015ft\u0131rmas\u0131na harcanan zaman\u0131 azaltmak, i\u015fletmelerin kaynaklar\u0131n\u0131 daha verimli kullanmas\u0131n\u0131 sa\u011flar. Ek olarak, veri y\u00f6netimi s\u00fcre\u00e7lerinin otomasyonu, manuel veri giri\u015fi ve denetim ihtiyac\u0131n\u0131 azaltarak i\u015fletme maliyetlerini d\u00fc\u015f\u00fcr\u00fcr.<\/li>\n<\/ul>\n\n\n\n<p>Merkezi veri y\u00f6netimi, departmanlar aras\u0131 koordinasyonu art\u0131rmak ve bilgi silolar\u0131n\u0131 ortadan kald\u0131rmak isteyen modern organizasyonlar i\u00e7in hayati \u00f6nem ta\u015f\u0131r. SAP MDG, temel verileri y\u00f6netmek i\u00e7in sa\u011flam bir platform sa\u011flayarak t\u00fcm i\u015f birimlerinin ayn\u0131 do\u011fru bilgilerle \u00e7al\u0131\u015fmas\u0131n\u0131 m\u00fcmk\u00fcn k\u0131lar. Tutars\u0131zl\u0131klar\u0131 gidererek, ger\u00e7ek zamanl\u0131 veri payla\u015f\u0131m\u0131n\u0131 kolayla\u015ft\u0131rarak ve i\u015f ak\u0131\u015flar\u0131n\u0131 d\u00fczene sokarak, SAP MDG yaln\u0131zca veri kalitesini iyile\u015ftirmekle kalmaz, ayn\u0131 zamanda operasyonel verimlili\u011fi de art\u0131r\u0131r. Sonu\u00e7 olarak, daha h\u0131zl\u0131 ve etkili i\u015f kararlar\u0131 alabilen, \u00e7evik ve veri odakl\u0131 bir organizasyon ortaya \u00e7\u0131kar.<\/p>\n\n\n\n<p>Verinin stratejik bir varl\u0131k oldu\u011fu bir d\u00fcnyada, SAP MDG ile merkezi veri y\u00f6netimi sadece operasyonel bir gereklilik de\u011fil, uzun vadeli i\u015f ba\u015far\u0131s\u0131n\u0131 destekleyen rekabet avantaj\u0131d\u0131r.<\/p>\n\n\n\n<p>SAP MDG \u00e7\u00f6z\u00fcmleriyle veri y\u00f6netimi s\u00fcre\u00e7lerinizi g\u00fc\u00e7lendirin ve kurulu\u015funuzun verimlili\u011fini art\u0131r\u0131n. \u0130htiya\u00e7lar\u0131n\u0131za \u00f6zel stratejik \u00e7\u00f6z\u00fcmler hakk\u0131nda daha fazla bilgi i\u00e7in uzman ekibimizle ileti\u015fime ge\u00e7in!<\/p>","protected":false},"excerpt":{"rendered":"<p>Data is generated and used across different departments and systems within an organization. From customer relations to supply chain management, finance, and human resources, every department relies on the effective use of data for efficient operations. However, when data is isolated across departments and systems, data silos emerge, leading to issues like data duplication, inconsistencies, [&hellip;]<\/p>","protected":false},"author":1,"featured_media":0,"parent":0,"menu_order":0,"comment_status":"closed","ping_status":"closed","template":"","meta":{"footnotes":""},"class_list":["post-13835","page","type-page","status-publish","hentry"],"_hostinger_reach_plugin_has_subscription_block":false,"_hostinger_reach_plugin_is_elementor":false,"_links":{"self":[{"href":"https:\/\/medepia.com\/tr\/wp-json\/wp\/v2\/pages\/13835","targetHints":{"allow":["GET"]}}],"collection":[{"href":"https:\/\/medepia.com\/tr\/wp-json\/wp\/v2\/pages"}],"about":[{"href":"https:\/\/medepia.com\/tr\/wp-json\/wp\/v2\/types\/page"}],"author":[{"embeddable":true,"href":"https:\/\/medepia.com\/tr\/wp-json\/wp\/v2\/users\/1"}],"replies":[{"embeddable":true,"href":"https:\/\/medepia.com\/tr\/wp-json\/wp\/v2\/comments?post=13835"}],"version-history":[{"count":1,"href":"https:\/\/medepia.com\/tr\/wp-json\/wp\/v2\/pages\/13835\/revisions"}],"predecessor-version":[{"id":13839,"href":"https:\/\/medepia.com\/tr\/wp-json\/wp\/v2\/pages\/13835\/revisions\/13839"}],"wp:attachment":[{"href":"https:\/\/medepia.com\/tr\/wp-json\/wp\/v2\/media?parent=13835"}],"curies":[{"name":"wp","href":"https:\/\/api.w.org\/{rel}","templated":true}]}}