{"id":13830,"date":"2025-11-27T17:22:27","date_gmt":"2025-11-27T14:22:27","guid":{"rendered":"https:\/\/skyblue-oryx-530841.hostingersite.com\/?page_id=13830"},"modified":"2025-11-27T17:22:27","modified_gmt":"2025-11-27T14:22:27","slug":"compliance-and-audit-facilitation-with-sap-mdg","status":"publish","type":"page","link":"https:\/\/medepia.com\/tr\/compliance-and-audit-facilitation-with-sap-mdg\/","title":{"rendered":"SAP MDG ile Uyumluluk ve Denetim Kolayla\u015ft\u0131rma"},"content":{"rendered":"<figure class=\"wp-block-image size-large\"><img loading=\"lazy\" decoding=\"async\" width=\"1024\" height=\"576\" src=\"https:\/\/medepia.com\/wp-content\/uploads\/2025\/11\/3-1-1536x864-1-1024x576.png\" alt=\"\" class=\"wp-image-13831\" srcset=\"https:\/\/medepia.com\/wp-content\/uploads\/2025\/11\/3-1-1536x864-1-1024x576.png 1024w, https:\/\/medepia.com\/wp-content\/uploads\/2025\/11\/3-1-1536x864-1-300x169.png 300w, https:\/\/medepia.com\/wp-content\/uploads\/2025\/11\/3-1-1536x864-1-768x432.png 768w, https:\/\/medepia.com\/wp-content\/uploads\/2025\/11\/3-1-1536x864-1.png 1536w\" sizes=\"auto, (max-width: 1024px) 100vw, 1024px\" \/><\/figure>\n\n\n\n<p>G\u00fcn\u00fcm\u00fcz i\u015f d\u00fcnyas\u0131nda ba\u015far\u0131ya ula\u015fmak, operasyonel verimlilik ve uyumluluk ve denetim standartlar\u0131yla uyumlu bir veri y\u00f6netimi stratejisi gerektirir. Artan d\u00fczenleyici gereksinimler ve veri y\u00f6neti\u015fimi ihtiya\u00e7lar\u0131yla birlikte, etkili ve izlenebilir veri y\u00f6netimi \u015firketler i\u00e7in vazge\u00e7ilmez hale gelmi\u015ftir. SAP MDG (Ana Veri Y\u00f6neti\u015fimi), i\u015fletmelerin uyumluluk standartlar\u0131n\u0131 kar\u015f\u0131lamalar\u0131n\u0131 ve denetim s\u00fcre\u00e7lerini kolayla\u015ft\u0131rmalar\u0131n\u0131 sa\u011flayan sa\u011flam bir altyap\u0131 sunar. Bu blogda, SAP MDG'nin uyumluluk ve denetim haz\u0131rl\u0131\u011f\u0131n\u0131 nas\u0131l kolayla\u015ft\u0131rd\u0131\u011f\u0131n\u0131 inceliyoruz.<\/p>\n\n\n\n<h3 class=\"wp-block-heading\">SAP MDG ve Toplant\u0131 Uyumluluk Gereksinimleri<\/h3>\n\n\n\n<p>Uyumluluk, itibar\u0131n\u0131 korumak ve g\u00fcvenilirli\u011fini s\u00fcrd\u00fcrmek isteyen \u015firketler i\u00e7in art\u0131k sadece yasal bir gereklilik de\u011fil, kritik bir zorunluluk haline gelmi\u015ftir. SAP MDG, i\u015fletmelerin veri y\u00f6netiminde uyumluluk gereksinimlerini kar\u015f\u0131lamalar\u0131na yard\u0131mc\u0131 olmak i\u00e7in kapsaml\u0131 bir \u00e7er\u00e7eve sunar. \u015eirketlerin yasal d\u00fczenlemelerle uyumlu veri y\u00f6neti\u015fimi politikalar\u0131 geli\u015ftirmelerini sa\u011flayarak, SAP MDG veri do\u011frulu\u011funu ve g\u00fcncel y\u00f6netimini garanti eder.<\/p>\n\n\n\n<p>SAP MDG, merkezi veri y\u00f6netimi sa\u011flayarak \u015firketlerin denetim s\u00fcre\u00e7lerini iyile\u015ftirmesine ve uyumluluk risklerini en aza indirmesine olanak tan\u0131r. \u00d6rne\u011fin, SAP MDG'nin sa\u011flam veri y\u00f6netim altyap\u0131s\u0131 sayesinde GDPR gibi kat\u0131 yasalara uyum kolayla\u015f\u0131r ve veri gizlili\u011fi ve korumas\u0131 her zaman sa\u011flan\u0131r.<\/p>\n\n\n\n<h3 class=\"wp-block-heading\">Denetim \u0130zleri ve Takip Edilebilirlik<\/h3>\n\n\n\n<p>Veri y\u00f6netiminde izlenebilirlik, etkili denetimler y\u00fcr\u00fctmek i\u00e7in \u00e7ok \u00f6nemlidir. SAP MDG, verileri kimin g\u00fcncelledi\u011fini, hangi de\u011fi\u015fikliklerin yap\u0131ld\u0131\u011f\u0131n\u0131 ve ne zaman yap\u0131ld\u0131\u011f\u0131n\u0131 kaydeden kapsaml\u0131 bir denetim izi \u00f6zelli\u011fi sunar. Bu, veri de\u011fi\u015fikliklerinin kolayca izlenmesini sa\u011flar ve denetim s\u00fcre\u00e7lerinin \u015feffafl\u0131\u011f\u0131n\u0131 art\u0131r\u0131r.<\/p>\n\n\n\n<p>SAP MDG'nin sa\u011flad\u0131\u011f\u0131 izlenebilirlik, yaln\u0131zca d\u0131\u015f denetimlere de\u011fil, \u015firket i\u00e7i denetimlere de fayda sa\u011flar. \u0130\u00e7 denetim ekipleri, veri de\u011fi\u015fikliklerini ve kullan\u0131c\u0131 etkinliklerini kaydeden denetim izleri arac\u0131l\u0131\u011f\u0131yla veri do\u011frulu\u011funu ve b\u00fct\u00fcnl\u00fc\u011f\u00fcn\u00fc do\u011frulayabilir. Bu izleme mekanizmas\u0131, uyumsuzluk durumunda h\u0131zl\u0131 d\u00fczeltici eylemleri destekleyerek hata olas\u0131l\u0131\u011f\u0131n\u0131 azalt\u0131r.<\/p>\n\n\n\n<h3 class=\"wp-block-heading\">D\u00fczenleyici Taleplere H\u0131zl\u0131 Yan\u0131t<\/h3>\n\n\n\n<figure class=\"wp-block-image size-large\"><img loading=\"lazy\" decoding=\"async\" width=\"1024\" height=\"576\" src=\"https:\/\/medepia.com\/wp-content\/uploads\/2025\/11\/2-5-1536x864-1-1024x576.png\" alt=\"\" class=\"wp-image-13832\" srcset=\"https:\/\/medepia.com\/wp-content\/uploads\/2025\/11\/2-5-1536x864-1-1024x576.png 1024w, https:\/\/medepia.com\/wp-content\/uploads\/2025\/11\/2-5-1536x864-1-300x169.png 300w, https:\/\/medepia.com\/wp-content\/uploads\/2025\/11\/2-5-1536x864-1-768x432.png 768w, https:\/\/medepia.com\/wp-content\/uploads\/2025\/11\/2-5-1536x864-1.png 1536w\" sizes=\"auto, (max-width: 1024px) 100vw, 1024px\" \/><\/figure>\n\n\n\n<p>Bir\u00e7ok \u015firket i\u00e7in d\u00fczenleyici taleplere h\u0131zl\u0131 ve etkili bir \u015fekilde yan\u0131t vermek zor olabilir. SAP MDG ile bu gereksinimler verimli bir \u015fekilde kar\u015f\u0131lanabilir. SAP MDG, iste\u011fe ba\u011fl\u0131 raporlar\u0131n olu\u015fturulmas\u0131n\u0131 sa\u011flar ve verilerin d\u00fczenleyici kurumlar taraf\u0131ndan istenen formatlarda sunulmas\u0131n\u0131 sa\u011flayarak ceza riskini en aza indirir ve uyumlulu\u011fu garanti eder.<\/p>\n\n\n\n<p>D\u00fczenleyici kurumlar genellikle veri b\u00fct\u00fcnl\u00fc\u011f\u00fc ve do\u011frulu\u011fu konusunda titiz denetimler ger\u00e7ekle\u015ftirir. SAP MDG, t\u00fcm veri yap\u0131s\u0131n\u0131 tek bir \u00e7er\u00e7evede birle\u015ftirerek, d\u00fczenleyici gereksinimlerin hatas\u0131z ve hassas bir \u015fekilde kar\u015f\u0131lanmas\u0131n\u0131 sa\u011flar. Ayr\u0131ca, platformun otomatik bildirim \u00f6zellikleri, d\u00fczenleyici kurumlardan gelebilecek olas\u0131 taleplere kar\u015f\u0131 haz\u0131rl\u0131kl\u0131 olman\u0131z\u0131 sa\u011flar.<\/p>\n\n\n\n<h3 class=\"wp-block-heading\">SAP MDG ile Veri G\u00fcvenli\u011fi<\/h3>\n\n\n\n<p>Veri g\u00fcvenli\u011fi, uyumlulu\u011fun temel ta\u015flar\u0131ndan biridir. SAP MDG, \u00e7e\u015fitli protokoller ve kullan\u0131c\u0131 eri\u015fim kontrolleri arac\u0131l\u0131\u011f\u0131yla veri g\u00fcvenli\u011fini art\u0131rarak, yaln\u0131zca yetkili personelin hassas bilgilere eri\u015febilmesini sa\u011flar. Bu g\u00fcvenlik \u00f6nlemi, \u015firketlerin uyumlu ve g\u00fcvenli veri y\u00f6netimi uygulamalar\u0131n\u0131 s\u00fcrd\u00fcrmeleri i\u00e7in \u00e7ok \u00f6nemlidir.<\/p>\n\n\n\n<p>Bu g\u00fcvenlik \u00f6nlemleri, SAP MDG'nin t\u00fcm kullan\u0131c\u0131 i\u015flemlerini kaydetme \u00f6zelli\u011fiyle desteklenmekte olup, bu da veri y\u00f6netimi s\u00fcre\u00e7lerinde hem veri g\u00fcvenli\u011fini hem de \u015feffafl\u0131\u011f\u0131 art\u0131rmaktad\u0131r. Veri ihlali risklerini en aza indirerek, SAP MDG \u015firketlerin mevzuata uyumlulu\u011funu s\u00fcrd\u00fcrmesine destek olur.<\/p>\n\n\n\n<h3 class=\"wp-block-heading\">\u0130\u00e7 Denetimlerin Kolayl\u0131\u011f\u0131<\/h3>\n\n\n\n<p>SAP MDG, yaln\u0131zca d\u00fczenleyici denetimleri de\u011fil, ayn\u0131 zamanda i\u00e7 denetimleri de kolayla\u015ft\u0131r\u0131r. \u0130\u00e7 denetimler, i\u015fletmelerin veri y\u00f6netimi s\u00fcre\u00e7lerindeki uyumlulu\u011fu ve verimlili\u011fi de\u011ferlendirmeleri i\u00e7in paha bi\u00e7ilmez bir f\u0131rsatt\u0131r. SAP MDG ile veri de\u011fi\u015fikliklerini izleme ve kullan\u0131c\u0131 etkinliklerini takip etme yetene\u011fi, i\u00e7 denetimlerin verimlili\u011fini ve etkinli\u011fini art\u0131r\u0131r.<\/p>\n\n\n\n<p>Denetim ekipleri, SAP MDG'nin kapsaml\u0131 raporlama \u00f6zellikleriyle t\u00fcm veri y\u00f6netimi s\u00fcre\u00e7lerini analiz edebilir; bu \u00f6zellikler veri de\u011fi\u015fiklikleri, kullan\u0131c\u0131 rolleri ve eri\u015fim izinleri hakk\u0131nda ger\u00e7ek zamanl\u0131 bilgiler sa\u011flar. Bu sayede i\u015fletmeler, kendi organizasyonlar\u0131 i\u00e7indeki uyumluluk ve denetim ihtiya\u00e7lar\u0131n\u0131 h\u0131zl\u0131 ve etkili bir \u015fekilde kar\u015f\u0131layabilirler.<\/p>\n\n\n\n<h3 class=\"wp-block-heading\">\u00c7\u00f6z\u00fcm<\/h3>\n\n\n\n<figure class=\"wp-block-image size-large\"><img loading=\"lazy\" decoding=\"async\" width=\"1024\" height=\"576\" src=\"https:\/\/medepia.com\/wp-content\/uploads\/2025\/11\/1-2-1536x864-1-1024x576.png\" alt=\"\" class=\"wp-image-13833\" srcset=\"https:\/\/medepia.com\/wp-content\/uploads\/2025\/11\/1-2-1536x864-1-1024x576.png 1024w, https:\/\/medepia.com\/wp-content\/uploads\/2025\/11\/1-2-1536x864-1-300x169.png 300w, https:\/\/medepia.com\/wp-content\/uploads\/2025\/11\/1-2-1536x864-1-768x432.png 768w, https:\/\/medepia.com\/wp-content\/uploads\/2025\/11\/1-2-1536x864-1.png 1536w\" sizes=\"auto, (max-width: 1024px) 100vw, 1024px\" \/><\/figure>\n\n\n\n<p>SAP MDG, \u015firketlerin veri y\u00f6netiminde uyumluluk gereksinimlerini kar\u015f\u0131lamas\u0131na ve d\u00fczenleyici taleplere h\u0131zla yan\u0131t vermesine yard\u0131mc\u0131 olur. Ayr\u0131nt\u0131l\u0131 denetim kay\u0131tlar\u0131yla SAP MDG, veri y\u00f6netimi s\u00fcre\u00e7lerinin izlenebilirli\u011fini art\u0131rarak harici ve dahili denetimleri daha verimli hale getirir. Veri g\u00fcvenli\u011fini sa\u011flayarak ve uyumluluk standartlar\u0131n\u0131 destekleyerek, SAP MDG veri y\u00f6netimi i\u00e7in yenilik\u00e7i ve g\u00fcvenilir bir \u00e7\u00f6z\u00fcm sunar.<\/p>\n\n\n\n<p>\u0130\u015fletmenize SAP MDG'nin sa\u011flayabilece\u011fi stratejik avantajlar\u0131 ke\u015ffetmek i\u00e7in uzman ekibimizle ileti\u015fime ge\u00e7in. \u0130htiya\u00e7lar\u0131n\u0131z\u0131 kar\u015f\u0131layacak \u00f6zel \u00e7\u00f6z\u00fcmleri ke\u015ffedin ve g\u00fcvenli, uyumlu veri y\u00f6netimine do\u011fru g\u00fc\u00e7l\u00fc bir ad\u0131m at\u0131n.<\/p>","protected":false},"excerpt":{"rendered":"<p>Achieving success in today\u2019s business world requires operational efficiency and a data management strategy that aligns with compliance and audit standards. Effective and traceable data management has become essential for companies with increasing regulatory requirements and data governance needs. SAP MDG (Master Data Governance) provides a robust infrastructure that empowers businesses to meet compliance standards [&hellip;]<\/p>","protected":false},"author":1,"featured_media":0,"parent":0,"menu_order":0,"comment_status":"closed","ping_status":"closed","template":"","meta":{"footnotes":""},"class_list":["post-13830","page","type-page","status-publish","hentry"],"_hostinger_reach_plugin_has_subscription_block":false,"_hostinger_reach_plugin_is_elementor":false,"_links":{"self":[{"href":"https:\/\/medepia.com\/tr\/wp-json\/wp\/v2\/pages\/13830","targetHints":{"allow":["GET"]}}],"collection":[{"href":"https:\/\/medepia.com\/tr\/wp-json\/wp\/v2\/pages"}],"about":[{"href":"https:\/\/medepia.com\/tr\/wp-json\/wp\/v2\/types\/page"}],"author":[{"embeddable":true,"href":"https:\/\/medepia.com\/tr\/wp-json\/wp\/v2\/users\/1"}],"replies":[{"embeddable":true,"href":"https:\/\/medepia.com\/tr\/wp-json\/wp\/v2\/comments?post=13830"}],"version-history":[{"count":1,"href":"https:\/\/medepia.com\/tr\/wp-json\/wp\/v2\/pages\/13830\/revisions"}],"predecessor-version":[{"id":13834,"href":"https:\/\/medepia.com\/tr\/wp-json\/wp\/v2\/pages\/13830\/revisions\/13834"}],"wp:attachment":[{"href":"https:\/\/medepia.com\/tr\/wp-json\/wp\/v2\/media?parent=13830"}],"curies":[{"name":"wp","href":"https:\/\/api.w.org\/{rel}","templated":true}]}}