{"id":13819,"date":"2025-11-27T17:11:18","date_gmt":"2025-11-27T14:11:18","guid":{"rendered":"https:\/\/skyblue-oryx-530841.hostingersite.com\/?page_id=13819"},"modified":"2025-11-27T17:17:15","modified_gmt":"2025-11-27T14:17:15","slug":"sap-mdg-benefits-series","status":"publish","type":"page","link":"https:\/\/medepia.com\/tr\/sap-mdg-benefits-series\/","title":{"rendered":"SAP MDG Fayda Serisi"},"content":{"rendered":"<figure class=\"wp-block-image size-full\"><img loading=\"lazy\" decoding=\"async\" width=\"1024\" height=\"576\" src=\"https:\/\/medepia.com\/wp-content\/uploads\/2025\/11\/1-1024x576-1.png\" alt=\"\" class=\"wp-image-13820\" srcset=\"https:\/\/medepia.com\/wp-content\/uploads\/2025\/11\/1-1024x576-1.png 1024w, https:\/\/medepia.com\/wp-content\/uploads\/2025\/11\/1-1024x576-1-300x169.png 300w, https:\/\/medepia.com\/wp-content\/uploads\/2025\/11\/1-1024x576-1-768x432.png 768w\" sizes=\"auto, (max-width: 1024px) 100vw, 1024px\" \/><\/figure>\n\n\n\n<h3 class=\"wp-block-heading\">Veri Y\u00f6netiminde Yeni Zirvelere Ula\u015f\u0131n: SAP MDG ile Operasyonel Verimlili\u011fe Ula\u015f\u0131n<\/h3>\n\n\n\n<p>Veri, her i\u015fletme i\u00e7in stratejik bir de\u011fere sahiptir. Ancak, \u00e7e\u015fitli t\u00fcrlerdeki b\u00fcy\u00fck veri hacimlerini y\u00f6netmek, verimlili\u011fi art\u0131r\u0131rken ayn\u0131 zamanda \u00f6nemli zorluklar da yaratabilir. \u0130\u015fte burada SAP MDG (Ana Veri Y\u00f6netimi) devreye giriyor ve operasyonel s\u00fcre\u00e7leri optimize ederken verilerin do\u011fru, tutarl\u0131 ve g\u00fcvenilir bir \u015fekilde y\u00f6netilmesini sa\u011fl\u0131yor. Bu makalede, SAP MDG'nin operasyonel verimlili\u011fi nas\u0131l etkiledi\u011fini ve bu sistemin sundu\u011fu faydalar\u0131 inceleyece\u011fiz.&nbsp;<\/p>\n\n\n\n<h3 class=\"wp-block-heading\">Veri Tutars\u0131zl\u0131klar\u0131yla M\u00fccadele<\/h3>\n\n\n\n<p>\u0130\u015f verimlili\u011fini d\u00fc\u015f\u00fcren en yayg\u0131n sorunlardan biri, farkl\u0131 sistemler aras\u0131nda veri tutars\u0131zl\u0131\u011f\u0131d\u0131r. \u00d6rne\u011fin, bir \u00fcr\u00fcn kodu bir sistemde di\u011ferinden farkl\u0131 kaydedildi\u011finde veya bir m\u00fc\u015fterinin adres bilgileri g\u00fcncel olmad\u0131\u011f\u0131nda, departmanlar aras\u0131nda tutars\u0131zl\u0131klar ve veri kar\u0131\u015f\u0131kl\u0131\u011f\u0131 ortaya \u00e7\u0131kabilir. SAP MDG, veri depolama ve i\u015flemeyi merkezile\u015ftirerek bu tutars\u0131zl\u0131klar\u0131 en aza indirir. Bu, t\u00fcm departmanlar\u0131n ayn\u0131 veri k\u00fcmesine eri\u015febilmesini sa\u011flayarak kurulu\u015f genelinde veri tutarl\u0131l\u0131\u011f\u0131n\u0131 garanti eder.&nbsp;<\/p>\n\n\n\n<h3 class=\"wp-block-heading\">Veri Hata D\u00fczeltme S\u00fcre\u00e7lerinin Basitle\u015ftirilmesi&nbsp;<\/h3>\n\n\n\n<p>Herhangi bir i\u015fletmede, hatal\u0131 verileri h\u0131zl\u0131 bir \u015fekilde tespit edip d\u00fczeltmek \u00e7ok \u00f6nemlidir. Aksi takdirde, yanl\u0131\u015f bilgiler hatal\u0131 analizlere ve k\u00f6t\u00fc kararlara yol a\u00e7abilir. SAP MDG, veri do\u011frulama ve d\u00fczeltme s\u00fcre\u00e7lerini otomatikle\u015ftirerek hatalar\u0131n h\u0131zl\u0131 bir \u015fekilde d\u00fczeltilmesini sa\u011flar. Bu \u00f6zellik yaln\u0131zca zamandan tasarruf sa\u011flamakla kalmaz, ayn\u0131 zamanda hata d\u00fczeltme i\u00e7in gereken i\u015f g\u00fcc\u00fcn\u00fc de azalt\u0131r. Veri kalitesini art\u0131rarak ve hata d\u00fczeltmeyi basitle\u015ftirerek, SAP MDG, i\u015f g\u00fcc\u00fcn\u00fcn daha stratejik g\u00f6revlere odaklanmas\u0131n\u0131 sa\u011flar.&nbsp;<\/p>\n\n\n\n<h3 class=\"wp-block-heading\">Operasyonel Verimlilik i\u00e7in Merkezi Veri Y\u00f6netimi<\/h3>\n\n\n\n<figure class=\"wp-block-image size-large\"><img loading=\"lazy\" decoding=\"async\" width=\"1024\" height=\"576\" src=\"https:\/\/medepia.com\/wp-content\/uploads\/2025\/11\/2-1536x864-1-1024x576.png\" alt=\"\" class=\"wp-image-13821\" srcset=\"https:\/\/medepia.com\/wp-content\/uploads\/2025\/11\/2-1536x864-1-1024x576.png 1024w, https:\/\/medepia.com\/wp-content\/uploads\/2025\/11\/2-1536x864-1-300x169.png 300w, https:\/\/medepia.com\/wp-content\/uploads\/2025\/11\/2-1536x864-1-768x432.png 768w, https:\/\/medepia.com\/wp-content\/uploads\/2025\/11\/2-1536x864-1.png 1536w\" sizes=\"auto, (max-width: 1024px) 100vw, 1024px\" \/><\/figure>\n\n\n\n<p>Merkezi bir veri y\u00f6netim sistemi, veri kalitesini art\u0131r\u0131r ve kurulu\u015f i\u00e7indeki t\u00fcm verilerin tek bir yerde toplanmas\u0131n\u0131 sa\u011flar. SAP MDG, \u00e7e\u015fitli departmanlar\u0131n ve sistemlerin senkronize \u00e7al\u0131\u015fmas\u0131n\u0131 sa\u011flayarak operasyonel verimlili\u011fi art\u0131r\u0131r. \u00d6rne\u011fin, bir m\u00fc\u015fterinin adresi SAP MDG'de g\u00fcncellendi\u011finde, de\u011fi\u015fiklik tek bir merkezi konumda yap\u0131l\u0131r ve g\u00fcncellenen bilgiler, ihtiya\u00e7 duyan t\u00fcm departmanlar i\u00e7in an\u0131nda kullan\u0131labilir hale gelir. Bu, veri giri\u015findeki gereksiz tekrarlar\u0131 en aza indirir ve veri g\u00fcncelleme s\u00fcre\u00e7lerindeki verimsizlikleri azalt\u0131r.<\/p>\n\n\n\n<h3 class=\"wp-block-heading\">SAP MDG'nin Ba\u015fl\u0131ca Faydalar\u0131<\/h3>\n\n\n\n<ol class=\"wp-block-list\">\n<li>Zaman Tasarrufu: Verilerin merkezile\u015ftirilmesi ve g\u00fcncellenmesi, veri y\u00f6netimi s\u00fcrecini h\u0131zland\u0131r\u0131r.\u00a0\u00a0<\/li>\n\n\n\n<li>Maliyet Verimlili\u011fi: Hatal\u0131 verilerden kaynaklanan maliyetleri azalt\u0131r.\u00a0\u00a0<\/li>\n\n\n\n<li>Stratejik Veri Y\u00f6netimi: Otomatik veri do\u011frulama ve d\u00fczeltme \u00f6zellikleri, i\u015fletmelere daha stratejik verilere eri\u015fim imkan\u0131 sa\u011flayarak karar alma s\u00fcre\u00e7lerini iyile\u015ftirir.\u00a0\u00a0<\/li>\n\n\n\n<li>Departmanlar Aras\u0131 Tutarl\u0131l\u0131k: T\u00fcm departmanlar\u0131n ayn\u0131 veri setini kullanmas\u0131n\u0131 sa\u011flayarak veri tutars\u0131zl\u0131klar\u0131n\u0131 ortadan kald\u0131r\u0131r.<\/li>\n<\/ol>\n\n\n\n<h3 class=\"wp-block-heading\">Operasyonel Verimlilik \u0130\u00e7in SAP MDG'nin \u00d6nemi<\/h3>\n\n\n\n<figure class=\"wp-block-image size-large\"><img loading=\"lazy\" decoding=\"async\" width=\"1024\" height=\"576\" src=\"https:\/\/medepia.com\/wp-content\/uploads\/2025\/11\/3-1536x864-1-1024x576.png\" alt=\"\" class=\"wp-image-13822\" srcset=\"https:\/\/medepia.com\/wp-content\/uploads\/2025\/11\/3-1536x864-1-1024x576.png 1024w, https:\/\/medepia.com\/wp-content\/uploads\/2025\/11\/3-1536x864-1-300x169.png 300w, https:\/\/medepia.com\/wp-content\/uploads\/2025\/11\/3-1536x864-1-768x432.png 768w, https:\/\/medepia.com\/wp-content\/uploads\/2025\/11\/3-1536x864-1.png 1536w\" sizes=\"auto, (max-width: 1024px) 100vw, 1024px\" \/><\/figure>\n\n\n\n<p>SAP MDG, operasyonel verimlili\u011fi art\u0131ran bir veri y\u00f6netim sistemi olarak \u00f6ne \u00e7\u0131k\u0131yor. Veri kalitesini iyile\u015ftirerek ve veri tutars\u0131zl\u0131klar\u0131n\u0131 ortadan kald\u0131rarak, SAP MDG i\u015fletmelerin daha h\u0131zl\u0131 ve daha do\u011fru kararlar almas\u0131na yard\u0131mc\u0131 oluyor. \u00d6zellikle b\u00fcy\u00fck veri hacimlerine sahip \u015firketler i\u00e7in SAP MDG, merkezi veri y\u00f6netimi ve do\u011frulama s\u00fcre\u00e7lerini kolayla\u015ft\u0131rarak i\u015f y\u00fck\u00fcn\u00fc azalt\u0131yor. Bu da daha verimli bir i\u015f ak\u0131\u015f\u0131na yol a\u00e7\u0131yor ve \u00e7al\u0131\u015fanlar\u0131n zamanlar\u0131n\u0131 g\u00fcnl\u00fck veri d\u00fczeltmeleri yerine daha stratejik g\u00f6revlere ay\u0131rmalar\u0131n\u0131 sa\u011fl\u0131yor.&nbsp;<\/p>\n\n\n\n<h3 class=\"wp-block-heading\">Daha fazla bilgi i\u00e7in medepia ile ileti\u015fime ge\u00e7in!&nbsp;<\/h3>\n\n\n\n<p>SAP MDG'nin i\u015fletmenize nas\u0131l de\u011fer katabilece\u011fini ve operasyonel verimlili\u011finizi nas\u0131l art\u0131rabilece\u011fini ke\u015ffetmek istiyorsan\u0131z, daha fazla bilgi ve demo i\u00e7in bizimle ileti\u015fime ge\u00e7in.&nbsp;<\/p>","protected":false},"excerpt":{"rendered":"<p>Reach New\u00a0Heights\u00a0in Data Management:\u00a0Achieve\u00a0Operational\u00a0Efficiency\u00a0with\u00a0SAP MDG Data holds strategic value for every business. However, managing large volumes of data across various types can enhance productivity while simultaneously creating significant challenges. This is where SAP MDG (Master Data Governance) comes into play, ensuring data is managed in an accurate, consistent, and reliable manner, while optimizing operational processes. [&hellip;]<\/p>","protected":false},"author":1,"featured_media":0,"parent":0,"menu_order":0,"comment_status":"closed","ping_status":"closed","template":"","meta":{"footnotes":""},"class_list":["post-13819","page","type-page","status-publish","hentry"],"_hostinger_reach_plugin_has_subscription_block":false,"_hostinger_reach_plugin_is_elementor":false,"_links":{"self":[{"href":"https:\/\/medepia.com\/tr\/wp-json\/wp\/v2\/pages\/13819","targetHints":{"allow":["GET"]}}],"collection":[{"href":"https:\/\/medepia.com\/tr\/wp-json\/wp\/v2\/pages"}],"about":[{"href":"https:\/\/medepia.com\/tr\/wp-json\/wp\/v2\/types\/page"}],"author":[{"embeddable":true,"href":"https:\/\/medepia.com\/tr\/wp-json\/wp\/v2\/users\/1"}],"replies":[{"embeddable":true,"href":"https:\/\/medepia.com\/tr\/wp-json\/wp\/v2\/comments?post=13819"}],"version-history":[{"count":6,"href":"https:\/\/medepia.com\/tr\/wp-json\/wp\/v2\/pages\/13819\/revisions"}],"predecessor-version":[{"id":13829,"href":"https:\/\/medepia.com\/tr\/wp-json\/wp\/v2\/pages\/13819\/revisions\/13829"}],"wp:attachment":[{"href":"https:\/\/medepia.com\/tr\/wp-json\/wp\/v2\/media?parent=13819"}],"curies":[{"name":"wp","href":"https:\/\/api.w.org\/{rel}","templated":true}]}}