{"id":13812,"date":"2025-11-27T17:08:54","date_gmt":"2025-11-27T14:08:54","guid":{"rendered":"https:\/\/skyblue-oryx-530841.hostingersite.com\/?page_id=13812"},"modified":"2025-11-27T17:08:54","modified_gmt":"2025-11-27T14:08:54","slug":"master-data-governance-mdg-gaining-control-and-flexibility-in-master-data-management","status":"publish","type":"page","link":"https:\/\/medepia.com\/tr\/master-data-governance-mdg-gaining-control-and-flexibility-in-master-data-management\/","title":{"rendered":"Ana Veri Y\u00f6netimi (MDG): Ana Veri Y\u00f6netiminde Kontrol ve Esneklik Kazanma\u00a0"},"content":{"rendered":"<p>G\u00fcn\u00fcm\u00fcz\u00fcn karma\u015f\u0131k ve da\u011f\u0131t\u0131k i\u015f ortamlar\u0131nda, birden fazla lokasyonda tutarl\u0131 ana verilerin korunmas\u0131 kritik \u00f6nem ta\u015f\u0131maktad\u0131r.&nbsp;<strong>Ana Veri Y\u00f6netimi (MDG)<\/strong>&nbsp;hedefe ula\u015fman\u0131za yard\u0131mc\u0131 olmak i\u00e7in g\u00fcvenilir destek sunar.&nbsp;<strong>SAP MDG<\/strong>bu sayede yasal de\u011fi\u015fikliklere h\u0131zla uyum sa\u011flayabilir, veri g\u00fcncellemelerini takip edebilir ve birle\u015fme ve devralmalar gibi i\u015f d\u00f6n\u00fc\u015f\u00fcmlerine esnek bir \u015fekilde yan\u0131t verebilirsiniz.<\/p>\n\n\n\n<figure class=\"wp-block-image size-large\"><img loading=\"lazy\" decoding=\"async\" width=\"1024\" height=\"576\" src=\"https:\/\/medepia.com\/wp-content\/uploads\/2025\/11\/1-1-1024x576.png\" alt=\"\" class=\"wp-image-13814\" srcset=\"https:\/\/medepia.com\/wp-content\/uploads\/2025\/11\/1-1-1024x576.png 1024w, https:\/\/medepia.com\/wp-content\/uploads\/2025\/11\/1-1-300x169.png 300w, https:\/\/medepia.com\/wp-content\/uploads\/2025\/11\/1-1-768x432.png 768w, https:\/\/medepia.com\/wp-content\/uploads\/2025\/11\/1-1-1536x864.png 1536w, https:\/\/medepia.com\/wp-content\/uploads\/2025\/11\/1-1.png 1920w\" sizes=\"auto, (max-width: 1024px) 100vw, 1024px\" \/><\/figure>\n\n\n\n<h3 class=\"wp-block-heading\"><strong>Ana Veriler i\u00e7in Merkezi Y\u00f6netim<\/strong><\/h3>\n\n\n\n<p>MDG'nin merkezi y\u00f6netim modeli, \u015firketinizin i\u015f kurallar\u0131 ve s\u00fcre\u00e7leriyle uyumlu olarak ana verilerin merkezi sahipli\u011fini sa\u011flar.&nbsp;<strong>SAP MDG<\/strong>&nbsp;Belirli alanlara \u00f6zel olarak uyarlanm\u0131\u015f kullan\u0131ma haz\u0131r uygulamalar ve \u00f6zel olarak tan\u0131mlanm\u0131\u015f \u00e7\u00f6z\u00fcmler i\u00e7in bir \u00e7er\u00e7eve sunar.<\/p>\n\n\n\n<p>Bu \u00e7\u00f6z\u00fcm, veri y\u00f6netimi i\u00e7in de\u011fi\u015fiklik talebine dayal\u0131 i\u015f ak\u0131\u015flar\u0131n\u0131 m\u00fcmk\u00fcn k\u0131larak onay, etkinle\u015ftirme ve da\u011f\u0131t\u0131m s\u00fcre\u00e7lerini bir araya getirir. MDG, ba\u011f\u0131ms\u0131z bir merkez sistemi olarak \u00e7al\u0131\u015fabilir veya di\u011fer sistemlerle sorunsuz bir \u015fekilde entegre olabilir.&nbsp;<strong>SAP S\/4HANA<\/strong>, mant\u0131\u011f\u0131n\u0131 ve kurulu\u015funuzun kurallar\u0131n\u0131 kullanarak ana verilerin i\u015fe haz\u0131r olmas\u0131n\u0131 sa\u011fl\u0131yoruz.<\/p>\n\n\n\n<h3 class=\"wp-block-heading\"><strong>Standartla\u015ft\u0131r\u0131lm\u0131\u015f ve Birle\u015fik Veriler i\u00e7in Konsolidasyon<\/strong><\/h3>\n\n\n\n<p>MDG'nin konsolidasyon yetenekleri, birden fazla kaynaktan gelen ana verileri standartla\u015ft\u0131rman\u0131za, yinelenen kay\u0131tlar\u0131 belirlemenize ve hayatta kalma kurallar\u0131n\u0131 kullanarak en iyi kay\u0131tlar\u0131 olu\u015fturman\u0131za olanak tan\u0131r. Bu en iyi kay\u0131tlar daha sonra analitik ve i\u015f senaryolar\u0131nda kullan\u0131labilir.<\/p>\n\n\n\n<figure class=\"wp-block-image size-large\"><img loading=\"lazy\" decoding=\"async\" width=\"1024\" height=\"576\" src=\"https:\/\/medepia.com\/wp-content\/uploads\/2025\/11\/2-1-1024x576.png\" alt=\"\" class=\"wp-image-13816\" srcset=\"https:\/\/medepia.com\/wp-content\/uploads\/2025\/11\/2-1-1024x576.png 1024w, https:\/\/medepia.com\/wp-content\/uploads\/2025\/11\/2-1-300x169.png 300w, https:\/\/medepia.com\/wp-content\/uploads\/2025\/11\/2-1-768x432.png 768w, https:\/\/medepia.com\/wp-content\/uploads\/2025\/11\/2-1-1536x864.png 1536w, https:\/\/medepia.com\/wp-content\/uploads\/2025\/11\/2-1.png 1920w\" sizes=\"auto, (max-width: 1024px) 100vw, 1024px\" \/><\/figure>\n\n\n\n<h3 class=\"wp-block-heading\"><strong>Toplu \u0130\u015fleme ve Veri Kalitesi Y\u00f6netimi<\/strong><\/h3>\n\n\n\n<p><strong>MDG'nin kitlesel i\u015flemesi<\/strong>&nbsp;birden fazla kayd\u0131 ayn\u0131 anda g\u00fcncellemenizi sa\u011flar. De\u011fi\u015ftirmek istedi\u011finiz alanlar\u0131 ve kay\u0131tlar\u0131 se\u00e7meniz yeterlidir; sistem, etkinle\u015ftirmeden \u00f6nce de\u011fi\u015fiklikleri do\u011frulayarak i\u015f s\u00fcre\u00e7lerinizle uyumlulu\u011fu sa\u011flar.<\/p>\n\n\n\n<p><strong>MDG'nin veri kalitesi y\u00f6netimi<\/strong>&nbsp;kurallar\u0131n\u0131z\u0131 kullanarak hatalar\u0131 tespit eder ve d\u00fczeltmeleri tetikler. Ayr\u0131ca, geli\u015fmi\u015f veri kalitesi i\u00e7in do\u011frulama kurallar\u0131 tan\u0131mlaman\u0131za yard\u0131mc\u0131 olan, makine \u00f6\u011frenimiyle desteklenen kural madencili\u011fi \u00f6zelliklerini de i\u00e7erir.<\/p>\n\n\n\n<h3 class=\"wp-block-heading\"><strong>Daha Ak\u0131ll\u0131 Karar Verme i\u00e7in S\u00fcre\u00e7 Analiti\u011fi<\/strong><\/h3>\n\n\n\n<p>MDG'nin s\u00fcre\u00e7 analizi yetenekleri, y\u00f6netim, konsolidasyon ve toplu i\u015fleme i\u00e7in ayr\u0131nt\u0131l\u0131 bilgiler sunan genel bak\u0131\u015f ve analitik liste sayfalar\u0131 sa\u011flar. Bu ara\u00e7lar, i\u015fletmelerin veriye dayal\u0131 kararlar\u0131 daha h\u0131zl\u0131 ve etkili bir \u015fekilde almalar\u0131n\u0131 sa\u011flar.<\/p>\n\n\n\n<figure class=\"wp-block-image size-large\"><img loading=\"lazy\" decoding=\"async\" width=\"1024\" height=\"576\" src=\"https:\/\/medepia.com\/wp-content\/uploads\/2025\/11\/3-2-1536x864-1-1024x576.png\" alt=\"\" class=\"wp-image-13817\" srcset=\"https:\/\/medepia.com\/wp-content\/uploads\/2025\/11\/3-2-1536x864-1-1024x576.png 1024w, https:\/\/medepia.com\/wp-content\/uploads\/2025\/11\/3-2-1536x864-1-300x169.png 300w, https:\/\/medepia.com\/wp-content\/uploads\/2025\/11\/3-2-1536x864-1-768x432.png 768w, https:\/\/medepia.com\/wp-content\/uploads\/2025\/11\/3-2-1536x864-1.png 1536w\" sizes=\"auto, (max-width: 1024px) 100vw, 1024px\" \/><\/figure>\n\n\n\n<h3 class=\"wp-block-heading\"><strong>SAP MDG'yi Neden Se\u00e7melisiniz?<\/strong><\/h3>\n\n\n\n<p>G\u00fc\u00e7l\u00fc yetenekleriyle,&nbsp;<strong>SAP Ana Veri Y\u00f6netimi<\/strong>&nbsp;esneklik, kontrol ve verimlili\u011fi destekler. Merkezi y\u00f6neti\u015fimden konsolidasyona ve kalite g\u00fcvencesine kadar, MDG i\u015fletmelerin operasyonlar\u0131n\u0131 kolayla\u015ft\u0131rmas\u0131na ve karar alma s\u00fcre\u00e7lerini iyile\u015ftirmesine olanak tan\u0131r.<\/p>\n\n\n\n<h3 class=\"wp-block-heading\"><strong>Ana verilerinizin kontrol\u00fcn\u00fc ele almaya haz\u0131r m\u0131s\u0131n\u0131z?<\/strong><\/h3>\n\n\n\n<p><strong>SAP MDG<\/strong>&nbsp;veri y\u00f6netimini ve operasyonel verimlili\u011fi iyile\u015ftirmenin anahtar\u0131 SAP MDG'dir. SAP MDG'nin i\u015fletmenize nas\u0131l stratejik de\u011fer katabilece\u011fini \u00f6\u011frenmek i\u00e7in ekibimizle ileti\u015fime ge\u00e7in.<\/p>\n\n\n\n<p><strong>#medepia #itconsulting #MasterDataGovernance #SAPMDG #DataQuality #DataConsolidation #BusinessEfficiency<\/strong><\/p>","protected":false},"excerpt":{"rendered":"<p>In today\u2019s complex and distributed business environments, maintaining consistent master data across multiple locations is critical.&nbsp;Master Data Governance (MDG)&nbsp;offers reliable support to help you achieve this. With&nbsp;SAP MDG, you can quickly adapt to legal changes, track data updates, and respond flexibly to business transformations such as mergers and acquisitions. Centralized Governance for Master Data MDG\u2019s [&hellip;]<\/p>","protected":false},"author":1,"featured_media":0,"parent":0,"menu_order":0,"comment_status":"closed","ping_status":"closed","template":"","meta":{"footnotes":""},"class_list":["post-13812","page","type-page","status-publish","hentry"],"_hostinger_reach_plugin_has_subscription_block":false,"_hostinger_reach_plugin_is_elementor":false,"_links":{"self":[{"href":"https:\/\/medepia.com\/tr\/wp-json\/wp\/v2\/pages\/13812","targetHints":{"allow":["GET"]}}],"collection":[{"href":"https:\/\/medepia.com\/tr\/wp-json\/wp\/v2\/pages"}],"about":[{"href":"https:\/\/medepia.com\/tr\/wp-json\/wp\/v2\/types\/page"}],"author":[{"embeddable":true,"href":"https:\/\/medepia.com\/tr\/wp-json\/wp\/v2\/users\/1"}],"replies":[{"embeddable":true,"href":"https:\/\/medepia.com\/tr\/wp-json\/wp\/v2\/comments?post=13812"}],"version-history":[{"count":3,"href":"https:\/\/medepia.com\/tr\/wp-json\/wp\/v2\/pages\/13812\/revisions"}],"predecessor-version":[{"id":13818,"href":"https:\/\/medepia.com\/tr\/wp-json\/wp\/v2\/pages\/13812\/revisions\/13818"}],"wp:attachment":[{"href":"https:\/\/medepia.com\/tr\/wp-json\/wp\/v2\/media?parent=13812"}],"curies":[{"name":"wp","href":"https:\/\/api.w.org\/{rel}","templated":true}]}}