{"id":13729,"date":"2025-11-21T09:52:51","date_gmt":"2025-11-21T06:52:51","guid":{"rendered":"https:\/\/skyblue-oryx-530841.hostingersite.com\/?page_id=13729"},"modified":"2025-11-21T10:21:00","modified_gmt":"2025-11-21T07:21:00","slug":"career","status":"publish","type":"page","link":"https:\/\/medepia.com\/tr\/career\/","title":{"rendered":"Kariyer"},"content":{"rendered":"<figure class=\"wp-block-image aligncenter size-large\"><img loading=\"lazy\" decoding=\"async\" width=\"1024\" height=\"210\" src=\"https:\/\/medepia.com\/wp-content\/uploads\/2025\/11\/website2event-1-1024x210.jpg\" alt=\"\" class=\"wp-image-13730\" srcset=\"https:\/\/medepia.com\/wp-content\/uploads\/2025\/11\/website2event-1-1024x210.jpg 1024w, https:\/\/medepia.com\/wp-content\/uploads\/2025\/11\/website2event-1-300x62.jpg 300w, https:\/\/medepia.com\/wp-content\/uploads\/2025\/11\/website2event-1-768x158.jpg 768w, https:\/\/medepia.com\/wp-content\/uploads\/2025\/11\/website2event-1-1536x316.jpg 1536w, https:\/\/medepia.com\/wp-content\/uploads\/2025\/11\/website2event-1.jpg 1869w\" sizes=\"auto, (max-width: 1024px) 100vw, 1024px\" \/><\/figure>\n\n\n\n<h3 class=\"wp-block-heading has-text-align-center\"><strong>BURASI MEDEPIA!<\/strong><\/h3>\n\n\n\n<p class=\"has-text-align-center\">2011\u2019den beri hem SAP \u00e7\u00f6z\u00fcmleri hem de MDG, i\u015f s\u00fcre\u00e7leri ve data kalitesi konular\u0131nda sa\u011flad\u0131\u011f\u0131m\u0131z dan\u0131\u015fmanl\u0131k servislerimizle \u00f6nc\u00fc bir teknoloji firmas\u0131y\u0131z.<\/p>\n\n\n\n<p class=\"has-text-align-center\">Kendi alan\u0131nda umut vadeden ve \u00f6ne \u00e7\u0131kan ekip arkada\u015flar\u0131yla teknik s\u00fcre\u00e7lere getirdi\u011fimiz pratik yakla\u015f\u0131mlarla uluslararas\u0131 m\u00fc\u015fterilerimize g\u00fcvenilir, sonu\u00e7 odakl\u0131 ve h\u0131zl\u0131 bir dan\u0131\u015fmanl\u0131k hizmeti sunuyoruz.<\/p>\n\n\n\n<p class=\"has-text-align-center\">S\u00fcre\u00e7leri ekip olarak kurdu\u011fumuz g\u00fcven ve destek ba\u011f\u0131 ile h\u0131zl\u0131 bir \u015fekilde sonu\u00e7land\u0131rmay\u0131 y\u00f6ntemlerimizden say\u0131yoruz. Her zaman kendimizi a\u015fmay\u0131, daha \u00e7ok \u00f6\u011frenmeyi, daha \u00e7ok payla\u015fmay\u0131 ve t\u00fcm bunlar\u0131 yaparken de hayattan keyif almay\u0131 seviyoruz.<\/p>\n\n\n\n<p class=\"has-text-align-center\">M\u00fc\u015fterilerimize en iyiyi sunmak i\u00e7in \u00e7ok \u00e7al\u0131\u015fmam\u0131z gerekiyor. Bu yolda bizlerle y\u00fcr\u00fcmek isteyen potansiyellere kap\u0131m\u0131z her zaman a\u00e7\u0131k.<\/p>\n\n\n\n<h3 class=\"wp-block-heading has-text-align-center\"><strong>Potansiyelini ger\u00e7ekle\u015ftirmek i\u00e7in bize kat\u0131l!<\/strong><\/h3>\n\n\n\n<p class=\"has-text-align-center\">Her daim arkanda olan ekip arkada\u015flar\u0131n\u0131n deste\u011fiyle ba\u015farabileceklerinin fark\u0131na var!<\/p>\n\n\n\n<p style=\"margin-right:0;margin-left:0\"><\/p>\n\n\n\n<p><\/p>\n\n\n\n<div class=\"wp-block-group alignfull has-global-padding is-layout-constrained wp-container-core-group-is-layout-8bbd0b3b wp-block-group-is-layout-constrained\" style=\"margin-top:0;margin-bottom:0;padding-top:var(--wp--preset--spacing--superbspacing-large);padding-right:var(--wp--preset--spacing--superbspacing-small);padding-bottom:var(--wp--preset--spacing--superbspacing-large);padding-left:var(--wp--preset--spacing--superbspacing-small)\">\n<div class=\"wp-block-columns alignwide is-layout-flex wp-container-core-columns-is-layout-25593187 wp-block-columns-is-layout-flex\">\n<div class=\"wp-block-column is-vertically-aligned-center is-layout-flow wp-container-core-column-is-layout-40a2a7e8 wp-block-column-is-layout-flow\" style=\"padding-right:0;padding-bottom:0;padding-left:0\">\n<figure class=\"wp-block-image size-full has-custom-border\"><img loading=\"lazy\" decoding=\"async\" width=\"547\" height=\"551\" src=\"https:\/\/medepia.com\/wp-content\/uploads\/2025\/11\/grid_office.png\" alt=\"\" class=\"wp-image-13748\" style=\"border-radius:8px\" srcset=\"https:\/\/medepia.com\/wp-content\/uploads\/2025\/11\/grid_office.png 547w, https:\/\/medepia.com\/wp-content\/uploads\/2025\/11\/grid_office-298x300.png 298w, https:\/\/medepia.com\/wp-content\/uploads\/2025\/11\/grid_office-150x150.png 150w\" sizes=\"auto, (max-width: 547px) 100vw, 547px\" \/><\/figure>\n<\/div>\n\n\n\n<div class=\"wp-block-column is-vertically-aligned-center is-layout-flow wp-container-core-column-is-layout-a1628350 wp-block-column-is-layout-flow\" style=\"padding-top:0;padding-right:0;padding-bottom:0;padding-left:0\">\n<div class=\"wp-block-group is-layout-flow wp-container-core-group-is-layout-ff697075 wp-block-group-is-layout-flow\">\n<p class=\"has-text-align-left\"><\/p>\n\n\n\n<h4 class=\"wp-block-heading\">Life at&nbsp;<strong>medepia&nbsp;<\/strong>medepia\u2019n\u0131n ayr\u0131cal\u0131klar\u0131ndan baz\u0131lar\u0131,<\/h4>\n\n\n\n<ul class=\"wp-block-list\">\n<li>Esnek \u00e7al\u0131\u015fma saatler,<\/li>\n\n\n\n<li>Hibrid \u00e7al\u0131\u015fma sistemi,<\/li>\n\n\n\n<li>A\u00e7\u0131k ofis,<\/li>\n\n\n\n<li>\u015eehrin en iyi lokasyonu,<\/li>\n\n\n\n<li>Geli\u015ftirici e\u011fitimler,<\/li>\n\n\n\n<li>Harika bir ekip,<\/li>\n\n\n\n<li>Geli\u015febilmen i\u00e7in f\u0131rsatlar.<\/li>\n<\/ul>\n\n\n\n<p><\/p>\n\n\n\n<div class=\"wp-block-buttons is-layout-flex wp-block-buttons-is-layout-flex\">\n<div class=\"wp-block-button\"><a class=\"wp-block-button__link has-background wp-element-button\" href=\"https:\/\/medepia.com\/tr\/contact\/\" style=\"background-color:#169838\">Ofislerimize g\u00f6z at\u0131n \u2192<\/a><\/div>\n<\/div>\n<\/div>\n<\/div>\n<\/div>\n<\/div>\n\n\n\n<h2 class=\"wp-block-heading has-text-align-center\">Pozisyonlar<\/h2>\n\n\n\n<details class=\"wp-block-details is-layout-flow wp-block-details-is-layout-flow\"><summary><strong>Senior SAP Dan\u0131\u015fman\u0131<\/strong><\/summary>\n<p><strong>GENEL N\u0130TEL\u0130KLER VE \u0130\u015e TANIMI<\/strong><br>\u0130\u015e TANIMI<\/p>\n\n\n\n<ul class=\"wp-block-list\">\n<li>Uluslararas\u0131 S\/4HANA d\u00f6n\u00fc\u015f\u00fcm projelerinde sorumluluk \u00fcstlenmek ve ilgili teknik dan\u0131\u015fmanl\u0131k hizmetlerini sunmak.<\/li>\n\n\n\n<li>Kendilerini&nbsp;<strong>ana veri y\u00f6netimi konusunda<\/strong>&nbsp;ve bu listelemeyi kendilerini her a\u00e7\u0131dan geli\u015ftirmek i\u00e7in bir f\u0131rsat olarak kullan\u0131yorlar.<\/li>\n\n\n\n<li>M\u00fc\u015fterilerimizle diyalog kurmak<\/li>\n\n\n\n<li>\u00c7e\u015fitli alanlarda katk\u0131da bulunmak<\/li>\n\n\n\n<li>SAP taraf\u0131ndan sunulan mod\u00fcllerde (MDG, DS, MM, BP, \u2026) deneyimlerini art\u0131rarak bizimle birlikte b\u00fcy\u00fcmeyi arzulayanlar.<\/li>\n<\/ul>\n\n\n\n<p>GENEL N\u0130TEL\u0130KLER<\/p>\n\n\n\n<ul class=\"wp-block-list\">\n<li>Bilgisayar m\u00fchendisli\u011fi veya e\u015fde\u011fer b\u00f6l\u00fcmlerden 4 y\u0131ll\u0131k lisans derecesi.<\/li>\n\n\n\n<li>\u0130ngilizceye iyi derecede hakim<\/li>\n\n\n\n<li>Veri ana y\u00f6netimi alan\u0131ndaki herhangi bir mod\u00fclde deneyim sahibi olmak&nbsp;<strong>SAP<\/strong><\/li>\n\n\n\n<li>Deneyimli&nbsp;<strong>ABAP OO<\/strong><\/li>\n\n\n\n<li>Proaktif olmak ve kendini geli\u015ftirmeye a\u00e7\u0131k olmak,<\/li>\n\n\n\n<li>Esnek \u00e7al\u0131\u015fma saatlerinde \u00e7al\u0131\u015fabilme yetene\u011fi<\/li>\n\n\n\n<li>Tak\u0131m \u00e7al\u0131\u015fmas\u0131na a\u00e7\u0131k<\/li>\n\n\n\n<li>Yurti\u00e7i veya yurtd\u0131\u015f\u0131 seyahat k\u0131s\u0131tlamas\u0131 yok.<\/li>\n<\/ul>\n\n\n\n<p>Aday Gereksinimleri<br><strong>Deneyim:<\/strong><br>En fazla 4 y\u0131ll\u0131k deneyime sahip adaylar aranmaktad\u0131r.<br><strong>E\u011fitim Seviyesi:<\/strong><br>\u00dcniversite (Mezun), Y\u00fcksek Lisans (\u00d6\u011frenci), Doktora (\u00d6\u011frenci), Doktora (Mezun)<br><strong>\u00dcniversite B\u00f6l\u00fcm\u00fc:<\/strong><br>Bilgisayar \u2013 Bili\u015fim, Bilgisayar Bilimleri, Bilgisayar M\u00fchendisli\u011fi, Bilgisayar Programlama, Matematik-Bilgisayar<\/p>\n\n\n\n<p>Pozisyon \u00d6zeti<br><strong>\u015eirketin Faaliyet G\u00f6sterdi\u011fi Sekt\u00f6r:<\/strong><br>Bili\u015fim, Yaz\u0131l\u0131m, BT Dan\u0131\u015fmanl\u0131\u011f\u0131<br><strong>Departman:<\/strong><br>Bilgi Teknolojileri \/ BT<br><strong>\u0130\u015f T\u00fcr\u00fc:<\/strong><br>Daimi \/ Tam zamanl\u0131<br><strong>Pozisyon seviyesi:<\/strong><br>Uzman<br><strong>Personel say\u0131s\u0131:<\/strong><br>10<br><strong>\u00dclke\/\u015eehir:<\/strong><br>\u0130stanbul (Asya)(Maltepe)<\/p>\n<\/details>\n\n\n\n<details class=\"wp-block-details is-layout-flow wp-block-details-is-layout-flow\"><summary><strong>Junior SAP Dan\u0131\u015fman\u0131 (Amsterdam Ofisi)<\/strong><\/summary>\n<p>GENEL N\u0130TEL\u0130KLER VE \u0130\u015e TANIMI&nbsp;<\/p>\n\n\n\n<p><strong>\u0130\u015e TANIMI<\/strong>&nbsp;<\/p>\n\n\n\n<ul class=\"wp-block-list\">\n<li><strong>SAP dan\u0131\u015fman\u0131 m\u0131s\u0131n\u0131z, yoksa SAP dan\u0131\u015fman\u0131 olmak m\u0131 istiyorsunuz?<\/strong>&nbsp;<\/li>\n\n\n\n<li><strong>Hollanda'da m\u0131 ya\u015f\u0131yorsunuz?<\/strong>&nbsp;<\/li>\n\n\n\n<li><strong>B\u00fcy\u00fcyen bir \u015firkete kat\u0131lmak ister misiniz?<\/strong>&nbsp;<\/li>\n\n\n\n<li><strong>Sorumluluk almaktan ho\u015flan\u0131r m\u0131s\u0131n\u0131z?<\/strong>&nbsp;<\/li>\n\n\n\n<li><strong>Veri ana y\u00f6netimi ve SAP d\u00f6n\u00fc\u015f\u00fcm projeleriyle ilgileniyor musunuz?<\/strong>&nbsp;<\/li>\n<\/ul>\n\n\n\n<p><strong>projects?<\/strong>&nbsp;<\/p>\n\n\n\n<ul class=\"wp-block-list\">\n<li><strong>Haz\u0131r m\u0131s\u0131n\u0131z? \u2013 Bize kat\u0131l\u0131n!<\/strong>&nbsp;<\/li>\n<\/ul>\n\n\n\n<p><strong>GENEL N\u0130TEL\u0130KLER<\/strong>&nbsp;<\/p>\n\n\n\n<ul class=\"wp-block-list\">\n<li><strong>Bilgisayar m\u00fchendisli\u011fi veya benzeri bir alanda y\u00fcksek lisans\/lisans dereceniz var m\u0131?<\/strong>&nbsp;<\/li>\n<\/ul>\n\n\n\n<p><strong>OLMASI G\u00dcZEL:<\/strong>&nbsp;<\/p>\n\n\n\n<ul class=\"wp-block-list\">\n<li><strong>SAP'nin herhangi bir mod\u00fcl\u00fcnde deneyim<\/strong>&nbsp;<\/li>\n\n\n\n<li><strong>ABAP konusunda deneyimli.<\/strong>&nbsp;<\/li>\n<\/ul>\n\n\n\n<p><strong>SUNDU\u011eUMUZ H\u0130ZMETLER<\/strong>&nbsp;<\/p>\n\n\n\n<ul class=\"wp-block-list\">\n<li><strong>Bu alanda geli\u015fmeniz ve ba\u015far\u0131l\u0131 bir birey olman\u0131z i\u00e7in ihtiyac\u0131n\u0131z olan t\u00fcm ara\u00e7lar\u0131 sa\u011fl\u0131yoruz!<\/strong>&nbsp;<\/li>\n<\/ul>\n\n\n\n<p><strong>\u0130\u015f T\u00fcr\u00fc: Tam zamanl\u0131<\/strong>&nbsp;<\/p>\n<\/details>\n\n\n\n<details class=\"wp-block-details is-layout-flow wp-block-details-is-layout-flow\"><summary><strong>Junior SAP Dan\u0131\u015fman\u0131<\/strong><\/summary>\n<p>GENEL N\u0130TEL\u0130KLER VE \u0130\u015e TANIMI&nbsp;<\/p>\n\n\n\n<p><strong>\u0130\u015e TANIMI<\/strong>&nbsp;<\/p>\n\n\n\n<ul class=\"wp-block-list\">\n<li><strong>SAP dan\u0131\u015fman\u0131 m\u0131s\u0131n\u0131z, yoksa SAP dan\u0131\u015fman\u0131 olmak m\u0131 istiyorsunuz?<\/strong>&nbsp;<\/li>\n\n\n\n<li><strong>B\u00fcy\u00fcyen bir \u015firkete kat\u0131lmak ister misiniz?<\/strong>&nbsp;<\/li>\n\n\n\n<li><strong>Sorumluluk almaktan ho\u015flan\u0131r m\u0131s\u0131n\u0131z?<\/strong>&nbsp;<\/li>\n\n\n\n<li><strong>Veri ana y\u00f6netimi ve SAP d\u00f6n\u00fc\u015f\u00fcm projeleriyle ilgileniyor musunuz?<\/strong>&nbsp;<\/li>\n<\/ul>\n\n\n\n<p><strong>projects?<\/strong>&nbsp;<\/p>\n\n\n\n<ul class=\"wp-block-list\">\n<li><strong>Haz\u0131r m\u0131s\u0131n\u0131z? \u2013 Bize kat\u0131l\u0131n!<\/strong>&nbsp;<\/li>\n<\/ul>\n\n\n\n<p><strong>GENEL N\u0130TEL\u0130KLER<\/strong>&nbsp;<\/p>\n\n\n\n<ul class=\"wp-block-list\">\n<li><strong>Bilgisayar m\u00fchendisli\u011fi veya benzeri bir alanda y\u00fcksek lisans\/lisans dereceniz var m\u0131?<\/strong>&nbsp;<\/li>\n<\/ul>\n\n\n\n<p><strong>OLMASI G\u00dcZEL:<\/strong>&nbsp;<\/p>\n\n\n\n<ul class=\"wp-block-list\">\n<li><strong>SAP'nin herhangi bir mod\u00fcl\u00fcnde deneyim<\/strong>&nbsp;<\/li>\n\n\n\n<li><strong>ABAP konusunda deneyimli.<\/strong>&nbsp;<\/li>\n<\/ul>\n\n\n\n<p><strong>SUNDU\u011eUMUZ H\u0130ZMETLER<\/strong>&nbsp;<\/p>\n\n\n\n<ul class=\"wp-block-list\">\n<li><strong>Bu alanda geli\u015fmeniz ve ba\u015far\u0131l\u0131 bir birey olman\u0131z i\u00e7in ihtiyac\u0131n\u0131z olan t\u00fcm ara\u00e7lar\u0131 sa\u011fl\u0131yoruz!<\/strong>&nbsp;<\/li>\n<\/ul>\n\n\n\n<p><strong>\u0130\u015f T\u00fcr\u00fc: Tam zamanl\u0131<\/strong>&nbsp;<\/p>\n<\/details>\n\n\n\n<div style=\"height:44px\" aria-hidden=\"true\" class=\"wp-block-spacer\"><\/div>\n\n\n\n<div class=\"wp-block-buttons has-custom-font-size has-superbfont-xsmall-font-size is-content-justification-center is-layout-flex wp-container-core-buttons-is-layout-de6d9f3a wp-block-buttons-is-layout-flex\" style=\"border-style:none;border-width:0px;padding-right:0;padding-left:0\">\n<div class=\"wp-block-button is-style-fill\"><a class=\"wp-block-button__link has-background wp-element-button\" href=\"mailto:info@medepia.com\" style=\"background-color:#169838\">B\u0130Z\u0130MLE \u0130LET\u0130\u015e\u0130ME GE\u00c7MEK \u0130STER M\u0130S\u0130N\u0130Z?<\/a><\/div>\n<\/div>","protected":false},"excerpt":{"rendered":"<p>WE ARE MEDEPIA! medepia is an IT technology company providing SAP solutions as well as consulting services for MDG, business processes, and data quality. Our company bears the most prominent members in the sector who possess technical background with a functional mindset, servicing the best consultancy for our international customers. We like supporting each other [&hellip;]<\/p>","protected":false},"author":1,"featured_media":0,"parent":0,"menu_order":0,"comment_status":"closed","ping_status":"closed","template":"","meta":{"footnotes":""},"class_list":["post-13729","page","type-page","status-publish","hentry"],"_hostinger_reach_plugin_has_subscription_block":false,"_hostinger_reach_plugin_is_elementor":false,"_links":{"self":[{"href":"https:\/\/medepia.com\/tr\/wp-json\/wp\/v2\/pages\/13729","targetHints":{"allow":["GET"]}}],"collection":[{"href":"https:\/\/medepia.com\/tr\/wp-json\/wp\/v2\/pages"}],"about":[{"href":"https:\/\/medepia.com\/tr\/wp-json\/wp\/v2\/types\/page"}],"author":[{"embeddable":true,"href":"https:\/\/medepia.com\/tr\/wp-json\/wp\/v2\/users\/1"}],"replies":[{"embeddable":true,"href":"https:\/\/medepia.com\/tr\/wp-json\/wp\/v2\/comments?post=13729"}],"version-history":[{"count":26,"href":"https:\/\/medepia.com\/tr\/wp-json\/wp\/v2\/pages\/13729\/revisions"}],"predecessor-version":[{"id":13771,"href":"https:\/\/medepia.com\/tr\/wp-json\/wp\/v2\/pages\/13729\/revisions\/13771"}],"wp:attachment":[{"href":"https:\/\/medepia.com\/tr\/wp-json\/wp\/v2\/media?parent=13729"}],"curies":[{"name":"wp","href":"https:\/\/api.w.org\/{rel}","templated":true}]}}