{"id":109,"date":"2024-11-05T10:05:41","date_gmt":"2024-11-05T07:05:41","guid":{"rendered":"http:\/\/localhost\/wordpress\/?page_id=109"},"modified":"2025-12-18T15:19:18","modified_gmt":"2025-12-18T12:19:18","slug":"partnership","status":"publish","type":"page","link":"https:\/\/medepia.com\/tr\/partnership\/","title":{"rendered":"SAP ile \u0130\u015f Ortakl\u0131\u011f\u0131m\u0131z"},"content":{"rendered":"<div class=\"wp-block-group alignfull has-global-padding is-layout-constrained wp-block-group-is-layout-constrained\">\n<div class=\"wp-block-group has-global-padding is-layout-constrained wp-block-group-is-layout-constrained\">\n<div class=\"wp-block-columns is-layout-flex wp-container-core-columns-is-layout-28f84493 wp-block-columns-is-layout-flex\">\n<div class=\"wp-block-column is-layout-flow wp-block-column-is-layout-flow\">\n<p style=\"margin-right:0;margin-left:0;padding-right:0;padding-left:0\">SAP Partnerli\u011fi: Hizmet Kalitemizi G\u00fc\u00e7lendiren Stratejik Ad\u0131m\nSAP ile resmi i\u015f ortakl\u0131\u011f\u0131na ad\u0131m atmak, bizim i\u00e7in \u00f6nemli bir d\u00f6n\u00fcm noktas\u0131yd\u0131.\n Bu i\u015f birli\u011fi, sundu\u011fumuz hizmetleri daha g\u00fc\u00e7l\u00fc, daha h\u0131zl\u0131 ve daha g\u00fcncel h\u00e2le getirirken; m\u00fc\u015fterilerimize sa\u011flad\u0131\u011f\u0131m\u0131z de\u011feri de \u00f6nemli \u00f6l\u00e7\u00fcde art\u0131r\u0131yor.\nSAP ekosisteminin sundu\u011fu teknoloji, bilgi birikimi ve destek imkanlar\u0131 sayesinde:\nProjeleri daha verimli \u015fekilde y\u00fcr\u00fctebiliyor,\nEn g\u00fcncel teknolojilere h\u0131zla uyum sa\u011flayabiliyor,\nM\u00fc\u015fterilerimizin ihtiya\u00e7lar\u0131na tam olarak kar\u015f\u0131l\u0131k veren \u00e7\u00f6z\u00fcmler \u00fcretebiliyoruz.\nBu ortakl\u0131k, Medepia\u2019n\u0131n s\u00fcrekli iyile\u015ftirme ve inovasyon vizyonunun bir yans\u0131mas\u0131d\u0131r.\n \u00d6n\u00fcm\u00fczdeki d\u00f6nemde bu i\u015f birli\u011finin getirece\u011fi yeni f\u0131rsatlar\u0131 heyecanla kar\u015f\u0131l\u0131yor ve m\u00fc\u015fterilerimize daha fazla de\u011fer katmak i\u00e7in \u00e7al\u0131\u015fmay\u0131 s\u00fcrd\u00fcr\u00fcyoruz.<\/p>\n\n\n\n<div class=\"wp-block-buttons is-layout-flex wp-block-buttons-is-layout-flex\">\n<div class=\"wp-block-button\"><a class=\"wp-block-button__link has-background wp-element-button\" href=\"https:\/\/medepia.com\/tr\/contact\/\" style=\"background-color:#169838\">\u0130leti\u015fim \u2192<\/a><\/div>\n\n\n\n<div class=\"wp-block-button is-style-outline is-style-outline--1\"><a class=\"wp-block-button__link has-contrast-dark-color has-contrast-light-background-color has-text-color has-background has-link-color wp-element-button\" href=\"https:\/\/medepia.com\/tr\/blog\/\">Blog<\/a><\/div>\n<\/div>\n<\/div>\n\n\n\n<div class=\"wp-block-column is-layout-flow wp-block-column-is-layout-flow\" style=\"border-radius:8px\">\n<figure class=\"wp-block-image size-full\"><img loading=\"lazy\" decoding=\"async\" width=\"700\" height=\"614\" src=\"https:\/\/medepia.com\/wp-content\/uploads\/2024\/11\/ctaassdsda-1-1.png\" alt=\"\" class=\"wp-image-150\"\/><\/figure>\n<\/div>\n<\/div>\n<\/div>\n<\/div>\n\n\n\n<p><\/p>","protected":false},"excerpt":{"rendered":"<p>SAP Partner collaboration marks a significant milestone in our journey towards innovation and excellence. By joining forces with SAP, we want to make our services\/products better, and want to offer unparalleled quality and cutting-edge solutions to our customers. Together, we are committed to driving positive change, fostering creativity, and delivering unmatched value to our clients. [&hellip;]<\/p>","protected":false},"author":1,"featured_media":0,"parent":0,"menu_order":0,"comment_status":"closed","ping_status":"closed","template":"","meta":{"footnotes":""},"class_list":["post-109","page","type-page","status-publish","hentry"],"_hostinger_reach_plugin_has_subscription_block":false,"_hostinger_reach_plugin_is_elementor":false,"_links":{"self":[{"href":"https:\/\/medepia.com\/tr\/wp-json\/wp\/v2\/pages\/109","targetHints":{"allow":["GET"]}}],"collection":[{"href":"https:\/\/medepia.com\/tr\/wp-json\/wp\/v2\/pages"}],"about":[{"href":"https:\/\/medepia.com\/tr\/wp-json\/wp\/v2\/types\/page"}],"author":[{"embeddable":true,"href":"https:\/\/medepia.com\/tr\/wp-json\/wp\/v2\/users\/1"}],"replies":[{"embeddable":true,"href":"https:\/\/medepia.com\/tr\/wp-json\/wp\/v2\/comments?post=109"}],"version-history":[{"count":6,"href":"https:\/\/medepia.com\/tr\/wp-json\/wp\/v2\/pages\/109\/revisions"}],"predecessor-version":[{"id":13939,"href":"https:\/\/medepia.com\/tr\/wp-json\/wp\/v2\/pages\/109\/revisions\/13939"}],"wp:attachment":[{"href":"https:\/\/medepia.com\/tr\/wp-json\/wp\/v2\/media?parent=109"}],"curies":[{"name":"wp","href":"https:\/\/api.w.org\/{rel}","templated":true}]}}