{"id":369,"date":"2025-11-14T10:30:36","date_gmt":"2025-11-14T07:30:36","guid":{"rendered":"https:\/\/beta.medepia.com\/?page_id=369"},"modified":"2025-11-14T10:31:44","modified_gmt":"2025-11-14T07:31:44","slug":"sap-data-evaluation","status":"publish","type":"page","link":"https:\/\/medepia.com\/de\/sap-data-evaluation\/","title":{"rendered":"SAP-Datenauswertung"},"content":{"rendered":"<div class=\"wp-block-group has-global-padding is-layout-constrained wp-block-group-is-layout-constrained\">\n<figure class=\"wp-block-image size-full\"><img loading=\"lazy\" decoding=\"async\" width=\"2560\" height=\"1440\" src=\"https:\/\/medepia.com\/wp-content\/uploads\/2025\/11\/7-min-scaled.png\" alt=\"\" class=\"wp-image-339\" srcset=\"https:\/\/medepia.com\/wp-content\/uploads\/2025\/11\/7-min-scaled.png 2560w, https:\/\/medepia.com\/wp-content\/uploads\/2025\/11\/7-min-300x169.png 300w, https:\/\/medepia.com\/wp-content\/uploads\/2025\/11\/7-min-1024x576.png 1024w, https:\/\/medepia.com\/wp-content\/uploads\/2025\/11\/7-min-768x432.png 768w, https:\/\/medepia.com\/wp-content\/uploads\/2025\/11\/7-min-1536x864.png 1536w, https:\/\/medepia.com\/wp-content\/uploads\/2025\/11\/7-min-2048x1152.png 2048w\" sizes=\"auto, (max-width: 2560px) 100vw, 2560px\" \/><\/figure>\n\n\n\n<p><em>Bewerten, verbessern und verwalten Sie Ihre Daten<\/em><\/p>\n\n\n\n<p class=\"has-featured-color has-text-color has-link-color wp-elements-6471bbaeb2eb8bcd71da52dbafa9423c\">Vor Beginn eines jeden Governance- oder Transformationsprojekts ist die Bewertung der Datenqualit\u00e4t unerl\u00e4sslich. SAP Data Evaluation liefert die notwendigen Erkenntnisse, um Ihre bestehenden Datens\u00e4tze zu verstehen, zu bereinigen und zu optimieren.<\/p>\n\n\n\n<p class=\"has-featured-color has-text-color has-link-color wp-elements-ec8cbc9f9e8b90b690ad77acf1e29b7c\"><strong>Warum SAP-Datenauswertung?<\/strong><\/p>\n\n\n\n<ul class=\"wp-block-list\">\n<li class=\"has-featured-color has-text-color has-link-color wp-elements-5ecfaea2ce7adc1736304bad0e66ba0c\">Identifiziert Dateninkonsistenzen und Redundanzen.<\/li>\n\n\n\n<li class=\"has-featured-color has-text-color has-link-color wp-elements-dbc50a1dfc9722efdad657516b84c688\">Bewertet die Bereitschaft zur Migration zu SAP MDG oder S\/4HANA.<\/li>\n\n\n\n<li class=\"has-featured-color has-text-color has-link-color wp-elements-6d37ca29b32326e4040a63244ead9183\">Definiert Priorit\u00e4ten f\u00fcr Verbesserungen im Rahmen der laufenden Unternehmensf\u00fchrung.<\/li>\n<\/ul>\n\n\n\n<p class=\"has-featured-color has-text-color has-link-color wp-elements-c05b8cfc9678bb79972a2fc14a406806\"><strong>Was das f\u00fcr Ihr Unternehmen bedeutet<\/strong><br>Gewinnen Sie Klarheit und Vertrauen in Ihre Datenbest\u00e4nde \u2013 und schaffen Sie so die Grundlage f\u00fcr pr\u00e4zise Berichterstattung, reibungslose Migrationen und nachhaltige Datenqualit\u00e4t.<\/p>\n<\/div>\n\n\n\n<div style=\"height:121px\" aria-hidden=\"true\" class=\"wp-block-spacer\"><\/div>\n\n\n\n<p><\/p>","protected":false},"excerpt":{"rendered":"<p>Assess, Improve, and Govern Your Data Before starting any governance or transformation project, data quality assessment is key. SAP Data Evaluation provides the insight needed to understand, clean, and optimize your existing datasets. Why SAP Data Evaluation? What It Means for Your BusinessGain clarity and confidence in your data assets\u2014laying the groundwork for accurate reporting, [&hellip;]<\/p>","protected":false},"author":1,"featured_media":0,"parent":0,"menu_order":0,"comment_status":"closed","ping_status":"closed","template":"","meta":{"footnotes":""},"class_list":["post-369","page","type-page","status-publish","hentry"],"_hostinger_reach_plugin_has_subscription_block":false,"_hostinger_reach_plugin_is_elementor":false,"_links":{"self":[{"href":"https:\/\/medepia.com\/de\/wp-json\/wp\/v2\/pages\/369","targetHints":{"allow":["GET"]}}],"collection":[{"href":"https:\/\/medepia.com\/de\/wp-json\/wp\/v2\/pages"}],"about":[{"href":"https:\/\/medepia.com\/de\/wp-json\/wp\/v2\/types\/page"}],"author":[{"embeddable":true,"href":"https:\/\/medepia.com\/de\/wp-json\/wp\/v2\/users\/1"}],"replies":[{"embeddable":true,"href":"https:\/\/medepia.com\/de\/wp-json\/wp\/v2\/comments?post=369"}],"version-history":[{"count":3,"href":"https:\/\/medepia.com\/de\/wp-json\/wp\/v2\/pages\/369\/revisions"}],"predecessor-version":[{"id":372,"href":"https:\/\/medepia.com\/de\/wp-json\/wp\/v2\/pages\/369\/revisions\/372"}],"wp:attachment":[{"href":"https:\/\/medepia.com\/de\/wp-json\/wp\/v2\/media?parent=369"}],"curies":[{"name":"wp","href":"https:\/\/api.w.org\/{rel}","templated":true}]}}