{"id":362,"date":"2025-11-14T10:22:59","date_gmt":"2025-11-14T07:22:59","guid":{"rendered":"https:\/\/beta.medepia.com\/?page_id=362"},"modified":"2025-11-14T10:37:44","modified_gmt":"2025-11-14T07:37:44","slug":"s-4hana-transformation","status":"publish","type":"page","link":"https:\/\/medepia.com\/de\/s-4hana-transformation\/","title":{"rendered":"S\/4HANA-Transformation"},"content":{"rendered":"<div class=\"wp-block-group has-global-padding is-layout-constrained wp-block-group-is-layout-constrained\">\n<figure class=\"wp-block-image size-full\"><img loading=\"lazy\" decoding=\"async\" width=\"2560\" height=\"1440\" src=\"https:\/\/medepia.com\/wp-content\/uploads\/2025\/11\/4-min-scaled.png\" alt=\"\" class=\"wp-image-342\" srcset=\"https:\/\/medepia.com\/wp-content\/uploads\/2025\/11\/4-min-scaled.png 2560w, https:\/\/medepia.com\/wp-content\/uploads\/2025\/11\/4-min-300x169.png 300w, https:\/\/medepia.com\/wp-content\/uploads\/2025\/11\/4-min-1024x576.png 1024w, https:\/\/medepia.com\/wp-content\/uploads\/2025\/11\/4-min-768x432.png 768w, https:\/\/medepia.com\/wp-content\/uploads\/2025\/11\/4-min-1536x864.png 1536w, https:\/\/medepia.com\/wp-content\/uploads\/2025\/11\/4-min-2048x1152.png 2048w\" sizes=\"auto, (max-width: 2560px) 100vw, 2560px\" \/><\/figure>\n\n\n\n<p><em>St\u00e4rken Sie Ihren \u00dcbergang mit vertrauensw\u00fcrdigen Daten<\/em><\/p>\n\n\n\n<p class=\"has-featured-color has-text-color has-link-color wp-elements-5a79a4cde5aa812f580af3caf8d136be\">Die Migration zu SAP S\/4HANA erfordert mehr als ein technisches Upgrade \u2013 sie erfordert die Vorbereitung Ihrer Daten. SAP MDG stellt sicher, dass Ihre Daten harmonisiert, validiert und f\u00fcr den digitalen Kern aufbereitet werden.<\/p>\n\n\n\n<p class=\"has-featured-color has-text-color has-link-color wp-elements-c3e32fa89b6a2d9195f269f78859718d\"><strong>Warum die S\/4HANA-Transformation?<\/strong><\/p>\n\n\n\n<ul class=\"wp-block-list\">\n<li class=\"has-featured-color has-text-color has-link-color wp-elements-ef026636bcd5f231af572efddd470869\">Bereinigt und konsolidiert Altdaten vor der Migration.<\/li>\n\n\n\n<li class=\"has-featured-color has-text-color has-link-color wp-elements-5fa1ecbcc8b2d27ed5d6ca2271d5dc64\">Gew\u00e4hrleistet eine reibungslose Integration mit dem Datenmodell von S\/4HANA.<\/li>\n\n\n\n<li class=\"has-featured-color has-text-color has-link-color wp-elements-4367ce58188ddda34e9d55dd9b30765b\">Minimiert das Risiko und beschleunigt die Inbetriebnahme.<\/li>\n<\/ul>\n\n\n\n<p class=\"has-featured-color has-text-color has-link-color wp-elements-a52dbda70e3afbc8f683650c186ce35e\"><strong>Was das f\u00fcr Ihr Unternehmen bedeutet<\/strong><br>Vereinfachen Sie Ihre digitale Transformation mit pr\u00e4zisen, migrationsf\u00e4higen Daten \u2013 und erschlie\u00dfen Sie sich so Agilit\u00e4t, Effizienz und Innovationskraft.<\/p>\n\n\n\n<p><\/p>\n<\/div>\n\n\n\n<div style=\"height:121px\" aria-hidden=\"true\" class=\"wp-block-spacer\"><\/div>\n\n\n\n<p><\/p>","protected":false},"excerpt":{"rendered":"<p>Empower Your Transition with Trusted Data Migrating to SAP S\/4HANA requires more than a technical upgrade\u2014it requires data readiness. SAP MDG ensures your data is harmonized, validated, and prepared for the digital core. Why S\/4HANA Transformation? What It Means for Your BusinessSimplify your digital transformation journey with accurate, migration-ready data\u2014unlocking agility, efficiency, and innovation.<\/p>","protected":false},"author":1,"featured_media":0,"parent":0,"menu_order":0,"comment_status":"closed","ping_status":"closed","template":"","meta":{"footnotes":""},"class_list":["post-362","page","type-page","status-publish","hentry"],"_hostinger_reach_plugin_has_subscription_block":false,"_hostinger_reach_plugin_is_elementor":false,"_links":{"self":[{"href":"https:\/\/medepia.com\/de\/wp-json\/wp\/v2\/pages\/362","targetHints":{"allow":["GET"]}}],"collection":[{"href":"https:\/\/medepia.com\/de\/wp-json\/wp\/v2\/pages"}],"about":[{"href":"https:\/\/medepia.com\/de\/wp-json\/wp\/v2\/types\/page"}],"author":[{"embeddable":true,"href":"https:\/\/medepia.com\/de\/wp-json\/wp\/v2\/users\/1"}],"replies":[{"embeddable":true,"href":"https:\/\/medepia.com\/de\/wp-json\/wp\/v2\/comments?post=362"}],"version-history":[{"count":4,"href":"https:\/\/medepia.com\/de\/wp-json\/wp\/v2\/pages\/362\/revisions"}],"predecessor-version":[{"id":382,"href":"https:\/\/medepia.com\/de\/wp-json\/wp\/v2\/pages\/362\/revisions\/382"}],"wp:attachment":[{"href":"https:\/\/medepia.com\/de\/wp-json\/wp\/v2\/media?parent=362"}],"curies":[{"name":"wp","href":"https:\/\/api.w.org\/{rel}","templated":true}]}}