{"id":354,"date":"2025-11-14T10:17:06","date_gmt":"2025-11-14T07:17:06","guid":{"rendered":"https:\/\/beta.medepia.com\/?page_id=354"},"modified":"2025-11-14T10:34:45","modified_gmt":"2025-11-14T07:34:45","slug":"stammdatenverwaltung","status":"publish","type":"page","link":"https:\/\/medepia.com\/de\/stammdatenverwaltung\/","title":{"rendered":"Stammdatenverwaltung"},"content":{"rendered":"<div class=\"wp-block-group has-global-padding is-layout-constrained wp-block-group-is-layout-constrained\">\n<figure class=\"wp-block-image size-full\"><img loading=\"lazy\" decoding=\"async\" width=\"4608\" height=\"2592\" src=\"https:\/\/medepia.com\/wp-content\/uploads\/2024\/10\/luke-jones-JcEEIM963oM-unsplash.jpg\" alt=\"\" class=\"wp-image-70\"\/><\/figure>\n\n\n\n<p><em>Zentralisiertes, zuverl\u00e4ssiges und intelligentes Datenmanagement<\/em><\/p>\n\n\n\n<p class=\"has-featured-color has-text-color has-link-color wp-elements-204c49f267aa0de857999ac152cd05fd\">Anstatt Daten in isolierten Systemen zu verwalten, zentralisiert und standardisiert Master Data Governance (MDG) Ihre Unternehmensdaten. Es gew\u00e4hrleistet Genauigkeit, Konsistenz und Compliance \u2013 und macht Ihre Informationen so zu einem strategischen Vorteil statt zu einer technischen Belastung.<\/p>\n\n\n\n<p class=\"has-featured-color has-text-color has-link-color wp-elements-7795516aee62721a0ea04ab2a1183fd4\"><strong>Warum Stammdaten-Governance?<\/strong><\/p>\n\n\n\n<ul class=\"wp-block-list\">\n<li class=\"has-featured-color has-text-color has-link-color wp-elements-d42bc35d09d1279fd846d10ed34b9452\">Schafft eine einheitliche Datenquelle f\u00fcr alle Systeme.<\/li>\n\n\n\n<li class=\"has-featured-color has-text-color has-link-color wp-elements-87d62ab37d9d835018e10433395f23c0\">Automatisiert Validierung, Genehmigungen und Versionskontrolle.<\/li>\n\n\n\n<li class=\"has-featured-color has-text-color has-link-color wp-elements-372d3f25e3e80a828e382b899b9a8c15\">St\u00e4rkt Governance, Sicherheit und Compliance.<\/li>\n<\/ul>\n\n\n\n<p class=\"has-featured-color has-text-color has-link-color wp-elements-91b9af06f28635868238d339f83a01b6\"><strong>Was das f\u00fcr Ihr Unternehmen bedeutet<\/strong><br>Erhalten Sie volle Transparenz und Kontrolle \u00fcber Ihre Kerndaten, reduzieren Sie Redundanz und Fehler und erm\u00f6glichen Sie eine sichere, datengest\u00fctzte Entscheidungsfindung in Ihrem gesamten Unternehmen.<\/p>\n\n\n\n<p class=\"has-text-color has-link-color wp-elements-d3b08a711dac224bcb058ba3c5429974\" style=\"color:#0e0e0e\"><\/p>\n\n\n\n<p class=\"has-text-color has-link-color wp-elements-d3b08a711dac224bcb058ba3c5429974\" style=\"color:#0e0e0e\"><\/p>\n\n\n\n<h4 class=\"wp-block-heading\"><\/h4>\n\n\n\n<p class=\"has-text-color has-link-color wp-elements-d3b08a711dac224bcb058ba3c5429974\" style=\"color:#0e0e0e\"><\/p>\n\n\n\n<h4 class=\"wp-block-heading\"><\/h4>\n\n\n\n<p class=\"has-text-color has-link-color wp-elements-d3b08a711dac224bcb058ba3c5429974\" style=\"color:#0e0e0e\"><\/p>\n\n\n\n<p class=\"has-text-color has-link-color wp-elements-d3b08a711dac224bcb058ba3c5429974\" style=\"color:#0e0e0e\"><\/p>\n\n\n\n<h4 class=\"wp-block-heading\"><\/h4>\n\n\n\n<p class=\"has-text-color has-link-color wp-elements-d3b08a711dac224bcb058ba3c5429974\" style=\"color:#0e0e0e\"><\/p>\n\n\n\n<h4 class=\"wp-block-heading\"><\/h4>\n\n\n\n<p class=\"has-text-color has-link-color wp-elements-d3b08a711dac224bcb058ba3c5429974\" style=\"color:#0e0e0e\"><\/p>\n\n\n\n<h4 class=\"wp-block-heading\"><\/h4>\n\n\n\n<p class=\"has-text-color has-link-color wp-elements-d3b08a711dac224bcb058ba3c5429974\" style=\"color:#0e0e0e\"><\/p>\n\n\n\n<h3 class=\"wp-block-heading\"><\/h3>\n\n\n\n<h4 class=\"wp-block-heading has-contrast-light-color has-text-color has-link-color wp-elements-e622efbde9e82b9295cad95e371861a7\">Central Governance<\/h4>\n\n\n\n<p class=\"has-text-color has-link-color wp-elements-c1f91e40dea85fb7641a02344ac83a0b\" style=\"color:#0e0e0e\"><\/p>\n\n\n\n<p><\/p>\n\n\n\n<h4 class=\"wp-block-heading has-contrast-light-color has-text-color has-link-color wp-elements-09f8922ae00e354924c3b759463feea7\">Data Modeling<\/h4>\n\n\n\n<p class=\"has-text-color has-link-color wp-elements-c1f91e40dea85fb7641a02344ac83a0b\" style=\"color:#0e0e0e\"><\/p>\n\n\n\n<h4 class=\"wp-block-heading\"><\/h4>\n\n\n\n<p class=\"has-text-color has-link-color wp-elements-c1f91e40dea85fb7641a02344ac83a0b\" style=\"color:#0e0e0e\"><\/p>\n\n\n\n<h4 class=\"wp-block-heading\"><\/h4>\n\n\n\n<p class=\"has-text-color has-link-color wp-elements-c1f91e40dea85fb7641a02344ac83a0b\" style=\"color:#0e0e0e\"><\/p>\n\n\n\n<h4 class=\"wp-block-heading\"><\/h4>\n\n\n\n<p class=\"has-text-color has-link-color wp-elements-c1f91e40dea85fb7641a02344ac83a0b\" style=\"color:#0e0e0e\"><\/p>\n\n\n\n<h4 class=\"wp-block-heading\"><\/h4>\n\n\n\n<p class=\"has-text-color has-link-color wp-elements-c1f91e40dea85fb7641a02344ac83a0b\" style=\"color:#0e0e0e\"><\/p>\n\n\n\n<h4 class=\"wp-block-heading\"><\/h4>\n\n\n\n<p class=\"has-text-color has-link-color wp-elements-c1f91e40dea85fb7641a02344ac83a0b\" style=\"color:#0e0e0e\"><\/p>\n\n\n\n<h4 class=\"wp-block-heading\"><\/h4>\n\n\n\n<p class=\"has-text-color has-link-color wp-elements-c1f91e40dea85fb7641a02344ac83a0b\" style=\"color:#0e0e0e\"><\/p>\n\n\n\n<p><\/p>\n\n\n\n<p class=\"has-text-color has-link-color wp-elements-c1f91e40dea85fb7641a02344ac83a0b\" style=\"color:#0e0e0e\"><\/p>\n\n\n\n<p><\/p>\n\n\n\n<p><\/p>\n\n\n\n<p><\/p>\n<\/div>\n\n\n\n<div style=\"height:121px\" aria-hidden=\"true\" class=\"wp-block-spacer\"><\/div>\n\n\n\n<p><\/p>","protected":false},"excerpt":{"rendered":"<p>Centralized, Reliable, and Intelligent Data Management Instead of managing data in isolated systems, Master Data Governance (MDG) centralizes and standardizes your enterprise data. It ensures accuracy, consistency, and compliance\u2014making your information a strategic asset rather than a technical burden. Why Master Data Governance? What It Means for Your BusinessGain full visibility and control over your [&hellip;]<\/p>","protected":false},"author":1,"featured_media":0,"parent":0,"menu_order":0,"comment_status":"closed","ping_status":"closed","template":"","meta":{"footnotes":""},"class_list":["post-354","page","type-page","status-publish","hentry"],"_hostinger_reach_plugin_has_subscription_block":false,"_hostinger_reach_plugin_is_elementor":false,"_links":{"self":[{"href":"https:\/\/medepia.com\/de\/wp-json\/wp\/v2\/pages\/354","targetHints":{"allow":["GET"]}}],"collection":[{"href":"https:\/\/medepia.com\/de\/wp-json\/wp\/v2\/pages"}],"about":[{"href":"https:\/\/medepia.com\/de\/wp-json\/wp\/v2\/types\/page"}],"author":[{"embeddable":true,"href":"https:\/\/medepia.com\/de\/wp-json\/wp\/v2\/users\/1"}],"replies":[{"embeddable":true,"href":"https:\/\/medepia.com\/de\/wp-json\/wp\/v2\/comments?post=354"}],"version-history":[{"count":3,"href":"https:\/\/medepia.com\/de\/wp-json\/wp\/v2\/pages\/354\/revisions"}],"predecessor-version":[{"id":379,"href":"https:\/\/medepia.com\/de\/wp-json\/wp\/v2\/pages\/354\/revisions\/379"}],"wp:attachment":[{"href":"https:\/\/medepia.com\/de\/wp-json\/wp\/v2\/media?parent=354"}],"curies":[{"name":"wp","href":"https:\/\/api.w.org\/{rel}","templated":true}]}}