{"id":338,"date":"2025-11-14T10:09:50","date_gmt":"2025-11-14T07:09:50","guid":{"rendered":"https:\/\/beta.medepia.com\/?page_id=338"},"modified":"2025-11-14T10:36:04","modified_gmt":"2025-11-14T07:36:04","slug":"what-is-sap-mdg","status":"publish","type":"page","link":"https:\/\/medepia.com\/de\/what-is-sap-mdg\/","title":{"rendered":"Was ist SAP MDG?"},"content":{"rendered":"<div class=\"wp-block-group has-global-padding is-layout-constrained wp-block-group-is-layout-constrained\">\n<figure class=\"wp-block-image size-full\"><img loading=\"lazy\" decoding=\"async\" width=\"2560\" height=\"1440\" src=\"https:\/\/medepia.com\/wp-content\/uploads\/2025\/11\/2-min-scaled.png\" alt=\"\" class=\"wp-image-343\" srcset=\"https:\/\/medepia.com\/wp-content\/uploads\/2025\/11\/2-min-scaled.png 2560w, https:\/\/medepia.com\/wp-content\/uploads\/2025\/11\/2-min-300x169.png 300w, https:\/\/medepia.com\/wp-content\/uploads\/2025\/11\/2-min-1024x576.png 1024w, https:\/\/medepia.com\/wp-content\/uploads\/2025\/11\/2-min-768x432.png 768w, https:\/\/medepia.com\/wp-content\/uploads\/2025\/11\/2-min-1536x864.png 1536w, https:\/\/medepia.com\/wp-content\/uploads\/2025\/11\/2-min-2048x1152.png 2048w\" sizes=\"auto, (max-width: 2560px) 100vw, 2560px\" \/><\/figure>\n\n\n\n<p><em>Eine Grundlage f\u00fcr Datenintegrit\u00e4t und -konsistenz<\/em><\/p>\n\n\n\n<p class=\"has-featured-color has-text-color has-link-color wp-elements-4aad8aafa78b83fdf55986e5e5183050\">SAP Master Data Governance (MDG) ist eine intelligente Plattform, die qualitativ hochwertige, konsistente und zuverl\u00e4ssige Stammdaten im gesamten Unternehmen sicherstellt. Sie integriert Governance-Workflows, Regeln und Validierungen, um Ihre Gesch\u00e4ftsdaten sauber und konform zu halten.<\/p>\n\n\n\n<p class=\"has-featured-color has-text-color has-link-color wp-elements-57d08ccd12817c4046fce29353f1fd2d\"><strong>Warum SAP MDG?<\/strong><\/p>\n\n\n\n<ul class=\"wp-block-list\">\n<li class=\"has-featured-color has-text-color has-link-color wp-elements-925280899c93a6dc95f82157d98a2cd7\">Gew\u00e4hrleistet Genauigkeit und Konsistenz \u00fcber SAP- und Nicht-SAP-Systeme hinweg.<\/li>\n\n\n\n<li class=\"has-featured-color has-text-color has-link-color wp-elements-d085860ac8a335af9339a997850f3d29\">Unterst\u00fctzt zentralisierte und f\u00f6derierte Governance-Modelle.<\/li>\n\n\n\n<li class=\"has-featured-color has-text-color has-link-color wp-elements-d4f9590d330d864ab4a644fe8358d4ab\">L\u00e4sst sich nahtlos in S\/4HANA und das SAP-\u00d6kosystem integrieren.<\/li>\n<\/ul>\n\n\n\n<p class=\"has-featured-color has-text-color has-link-color wp-elements-03ec5335146f74c577d54862f152bc85\"><strong>Was das f\u00fcr Ihr Unternehmen bedeutet<\/strong><br>SAP MDG wandelt fragmentierte Daten in vertrauensw\u00fcrdige Informationen um \u2013 und unterst\u00fctzt so schnellere Abl\u00e4ufe, reibungslosere Integrationen und intelligentere Gesch\u00e4ftsentscheidungen.<\/p>\n\n\n\n<p class=\"has-featured-color has-text-color has-link-color wp-elements-c60bc757a2f4690cae7a4c391f49e220\"><\/p>\n<\/div>\n\n\n\n<div style=\"height:121px\" aria-hidden=\"true\" class=\"wp-block-spacer\"><\/div>\n\n\n\n<p><\/p>","protected":false},"excerpt":{"rendered":"<p>A Foundation for Data Integrity and Consistency SAP Master Data Governance (MDG) is an intelligent platform that ensures high-quality, consistent, and reliable master data across your entire organization. It integrates governance workflows, rules, and validations to keep your business data clean and compliant. Why SAP MDG? What It Means for Your BusinessSAP MDG transforms fragmented [&hellip;]<\/p>","protected":false},"author":1,"featured_media":0,"parent":0,"menu_order":0,"comment_status":"closed","ping_status":"closed","template":"","meta":{"footnotes":""},"class_list":["post-338","page","type-page","status-publish","hentry"],"_hostinger_reach_plugin_has_subscription_block":false,"_hostinger_reach_plugin_is_elementor":false,"_links":{"self":[{"href":"https:\/\/medepia.com\/de\/wp-json\/wp\/v2\/pages\/338","targetHints":{"allow":["GET"]}}],"collection":[{"href":"https:\/\/medepia.com\/de\/wp-json\/wp\/v2\/pages"}],"about":[{"href":"https:\/\/medepia.com\/de\/wp-json\/wp\/v2\/types\/page"}],"author":[{"embeddable":true,"href":"https:\/\/medepia.com\/de\/wp-json\/wp\/v2\/users\/1"}],"replies":[{"embeddable":true,"href":"https:\/\/medepia.com\/de\/wp-json\/wp\/v2\/comments?post=338"}],"version-history":[{"count":10,"href":"https:\/\/medepia.com\/de\/wp-json\/wp\/v2\/pages\/338\/revisions"}],"predecessor-version":[{"id":376,"href":"https:\/\/medepia.com\/de\/wp-json\/wp\/v2\/pages\/338\/revisions\/376"}],"wp:attachment":[{"href":"https:\/\/medepia.com\/de\/wp-json\/wp\/v2\/media?parent=338"}],"curies":[{"name":"wp","href":"https:\/\/api.w.org\/{rel}","templated":true}]}}