{"id":301,"date":"2025-11-03T08:33:10","date_gmt":"2025-11-03T05:33:10","guid":{"rendered":"https:\/\/beta.medepia.com\/?page_id=301"},"modified":"2025-11-03T08:58:31","modified_gmt":"2025-11-03T05:58:31","slug":"monitoring-cockpit","status":"publish","type":"page","link":"https:\/\/medepia.com\/de\/monitoring-cockpit\/","title":{"rendered":"\u00dcberwachungscockpit"},"content":{"rendered":"<div class=\"wp-block-group has-global-padding is-layout-constrained wp-block-group-is-layout-constrained\">\n<figure class=\"wp-block-image size-full\"><img loading=\"lazy\" decoding=\"async\" width=\"2560\" height=\"1440\" src=\"https:\/\/medepia.com\/wp-content\/uploads\/2025\/10\/7-scaled.png\" alt=\"\" class=\"wp-image-309\" srcset=\"https:\/\/medepia.com\/wp-content\/uploads\/2025\/10\/7-scaled.png 2560w, https:\/\/medepia.com\/wp-content\/uploads\/2025\/10\/7-300x169.png 300w, https:\/\/medepia.com\/wp-content\/uploads\/2025\/10\/7-1024x576.png 1024w, https:\/\/medepia.com\/wp-content\/uploads\/2025\/10\/7-768x432.png 768w, https:\/\/medepia.com\/wp-content\/uploads\/2025\/10\/7-1536x864.png 1536w, https:\/\/medepia.com\/wp-content\/uploads\/2025\/10\/7-2048x1152.png 2048w\" sizes=\"auto, (max-width: 2560px) 100vw, 2560px\" \/><\/figure>\n\n\n\n<p><em>Volle Transparenz, intelligentere Entscheidungen<\/em><\/p>\n\n\n\n<p class=\"has-text-color has-link-color wp-elements-e65b5f679d8a97de07911345b2543daa\" style=\"color:#0e0e0e\">Mit dem \u00dcbergang von Unternehmen zu digitalen \u00d6kosystemen steigt der Bedarf an konsistenten, genauen und gut verwalteten Daten. <\/p>\n\n\n\n<p class=\"has-featured-color has-text-color has-link-color wp-elements-9fcdd181d67689d0710abdb0796e8f7d\">Unternehmen generieren t\u00e4glich riesige Datenmengen und Prozesse \u2013 doch ohne klare \u00dcbersicht gehen wichtige Informationen verloren. Das Monitoring Cockpit bietet eine zentrale \u00dcbersicht \u00fcber Systemleistung, Datenfl\u00fcsse und Prozessstatus und erm\u00f6glicht so ein proaktives Management anstelle reaktiver Fehlerbehebung.<\/p>\n\n\n\n<p class=\"has-featured-color has-text-color has-link-color wp-elements-618d7b48a57f4020de177b63ef41dd37\"><strong>Hauptkompetenzen<\/strong><\/p>\n\n\n\n<ul class=\"wp-block-list\">\n<li class=\"has-featured-color has-text-color has-link-color wp-elements-504e98a63878359afd5041a74bf16396\"><strong>Echtzeit\u00fcberwachung:<\/strong> Verfolgen Sie Stammdaten, Arbeitsabl\u00e4ufe und Integrationspunkte in Echtzeit.<\/li>\n\n\n\n<li class=\"has-featured-color has-text-color has-link-color wp-elements-f5ae16ba2f9000a0f21c8db7b1a1ba9d\"><strong>Anpassbare Dashboards:<\/strong> Visualisieren Sie auf die Gesch\u00e4ftspriorit\u00e4ten zugeschnittene KPIs und Warnmeldungen.<\/li>\n\n\n\n<li class=\"has-featured-color has-text-color has-link-color wp-elements-dd6cba58acba0df349a85958eea6163b\"><strong>Fr\u00fchwarnsystem:<\/strong> Anomalien erkennen, bevor sie sich zu St\u00f6rungen ausweiten.<\/li>\n\n\n\n<li class=\"has-featured-color has-text-color has-link-color wp-elements-162525b5456396bf9c73f4d4ffcd6515\"><strong>End-to-End-Transparenz:<\/strong> Verbinden Sie Gesch\u00e4fts- und IT-Perspektiven zu einer gemeinsamen Sichtweise.<\/li>\n<\/ul>\n\n\n\n<p class=\"has-featured-color has-text-color has-link-color wp-elements-e2df69220692af9b00e9bd9e30d88304\"><strong>Auswirkungen auf das Gesch\u00e4ft<\/strong><\/p>\n\n\n\n<p class=\"has-featured-color has-text-color has-link-color wp-elements-0e2dea1e7d97b83b6f7b9901ce6112ba\">Mit Monitoring Cockpit wandeln Unternehmen die \u00dcberwachung in einen operativen Vorteil um:<\/p>\n\n\n\n<ul class=\"wp-block-list\">\n<li class=\"has-featured-color has-text-color has-link-color wp-elements-ac63c45ee31a211512499a2fd765a703\"><strong>Proaktive Probleml\u00f6sung<\/strong> \u2013 Ausfallzeiten und Dateninkonsistenzen verhindern, bevor sie sich ausbreiten.<\/li>\n\n\n\n<li class=\"has-featured-color has-text-color has-link-color wp-elements-bed854901d9e1342ebf6c88bde14e803\"><strong>Verbesserte Entscheidungsfindung<\/strong> \u2013 auf Basis von Echtzeit-Erkenntnissen und nicht aufgrund veralteter Berichte handeln.<\/li>\n\n\n\n<li class=\"has-featured-color has-text-color has-link-color wp-elements-33ec8d19ad8848bc413bf0d1974a67d6\"><strong>Team\u00fcbergreifende Ausrichtung<\/strong> \u2013 den Gesch\u00e4fts- und IT-Stakeholdern eine gemeinsame Datenquelle bieten.<\/li>\n\n\n\n<li class=\"has-featured-color has-text-color has-link-color wp-elements-83d36c7fc21b04611c9bad0deddec0c3\"><strong>Betriebliche Effizienz:<\/strong> \u2013 Reduzierung der manuellen Nachverfolgung und Fokussierung auf kontinuierliche Verbesserung.<\/li>\n<\/ul>\n<\/div>\n\n\n\n<div style=\"height:121px\" aria-hidden=\"true\" class=\"wp-block-spacer\"><\/div>\n\n\n\n<p><\/p>","protected":false},"excerpt":{"rendered":"<p>Full Visibility, Smarter Decisions As businesses transition to digital ecosystems, the need for consistent, accurate, and well-governed data becomes Enterprises generate massive amounts of data and processes every day\u2014but without clear oversight, critical signals get lost. Monitoring Cockpit provides a centralized view of system performance, data flows, and process health, enabling proactive management instead of [&hellip;]<\/p>","protected":false},"author":1,"featured_media":0,"parent":0,"menu_order":0,"comment_status":"closed","ping_status":"closed","template":"","meta":{"footnotes":""},"class_list":["post-301","page","type-page","status-publish","hentry"],"_hostinger_reach_plugin_has_subscription_block":false,"_hostinger_reach_plugin_is_elementor":false,"_links":{"self":[{"href":"https:\/\/medepia.com\/de\/wp-json\/wp\/v2\/pages\/301","targetHints":{"allow":["GET"]}}],"collection":[{"href":"https:\/\/medepia.com\/de\/wp-json\/wp\/v2\/pages"}],"about":[{"href":"https:\/\/medepia.com\/de\/wp-json\/wp\/v2\/types\/page"}],"author":[{"embeddable":true,"href":"https:\/\/medepia.com\/de\/wp-json\/wp\/v2\/users\/1"}],"replies":[{"embeddable":true,"href":"https:\/\/medepia.com\/de\/wp-json\/wp\/v2\/comments?post=301"}],"version-history":[{"count":4,"href":"https:\/\/medepia.com\/de\/wp-json\/wp\/v2\/pages\/301\/revisions"}],"predecessor-version":[{"id":336,"href":"https:\/\/medepia.com\/de\/wp-json\/wp\/v2\/pages\/301\/revisions\/336"}],"wp:attachment":[{"href":"https:\/\/medepia.com\/de\/wp-json\/wp\/v2\/media?parent=301"}],"curies":[{"name":"wp","href":"https:\/\/api.w.org\/{rel}","templated":true}]}}