{"id":299,"date":"2025-11-03T08:33:15","date_gmt":"2025-11-03T05:33:15","guid":{"rendered":"https:\/\/beta.medepia.com\/?page_id=299"},"modified":"2025-11-03T08:57:20","modified_gmt":"2025-11-03T05:57:20","slug":"ptc-integrity","status":"publish","type":"page","link":"https:\/\/medepia.com\/de\/ptc-integrity\/","title":{"rendered":"PTC-Integrit\u00e4t"},"content":{"rendered":"<div class=\"wp-block-group has-global-padding is-layout-constrained wp-block-group-is-layout-constrained\">\n<figure class=\"wp-block-image size-full\"><img loading=\"lazy\" decoding=\"async\" width=\"2560\" height=\"1440\" src=\"https:\/\/medepia.com\/wp-content\/uploads\/2025\/10\/6-scaled.png\" alt=\"\" class=\"wp-image-308\" srcset=\"https:\/\/medepia.com\/wp-content\/uploads\/2025\/10\/6-scaled.png 2560w, https:\/\/medepia.com\/wp-content\/uploads\/2025\/10\/6-300x169.png 300w, https:\/\/medepia.com\/wp-content\/uploads\/2025\/10\/6-1024x576.png 1024w, https:\/\/medepia.com\/wp-content\/uploads\/2025\/10\/6-768x432.png 768w, https:\/\/medepia.com\/wp-content\/uploads\/2025\/10\/6-1536x864.png 1536w, https:\/\/medepia.com\/wp-content\/uploads\/2025\/10\/6-2048x1152.png 2048w\" sizes=\"auto, (max-width: 2560px) 100vw, 2560px\" \/><\/figure>\n\n\n\n<p><em>End-to-End-Lebenszyklus-Governance<\/em><\/p>\n\n\n\n<p class=\"has-text-color has-link-color wp-elements-d3b08a711dac224bcb058ba3c5429974\" style=\"color:#0e0e0e\"><\/p>\n\n\n\n<p class=\"has-featured-color has-text-color has-link-color wp-elements-35328eb637246e6c3e46493b67e118a7\">Komplexe Produkte erfordern mehr als nur ein gutes Design \u2013 sie ben\u00f6tigen Kontrolle, R\u00fcckverfolgbarkeit und Compliance \u00fcber den gesamten Lebenszyklus hinweg. PTC Integrity bietet eine einheitliche Plattform, die Anforderungen, Entwicklung und Validierung miteinander verbindet und sicherstellt, dass jeder Schritt den Gesch\u00e4fts- und Regulierungsstandards entspricht.<\/p>\n\n\n\n<p class=\"has-featured-color has-text-color has-link-color wp-elements-19b82c7ff4f82b8b77e7cddda8f2e4cc\"><strong>Wichtigste St\u00e4rken<\/strong><\/p>\n\n\n\n<ul class=\"wp-block-list\">\n<li class=\"has-featured-color has-text-color has-link-color wp-elements-43847052eab71fc3650e28e4aa05c1f6\"><strong>Anforderungsmanagement:<\/strong> Anforderungen definieren, verfolgen und validieren mit vollst\u00e4ndiger R\u00fcckverfolgbarkeit.<\/li>\n\n\n\n<li class=\"has-featured-color has-text-color has-link-color wp-elements-6965d428623482bb25e2f79c3c1da242\"><strong>\u00c4nderungsmanagement:<\/strong> Produkt- und Prozess\u00e4nderungen systematisch managen, um Risiken und Nacharbeiten zu reduzieren.<\/li>\n\n\n\n<li class=\"has-featured-color has-text-color has-link-color wp-elements-aeb388e3c6f35e8b82d5ead9bb69c3fb\"><strong>Compliance-Sicherung:<\/strong> An den branchenspezifischen Vorschriften und Standards (ISO, FDA, Automotive SPICE usw.) ausrichten.<\/li>\n\n\n\n<li class=\"has-featured-color has-text-color has-link-color wp-elements-32eab10866abc1f52512c8897df6c862\"><strong>Integrationsm\u00f6glichkeiten:<\/strong> Nahtlose Anbindung an Engineering-, Test- und Unternehmenssysteme.<\/li>\n<\/ul>\n\n\n\n<p class=\"has-featured-color has-text-color has-link-color wp-elements-da41c8f4817277d12fb90a6fbdfdc747\"><strong>Strategischer Gesch\u00e4ftswert<\/strong><\/p>\n\n\n\n<p class=\"has-featured-color has-text-color has-link-color wp-elements-8d5fa3f49176b21fba5ae024d1d477d3\">Mit PTC Integrity k\u00f6nnen Organisationen Komplexit\u00e4t in Klarheit verwandeln:<\/p>\n\n\n\n<ul class=\"wp-block-list\">\n<li class=\"has-featured-color has-text-color has-link-color wp-elements-63ccad85aa6fbe19553eefa04dae3060\"><strong>Schnellere Markteinf\u00fchrung<\/strong> \u2013 Entwicklung durch transparente Prozesse beschleunigen.<\/li>\n\n\n\n<li class=\"has-featured-color has-text-color has-link-color wp-elements-4e80073cd7266267ae0ce6053832b114\"><strong>Geringeres Expositionsrisiko<\/strong> \u2013 Fehler reduzieren und von Anfang an die Einhaltung der Vorschriften sicherstellen.<\/li>\n\n\n\n<li class=\"has-featured-color has-text-color has-link-color wp-elements-a49bd1e6bc2c7055ae98b2cb2ffc2d2f\"><strong>Verbesserte Zusammenarbeit<\/strong> \u2013 Br\u00fcckenbau-, Qualit\u00e4ts- und Gesch\u00e4ftsteams mit einer einzigen Datenquelle.<\/li>\n\n\n\n<li class=\"has-featured-color has-text-color has-link-color wp-elements-1b9b4542d720b95a96416257426ce6f9\"><strong>Lebenszyklustransparenz<\/strong> \u2013 die \u00dcberwachung der Anforderungen bis zur Ver\u00f6ffentlichung sicherstellen, um zu gew\u00e4hrleisten, dass bei der Umstellung nichts verloren geht.<\/li>\n<\/ul>\n<\/div>\n\n\n\n<div style=\"height:121px\" aria-hidden=\"true\" class=\"wp-block-spacer\"><\/div>\n\n\n\n<p><\/p>","protected":false},"excerpt":{"rendered":"<p>End-to-End Lifecycle Governance Complex products demand more than just design\u2014they demand control, traceability, and compliance across the entire lifecycle. PTC Integrity provides a unified platform that connects requirements, development, and validation, ensuring every step aligns with business and regulatory standards. Key Strengths Strategic Business Value With PTC Integrity, organizations can transform complexity into clarity:<\/p>","protected":false},"author":1,"featured_media":0,"parent":0,"menu_order":0,"comment_status":"closed","ping_status":"closed","template":"","meta":{"footnotes":""},"class_list":["post-299","page","type-page","status-publish","hentry"],"_hostinger_reach_plugin_has_subscription_block":false,"_hostinger_reach_plugin_is_elementor":false,"_links":{"self":[{"href":"https:\/\/medepia.com\/de\/wp-json\/wp\/v2\/pages\/299","targetHints":{"allow":["GET"]}}],"collection":[{"href":"https:\/\/medepia.com\/de\/wp-json\/wp\/v2\/pages"}],"about":[{"href":"https:\/\/medepia.com\/de\/wp-json\/wp\/v2\/types\/page"}],"author":[{"embeddable":true,"href":"https:\/\/medepia.com\/de\/wp-json\/wp\/v2\/users\/1"}],"replies":[{"embeddable":true,"href":"https:\/\/medepia.com\/de\/wp-json\/wp\/v2\/comments?post=299"}],"version-history":[{"count":3,"href":"https:\/\/medepia.com\/de\/wp-json\/wp\/v2\/pages\/299\/revisions"}],"predecessor-version":[{"id":334,"href":"https:\/\/medepia.com\/de\/wp-json\/wp\/v2\/pages\/299\/revisions\/334"}],"wp:attachment":[{"href":"https:\/\/medepia.com\/de\/wp-json\/wp\/v2\/media?parent=299"}],"curies":[{"name":"wp","href":"https:\/\/api.w.org\/{rel}","templated":true}]}}