{"id":291,"date":"2025-11-03T08:33:13","date_gmt":"2025-11-03T05:33:13","guid":{"rendered":"https:\/\/beta.medepia.com\/?page_id=291"},"modified":"2025-11-03T08:56:05","modified_gmt":"2025-11-03T05:56:05","slug":"notification-framework","status":"publish","type":"page","link":"https:\/\/medepia.com\/de\/notification-framework\/","title":{"rendered":"Benachrichtigungs-Framework"},"content":{"rendered":"<div class=\"wp-block-group has-global-padding is-layout-constrained wp-block-group-is-layout-constrained\">\n<figure class=\"wp-block-image size-full\"><img loading=\"lazy\" decoding=\"async\" width=\"2560\" height=\"1440\" src=\"https:\/\/medepia.com\/wp-content\/uploads\/2025\/10\/5-scaled.png\" alt=\"\" class=\"wp-image-307\" srcset=\"https:\/\/medepia.com\/wp-content\/uploads\/2025\/10\/5-scaled.png 2560w, https:\/\/medepia.com\/wp-content\/uploads\/2025\/10\/5-300x169.png 300w, https:\/\/medepia.com\/wp-content\/uploads\/2025\/10\/5-1024x576.png 1024w, https:\/\/medepia.com\/wp-content\/uploads\/2025\/10\/5-768x432.png 768w, https:\/\/medepia.com\/wp-content\/uploads\/2025\/10\/5-1536x864.png 1536w, https:\/\/medepia.com\/wp-content\/uploads\/2025\/10\/5-2048x1152.png 2048w\" sizes=\"auto, (max-width: 2560px) 100vw, 2560px\" \/><\/figure>\n\n\n\n<p><em>Intelligente Kommunikation in gro\u00dfem Umfang<\/em><\/p>\n\n\n\n<p class=\"has-text-color has-link-color wp-elements-b7153d89cc4caa4e9763f16186008bf7\" style=\"color:#0e0e0e\">Sich stets zu informieren ist unerl\u00e4sslich \u2013 es ist die Grundlage f\u00fcr ein reaktionsf\u00e4higes Unternehmen. Ein modernes Benachrichtigungssystem stellt sicher, dass die richtigen Informationen die richtigen Personen zur richtigen Zeit im gesamten Unternehmen erreichen.<\/p>\n\n\n\n<p class=\"has-featured-color has-text-color has-link-color wp-elements-c24268b8784155edf8ab07f01a50270b\"><strong>Kernkompetenzen<\/strong><\/p>\n\n\n\n<ul class=\"wp-block-list\">\n<li class=\"has-featured-color has-text-color has-link-color wp-elements-55da8f1ff5993db0a3dfee0648c6bfad\"><strong>Mehrkanal-Bereitstellung:<\/strong> Benachrichtigungen \u00fcber E-Mail, Mobilger\u00e4te, Dashboards und integrierte Gesch\u00e4ftsanwendungen.<\/li>\n\n\n\n<li class=\"has-featured-color has-text-color has-link-color wp-elements-7b6a962e600270f1ae2f9fcf5e477038\"><strong>Ereignisgesteuerte Warnmeldungen:<\/strong> Echtzeit-Trigger f\u00fcr Genehmigungen, Workflow-\u00c4nderungen und kritische Gesch\u00e4ftsereignisse.<\/li>\n\n\n\n<li class=\"has-featured-color has-text-color has-link-color wp-elements-8dc9ad11183813efaf4882f7cf4f0671\"><strong>Personalisierung &amp; Priorisierung:<\/strong> Ma\u00dfgeschneiderte Benachrichtigungen, die St\u00f6rfaktoren reduzieren und das wirklich Wichtige hervorheben.<\/li>\n\n\n\n<li class=\"has-featured-color has-text-color has-link-color wp-elements-2ef993e4d45c70733a2ac28c55bc14a0\"><strong>Audit- und Compliance-bereit:<\/strong> Transparente, nachvollziehbare Kommunikation, die Governance und Rechenschaftspflicht unterst\u00fctzt.<\/li>\n<\/ul>\n\n\n\n<p class=\"has-featured-color has-text-color has-link-color wp-elements-5462c8cc13f314b0f6af72de4d28ac89\"><strong>Gesch\u00e4ftliche Vorteile<\/strong><\/p>\n\n\n\n<p class=\"has-featured-color has-text-color has-link-color wp-elements-90da54ac55c7fba89a7419113fe028d0\">Mit einem robusten Benachrichtigungssystem gehen Unternehmen \u00fcber passive Kommunikation hinaus. Stattdessen gewinnen sie Folgendes:<\/p>\n\n\n\n<p class=\"has-text-color has-link-color wp-elements-8a10a80671b333e1c3f67919c63280d6\" style=\"color:#0e0e0e\"><strong>Operative Resilienz<\/strong> \u2013 dass nichts durchs Raster f\u00e4llt, um die Einhaltung der Vorschriften und die Kontinuit\u00e4t zu gew\u00e4hrleisten.<\/p>\n\n\n\n<p class=\"has-featured-color has-text-color has-link-color wp-elements-ed02b87165a39f015801f6c0a640218d\"><strong>Schnellere Reaktionszeiten<\/strong> \u2013 Kritische Ereignisse werden unverz\u00fcglich behandelt.<\/p>\n\n\n\n<p class=\"has-featured-color has-text-color has-link-color wp-elements-8f45d08f1d38c49741a4f96f30a6535e\"><strong>H\u00f6here Produktivit\u00e4t<\/strong> \u2013 Mitarbeiter reagieren umgehend auf relevante Informationen.<\/p>\n\n\n\n<p class=\"has-featured-color has-text-color has-link-color wp-elements-d244b395cd1a5e65238e236f3f96a353\"><strong>Verbesserte Zusammenarbeit<\/strong> \u2013 Die Beteiligten bleiben ohne manuelle Nachfassaktionen auf dem gleichen Stand.<\/p>\n\n\n\n<p><\/p>\n<\/div>\n\n\n\n<div style=\"height:121px\" aria-hidden=\"true\" class=\"wp-block-spacer\"><\/div>\n\n\n\n<p><\/p>","protected":false},"excerpt":{"rendered":"<p>Intelligent Communication at Scale Staying informed is no longer optional\u2014it\u2019s the foundation of responsive business. A modern notification framework ensures that the right information reaches the right people, at the right time, across the entire enterprise. Core Capabilities Business Benefits With a robust notification framework, organizations move beyond passive communication. Instead, they gain: Operational Resilience [&hellip;]<\/p>","protected":false},"author":1,"featured_media":0,"parent":0,"menu_order":0,"comment_status":"closed","ping_status":"closed","template":"","meta":{"footnotes":""},"class_list":["post-291","page","type-page","status-publish","hentry"],"_hostinger_reach_plugin_has_subscription_block":false,"_hostinger_reach_plugin_is_elementor":false,"_links":{"self":[{"href":"https:\/\/medepia.com\/de\/wp-json\/wp\/v2\/pages\/291","targetHints":{"allow":["GET"]}}],"collection":[{"href":"https:\/\/medepia.com\/de\/wp-json\/wp\/v2\/pages"}],"about":[{"href":"https:\/\/medepia.com\/de\/wp-json\/wp\/v2\/types\/page"}],"author":[{"embeddable":true,"href":"https:\/\/medepia.com\/de\/wp-json\/wp\/v2\/users\/1"}],"replies":[{"embeddable":true,"href":"https:\/\/medepia.com\/de\/wp-json\/wp\/v2\/comments?post=291"}],"version-history":[{"count":4,"href":"https:\/\/medepia.com\/de\/wp-json\/wp\/v2\/pages\/291\/revisions"}],"predecessor-version":[{"id":333,"href":"https:\/\/medepia.com\/de\/wp-json\/wp\/v2\/pages\/291\/revisions\/333"}],"wp:attachment":[{"href":"https:\/\/medepia.com\/de\/wp-json\/wp\/v2\/media?parent=291"}],"curies":[{"name":"wp","href":"https:\/\/api.w.org\/{rel}","templated":true}]}}