{"id":289,"date":"2025-11-03T08:33:01","date_gmt":"2025-11-03T05:33:01","guid":{"rendered":"https:\/\/beta.medepia.com\/?page_id=289"},"modified":"2025-11-03T08:55:10","modified_gmt":"2025-11-03T05:55:10","slug":"dynamic-parallel-work-items","status":"publish","type":"page","link":"https:\/\/medepia.com\/de\/dynamic-parallel-work-items\/","title":{"rendered":"Dynamische parallele Arbeitselemente"},"content":{"rendered":"<div class=\"wp-block-group has-global-padding is-layout-constrained wp-block-group-is-layout-constrained\">\n<figure class=\"wp-block-image size-full\"><img loading=\"lazy\" decoding=\"async\" width=\"2560\" height=\"1440\" src=\"https:\/\/medepia.com\/wp-content\/uploads\/2025\/10\/3-scaled.png\" alt=\"\" class=\"wp-image-305\" srcset=\"https:\/\/medepia.com\/wp-content\/uploads\/2025\/10\/3-scaled.png 2560w, https:\/\/medepia.com\/wp-content\/uploads\/2025\/10\/3-300x169.png 300w, https:\/\/medepia.com\/wp-content\/uploads\/2025\/10\/3-1024x576.png 1024w, https:\/\/medepia.com\/wp-content\/uploads\/2025\/10\/3-768x432.png 768w, https:\/\/medepia.com\/wp-content\/uploads\/2025\/10\/3-1536x864.png 1536w, https:\/\/medepia.com\/wp-content\/uploads\/2025\/10\/3-2048x1152.png 2048w\" sizes=\"auto, (max-width: 2560px) 100vw, 2560px\" \/><\/figure>\n\n\n\n<p><em>Gesch\u00e4ftsbeschleunigung durch Parallelisierung<\/em><\/p>\n\n\n\n<p class=\"has-featured-color has-text-color has-link-color wp-elements-5a8eac16f7ac3e42b4d72dec4308979c\">Dynamische parallele Arbeitselemente erm\u00f6glichen es, mehrere Aufgaben nebeneinander auszuf\u00fchren \u2013 und bef\u00e4higen Teams so, komplexe Arbeitsabl\u00e4ufe schneller, effizienter und in besserer Zusammenarbeit zu bew\u00e4ltigen.<\/p>\n\n\n\n<p class=\"has-featured-color has-text-color has-link-color wp-elements-9cade89c1e7fdfc6be488c9616050bd4\"><strong>Warum dynamische parallele Arbeitselemente?<\/strong><\/p>\n\n\n\n<ul class=\"wp-block-list\">\n<li class=\"has-featured-color has-text-color has-link-color wp-elements-d50f8afc3f47d964f3d4636004856768\"><strong>Echte Parallelisierung:<\/strong> Durch die gleichzeitige Ausf\u00fchrung von Aufgaben werden sequentielle Engp\u00e4sse beseitigt.<\/li>\n\n\n\n<li class=\"has-featured-color has-text-color has-link-color wp-elements-371af1f1794ec6c5bbe4ea22ce84824d\"><strong>Gesteigerte Produktivit\u00e4t:<\/strong> Teams erreichen mehr in k\u00fcrzerer Zeit, ohne dabei an Qualit\u00e4t einzub\u00fc\u00dfen.<\/li>\n\n\n\n<li class=\"has-featured-color has-text-color has-link-color wp-elements-4f905a9d19c92b6bd34e08ba2543b1db\"><strong>Intelligentere Zusammenarbeit:<\/strong> Verschiedene Abteilungen oder Benutzer k\u00f6nnen in Echtzeit zum selben Prozess beitragen.<\/li>\n<\/ul>\n\n\n\n<p class=\"has-featured-color has-text-color has-link-color wp-elements-d5de2cf1ed50ab6361eeef987232b1da\"><strong>Was das f\u00fcr Ihr Unternehmen bedeutet<\/strong><\/p>\n\n\n\n<p class=\"has-featured-color has-text-color has-link-color wp-elements-c1bf3702d538d51eedbd7daf7fce3a44\">Dynamische parallele Arbeitselemente ver\u00e4ndern die Art und Weise, wie Unternehmen zeitkritische Prozesse angehen. Durch die Parallelisierung kritischer Schritte k\u00f6nnen Sie:<\/p>\n\n\n\n<ul class=\"wp-block-list\">\n<li class=\"has-featured-color has-text-color has-link-color wp-elements-64dde92048089bf2ddeb87964239499f\">Verk\u00fcrzen Sie die Zykluszeiten und beschleunigen Sie die Lieferung.<\/li>\n\n\n\n<li class=\"has-featured-color has-text-color has-link-color wp-elements-1d8898cade4d2e12137e722ebfe0a6be\">Verbesserung der abteilungs\u00fcbergreifenden Abstimmung und Transparenz.<\/li>\n\n\n\n<li class=\"has-featured-color has-text-color has-link-color wp-elements-b175eac90cd48fc571878a6f14e43b82\">Skalierung von Operationen ohne Erh\u00f6hung der Komplexit\u00e4t.<\/li>\n\n\n\n<li class=\"has-featured-color has-text-color has-link-color wp-elements-51160380c6fbdf7104390966f59d660d\">Erm\u00e4chtigen Sie Ihre Mitarbeiter, sich auf Innovationen anstatt auf Routineaufgaben zu konzentrieren.<\/li>\n<\/ul>\n<\/div>\n\n\n\n<div style=\"height:121px\" aria-hidden=\"true\" class=\"wp-block-spacer\"><\/div>\n\n\n\n<p><\/p>","protected":false},"excerpt":{"rendered":"<p>Accelerating Business Through Parallelization Dynamic Parallel Work Items enables multiple tasks to run side by side\u2014empowering teams to complete complex workflows faster, with greater efficiency and collaboration. Why Dynamic Parallel Work Items? What It Means for Your Business Dynamic Parallel Work Items transforms how organizations approach time-sensitive processes. By parallelizing critical steps, you can:<\/p>","protected":false},"author":1,"featured_media":0,"parent":0,"menu_order":0,"comment_status":"closed","ping_status":"closed","template":"","meta":{"footnotes":""},"class_list":["post-289","page","type-page","status-publish","hentry"],"_hostinger_reach_plugin_has_subscription_block":false,"_hostinger_reach_plugin_is_elementor":false,"_links":{"self":[{"href":"https:\/\/medepia.com\/de\/wp-json\/wp\/v2\/pages\/289","targetHints":{"allow":["GET"]}}],"collection":[{"href":"https:\/\/medepia.com\/de\/wp-json\/wp\/v2\/pages"}],"about":[{"href":"https:\/\/medepia.com\/de\/wp-json\/wp\/v2\/types\/page"}],"author":[{"embeddable":true,"href":"https:\/\/medepia.com\/de\/wp-json\/wp\/v2\/users\/1"}],"replies":[{"embeddable":true,"href":"https:\/\/medepia.com\/de\/wp-json\/wp\/v2\/comments?post=289"}],"version-history":[{"count":4,"href":"https:\/\/medepia.com\/de\/wp-json\/wp\/v2\/pages\/289\/revisions"}],"predecessor-version":[{"id":332,"href":"https:\/\/medepia.com\/de\/wp-json\/wp\/v2\/pages\/289\/revisions\/332"}],"wp:attachment":[{"href":"https:\/\/medepia.com\/de\/wp-json\/wp\/v2\/media?parent=289"}],"curies":[{"name":"wp","href":"https:\/\/api.w.org\/{rel}","templated":true}]}}