{"id":287,"date":"2025-11-03T08:33:08","date_gmt":"2025-11-03T05:33:08","guid":{"rendered":"https:\/\/beta.medepia.com\/?page_id=287"},"modified":"2025-11-03T08:54:04","modified_gmt":"2025-11-03T05:54:04","slug":"dynamic-wf-command","status":"publish","type":"page","link":"https:\/\/medepia.com\/de\/dynamic-wf-command\/","title":{"rendered":"Dynamischer WF-Befehl"},"content":{"rendered":"<div class=\"wp-block-group has-global-padding is-layout-constrained wp-block-group-is-layout-constrained\">\n<figure class=\"wp-block-image size-full\"><img loading=\"lazy\" decoding=\"async\" width=\"2560\" height=\"1440\" src=\"https:\/\/medepia.com\/wp-content\/uploads\/2025\/10\/2-scaled.png\" alt=\"\" class=\"wp-image-304\" srcset=\"https:\/\/medepia.com\/wp-content\/uploads\/2025\/10\/2-scaled.png 2560w, https:\/\/medepia.com\/wp-content\/uploads\/2025\/10\/2-300x169.png 300w, https:\/\/medepia.com\/wp-content\/uploads\/2025\/10\/2-1024x576.png 1024w, https:\/\/medepia.com\/wp-content\/uploads\/2025\/10\/2-768x432.png 768w, https:\/\/medepia.com\/wp-content\/uploads\/2025\/10\/2-1536x864.png 1536w, https:\/\/medepia.com\/wp-content\/uploads\/2025\/10\/2-2048x1152.png 2048w\" sizes=\"auto, (max-width: 2560px) 100vw, 2560px\" \/><\/figure>\n\n\n\n<p><em>Intelligente Workflow-Steuerung<\/em><\/p>\n\n\n\n<p class=\"has-featured-color has-text-color has-link-color wp-elements-3956270f757dde3cd9d289e2a9bf37b9\">Workflows sind das Herzst\u00fcck jedes Unternehmens. Statische Workflows k\u00f6nnen jedoch mit den heutigen schnelllebigen Anforderungen nicht mehr mithalten. Dynamic WF Command erm\u00f6glicht es Unternehmen, Workflows in Echtzeit zu entwerfen, anzupassen und zu steuern und so Agilit\u00e4t, Transparenz und Effizienz im gesamten Unternehmen zu gew\u00e4hrleisten.<\/p>\n\n\n\n<p class=\"has-featured-color has-text-color has-link-color wp-elements-b5d17376d1c2acfc21ae421c40dea72b\"><strong>Warum dynamischer WF-Befehl?<\/strong><\/p>\n\n\n\n<ul class=\"wp-block-list\">\n<li class=\"has-featured-color has-text-color has-link-color wp-elements-1acc5d8c8dfc5d39fb56246dfca2f9a6\"><strong>Zentrale Steuerung:<\/strong> Arbeitsabl\u00e4ufe \u00fcber mehrere Systeme und Abteilungen hinweg von einem zentralen Punkt aus verwalten und \u00fcberwachen.<\/li>\n\n\n\n<li class=\"has-featured-color has-text-color has-link-color wp-elements-f052e0fad6c463e14210bbb0b4290e5c\"><strong>Adaptive Prozesse:<\/strong> Schnell auf regulatorische \u00c4nderungen, gesch\u00e4ftliche Priorit\u00e4ten oder unerwartete St\u00f6rungen reagieren.<\/li>\n\n\n\n<li class=\"has-featured-color has-text-color has-link-color wp-elements-5627e3523156e016659fa4c4850c1f82\"><strong>Effizienz im gro\u00dfen Ma\u00dfstab:<\/strong> Automatisieren Sie wiederkehrende Aufgaben und beseitigen Sie Engp\u00e4sse, um die Abl\u00e4ufe zu beschleunigen.<\/li>\n<\/ul>\n\n\n\n<p class=\"has-featured-color has-text-color has-link-color wp-elements-d5de2cf1ed50ab6361eeef987232b1da\"><strong>Was das f\u00fcr Ihr Unternehmen bedeutet<\/strong><\/p>\n\n\n\n<p class=\"has-featured-color has-text-color has-link-color wp-elements-7a63b07f84c4a45cb5d689327396a880\">Dynamic WF Command wandelt Workflows in ein strategisches Asset statt in einen versteckten Backoffice-Prozess um. Mit intelligenter Workflow-Steuerung profitieren Sie von Folgendem:<\/p>\n\n\n\n<ul class=\"wp-block-list\">\n<li class=\"has-featured-color has-text-color has-link-color wp-elements-45ba4e54374fec51df6d9822549cf254\">Schnellere Prozessausf\u00fchrung mit weniger Fehlern.<\/li>\n\n\n\n<li class=\"has-featured-color has-text-color has-link-color wp-elements-1b697b704b8d1c72e714424c8475636c\">Verbesserte Zusammenarbeit zwischen IT- und Fachabteilungen.<\/li>\n\n\n\n<li class=\"has-featured-color has-text-color has-link-color wp-elements-5f13af4fbf726f30fddc8cf8b0395196\">Mehr Transparenz und Compliance im Betriebsablauf.<\/li>\n\n\n\n<li class=\"has-featured-color has-text-color has-link-color wp-elements-4e7f69736afbb5fb064c267204064a0f\">Die F\u00e4higkeit, Innovationen voranzutreiben und zu skalieren, ohne die Kontrolle zu verlieren.<\/li>\n<\/ul>\n<\/div>\n\n\n\n<div style=\"height:121px\" aria-hidden=\"true\" class=\"wp-block-spacer\"><\/div>\n\n\n\n<p><\/p>","protected":false},"excerpt":{"rendered":"<p>Intelligent Workflow Control Workflows are the pulse of any enterprise. However, static workflows can\u2019t keep up with today\u2019s fast-moving demands. Dynamic WF Command empowers organizations to design, adjust, and control workflows in real-time, ensuring agility, transparency, and efficiency across the entire business. Why Dynamic WF Command? What It Means for Your Business Dynamic WF Command [&hellip;]<\/p>","protected":false},"author":1,"featured_media":0,"parent":0,"menu_order":0,"comment_status":"closed","ping_status":"closed","template":"","meta":{"footnotes":""},"class_list":["post-287","page","type-page","status-publish","hentry"],"_hostinger_reach_plugin_has_subscription_block":false,"_hostinger_reach_plugin_is_elementor":false,"_links":{"self":[{"href":"https:\/\/medepia.com\/de\/wp-json\/wp\/v2\/pages\/287","targetHints":{"allow":["GET"]}}],"collection":[{"href":"https:\/\/medepia.com\/de\/wp-json\/wp\/v2\/pages"}],"about":[{"href":"https:\/\/medepia.com\/de\/wp-json\/wp\/v2\/types\/page"}],"author":[{"embeddable":true,"href":"https:\/\/medepia.com\/de\/wp-json\/wp\/v2\/users\/1"}],"replies":[{"embeddable":true,"href":"https:\/\/medepia.com\/de\/wp-json\/wp\/v2\/comments?post=287"}],"version-history":[{"count":5,"href":"https:\/\/medepia.com\/de\/wp-json\/wp\/v2\/pages\/287\/revisions"}],"predecessor-version":[{"id":331,"href":"https:\/\/medepia.com\/de\/wp-json\/wp\/v2\/pages\/287\/revisions\/331"}],"wp:attachment":[{"href":"https:\/\/medepia.com\/de\/wp-json\/wp\/v2\/media?parent=287"}],"curies":[{"name":"wp","href":"https:\/\/api.w.org\/{rel}","templated":true}]}}