{"id":285,"date":"2025-11-03T08:33:03","date_gmt":"2025-11-03T05:33:03","guid":{"rendered":"https:\/\/beta.medepia.com\/?page_id=285"},"modified":"2025-11-03T08:52:53","modified_gmt":"2025-11-03T05:52:53","slug":"dynamic-ua","status":"publish","type":"page","link":"https:\/\/medepia.com\/de\/dynamic-ua\/","title":{"rendered":"Dynamischer Benutzeragent"},"content":{"rendered":"<div class=\"wp-block-group has-global-padding is-layout-constrained wp-block-group-is-layout-constrained\">\n<figure class=\"wp-block-image size-full\"><img loading=\"lazy\" decoding=\"async\" width=\"2560\" height=\"1440\" src=\"https:\/\/medepia.com\/wp-content\/uploads\/2025\/10\/4-scaled.png\" alt=\"\" class=\"wp-image-306\" srcset=\"https:\/\/medepia.com\/wp-content\/uploads\/2025\/10\/4-scaled.png 2560w, https:\/\/medepia.com\/wp-content\/uploads\/2025\/10\/4-300x169.png 300w, https:\/\/medepia.com\/wp-content\/uploads\/2025\/10\/4-1024x576.png 1024w, https:\/\/medepia.com\/wp-content\/uploads\/2025\/10\/4-768x432.png 768w, https:\/\/medepia.com\/wp-content\/uploads\/2025\/10\/4-1536x864.png 1536w, https:\/\/medepia.com\/wp-content\/uploads\/2025\/10\/4-2048x1152.png 2048w\" sizes=\"auto, (max-width: 2560px) 100vw, 2560px\" \/><\/figure>\n\n\n\n<p><em>Dynamische einheitliche Architektur<\/em><\/p>\n\n\n\n<p class=\"has-featured-color has-text-color has-link-color wp-elements-cc0b7bef44aff7c711df17a2427f1923\">Gesch\u00e4ftsumgebungen sind selten statisch. Neue Technologien ver\u00e4ndern st\u00e4ndig die Arbeitsweise von Unternehmen. Dynamische Benutzerarchitektur (UA) stellt sicher, dass sich Ihre Architektur nahtlos an diese Ver\u00e4nderungen anpasst und Systeme, Prozesse und Anwendungen zu einem robusten und zukunftssicheren Framework vereint.<\/p>\n\n\n\n<p class=\"has-featured-color has-text-color has-link-color wp-elements-7c2b2ed0990eac81110a4aba5b504d8a\"><strong>Warum dynamische UA?<\/strong><\/p>\n\n\n\n<ul class=\"wp-block-list\">\n<li class=\"has-featured-color has-text-color has-link-color wp-elements-072558c66544f1c87eaad97be490f93b\"><strong>Einheitlich durch Design:<\/strong> F\u00fchrt verstreute IT-Landschaften in eine einheitliche Architektur zusammen.<\/li>\n\n\n\n<li class=\"has-featured-color has-text-color has-link-color wp-elements-e767a8cc7d457f6c92d945afddd9a668\"><strong>Adaptiv im gro\u00dfen Ma\u00dfstab:<\/strong> Reagiert schnell auf neue Gesch\u00e4ftsmodelle, Compliance-Anforderungen oder Marktver\u00e4nderungen.<\/li>\n\n\n\n<li class=\"has-featured-color has-text-color has-link-color wp-elements-9492edf7dd79cf368dc7c76ef060d15d\"><strong>Widerstandsf\u00e4hig und zukunftssicher:<\/strong> Gew\u00e4hrleistet, dass sich Ihre Infrastruktur ohne Unterbrechung weiterentwickeln kann.<\/li>\n<\/ul>\n\n\n\n<p class=\"has-featured-color has-text-color has-link-color wp-elements-d5de2cf1ed50ab6361eeef987232b1da\"><strong>Was das f\u00fcr Ihr Unternehmen bedeutet<\/strong><\/p>\n\n\n\n<p class=\"has-featured-color has-text-color has-link-color wp-elements-3a891ac449a56381d6728fa69c169eb7\">Dynamische UA geht \u00fcber die Systemintegration hinaus. Sie schafft ein intelligentes R\u00fcckgrat, in dem Technologie, Prozesse und Daten nahtlos zusammenarbeiten. Mit einer dynamischen und einheitlichen Architektur k\u00f6nnen Sie:<\/p>\n\n\n\n<ul class=\"wp-block-list\">\n<li class=\"has-featured-color has-text-color has-link-color wp-elements-2a302dda0d40b9cab1b58f2b9aa60438\">Komplexe IT-Umgebungen vereinfachen.<\/li>\n\n\n\n<li class=\"has-featured-color has-text-color has-link-color wp-elements-d08411fd6e16ff22e21315f88ea80fa9\">Reduzierung der Betriebskosten und Redundanzen.<\/li>\n\n\n\n<li class=\"has-featured-color has-text-color has-link-color wp-elements-33aee000d43c4cf9c9a256daa4cf3b73\">Die Agilit\u00e4t bei der Einf\u00fchrung neuer digitaler L\u00f6sungen verbessern.<\/li>\n\n\n\n<li class=\"has-featured-color has-text-color has-link-color wp-elements-2510b2488583ea26edef64112b87761d\">Schaffen Sie eine Grundlage, die Innovation, Compliance und Wachstum unterst\u00fctzt.<\/li>\n<\/ul>\n<\/div>\n\n\n\n<div style=\"height:121px\" aria-hidden=\"true\" class=\"wp-block-spacer\"><\/div>\n\n\n\n<p><\/p>","protected":false},"excerpt":{"rendered":"<p>Dynamic Unified Architecture Business environments are rarely static. New technologies constantly reshape how organizations operate. Dynamic UA ensures your architecture adapts to these changes seamlessly, unifying systems, processes, and applications into a resilient and future-ready framework. Why Dynamic UA? What It Means for Your Business Dynamic UA goes beyond system integration. It establishes an intelligent [&hellip;]<\/p>","protected":false},"author":1,"featured_media":0,"parent":0,"menu_order":0,"comment_status":"closed","ping_status":"closed","template":"","meta":{"footnotes":""},"class_list":["post-285","page","type-page","status-publish","hentry"],"_hostinger_reach_plugin_has_subscription_block":false,"_hostinger_reach_plugin_is_elementor":false,"_links":{"self":[{"href":"https:\/\/medepia.com\/de\/wp-json\/wp\/v2\/pages\/285","targetHints":{"allow":["GET"]}}],"collection":[{"href":"https:\/\/medepia.com\/de\/wp-json\/wp\/v2\/pages"}],"about":[{"href":"https:\/\/medepia.com\/de\/wp-json\/wp\/v2\/types\/page"}],"author":[{"embeddable":true,"href":"https:\/\/medepia.com\/de\/wp-json\/wp\/v2\/users\/1"}],"replies":[{"embeddable":true,"href":"https:\/\/medepia.com\/de\/wp-json\/wp\/v2\/comments?post=285"}],"version-history":[{"count":4,"href":"https:\/\/medepia.com\/de\/wp-json\/wp\/v2\/pages\/285\/revisions"}],"predecessor-version":[{"id":330,"href":"https:\/\/medepia.com\/de\/wp-json\/wp\/v2\/pages\/285\/revisions\/330"}],"wp:attachment":[{"href":"https:\/\/medepia.com\/de\/wp-json\/wp\/v2\/media?parent=285"}],"curies":[{"name":"wp","href":"https:\/\/api.w.org\/{rel}","templated":true}]}}