{"id":282,"date":"2025-11-03T08:33:05","date_gmt":"2025-11-03T05:33:05","guid":{"rendered":"https:\/\/beta.medepia.com\/?page_id=282"},"modified":"2025-11-03T08:51:18","modified_gmt":"2025-11-03T05:51:18","slug":"dynamic-uad","status":"publish","type":"page","link":"https:\/\/medepia.com\/de\/dynamic-uad\/","title":{"rendered":"Dynamische UAD"},"content":{"rendered":"<div class=\"wp-block-group has-global-padding is-layout-constrained wp-block-group-is-layout-constrained\">\n<figure class=\"wp-block-image size-full\"><img loading=\"lazy\" decoding=\"async\" width=\"2560\" height=\"1440\" src=\"https:\/\/medepia.com\/wp-content\/uploads\/2025\/10\/1-scaled.png\" alt=\"\" class=\"wp-image-303\" srcset=\"https:\/\/medepia.com\/wp-content\/uploads\/2025\/10\/1-scaled.png 2560w, https:\/\/medepia.com\/wp-content\/uploads\/2025\/10\/1-300x169.png 300w, https:\/\/medepia.com\/wp-content\/uploads\/2025\/10\/1-1024x576.png 1024w, https:\/\/medepia.com\/wp-content\/uploads\/2025\/10\/1-768x432.png 768w, https:\/\/medepia.com\/wp-content\/uploads\/2025\/10\/1-1536x864.png 1536w, https:\/\/medepia.com\/wp-content\/uploads\/2025\/10\/1-2048x1152.png 2048w\" sizes=\"auto, (max-width: 2560px) 100vw, 2560px\" \/><\/figure>\n\n\n\n<p><em>Einheitlich, adaptiv, datengesteuert<\/em><\/p>\n\n\n\n<p class=\"has-featured-color has-text-color has-link-color wp-elements-928bccb7bb4ecfc0482d74ae18a58d62\">Anstatt Flexibilit\u00e4t als w\u00fcnschenswertes Extra zu betrachten, stellt Dynamic UAD sie in den Mittelpunkt moderner Daten-Governance. In einer Gesch\u00e4ftswelt, in der sich Vorschriften, M\u00e4rkte und Technologien rasant weiterentwickeln, ist Anpassungsf\u00e4higkeit nicht nur ein Vorteil \u2013 sie ist die einzige M\u00f6glichkeit, Ihre Datenstrategie resilient, skalierbar und wettbewerbsf\u00e4hig zu gestalten.<\/p>\n\n\n\n<p class=\"has-featured-color has-text-color has-link-color wp-elements-448c1bcb177e8bb6f84b5c8c44dc465b\"><strong>Warum dynamische UAD?<\/strong><\/p>\n\n\n\n<ul class=\"wp-block-list\">\n<li class=\"has-featured-color has-text-color has-link-color wp-elements-4dcf3a29e780db276cd8631dd76b4ae5\">Unified: Konsolidiert fragmentierte Datenquellen in einem einzigen, konsistenten Rahmen.<\/li>\n\n\n\n<li class=\"has-featured-color has-text-color has-link-color wp-elements-81f61f5fd2ccfc997c4d67d662124a5f\">Anpassungsf\u00e4hig: Reagiert schnell auf organisatorische Ver\u00e4nderungen, regulatorische Aktualisierungen und neue Gesch\u00e4ftsmodelle.<\/li>\n\n\n\n<li class=\"has-featured-color has-text-color has-link-color wp-elements-a2ec922785ec0010e7053aa2fbac483f\">Datengetrieben: Gew\u00e4hrleistet, dass jede Entscheidung auf genauen, verl\u00e4sslichen und umsetzbaren Daten basiert.<\/li>\n<\/ul>\n\n\n\n<p class=\"has-featured-color has-text-color has-link-color wp-elements-d5de2cf1ed50ab6361eeef987232b1da\"><strong>Was das f\u00fcr Ihr Unternehmen bedeutet<\/strong><\/p>\n\n\n\n<p class=\"has-featured-color has-text-color has-link-color wp-elements-ebaf6a30cd1bf6d84bb4728cf8092ccd\">Dynamische Benutzerzugriffssteuerung (UAD) ist nicht nur eine technische Ebene \u2013 sie wird zur strategischen Grundlage. Mit dynamischer Steuerung und Echtzeit-Anpassungsf\u00e4higkeit kann Ihr Unternehmen:<\/p>\n\n\n\n<ul class=\"wp-block-list\">\n<li class=\"has-featured-color has-text-color has-link-color wp-elements-524d6dfc10907a2ec5688e6dff328c32\">Die Integration bei Fusionen, \u00dcbernahmen oder System\u00e4nderungen beschleunigen.<\/li>\n\n\n\n<li class=\"has-featured-color has-text-color has-link-color wp-elements-05a242d5cec80e1e7dd0c30c92a534a8\">Reduzierung von Betriebsrisiken und Compliance-Aufwand.<\/li>\n\n\n\n<li class=\"has-featured-color has-text-color has-link-color wp-elements-e57200ad5e8891d2db21324f1721559a\">Richten Sie IT- und Gesch\u00e4ftsteams auf eine gemeinsame Datenvision aus.<\/li>\n\n\n\n<li class=\"has-featured-color has-text-color has-link-color wp-elements-f093aef9079e8f7469223c2c84fbdea2\" style=\"font-style:normal;font-weight:400\">Schaffen Sie eine zukunftssichere Architektur, die Innovation und Wachstum unterst\u00fctzt.<\/li>\n<\/ul>\n<\/div>\n\n\n\n<div style=\"height:121px\" aria-hidden=\"true\" class=\"wp-block-spacer\"><\/div>\n\n\n\n<p><\/p>","protected":false},"excerpt":{"rendered":"<p>Unified, Adaptive, Data-Driven Instead of treating flexibility as a nice-to-have feature, Dynamic UAD puts it at the very core of modern data governance. In a business world where regulations, markets, and technologies evolve overnight, adaptability is not just an advantage\u2014it is the only way to keep your data strategy resilient, scalable, and competitive. Why Dynamic [&hellip;]<\/p>","protected":false},"author":1,"featured_media":0,"parent":0,"menu_order":0,"comment_status":"closed","ping_status":"closed","template":"","meta":{"footnotes":""},"class_list":["post-282","page","type-page","status-publish","hentry"],"_hostinger_reach_plugin_has_subscription_block":false,"_hostinger_reach_plugin_is_elementor":false,"_links":{"self":[{"href":"https:\/\/medepia.com\/de\/wp-json\/wp\/v2\/pages\/282","targetHints":{"allow":["GET"]}}],"collection":[{"href":"https:\/\/medepia.com\/de\/wp-json\/wp\/v2\/pages"}],"about":[{"href":"https:\/\/medepia.com\/de\/wp-json\/wp\/v2\/types\/page"}],"author":[{"embeddable":true,"href":"https:\/\/medepia.com\/de\/wp-json\/wp\/v2\/users\/1"}],"replies":[{"embeddable":true,"href":"https:\/\/medepia.com\/de\/wp-json\/wp\/v2\/comments?post=282"}],"version-history":[{"count":9,"href":"https:\/\/medepia.com\/de\/wp-json\/wp\/v2\/pages\/282\/revisions"}],"predecessor-version":[{"id":329,"href":"https:\/\/medepia.com\/de\/wp-json\/wp\/v2\/pages\/282\/revisions\/329"}],"wp:attachment":[{"href":"https:\/\/medepia.com\/de\/wp-json\/wp\/v2\/media?parent=282"}],"curies":[{"name":"wp","href":"https:\/\/api.w.org\/{rel}","templated":true}]}}