{"id":154,"date":"2024-11-05T11:14:59","date_gmt":"2024-11-05T08:14:59","guid":{"rendered":"http:\/\/localhost\/wordpress\/?page_id=154"},"modified":"2026-01-05T11:36:41","modified_gmt":"2026-01-05T08:36:41","slug":"contact","status":"publish","type":"page","link":"https:\/\/medepia.com\/de\/contact\/","title":{"rendered":"Kontakt"},"content":{"rendered":"<div class=\"wp-block-group alignfull has-global-padding is-layout-constrained wp-container-core-group-is-layout-25aa9217 wp-block-group-is-layout-constrained\" style=\"margin-top:0;margin-bottom:0;padding-top:0;padding-right:var(--wp--preset--spacing--superbspacing-small);padding-bottom:var(--wp--preset--spacing--superbspacing-xlarge);padding-left:var(--wp--preset--spacing--superbspacing-small)\">\n<div class=\"wp-block-group alignwide has-global-padding is-layout-constrained wp-container-core-group-is-layout-e52907a5 wp-block-group-is-layout-constrained\">\n<p class=\"has-text-align-center has-contrast-color has-text-color has-superbfont-large-font-size\"><strong>Nehmen Sie Kontakt mit uns auf<\/strong><\/p>\n\n\n\n<p class=\"has-text-align-center has-text-color has-superbfont-small-font-size\" style=\"color:#47b859\"><a href=\"mailto:info@medepia.com\">info@medepia.com<\/a><\/p>\n<\/div>\n\n\n\n<div class=\"wp-block-group is-nowrap is-layout-flex wp-container-core-group-is-layout-6c531013 wp-block-group-is-layout-flex\">\n<figure class=\"wp-block-image size-full has-custom-border\"><img loading=\"lazy\" decoding=\"async\" width=\"600\" height=\"600\" src=\"https:\/\/medepia.com\/wp-content\/uploads\/2024\/11\/istanbuasl-1.png\" alt=\"\" class=\"wp-image-250\" style=\"border-radius:25px\"\/><\/figure>\n\n\n\n<div class=\"wp-block-group has-global-padding is-layout-constrained wp-block-group-is-layout-constrained\">\n<div class=\"wp-block-group has-global-padding is-layout-constrained wp-block-group-is-layout-constrained\">\n<div class=\"wp-block-columns is-layout-flex wp-container-core-columns-is-layout-28f84493 wp-block-columns-is-layout-flex\">\n<div class=\"wp-block-column is-vertically-aligned-center is-layout-flow wp-block-column-is-layout-flow\">\n<h2 class=\"wp-block-heading\">\u0130zmir<\/h2>\n\n\n\n<p>Mansuro\u011flu Mah. Ankara Cad. No:81, D:123, Bayrakl\u0131 Tower, 35030 Bayrakl\u0131\/\u0130zmir<\/p>\n<\/div>\n<\/div>\n<\/div>\n<\/div>\n<\/div>\n\n\n\n<div class=\"wp-block-superb-addons-google-maps\"><div class=\"superbaddons-google-maps-block\" style=\"border-radius:0.5%;height:300px\"><iframe loading=\"lazy\" width=\"100%\" height=\"300px\" frameborder=\"0\" margin=\"0\" padding=\"0\" referrerpolicy=\"no-referrer-when-downgrade\" src=\"https:\/\/maps.google.com\/maps?width=100%&amp;height=100%&amp;q=Medepia IT Consulting \u0130zmir&amp;t=&amp;z=13&amp;hl=en&amp;ie=UTF8&amp;iwloc=B&amp;output=embed\"><\/iframe><\/div><\/div>\n\n\n\n<hr class=\"wp-block-separator has-alpha-channel-opacity\" style=\"margin-top:var(--wp--preset--spacing--superbspacing-medium);margin-bottom:var(--wp--preset--spacing--superbspacing-medium)\"\/>\n\n\n\n<div class=\"wp-block-columns is-layout-flex wp-container-core-columns-is-layout-28f84493 wp-block-columns-is-layout-flex\">\n<div class=\"wp-block-column is-layout-flow wp-block-column-is-layout-flow\">\n<figure class=\"wp-block-image size-full has-custom-border\"><img loading=\"lazy\" decoding=\"async\" width=\"600\" height=\"600\" src=\"https:\/\/medepia.com\/wp-content\/uploads\/2026\/01\/istanbasaul-1-1.png\" alt=\"\" class=\"wp-image-14022\" style=\"border-style:none;border-width:0px;border-radius:25px\" srcset=\"https:\/\/medepia.com\/wp-content\/uploads\/2026\/01\/istanbasaul-1-1.png 600w, https:\/\/medepia.com\/wp-content\/uploads\/2026\/01\/istanbasaul-1-1-300x300.png 300w, https:\/\/medepia.com\/wp-content\/uploads\/2026\/01\/istanbasaul-1-1-150x150.png 150w, https:\/\/medepia.com\/wp-content\/uploads\/2026\/01\/istanbasaul-1-1-12x12.png 12w\" sizes=\"auto, (max-width: 600px) 100vw, 600px\" \/><\/figure>\n<\/div>\n\n\n\n<div class=\"wp-block-column is-vertically-aligned-center is-layout-flow wp-block-column-is-layout-flow\">\n<h2 class=\"wp-block-heading\">\u0130stanbul<\/h2>\n\n\n\n<p>Ba\u011flarba\u015f\u0131, Sakarya Sk. No:35, Malte Business Center, 34844, Maltepe\/\u0130stanbul<\/p>\n<\/div>\n<\/div>\n\n\n\n<div class=\"wp-block-superb-addons-google-maps\"><div class=\"superbaddons-google-maps-block\" style=\"border-radius:0.5%;height:300px\"><iframe loading=\"lazy\" width=\"100%\" height=\"300px\" frameborder=\"0\" margin=\"0\" padding=\"0\" referrerpolicy=\"no-referrer-when-downgrade\" src=\"https:\/\/maps.google.com\/maps?width=100%&amp;height=100%&amp;q=Malte Plaza&amp;t=&amp;z=13&amp;hl=en&amp;ie=UTF8&amp;iwloc=B&amp;output=embed\"><\/iframe><\/div><\/div>\n\n\n\n<hr class=\"wp-block-separator has-alpha-channel-opacity\" style=\"margin-top:var(--wp--preset--spacing--superbspacing-medium);margin-bottom:var(--wp--preset--spacing--superbspacing-medium)\"\/>\n\n\n\n<div class=\"wp-block-columns is-layout-flex wp-container-core-columns-is-layout-28f84493 wp-block-columns-is-layout-flex\">\n<div class=\"wp-block-column is-layout-flow wp-block-column-is-layout-flow\">\n<figure class=\"wp-block-image size-full has-custom-border\"><img loading=\"lazy\" decoding=\"async\" width=\"600\" height=\"600\" src=\"https:\/\/medepia.com\/wp-content\/uploads\/2024\/11\/istanbuaassl-1.png\" alt=\"\" class=\"wp-image-269\" style=\"border-style:none;border-width:0px;border-radius:25px\"\/><\/figure>\n<\/div>\n\n\n\n<div class=\"wp-block-column is-vertically-aligned-center is-layout-flow wp-block-column-is-layout-flow\">\n<h2 class=\"wp-block-heading\">Amsterdam<\/h2>\n\n\n\n<p><a href=\"https:\/\/maps.app.goo.gl\/2mZXbiDdAgL4xkeX9\">Rokin 92, 1012 KZ Amsterdam<\/a><\/p>\n<\/div>\n<\/div>\n\n\n\n<div class=\"wp-block-superb-addons-google-maps\"><div class=\"superbaddons-google-maps-block\" style=\"border-radius:0.5%;height:300px\"><iframe loading=\"lazy\" width=\"100%\" height=\"300px\" frameborder=\"0\" margin=\"0\" padding=\"0\" referrerpolicy=\"no-referrer-when-downgrade\" src=\"https:\/\/maps.google.com\/maps?width=100%&amp;height=100%&amp;q=rokin 92 1012 kz amsterdam&amp;t=&amp;z=13&amp;hl=en&amp;ie=UTF8&amp;iwloc=B&amp;output=embed\"><\/iframe><\/div><\/div>\n<\/div>\n\n\n\n<p><\/p>","protected":false},"excerpt":{"rendered":"<p>Get in Touch with Us info@medepia.com \u0130zmir Mansuro\u011flu Mah. Ankara Cad. No:81, D:123, Bayrakl\u0131 Tower, 35030 Bayrakl\u0131\/\u0130zmir \u0130stanbul Ba\u011flarba\u015f\u0131, Sakarya Sk. No:35, Malte Business Center, 34844, Maltepe\/\u0130stanbul Amsterdam Rokin 92, 1012 KZ Amsterdam<\/p>","protected":false},"author":1,"featured_media":0,"parent":0,"menu_order":0,"comment_status":"closed","ping_status":"closed","template":"","meta":{"footnotes":""},"class_list":["post-154","page","type-page","status-publish","hentry"],"_hostinger_reach_plugin_has_subscription_block":false,"_hostinger_reach_plugin_is_elementor":false,"_links":{"self":[{"href":"https:\/\/medepia.com\/de\/wp-json\/wp\/v2\/pages\/154","targetHints":{"allow":["GET"]}}],"collection":[{"href":"https:\/\/medepia.com\/de\/wp-json\/wp\/v2\/pages"}],"about":[{"href":"https:\/\/medepia.com\/de\/wp-json\/wp\/v2\/types\/page"}],"author":[{"embeddable":true,"href":"https:\/\/medepia.com\/de\/wp-json\/wp\/v2\/users\/1"}],"replies":[{"embeddable":true,"href":"https:\/\/medepia.com\/de\/wp-json\/wp\/v2\/comments?post=154"}],"version-history":[{"count":34,"href":"https:\/\/medepia.com\/de\/wp-json\/wp\/v2\/pages\/154\/revisions"}],"predecessor-version":[{"id":14023,"href":"https:\/\/medepia.com\/de\/wp-json\/wp\/v2\/pages\/154\/revisions\/14023"}],"wp:attachment":[{"href":"https:\/\/medepia.com\/de\/wp-json\/wp\/v2\/media?parent=154"}],"curies":[{"name":"wp","href":"https:\/\/api.w.org\/{rel}","templated":true}]}}