{"id":13947,"date":"2025-12-25T10:04:54","date_gmt":"2025-12-25T07:04:54","guid":{"rendered":"https:\/\/skyblue-oryx-530841.hostingersite.com\/?page_id=13947"},"modified":"2025-12-25T10:23:28","modified_gmt":"2025-12-25T07:23:28","slug":"medepia-taxonomy-management-application","status":"publish","type":"page","link":"https:\/\/medepia.com\/de\/medepia-taxonomy-management-application\/","title":{"rendered":"Medepia Taxonomie-Management-Anwendung"},"content":{"rendered":"<p><\/p>\n\n\n\n<p><strong>Inhaltsverzeichnis<\/strong><\/p>\n\n\n\n<ol class=\"wp-block-list\">\n<li>Einf\u00fchrung<\/li>\n\n\n\n<li>Gesch\u00e4ftskontext und Problemdefinition<\/li>\n\n\n\n<li>Kernprozesse<br>3.1. Kategorieverwaltungsanwendung<br>3.2. Attributverwaltungsanwendung<br>3.3. Materialzuweisungsantrag<br>3.4. UI-Konfigurationsanwendung<br>3.5 Herausragende Merkmale<\/li>\n\n\n\n<li>Modell\u00fcbersicht und Architektur<\/li>\n<\/ol>\n\n\n\n<div style=\"height:23px\" aria-hidden=\"true\" class=\"wp-block-spacer\"><\/div>\n\n\n\n<p><strong>1. <\/strong><strong>Einf\u00fchrung<\/strong><\/p>\n\n\n\n<p>Eine Taxonomie ist ein allgemeiner Begriff f\u00fcr ein Klassifizierungssystem. Ihr Zweck ist es, \u00e4hnliche Dinge in Kategorien zusammenzufassen, \u00fcblicherweise basierend auf gemeinsamen, kategoriespezifischen Merkmalen oder Attributen. Dieser Artikel stellt das medepia Taxonomy Management vor, eine Unternehmensanwendung zur Standardisierung und Organisation der Verwaltung von Produktkategorien und ihren zugeh\u00f6rigen Attributen in gro\u00dfen Organisationen. Basierend auf dem SAP-\u00d6kosystem und unter Nutzung von Technologien wie Master Data Governance (MDG), ABAP RAP (RESTful Application Programming) und Fiori bietet dieses System volle Kontrolle und Flexibilit\u00e4t bei der Klassifizierung von Produkten und ihren Merkmalen und erm\u00f6glicht so ein effizientes Produktdatenmanagement \u00fcber alle Systeme und Kan\u00e4le der Organisation hinweg.<\/p>\n\n\n\n<div style=\"height:23px\" aria-hidden=\"true\" class=\"wp-block-spacer\"><\/div>\n\n\n\n<p><strong>Medepia Taxonomy Governance App<\/strong><\/p>\n\n\n\n<figure class=\"wp-block-image size-large\"><img loading=\"lazy\" decoding=\"async\" width=\"1024\" height=\"259\" src=\"https:\/\/medepia.com\/wp-content\/uploads\/2025\/12\/v2_medepia-Taxonomy-Management-Application-Blog-02-1024x259.png\" alt=\"\" class=\"wp-image-13948\" srcset=\"https:\/\/medepia.com\/wp-content\/uploads\/2025\/12\/v2_medepia-Taxonomy-Management-Application-Blog-02-1024x259.png 1024w, https:\/\/medepia.com\/wp-content\/uploads\/2025\/12\/v2_medepia-Taxonomy-Management-Application-Blog-02-300x76.png 300w, https:\/\/medepia.com\/wp-content\/uploads\/2025\/12\/v2_medepia-Taxonomy-Management-Application-Blog-02-768x194.png 768w, https:\/\/medepia.com\/wp-content\/uploads\/2025\/12\/v2_medepia-Taxonomy-Management-Application-Blog-02-18x5.png 18w, https:\/\/medepia.com\/wp-content\/uploads\/2025\/12\/v2_medepia-Taxonomy-Management-Application-Blog-02.png 1296w\" sizes=\"auto, (max-width: 1024px) 100vw, 1024px\" \/><\/figure>\n\n\n\n<p class=\"has-superbfont-tiny-font-size\"><em>Abbildung 1 \u2013 Medepia-Taxonomie-Governance-Anwendung<\/em><\/p>\n\n\n\n<div style=\"height:56px\" aria-hidden=\"true\" class=\"wp-block-spacer\"><\/div>\n\n\n\n<p> <\/p>\n\n\n\n<p><\/p>\n\n\n\n<p><strong>Kategorien verwalten<\/strong><\/p>\n\n\n\n<figure class=\"wp-block-image size-large\"><img loading=\"lazy\" decoding=\"async\" width=\"1024\" height=\"576\" src=\"https:\/\/medepia.com\/wp-content\/uploads\/2025\/12\/v2_medepia-Taxonomy-Management-Appliyycation-Blog-03-1024x576.png\" alt=\"\" class=\"wp-image-13950\" srcset=\"https:\/\/medepia.com\/wp-content\/uploads\/2025\/12\/v2_medepia-Taxonomy-Management-Appliyycation-Blog-03-1024x576.png 1024w, https:\/\/medepia.com\/wp-content\/uploads\/2025\/12\/v2_medepia-Taxonomy-Management-Appliyycation-Blog-03-300x169.png 300w, https:\/\/medepia.com\/wp-content\/uploads\/2025\/12\/v2_medepia-Taxonomy-Management-Appliyycation-Blog-03-768x432.png 768w, https:\/\/medepia.com\/wp-content\/uploads\/2025\/12\/v2_medepia-Taxonomy-Management-Appliyycation-Blog-03-18x10.png 18w, https:\/\/medepia.com\/wp-content\/uploads\/2025\/12\/v2_medepia-Taxonomy-Management-Appliyycation-Blog-03.png 1300w\" sizes=\"auto, (max-width: 1024px) 100vw, 1024px\" \/><\/figure>\n\n\n\n<p class=\"has-superbfont-tiny-font-size\"><em>Abbildung 2 \u2013 Kategorien verwalten<\/em><br><\/p>\n\n\n\n<div style=\"height:23px\" aria-hidden=\"true\" class=\"wp-block-spacer\"><\/div>\n\n\n\n<figure class=\"wp-block-image size-large\"><img loading=\"lazy\" decoding=\"async\" width=\"1024\" height=\"454\" src=\"https:\/\/medepia.com\/wp-content\/uploads\/2025\/12\/v2_medepia-Taxonomy-Management-Applicaftion-Blog-03-1024x454.png\" alt=\"\" class=\"wp-image-13952\" srcset=\"https:\/\/medepia.com\/wp-content\/uploads\/2025\/12\/v2_medepia-Taxonomy-Management-Applicaftion-Blog-03-1024x454.png 1024w, https:\/\/medepia.com\/wp-content\/uploads\/2025\/12\/v2_medepia-Taxonomy-Management-Applicaftion-Blog-03-300x133.png 300w, https:\/\/medepia.com\/wp-content\/uploads\/2025\/12\/v2_medepia-Taxonomy-Management-Applicaftion-Blog-03-768x341.png 768w, https:\/\/medepia.com\/wp-content\/uploads\/2025\/12\/v2_medepia-Taxonomy-Management-Applicaftion-Blog-03-18x8.png 18w, https:\/\/medepia.com\/wp-content\/uploads\/2025\/12\/v2_medepia-Taxonomy-Management-Applicaftion-Blog-03.png 1294w\" sizes=\"auto, (max-width: 1024px) 100vw, 1024px\" \/><\/figure>\n\n\n\n<p class=\"has-superbfont-tiny-font-size\"><em>Abbildung 3 \u2013 Kategoriedetails: Geschirrsp\u00fcler<\/em><br><\/p>\n\n\n\n<div style=\"height:23px\" aria-hidden=\"true\" class=\"wp-block-spacer\"><\/div>\n\n\n\n<p><strong>Attribute verwalten<\/strong><br><\/p>\n\n\n\n<figure class=\"wp-block-image size-large\"><img loading=\"lazy\" decoding=\"async\" width=\"1024\" height=\"691\" src=\"https:\/\/medepia.com\/wp-content\/uploads\/2025\/12\/v2_medepia-Taxonomy-Managemasent-Application-Blog-04-1024x691.png\" alt=\"\" class=\"wp-image-13954\" srcset=\"https:\/\/medepia.com\/wp-content\/uploads\/2025\/12\/v2_medepia-Taxonomy-Managemasent-Application-Blog-04-1024x691.png 1024w, https:\/\/medepia.com\/wp-content\/uploads\/2025\/12\/v2_medepia-Taxonomy-Managemasent-Application-Blog-04-300x202.png 300w, https:\/\/medepia.com\/wp-content\/uploads\/2025\/12\/v2_medepia-Taxonomy-Managemasent-Application-Blog-04-768x518.png 768w, https:\/\/medepia.com\/wp-content\/uploads\/2025\/12\/v2_medepia-Taxonomy-Managemasent-Application-Blog-04-18x12.png 18w, https:\/\/medepia.com\/wp-content\/uploads\/2025\/12\/v2_medepia-Taxonomy-Managemasent-Application-Blog-04.png 1292w\" sizes=\"auto, (max-width: 1024px) 100vw, 1024px\" \/><\/figure>\n\n\n\n<p class=\"has-superbfont-tiny-font-size\"><em>Abbildung 4 \u2013 Verwaltungsattribute der Taxonomie<\/em><br><\/p>\n\n\n\n<div style=\"height:23px\" aria-hidden=\"true\" class=\"wp-block-spacer\"><\/div>\n\n\n\n<p><strong>2. <\/strong><strong>Gesch\u00e4ftskontext und Problemdefinition<\/strong><\/p>\n\n\n\n<p>In der heutigen digitalen Gesch\u00e4ftswelt verwalten Unternehmen Tausende von Produkten \u00fcber verschiedene Systeme wie ERP- und E-Commerce-Plattformen hinweg. Jedes System definiert oft seine eigenen Produktkategorien und -attribute, was mitunter zu inkonsistenten Produktdaten f\u00fchrt. Diese Inkonsistenz erschwert die Pflege korrekter Produktinformationen, die Systemintegration und die Gew\u00e4hrleistung eines einheitlichen Kundenerlebnisses. Individuelle Anwendungen, die zur L\u00f6sung dieses Problems entwickelt wurden, verlangsamen die Abl\u00e4ufe, da bei jeder Hinzuf\u00fcgung eines neuen Attributs oder einer neuen Kategorie technische Anpassungen erforderlich sind.<\/p>\n\n\n\n<p class=\"translation-block\">Die medepia Taxonomy Application basiert auf f\u00fcnf Kernprozessen: dem Erstellen von Attributen, dem Erstellen von Kategorien, dem Verkn\u00fcpfen von Attributen mit Kategorien und dem Zuordnen von Materialien zu diesen Kategorien unter gleichzeitiger Erfassung aller zugeh\u00f6rigen Produktdaten. Zusammen bilden diese Prozesse ein modulares Governance-Framework, das es erm\u00f6glicht, Produktinformationen in der gesamten SAP-Landschaft einheitlich zu strukturieren, anzureichern und zu pflegen.<\/p>\n\n\n\n<div style=\"height:23px\" aria-hidden=\"true\" class=\"wp-block-spacer\"><\/div>\n\n\n\n<p><strong>3. <\/strong><strong>Kernprozesse<\/strong><\/p>\n\n\n\n<p class=\"translation-block\">Die medepia Taxonomy Application basiert auf f\u00fcnf Kernprozessen: dem Erstellen von Attributen, dem Erstellen von Kategorien, dem Verkn\u00fcpfen von Attributen mit Kategorien und dem Zuordnen von Materialien zu diesen Kategorien unter gleichzeitiger Erfassung aller zugeh\u00f6rigen Produktdaten. Zusammen bilden diese Prozesse ein modulares Governance-Framework, das es erm\u00f6glicht, Produktinformationen in der gesamten SAP-Landschaft einheitlich zu strukturieren, anzureichern und zu pflegen.<\/p>\n\n\n\n<p>Diese Prozesse werden jeweils in separaten, aber miteinander verbundenen Anwendungen ausgef\u00fchrt.<\/p>\n\n\n\n<ul class=\"wp-block-list\">\n<li class=\"translation-block\">Attribute und ihre Kategoriezuordnungen k\u00f6nnen in der Attributverwaltung erstellt werden.<\/li>\n<\/ul>\n\n\n\n<ul class=\"wp-block-list\">\n<li class=\"translation-block\">Die Zuordnung von Kategorien zu Materialien kann \u00fcber SAP MDG \u00c4nderungsantr\u00e4ge erfolgen.<\/li>\n<\/ul>\n\n\n\n<ul class=\"wp-block-list\">\n<li class=\"translation-block\">Die Zuordnung von Kategorien zu Materialien kann \u00fcber SAP MDG \u00c4nderungsantr\u00e4ge erfolgen.<\/li>\n<\/ul>\n\n\n\n<p>Durch diese Trennung von Prozessen und der Dateneingabe auf Materialebene gew\u00e4hrleistet die Anwendung Flexibilit\u00e4t und klare Verantwortlichkeit f\u00fcr jeden einzelnen Schritt.<\/p>\n\n\n\n<figure class=\"wp-block-image size-large\"><img loading=\"lazy\" decoding=\"async\" width=\"1024\" height=\"568\" src=\"https:\/\/medepia.com\/wp-content\/uploads\/2025\/12\/indir-2.png\" alt=\"\" class=\"wp-image-13958\" srcset=\"https:\/\/medepia.com\/wp-content\/uploads\/2025\/12\/indir-2.png 1304w, https:\/\/medepia.com\/wp-content\/uploads\/2025\/12\/indir-2-300x166.png 300w, https:\/\/medepia.com\/wp-content\/uploads\/2025\/12\/indir-2-1024x568.png 1024w, https:\/\/medepia.com\/wp-content\/uploads\/2025\/12\/indir-2-768x426.png 768w, https:\/\/medepia.com\/wp-content\/uploads\/2025\/12\/indir-2-18x10.png 18w\" sizes=\"auto, (max-width: 1024px) 100vw, 1024px\" \/><\/figure>\n\n\n\n<p class=\"has-superbfont-tiny-font-size\"><em>Abbildung 5 \u2013 Arbeitsablauf der Medepia-Taxonomie<\/em><br><\/p>\n\n\n\n<div style=\"height:23px\" aria-hidden=\"true\" class=\"wp-block-spacer\"><\/div>\n\n\n\n<p>3.1. Kategorieverwaltungsanwendung<\/p>\n\n\n\n<p>Eine strukturierte Umgebung zum Erstellen und Verwalten von Produktkategorien und deren hierarchischen Beziehungen. Jede Kategorie durchl\u00e4uft klar definierte Phasen zur Validierung der Datenberechtigung. Jede Kategorie kann \u00fcber eigene Attribute mit konfigurierbaren UI-Layouts und Feldeigenschaften verf\u00fcgen.<\/p>\n\n\n\n<p>Die Taxonomie unterst\u00fctzt eine vollst\u00e4ndig hierarchische Struktur von Produktkategorien, wobei jeder Knoten Attribute und Eigenschaften von seinem \u00fcbergeordneten Knoten erben kann. Diese Funktion reduziert Redundanz und gew\u00e4hrleistet eine konsistente Attributabdeckung \u00fcber verwandte Produktfamilien hinweg.<\/p>\n\n\n\n<figure class=\"wp-block-image size-large\"><img loading=\"lazy\" decoding=\"async\" width=\"1024\" height=\"787\" src=\"https:\/\/medepia.com\/wp-content\/uploads\/2025\/12\/image-2-768x590-1.png\" alt=\"\" class=\"wp-image-13963\" srcset=\"https:\/\/medepia.com\/wp-content\/uploads\/2025\/12\/image-2-768x590-1.png 768w, https:\/\/medepia.com\/wp-content\/uploads\/2025\/12\/image-2-768x590-1-300x230.png 300w, https:\/\/medepia.com\/wp-content\/uploads\/2025\/12\/image-2-768x590-1-16x12.png 16w\" sizes=\"auto, (max-width: 1024px) 100vw, 1024px\" \/><\/figure>\n\n\n\n<p class=\"has-superbfont-tiny-font-size\"><em>Abbildung 6 \u2013 Kategorienmanagement<\/em><br><\/p>\n\n\n\n<div style=\"height:23px\" aria-hidden=\"true\" class=\"wp-block-spacer\"><\/div>\n\n\n\n<p>3.2. Attributverwaltungsanwendung<\/p>\n\n\n\n<p>Attribute sind Entit\u00e4ten f\u00fcr jegliche Produkteigenschaften wie Farbe, Gewicht, H\u00f6he oder Spannung usw., die den entsprechenden Produktkategorien zugeordnet werden k\u00f6nnen. Die Attributverwaltung regelt, wie Produkteigenschaften definiert, validiert und Kategorien zugeordnet werden. Attribute unterst\u00fctzen Konfigurationen wie Datentyp, L\u00e4nge, Wertehilfe und mehrsprachige Beschreibungen.<\/p>\n\n\n\n<p>Attribute k\u00f6nnen mehreren Kategorien zugeordnet werden. Die Zuordnung erfolgt \u00fcber die Lebenszyklusstatus Offen (O), Akzeptiert (A) und Abgelehnt (R). Falls ein Attribut Standardwerte besitzt, die in der Benutzeroberfl\u00e4che aus einer Liste ausgew\u00e4hlt werden sollen, kann der Benutzer die Attributwerte mithilfe der Attributverwaltungsanwendung definieren.<\/p>\n\n\n\n<div style=\"height:23px\" aria-hidden=\"true\" class=\"wp-block-spacer\"><\/div>\n\n\n\n<p><\/p>\n\n\n\n<p><\/p>\n\n\n\n<figure class=\"wp-block-image size-large\"><img loading=\"lazy\" decoding=\"async\" width=\"1024\" height=\"832\" src=\"https:\/\/medepia.com\/wp-content\/uploads\/2025\/12\/image-1-768x624-1.png\" alt=\"\" class=\"wp-image-13962\" srcset=\"https:\/\/medepia.com\/wp-content\/uploads\/2025\/12\/image-1-768x624-1.png 768w, https:\/\/medepia.com\/wp-content\/uploads\/2025\/12\/image-1-768x624-1-300x244.png 300w, https:\/\/medepia.com\/wp-content\/uploads\/2025\/12\/image-1-768x624-1-15x12.png 15w\" sizes=\"auto, (max-width: 1024px) 100vw, 1024px\" \/><\/figure>\n\n\n\n<p class=\"has-superbfont-tiny-font-size\"><em>Abbildung 7 \u2013 Attributverwaltung<\/em><br><\/p>\n\n\n\n<div style=\"height:23px\" aria-hidden=\"true\" class=\"wp-block-spacer\"><\/div>\n\n\n\n<p>3.3. Materialzuweisungsantrag<\/p>\n\n\n\n<p>Diese Anwendung erm\u00f6glicht die Zuordnung von SAP-Materialien zu Taxonomiekategorien und die dynamische Pflege der zugeh\u00f6rigen Attributwerte \u00fcber SAP MDG-\u00c4nderungsanforderungen. Der Benutzer kann ein Material ausw\u00e4hlen, es einer Kategorie zuordnen und anschlie\u00dfend die Werte der mit der zugeordneten Kategorie verkn\u00fcpften Attribute eingeben.<\/p>\n\n\n\n<figure class=\"wp-block-image size-large\"><img loading=\"lazy\" decoding=\"async\" width=\"1024\" height=\"684\" src=\"https:\/\/medepia.com\/wp-content\/uploads\/2025\/12\/image-3-1024x684-1.png\" alt=\"\" class=\"wp-image-13964\" srcset=\"https:\/\/medepia.com\/wp-content\/uploads\/2025\/12\/image-3-1024x684-1.png 1024w, https:\/\/medepia.com\/wp-content\/uploads\/2025\/12\/image-3-1024x684-1-300x200.png 300w, https:\/\/medepia.com\/wp-content\/uploads\/2025\/12\/image-3-1024x684-1-768x513.png 768w, https:\/\/medepia.com\/wp-content\/uploads\/2025\/12\/image-3-1024x684-1-18x12.png 18w\" sizes=\"auto, (max-width: 1024px) 100vw, 1024px\" \/><\/figure>\n\n\n\n<p class=\"has-superbfont-tiny-font-size\"><em>Abbildung 8 \u2013 Material eine Taxonomie zuweisen<\/em><\/p>\n\n\n\n<div style=\"height:23px\" aria-hidden=\"true\" class=\"wp-block-spacer\"><\/div>\n\n\n\n<p>3.4. Anwendung zur Konfiguration der Benutzeroberfl\u00e4che f\u00fcr die Taxonomie<\/p>\n\n\n\n<p>Zur Unterst\u00fctzung dieser Kernprozesse und -anwendungen dient die Anwendung \u201eTaxonomie-UI-Konfiguration\u201c. Diese Laufzeitkomponente generiert Benutzeroberfl\u00e4chenfelder (Gruppen), die eine \u00fcbersichtliche Darstellung von Kategorieattributen erm\u00f6glichen, ohne dass eine zus\u00e4tzliche technische Bereitstellung erforderlich ist. Relevante Attribute lassen sich gruppieren, und sowohl die Gruppen als auch die darin enthaltenen Attribute k\u00f6nnen je nach Szenario positioniert werden. Das Ergebnis ist eine intuitivere und benutzerfreundlichere Oberfl\u00e4che.<\/p>\n\n\n\n<p><\/p>\n\n\n\n<figure class=\"wp-block-image size-large\"><img loading=\"lazy\" decoding=\"async\" width=\"1024\" height=\"835\" src=\"https:\/\/medepia.com\/wp-content\/uploads\/2025\/12\/image-5-1024x835.png\" alt=\"\" class=\"wp-image-13966\" srcset=\"https:\/\/medepia.com\/wp-content\/uploads\/2025\/12\/image-5-1024x835.png 1024w, https:\/\/medepia.com\/wp-content\/uploads\/2025\/12\/image-5-300x245.png 300w, https:\/\/medepia.com\/wp-content\/uploads\/2025\/12\/image-5-768x627.png 768w, https:\/\/medepia.com\/wp-content\/uploads\/2025\/12\/image-5-1536x1253.png 1536w, https:\/\/medepia.com\/wp-content\/uploads\/2025\/12\/image-5-2048x1671.png 2048w, https:\/\/medepia.com\/wp-content\/uploads\/2025\/12\/image-5-15x12.png 15w\" sizes=\"auto, (max-width: 1024px) 100vw, 1024px\" \/><\/figure>\n\n\n\n<p class=\"has-superbfont-tiny-font-size\"><em>Abbildung 9 \u2013 UI-Konfiguration<\/em><br><\/p>\n\n\n\n<div style=\"height:23px\" aria-hidden=\"true\" class=\"wp-block-spacer\"><\/div>\n\n\n\n<p><\/p>\n\n\n\n<p>3.5. Herausragende Merkmale<br><\/p>\n\n\n\n<p>Im gesamten Workflow sorgen verschiedene Funktionen, F\u00e4higkeiten und intelligente Ans\u00e4tze daf\u00fcr, dass die Anwendung gesteuert, dynamisch und skalierbar ist. Einige dieser Funktionen sind:<\/p>\n\n\n\n<ul class=\"wp-block-list\">\n<li class=\"translation-block\">Die dynamische Attributverwaltung erm\u00f6glicht es dem System, Produktattribute zur Laufzeit auf Basis von Metadaten anstatt fest codierter Logik zu erstellen und zu verwalten. Neue Felder lassen sich sofort hinzuf\u00fcgen, ohne Datenbankstrukturen zu \u00e4ndern oder Anwendungen neu bereitzustellen. Dies erm\u00f6glicht eine schnelle Attributerstellung und -verwaltung und verbessert die Agilit\u00e4t.<\/li>\n<\/ul>\n\n\n\n<ul class=\"wp-block-list\">\n<li class=\"translation-block\">Persistenz auf JSON-Basis, die eine flexible Speicherung mehrerer Attributtypen erm\u00f6glicht.<\/li>\n<\/ul>\n\n\n\n<ul class=\"wp-block-list\">\n<li class=\"translation-block\">Werthilfen f\u00fcr vordefinierte Listen und numerische Bereiche beschleunigen die Zuweisungsprozesse.<\/li>\n<\/ul>\n\n\n\n<ul class=\"wp-block-list\">\n<li class=\"translation-block\">Hierarchie und Vererbung, die die automatische Weitergabe von Attributen an untergeordnete Kategorien erm\u00f6glicht, wenn diese \u00fcber Eltern-Kind-Beziehungen verbunden sind.<\/li>\n<\/ul>\n\n\n\n<ul class=\"wp-block-list\">\n<li class=\"translation-block\">Die Statusverwaltung erm\u00f6glicht es, Kategorien, Attributen und deren Zuordnungen zu Kategorien einen definierten Lebenszyklus mit verschiedenen Status (Offen, Akzeptiert, Storniert) zuzuweisen. Dieser geregelte Genehmigungsprozess gew\u00e4hrleistet Datengenauigkeit und Nachvollziehbarkeit.<\/li>\n<\/ul>\n\n\n\n<p class=\"translation-block\">Mehrsprachige Unterst\u00fctzung erm\u00f6glicht die Beschreibung von Kategorien und Attributen in mehreren Sprachen und unterst\u00fctzt so globale Produktkataloge. Die Benutzeroberfl\u00e4che zeigt Texte automatisch in der Anmeldesprache des Benutzers an.<\/p>\n\n\n\n<div style=\"height:23px\" aria-hidden=\"true\" class=\"wp-block-spacer\"><\/div>\n\n\n\n<p>4. <strong>Modell\u00fcbersicht und Architektur<\/strong><\/p>\n\n\n\n<p class=\"translation-block\">Die Medepia Taxonomy Management-Anwendung basiert auf einer vierschichtigen Architektur, die auf dem SAP-\u00d6kosystem aufbaut und Benutzeroberfl\u00e4che, Service, Gesch\u00e4ftslogik und Datenbank zu einem einheitlichen Framework vereint. Jede Schicht kommuniziert \u00fcber klar definierte Datenmodelle und Schnittstellen, die auf SAP Core Data Services (CDS) und RAP-Verhaltensdefinitionen beruhen. Dieser Modellierungsansatz gew\u00e4hrleistet Geschwindigkeit, Skalierbarkeit und Wartbarkeit \u00fcber den gesamten Lebenszyklus der Taxonomie hinweg.<\/p>\n\n\n\n<p><\/p>\n\n\n\n<figure class=\"wp-block-table\"><table class=\"has-fixed-layout\"><tbody><tr><td>Benutzerschnittstellenschicht (UI)<\/td><td>Entwickelt mit SAP Fiori und FPM Frameworks. Unterst\u00fctzt Anwendungen f\u00fcr Kategorie-, Attribut- und Materialmanagement.<\/td><\/tr><tr><td>Dienstschicht<\/td><td>Implementiert OData-Dienste, die CDS-basierte Entit\u00e4ten f\u00fcr den Zugriff auf und die Validierung von Daten zur Interaktion mit der Benutzeroberfl\u00e4che bereitstellen.<\/td><\/tr><tr><td>Anwendungsschicht<\/td><td>Enth\u00e4lt ABAP-Klassen und RAP-Verhaltenshandler f\u00fcr die dynamische Feldgenerierung, Vererbungslogik und Governance-Workflows. Besteht aus Erweiterungspunkten (BadIs) und BRF+-Regeln.<\/td><\/tr><tr><td>Persistenzschicht (Datenbank)<\/td><td>Eine normalisierte Datengrundlage, die alle Taxonomie-Entit\u00e4ten wie Attribute, Kategorien, Hierarchien, Beziehungen und Materialklassifizierungsdaten in einem strukturierten Modell mithilfe von Datenbanktabellen speichert.<\/td><\/tr><\/tbody><\/table><\/figure>","protected":false},"excerpt":{"rendered":"<p>Table of Contents 1. Introduction A taxonomy is a general term for a classification scheme. The purpose of a taxonomy is to group like things together into categories, usually based on a set of common, category-specific characteristics, or attributes. This article introduces the medepia Taxonomy Management, which is an enterprise application designed to standardize and [&hellip;]<\/p>","protected":false},"author":1,"featured_media":0,"parent":0,"menu_order":0,"comment_status":"closed","ping_status":"closed","template":"","meta":{"footnotes":""},"class_list":["post-13947","page","type-page","status-publish","hentry"],"_hostinger_reach_plugin_has_subscription_block":false,"_hostinger_reach_plugin_is_elementor":false,"_links":{"self":[{"href":"https:\/\/medepia.com\/de\/wp-json\/wp\/v2\/pages\/13947","targetHints":{"allow":["GET"]}}],"collection":[{"href":"https:\/\/medepia.com\/de\/wp-json\/wp\/v2\/pages"}],"about":[{"href":"https:\/\/medepia.com\/de\/wp-json\/wp\/v2\/types\/page"}],"author":[{"embeddable":true,"href":"https:\/\/medepia.com\/de\/wp-json\/wp\/v2\/users\/1"}],"replies":[{"embeddable":true,"href":"https:\/\/medepia.com\/de\/wp-json\/wp\/v2\/comments?post=13947"}],"version-history":[{"count":36,"href":"https:\/\/medepia.com\/de\/wp-json\/wp\/v2\/pages\/13947\/revisions"}],"predecessor-version":[{"id":13996,"href":"https:\/\/medepia.com\/de\/wp-json\/wp\/v2\/pages\/13947\/revisions\/13996"}],"wp:attachment":[{"href":"https:\/\/medepia.com\/de\/wp-json\/wp\/v2\/media?parent=13947"}],"curies":[{"name":"wp","href":"https:\/\/api.w.org\/{rel}","templated":true}]}}