{"id":13933,"date":"2025-12-18T15:12:30","date_gmt":"2025-12-18T12:12:30","guid":{"rendered":"https:\/\/skyblue-oryx-530841.hostingersite.com\/?page_id=13933"},"modified":"2025-12-18T15:17:48","modified_gmt":"2025-12-18T12:17:48","slug":"kvkk","status":"publish","type":"page","link":"https:\/\/medepia.com\/de\/kvkk\/","title":{"rendered":"KVKK"},"content":{"rendered":"<p><strong><u>KULLANICI AYDINLATMA METN\u0130<\/u><\/strong><\/p>\n\n\n\n<p>\u0130\u015fbu Ki\u015fisel Verilerin Korunmas\u0131 Hakk\u0131nda Kullan\u0131c\u0131 Ayd\u0131nlatma Metni (\u201c<strong>Ayd\u0131nlatma Metni<\/strong>\u201d) 6698 say\u0131l\u0131 Ki\u015fisel Verilerin Korunmas\u0131 Kanunu (\u201c<strong>KVKK\/Kanun<\/strong>\u201d) uyar\u0131nca veri sorumlusu olan&nbsp;<strong>medepia IT Teknoloji ve Bili\u015fim Sistemleri Dan\u015f. Hizm. A.\u015e.&nbsp;<\/strong>(\u201c<strong>\u015eirket<\/strong>\u201d) taraf\u0131ndan haz\u0131rlanm\u0131\u015f olup, Kanun\u2019un 10\u2019uncu maddesi, Ayd\u0131nlatma Y\u00fck\u00fcml\u00fcl\u00fc\u011f\u00fcn\u00fcn Yerine Getirilmesinde Uyulacak Usul ve Esaslar Hakk\u0131nda Tebli\u011f (\u201c<strong>Tebli\u011f<\/strong>\u201d) ve di\u011fer ilgili mevzuat gere\u011fince;<\/p>\n\n\n\n<ol style=\"list-style-type:lower-alpha\" class=\"wp-block-list\">\n<li>Veri Sorumlusu bilgileri,<\/li>\n\n\n\n<li>Ki\u015fisel verilerinizin hangi ama\u00e7la i\u015flenece\u011fi,<\/li>\n\n\n\n<li>Ki\u015fisel verilerinizin kimlere ve hangi ama\u00e7la aktar\u0131labilece\u011fi,<\/li>\n\n\n\n<li>Ki\u015fisel verilerinizin toplanman\u0131n y\u00f6ntemi ve hukuki sebebi,<\/li>\n\n\n\n<li>Kanun\u2019un 11\u2019inci maddesinde say\u0131lan haklar\u0131n\u0131z,<\/li>\n<\/ol>\n\n\n\n<p>Hakk\u0131nda siz kullan\u0131c\u0131lar\u0131m\u0131z\u0131 bilgilendirmek amac\u0131yla haz\u0131rlanm\u0131\u015ft\u0131r.<\/p>\n\n\n\n<h4 class=\"wp-block-heading\">1.&nbsp;&nbsp;&nbsp;&nbsp;&nbsp; VER\u0130 SORUMLUSU ve TEMS\u0130LC\u0130S\u0130 \u0130LET\u0130\u015e\u0130M B\u0130LG\u0130LER\u0130<\/h4>\n\n\n\n<p><a>Veri sorumlusuna ait bilgiler \u015fu \u015fekildedir:<\/a><\/p>\n\n\n\n<p>Unvan &nbsp;&nbsp;&nbsp;&nbsp;&nbsp;&nbsp;&nbsp;&nbsp;&nbsp;&nbsp;&nbsp; :&nbsp;medepia IT Teknoloji ve Bili\u015fim Sistemleri Dan\u015f. Hizm. A.\u015e.<\/p>\n\n\n\n<p>Adres&nbsp; &nbsp;&nbsp;&nbsp;&nbsp;&nbsp;&nbsp;&nbsp;&nbsp;&nbsp;&nbsp;&nbsp; :&nbsp;Mansuro\u011flu Mah. Ankara Cad. No: 81, D:123, Bayrakl\u0131\/\u0130zmir<\/p>\n\n\n\n<p>E-posta&nbsp;&nbsp;&nbsp;&nbsp;&nbsp;&nbsp;&nbsp;&nbsp;&nbsp;&nbsp; : info@medepia.com<\/p>\n\n\n\n<h4 class=\"wp-block-heading\">2.&nbsp;&nbsp;&nbsp;&nbsp;&nbsp; \u0130\u015eLENEN K\u0130\u015e\u0130SEL VER\u0130LER\u0130N\u0130Z<\/h4>\n\n\n\n<p>Taraf\u0131m\u0131zca kullan\u0131c\u0131lar\u0131m\u0131za ait ki\u015fisel veriler&nbsp;medepia IT Teknoloji ve Bili\u015fim Sistemleri Dan\u015f. Hizm. A.\u015e.&nbsp;\u00fczerinden i\u015flenebilmektedir. \u00d6rnek kabilinden olmak \u00fczere i\u015flemeye konu olabilecek ki\u015fisel verileriniz a\u015fa\u011f\u0131daki gibidir:<\/p>\n\n\n\n<figure class=\"wp-block-table\"><table class=\"has-fixed-layout\"><tbody><tr><td>Kimlik Verisi<\/td><td>Ad, soyad\u0131, do\u011fum tarihi, cinsiyet, medeni durumu<\/td><\/tr><tr><td>\u0130leti\u015fim Verisi<\/td><td>Telefon numaras\u0131, e-posta adresi<\/td><\/tr><tr><td>Meslek ve E\u011fitim Verisi<\/td><td>Mesle\u011fi, \u00f6\u011frenim durumu, sertifika ve diploma bilgileri, yabanc\u0131 dil bilgileri<\/td><\/tr><tr><td>G\u00f6rsel ve \u0130\u015fitsel Veri<\/td><td>Ger\u00e7ek ki\u015fiye ait foto\u011fraf, ses kay\u0131tlar\u0131<\/td><\/tr><tr><td>Di\u011fer<\/td><td>IP bilgileri, cihaz bilgileri (Device ID), \u00e7erez bilgileri, internet eri\u015fim loglar\u0131, lokasyon verisi<\/td><\/tr><\/tbody><\/table><\/figure>\n\n\n\n<h4 class=\"wp-block-heading\">3.&nbsp;&nbsp;&nbsp;&nbsp;&nbsp; K\u0130\u015e\u0130SEL VER\u0130LER\u0130N\u0130Z\u0130N \u0130\u015eLENME AMA\u00c7LARI<\/h4>\n\n\n\n<p>\u015eirket taraf\u0131ndan ki\u015fisel verileriniz;<\/p>\n\n\n\n<ul class=\"wp-block-list\">\n<li>\u015eirket olarak hizmetlerimizin sunulmas\u0131 yoluyla ticari faaliyetlerimizin ger\u00e7ekle\u015ftirilmesi, bunun i\u00e7in gerekli \u00e7al\u0131\u015fmalar\u0131n i\u015f birimleri taraf\u0131ndan yap\u0131lmas\u0131 ve ilgili i\u015f s\u00fcre\u00e7lerinin y\u00fcr\u00fct\u00fclmesi,<\/li>\n\n\n\n<li>Ticari ve\/veya i\u015f stratejilerinin planlanmas\u0131 ve icras\u0131, faydaland\u0131\u011f\u0131n\u0131z hizmetlerimize ili\u015fkin kay\u0131tlar\u0131n\u0131z\u0131n tutulmas\u0131,<\/li>\n\n\n\n<li>Kullan\u0131c\u0131 istek, \u015fik\u00e2yet ve \u00f6nerilerinize en k\u0131sa s\u00fcrede yan\u0131t verilmesi ve bunlar hakk\u0131nda bilgilendirmelerin yap\u0131lmas\u0131,<\/li>\n\n\n\n<li>Hizmetlerimizin sunulmas\u0131 esnas\u0131nda ortaya \u00e7\u0131kabilecek sistemsel hatalar\u0131n tespiti, onar\u0131m\u0131 ve sistem performans \u00f6l\u00e7\u00fcm\u00fcn\u00fcn yap\u0131lmas\u0131,<\/li>\n\n\n\n<li>Sundu\u011fumuz hizmetlerimizin iyile\u015ftirilmesi, bak\u0131m ve destek hizmetleri ile yedekleme hizmetlerinin sunulmas\u0131,<\/li>\n\n\n\n<li>Yasal y\u00fck\u00fcml\u00fcl\u00fcklerimizin yerine getirilmesi,<\/li>\n<\/ul>\n\n\n\n<p>Ama\u00e7 ve hukuki sebepleri i\u00e7in; ancak bunlarla s\u0131n\u0131rl\u0131 olmamakla birlikte benzer ama\u00e7 ve sebeplerle i\u015flenebilir.<\/p>\n\n\n\n<p>Ki\u015fisel verileriniz, ilgili mevzuatta belirtilen veya i\u015flendikleri ama\u00e7 i\u00e7in gerekli olan makul ve azami s\u00fcre ve herhalde kanuni zamana\u015f\u0131m\u0131 s\u00fcreleri kadar muhafaza edilecektir.<\/p>\n\n\n\n<h4 class=\"wp-block-heading\">4.&nbsp;&nbsp;&nbsp;&nbsp;&nbsp; K\u0130\u015e\u0130SEL VER\u0130LER\u0130N\u0130Z\u0130N YURT \u0130\u00c7\u0130NDEK\u0130 \u00dc\u00c7\u00dcNC\u00dc K\u0130\u015e\u0130LERLE PAYLA\u015eILMASI<\/h4>\n\n\n\n<p>\u015eirket\u2019imizin kanuni y\u00fck\u00fcml\u00fcl\u00fcklerini yerine getirmesi amac\u0131yla ki\u015fisel verileriniz, 6698 Say\u0131l\u0131 Ki\u015fisel Verilerin Korunmas\u0131 Kanunu ba\u015fta olmak fakat bunlarla s\u0131n\u0131rl\u0131 olmamak \u00fczere T\u00fcrkiye Cumhuriyeti s\u0131n\u0131rlar\u0131 i\u00e7erisinde \u015eirket\u2019imizin t\u00e2bi oldu\u011fu her t\u00fcrl\u00fc mevzuat h\u00fck\u00fcmleri gere\u011fince; Ki\u015fisel Verileri Koruma Kurumu, Bilgi Teknolojileri ve \u0130leti\u015fim Kurumu gibi kamu t\u00fczel ki\u015fileri gibi ilgili kurum veya kurulu\u015flar ile yasal y\u00fck\u00fcml\u00fcl\u00fckler gere\u011fince payla\u015f\u0131labilir.<\/p>\n\n\n\n<p><em>Bunlar\u0131n yan\u0131nda \u015eirket olarak, \u00f6demeleriniz ile ilgili bilgilerinizi (kredi kart\u0131, banka hesab\u0131 vb.) i\u015flemiyor, saklam\u0131yor ve g\u00f6rm\u00fcyoruz. \u015eirket\u2019imizin sizin finansal \u00f6deme bilgilerinize eri\u015fimi yoktur. Hizmetlerimizden yararlanmak i\u00e7in yap\u0131lan \u00f6deme alma i\u015flemleri, BDDK lisanl\u0131, ki\u015fisel verilerin korunmas\u0131 i\u00e7in t\u00fcm teknik ve idari tedbirler ile veri g\u00fcvenlik \u00f6nlemlerini alm\u0131\u015f \u00f6deme sistem sa\u011flay\u0131c\u0131lar\u0131 yoluyla ger\u00e7ekle\u015fmektedir. Bundan dolay\u0131 \u00f6demeleriniz esnas\u0131nda ki\u015fisel verileriniz g\u00fcvenli, BDDK lisansl\u0131 \u00f6deme sistem sa\u011flay\u0131c\u0131lar\u0131na aktar\u0131lmaktad\u0131r.<\/em><\/p>\n\n\n\n<h4 class=\"wp-block-heading\">5.&nbsp;&nbsp;&nbsp;&nbsp;&nbsp; K\u0130\u015e\u0130SEL VER\u0130LER\u0130N\u0130Z\u0130N YURT DI\u015eINDAK\u0130 \u00dc\u00c7\u00dcNC\u00dc K\u0130\u015e\u0130LERLE PAYLA\u015eILMASI<\/h4>\n\n\n\n<p>Ki\u015fisel verileriniz, Kanun\u2019un 9\u2019uncu maddesi \u00e7er\u00e7evesinde ve a\u00e7\u0131k r\u0131zan\u0131z\u0131n al\u0131nmas\u0131 \u015fart\u0131yla;<\/p>\n\n\n\n<ul class=\"wp-block-list\">\n<li>\u015eirket\u2019imizin mukim oldu\u011fu \u00fclke yasalar\u0131n\u0131n gerektirdi\u011fi \u015fartlarda,<\/li>\n\n\n\n<li>Ki\u015fisel veri g\u00fcvenli\u011fi i\u00e7in her t\u00fcrl\u00fc teknik ve idari tedbiri alm\u0131\u015f ve veri g\u00fcvenli\u011fine sahip server\u2019larda saklanmak \u00fczere,<\/li>\n<\/ul>\n\n\n\n<p>Yurt d\u0131\u015f\u0131na aktar\u0131lmaktad\u0131r.<\/p>\n\n\n\n<h4 class=\"wp-block-heading\">6.&nbsp;&nbsp;&nbsp;&nbsp;&nbsp; K\u0130\u015e\u0130SEL VER\u0130LER\u0130N\u0130Z\u0130N TOPLANMA Y\u00d6NTEM\u0130 VE HUKUK\u0130 SEBEB\u0130<\/h4>\n\n\n\n<p>Ki\u015fisel verileriniz,&nbsp;medepia IT Teknoloji ve Bili\u015fim Sistemleri Dan\u015f. Hizm. A.\u015e.\u2019nde, elektronik ortamda ve \u00e7erezler vas\u0131tas\u0131yla toplanmaktad\u0131r. Yukar\u0131da belirtilen hukuki sebeplere ilaveten sizlerin kullan\u0131c\u0131 deneyiminizi geli\u015ftirmeye ve sizlere daha kaliteli ve \u00e7e\u015fitli hizmetler sunmaya y\u00f6nelik me\u015fru menfaatimizin gere\u011fi olarak toplanan ki\u015fisel verileriniz Kanun\u2019un 5\u2019inci ve 6\u2019inci maddelerinde belirtilen ama\u00e7larla i\u015flenebilmekte ve aktar\u0131labilmektedir.<\/p>\n\n\n\n<h4 class=\"wp-block-heading\">7.&nbsp;&nbsp;&nbsp;&nbsp;&nbsp; KANUN\u0130 HAKLARINIZ<\/h4>\n\n\n\n<p>KVKK\u2019n\u0131n 11\u2019inci maddesi gere\u011fi ki\u015fisel verileriniz ile ilgili;<\/p>\n\n\n\n<ol class=\"wp-block-list\">\n<li>\u015eirket\u2019in ki\u015fisel verilerinizi i\u015fleyip i\u015flemedi\u011fini \u00f6\u011frenme;<\/li>\n\n\n\n<li>\u015eirket ki\u015fisel verilerinizi i\u015flemi\u015fse, buna ili\u015fkin \u015eirket\u2019ten bilgi talep etme;<\/li>\n\n\n\n<li>Ki\u015fisel verilerinizin i\u015flenme amac\u0131n\u0131 ve bunlar\u0131n amac\u0131na uygun kullan\u0131l\u0131p kullan\u0131lmad\u0131\u011f\u0131 \u00f6\u011frenme;<\/li>\n\n\n\n<li>Ki\u015fisel verilerinizin yurti\u00e7i veya yurtd\u0131\u015f\u0131na aktar\u0131l\u0131p aktar\u0131lmad\u0131\u011f\u0131n\u0131 ve aktar\u0131ld\u0131ysa kimlere aktar\u0131ld\u0131\u011f\u0131n\u0131 \u00f6\u011frenme;<\/li>\n\n\n\n<li>Ki\u015fisel verilerinizin eksik veya yanl\u0131\u015f i\u015flenmi\u015f olmas\u0131 halinde bunlar\u0131n d\u00fczeltilmesini isteme;<\/li>\n\n\n\n<li>Ki\u015fisel verilerinizin Kanun\u2019un 7\u2019inci maddesinde \u00f6ng\u00f6r\u00fclen \u015fartlar \u00e7er\u00e7evesinde silinmesini, yok edilmesini veya anonim hale getirilmesini isteme;<\/li>\n\n\n\n<li>Ki\u015fisel verilerinizin talebiniz \u00fczerine, eksik veya yanl\u0131\u015f i\u015flenmi\u015f olmas\u0131 nedeniyle d\u00fczeltilmesi ve\/veya Kanun\u2019un 7\u2019inci maddesinde \u00f6ng\u00f6r\u00fclen \u015fartlar \u00e7er\u00e7evesinde silinmesi veya yok edilmesi halinde yap\u0131lan i\u015flemlerin, ki\u015fisel verilerinizin aktar\u0131ld\u0131\u011f\u0131 \u00fc\u00e7\u00fcnc\u00fc ki\u015filere bildirilmesini isteme;<\/li>\n\n\n\n<li>E\u011fer i\u015flenen ki\u015fisel verilerinizin m\u00fcnhas\u0131ran otomatik sistemler vas\u0131tas\u0131yla analiz edilmesi suretiyle aleyhinize ortaya \u00e7\u0131kan bir sonu\u00e7 var, ise bu duruma itiraz etme;<\/li>\n\n\n\n<li>Ki\u015fisel verilerinizin kanuna ayk\u0131r\u0131 olarak i\u015flenmesi sebebiyle zarara u\u011framan\u0131z h\u00e2linde zarar\u0131n giderilmesini talep etme,<\/li>\n<\/ol>\n\n\n\n<p>haklar\u0131na sahipsiniz.<\/p>\n\n\n\n<p>Yukar\u0131da listelenmi\u015f haklar\u0131n\u0131z\u0131 kullanman\u0131z i\u00e7in \u015eirket\u2019e Kanun\u2019un 13\u2019\u00fcnc\u00fc maddesi ve Veri Sorumlusuna Ba\u015fvuru Usul ve Esaslar\u0131 Hakk\u0131nda Tebli\u011f kapsam\u0131nda yapaca\u011f\u0131n\u0131z ba\u015fvurunuzu \u015eirket\u2019imize daha \u00f6nce bildirdi\u011finiz ve \u015eirket\u2019imizin sisteminde kay\u0131tl\u0131 bulunan elektronik posta adresinizden g\u00f6nderece\u011finiz e-posta ile info@medepia.com elektronik posta adresimize iletilmeniz gerekmektedir. G\u00f6nderece\u011finiz e-postan\u0131n konu k\u0131sm\u0131na \u201cKi\u015fisel Verilerin Korunmas\u0131 Kanunu Bilgi Talebi\u201d yaz\u0131lacakt\u0131r.<\/p>\n\n\n\n<p>Ba\u015fvurunuzda;<\/p>\n\n\n\n<ul class=\"wp-block-list\">\n<li>Ad\u0131n\u0131z ve soyad\u0131n\u0131z,<\/li>\n\n\n\n<li>T\u00fcrkiye Cumhuriyeti vatanda\u015f\u0131 iseniz T.C. kimlik numaran\u0131z, yabanc\u0131lar i\u00e7in uyru\u011funuz ile pasaport numaran\u0131z veya varsa kimlik numaran\u0131z,<\/li>\n\n\n\n<li>Tebligata esas yerle\u015fim yeriniz veya i\u015f yeri adresiniz,<\/li>\n\n\n\n<li>Varsa bildirime esas elektronik posta adresiniz haricinde telefon numaran\u0131z,<\/li>\n\n\n\n<li>Talep konunuz,<\/li>\n<\/ul>\n\n\n\n<p>Bulunmas\u0131 zorunlu k\u0131s\u0131mlard\u0131r. Bu zorunlu k\u0131s\u0131mlar bulunmad\u0131\u011f\u0131 takdirde ba\u015fvurunuz i\u015fleme al\u0131nmayacakt\u0131r. Ayr\u0131ca ba\u015fvuru konunuza ili\u015fkin varsa bilgi ve belgeleri de size daha iyi yard\u0131mc\u0131 olabilmemiz i\u00e7in ba\u015fvurunuza eklemenizi rica ederiz.<\/p>\n\n\n\n<p>Ba\u015fvurunuzda yer alan talepleriniz, talebinizin info@medepia.com e-posta adresine ula\u015ft\u0131\u011f\u0131 tarihten itibaren talebin niteli\u011fine g\u00f6re en k\u0131sa s\u00fcrede ve en ge\u00e7 otuz (30) g\u00fcn i\u00e7inde \u00fccretsiz olarak sonu\u00e7land\u0131r\u0131lacakt\u0131r. Ancak, i\u015flemin \u015eirket i\u00e7in ayr\u0131ca bir maliyet gerektirmesi h\u00e2linde, Ki\u015fisel Verileri Koruma Kurulu taraf\u0131ndan Veri Sorumlusuna Ba\u015fvuru Usul ve Esaslar\u0131 Hakk\u0131nda Tebli\u011f\u2019de belirlenen tarifedeki \u00fccret al\u0131nabilir.<\/p>\n\n\n\n<h4 class=\"wp-block-heading\">8.&nbsp;&nbsp;&nbsp;&nbsp;&nbsp; D\u0130\u011eER HUSUSLAR<\/h4>\n\n\n\n<p>Sizin a\u00e7\u0131k r\u0131zan\u0131za veya Kanun\u2019daki di\u011fer i\u015fleme \u015fartlar\u0131na ba\u011fl\u0131 olarak ki\u015fisel verinizin i\u015flendi\u011fi her durumda veya ki\u015fisel verilerinizin i\u015fleme amac\u0131 de\u011fi\u015fti\u011finde veri i\u015fleme faaliyetinden \u00f6nce, talebinize ba\u011fl\u0131 olmadan ve yerine getirildi\u011finin ispat\u0131 \u015eirket\u2019e ait olmak \u00fczere ayd\u0131nlatma y\u00fck\u00fcml\u00fcl\u00fc\u011f\u00fc s\u00f6zl\u00fc, yaz\u0131l\u0131, ses kayd\u0131, \u00e7a\u011fr\u0131 merkezi gibi fiziksel veya elektronik ortam kullan\u0131lmak suretiyle \u015eirket taraf\u0131ndan yerine getirilecektir.<\/p>","protected":false},"excerpt":{"rendered":"<p>KULLANICI AYDINLATMA METN\u0130 \u0130\u015fbu Ki\u015fisel Verilerin Korunmas\u0131 Hakk\u0131nda Kullan\u0131c\u0131 Ayd\u0131nlatma Metni (\u201cAyd\u0131nlatma Metni\u201d) 6698 say\u0131l\u0131 Ki\u015fisel Verilerin Korunmas\u0131 Kanunu (\u201cKVKK\/Kanun\u201d) uyar\u0131nca veri sorumlusu olan&nbsp;medepia IT Teknoloji ve Bili\u015fim Sistemleri Dan\u015f. Hizm. A.\u015e.&nbsp;(\u201c\u015eirket\u201d) taraf\u0131ndan haz\u0131rlanm\u0131\u015f olup, Kanun\u2019un 10\u2019uncu maddesi, Ayd\u0131nlatma Y\u00fck\u00fcml\u00fcl\u00fc\u011f\u00fcn\u00fcn Yerine Getirilmesinde Uyulacak Usul ve Esaslar Hakk\u0131nda Tebli\u011f (\u201cTebli\u011f\u201d) ve di\u011fer ilgili mevzuat gere\u011fince; Hakk\u0131nda [&hellip;]<\/p>","protected":false},"author":1,"featured_media":0,"parent":0,"menu_order":0,"comment_status":"closed","ping_status":"closed","template":"","meta":{"footnotes":""},"class_list":["post-13933","page","type-page","status-publish","hentry"],"_hostinger_reach_plugin_has_subscription_block":false,"_hostinger_reach_plugin_is_elementor":false,"_links":{"self":[{"href":"https:\/\/medepia.com\/de\/wp-json\/wp\/v2\/pages\/13933","targetHints":{"allow":["GET"]}}],"collection":[{"href":"https:\/\/medepia.com\/de\/wp-json\/wp\/v2\/pages"}],"about":[{"href":"https:\/\/medepia.com\/de\/wp-json\/wp\/v2\/types\/page"}],"author":[{"embeddable":true,"href":"https:\/\/medepia.com\/de\/wp-json\/wp\/v2\/users\/1"}],"replies":[{"embeddable":true,"href":"https:\/\/medepia.com\/de\/wp-json\/wp\/v2\/comments?post=13933"}],"version-history":[{"count":3,"href":"https:\/\/medepia.com\/de\/wp-json\/wp\/v2\/pages\/13933\/revisions"}],"predecessor-version":[{"id":13938,"href":"https:\/\/medepia.com\/de\/wp-json\/wp\/v2\/pages\/13933\/revisions\/13938"}],"wp:attachment":[{"href":"https:\/\/medepia.com\/de\/wp-json\/wp\/v2\/media?parent=13933"}],"curies":[{"name":"wp","href":"https:\/\/api.w.org\/{rel}","templated":true}]}}