{"id":13842,"date":"2025-11-27T17:33:56","date_gmt":"2025-11-27T14:33:56","guid":{"rendered":"https:\/\/skyblue-oryx-530841.hostingersite.com\/?page_id=13842"},"modified":"2025-11-27T17:33:56","modified_gmt":"2025-11-27T14:33:56","slug":"improving-data-quality-the-strategic-benefits-of-sap-mdg","status":"publish","type":"page","link":"https:\/\/medepia.com\/de\/improving-data-quality-the-strategic-benefits-of-sap-mdg\/","title":{"rendered":"Verbesserung der Datenqualit\u00e4t: Die strategischen Vorteile von SAP MDG"},"content":{"rendered":"<figure class=\"wp-block-image size-large\"><img loading=\"lazy\" decoding=\"async\" width=\"1024\" height=\"576\" src=\"https:\/\/medepia.com\/wp-content\/uploads\/2025\/11\/1-min-1536x864-1-1024x576.png\" alt=\"\" class=\"wp-image-13843\" srcset=\"https:\/\/medepia.com\/wp-content\/uploads\/2025\/11\/1-min-1536x864-1-1024x576.png 1024w, https:\/\/medepia.com\/wp-content\/uploads\/2025\/11\/1-min-1536x864-1-300x169.png 300w, https:\/\/medepia.com\/wp-content\/uploads\/2025\/11\/1-min-1536x864-1-768x432.png 768w, https:\/\/medepia.com\/wp-content\/uploads\/2025\/11\/1-min-1536x864-1.png 1536w\" sizes=\"auto, (max-width: 1024px) 100vw, 1024px\" \/><\/figure>\n\n\n\n<p>SAP MDG bietet verschiedene Automatisierungs- und Kontrollmechanismen f\u00fcr die Erstellung, Aktualisierung und Verwaltung von Stammdaten. Dadurch wird die Wahrscheinlichkeit fehlerhafter oder unvollst\u00e4ndiger Daten minimiert. Im Folgenden sind einige der wichtigsten Funktionen von SAP MDG zur Verbesserung der Datenqualit\u00e4t aufgef\u00fchrt:<\/p>\n\n\n\n<h3 class=\"wp-block-heading\">Die Bedeutung der Datenqualit\u00e4t in Gesch\u00e4ftsprozessen<\/h3>\n\n\n\n<p>Datenqualit\u00e4t ist die Grundlage f\u00fcr die effektive Funktionsweise jeder Organisation. Insbesondere in gro\u00dfen Unternehmen sind Genauigkeit, Vollst\u00e4ndigkeit und Konsistenz der Daten unerl\u00e4sslich f\u00fcr einen reibungslosen Gesch\u00e4ftsablauf. Fehlerhafte oder unvollst\u00e4ndige Daten k\u00f6nnen Gesch\u00e4ftsprozesse st\u00f6ren. Beispielsweise kann eine Bestellung mit falschen Kundendaten dazu f\u00fchren, dass Produkte an die falsche Adresse geliefert, Rechnungen an die falsche Person gesendet und letztendlich der Kunde unzufrieden wird. Ebenso k\u00f6nnen fehlerhafte Lieferantendaten Probleme im Bestandsmanagement verursachen und Produktionsprozesse negativ beeinflussen.<\/p>\n\n\n\n<p>Hier kommt SAP MDG ins Spiel. Es gew\u00e4hrleistet die pr\u00e4zise und konsistente Verwaltung von Stammdaten und beugt so St\u00f6rungen in Gesch\u00e4ftsprozessen vor. Das System erm\u00f6glicht die zentrale Verwaltung und Validierung von Daten und verhindert dadurch, dass fehlerhafte Daten ins System gelangen. Dies erm\u00f6glicht effizientere und reibungslosere Gesch\u00e4ftsprozesse.<\/p>\n\n\n\n<h3 class=\"wp-block-heading\">Die Rolle von SAP MDG bei der Sicherstellung der Datenqualit\u00e4t<\/h3>\n\n\n\n<figure class=\"wp-block-image size-large\"><img loading=\"lazy\" decoding=\"async\" width=\"1024\" height=\"576\" src=\"https:\/\/medepia.com\/wp-content\/uploads\/2025\/11\/2-min-1536x864-1-1024x576.png\" alt=\"\" class=\"wp-image-13844\" srcset=\"https:\/\/medepia.com\/wp-content\/uploads\/2025\/11\/2-min-1536x864-1-1024x576.png 1024w, https:\/\/medepia.com\/wp-content\/uploads\/2025\/11\/2-min-1536x864-1-300x169.png 300w, https:\/\/medepia.com\/wp-content\/uploads\/2025\/11\/2-min-1536x864-1-768x432.png 768w, https:\/\/medepia.com\/wp-content\/uploads\/2025\/11\/2-min-1536x864-1.png 1536w\" sizes=\"auto, (max-width: 1024px) 100vw, 1024px\" \/><\/figure>\n\n\n\n<p>SAP MDG bietet verschiedene Automatisierungs- und Kontrollmechanismen f\u00fcr die Erstellung, Aktualisierung und Verwaltung von Stammdaten. Dadurch wird die Wahrscheinlichkeit fehlerhafter oder unvollst\u00e4ndiger Daten minimiert. Im Folgenden sind einige der wichtigsten Funktionen von SAP MDG zur Verbesserung der Datenqualit\u00e4t aufgef\u00fchrt:<\/p>\n\n\n\n<p>1.&nbsp;<strong>Zentralisierte Datenverwaltung:&nbsp;<\/strong>MDG erm\u00f6glicht die Verwaltung aller Stammdaten \u00fcber ein zentrales System. Dadurch werden Inkonsistenzen vermieden, die bei der Datenerfassung aus verschiedenen Quellen auftreten k\u00f6nnen. Dar\u00fcber hinaus sorgt ein kontinuierlicher Kontrollmechanismus daf\u00fcr, dass die Daten stets korrekt und aktuell sind.<\/p>\n\n\n\n<p>2.&nbsp;<strong>Datenvalidierungs- und Genehmigungsprozesse:<\/strong>SAP MDG bietet verschiedene Validierungs- und Genehmigungsprozesse, um die Genauigkeit der Dateneingaben sicherzustellen. Die Daten werden direkt nach der Eingabe ins System validiert und m\u00fcssen bestimmte Qualit\u00e4tsstandards erf\u00fcllen. Dar\u00fcber hinaus m\u00fcssen wesentliche \u00c4nderungen vor ihrer Implementierung Genehmigungsprozesse durchlaufen, um die Eingabe fehlerhafter Daten zu verhindern.<\/p>\n\n\n\n<p>3.&nbsp;<strong>Einheitliche Datenstandards:<\/strong>SAP MDG bietet Werkzeuge zur Definition und Durchsetzung von Datenstandards. Dadurch wird sichergestellt, dass alle Gesch\u00e4ftsbereiche dieselben Datenstandards einhalten und inkonsistente Dateneingaben vermieden werden. Insbesondere in multinationalen Unternehmen ist die Gew\u00e4hrleistung der Konsistenz von Dateneingaben aus verschiedenen Regionen entscheidend f\u00fcr effiziente Gesch\u00e4ftsprozesse.<\/p>\n\n\n\n<p>4.&nbsp;<strong>Automatisierte Datenaktualisierungen (Harmonisierung\/Replikation):<\/strong>SAP MDG aktualisiert Daten automatisch, um deren Aktualit\u00e4t zu gew\u00e4hrleisten. Dadurch wird der manuelle Aufwand reduziert und fehlerhafte Dateneingaben werden vermieden. So werden beispielsweise \u00c4nderungen an Kunden- oder Lieferanteninformationen automatisch im System aktualisiert und alle relevanten Abteilungen dar\u00fcber informiert.<\/p>\n\n\n\n<h3 class=\"wp-block-heading\">Vorteile verbesserter Datenqualit\u00e4t f\u00fcr Unternehmen<\/h3>\n\n\n\n<figure class=\"wp-block-image size-large\"><img loading=\"lazy\" decoding=\"async\" width=\"1024\" height=\"576\" src=\"https:\/\/medepia.com\/wp-content\/uploads\/2025\/11\/3-min-1536x864-1-1024x576.png\" alt=\"\" class=\"wp-image-13845\" srcset=\"https:\/\/medepia.com\/wp-content\/uploads\/2025\/11\/3-min-1536x864-1-1024x576.png 1024w, https:\/\/medepia.com\/wp-content\/uploads\/2025\/11\/3-min-1536x864-1-300x169.png 300w, https:\/\/medepia.com\/wp-content\/uploads\/2025\/11\/3-min-1536x864-1-768x432.png 768w, https:\/\/medepia.com\/wp-content\/uploads\/2025\/11\/3-min-1536x864-1.png 1536w\" sizes=\"auto, (max-width: 1024px) 100vw, 1024px\" \/><\/figure>\n\n\n\n<p>Die Verbesserung der Datenqualit\u00e4t gew\u00e4hrleistet einen reibungslosen Gesch\u00e4ftsablauf und bietet Unternehmen strategische Vorteile. Mit pr\u00e4zisen und zuverl\u00e4ssigen Daten k\u00f6nnen Unternehmen schnellere und fundiertere Entscheidungen treffen. Hier einige der wichtigsten Vorteile, die Datenqualit\u00e4t Unternehmen bietet:<\/p>\n\n\n\n<p>1.&nbsp;<strong>Betriebliche Effizienz:<\/strong>Genaue und konsistente Daten erm\u00f6glichen effizientere und reibungslosere Gesch\u00e4ftsprozesse. Eine hohe Datenqualit\u00e4t, insbesondere in kritischen Bereichen wie Lieferkettenmanagement, Kundenbeziehungsmanagement und Finanztransaktionen, verbessert die Gesch\u00e4ftseffizienz.<\/p>\n\n\n\n<p>2<strong>. Kosteneinsparungen:<\/strong>Probleme aufgrund fehlerhafter Daten verursachen Unternehmen sowohl Zeit- als auch finanzielle Verluste. Transaktionen, die auf fehlerhaften Daten basieren, k\u00f6nnen zu R\u00fccksendungen, Nachbearbeitungen und Kundenunzufriedenheit f\u00fchren. Die hohe Datenqualit\u00e4t von SAP MDG beugt diesen kostspieligen Fehlern vor.<\/p>\n\n\n\n<p>3.&nbsp;<strong>Zuverl\u00e4ssigkeit und Kundenzufriedenheit:<\/strong>Genaue Daten st\u00e4rken zudem die Kundenbeziehungen. Korrekte und zeitnahe Serviceleistungen erh\u00f6hen die Kundenzufriedenheit. Beispielsweise ist die Lieferung von Produkten an die richtige Adresse oder der Versand korrekter Rechnungen entscheidend f\u00fcr die Zuverl\u00e4ssigkeit des Unternehmens.<\/p>\n\n\n\n<p>Die Datenqualit\u00e4t ist heute einer der entscheidendsten Erfolgsfaktoren f\u00fcr Unternehmen. Fehlerhafte, unvollst\u00e4ndige oder inkonsistente Daten k\u00f6nnen Gesch\u00e4ftsprozesse st\u00f6ren und langfristig erhebliche Sch\u00e4den verursachen. SAP MDG tr\u00e4gt zur Vermeidung dieser Probleme bei, indem es die Datenqualit\u00e4t verbessert. Mit Funktionen wie zentralisierter Datenverwaltung, Datenvalidierungsprozessen und automatisierten Aktualisierungen erm\u00f6glicht SAP MDG Unternehmen die pr\u00e4zise, \u200b\u200bvollst\u00e4ndige und konsistente Verwaltung ihrer Daten. Dies steigert nicht nur die Effizienz von Gesch\u00e4ftsprozessen, sondern bietet Unternehmen auch langfristige strategische Vorteile.<\/p>\n\n\n\n<p>Sie k\u00f6nnen die strategischen Vorteile von SAP MDG nutzen, um Ihre Datenmanagementprozesse zu optimieren und die Datenqualit\u00e4t zu verbessern. Wenn Sie Ihre Gesch\u00e4ftsprozesse effizienter gestalten und durch bessere Datenqualit\u00e4t Kosten einsparen m\u00f6chten, kontaktieren Sie uns gerne, um mehr \u00fcber unsere ma\u00dfgeschneiderten L\u00f6sungen zu erfahren.<\/p>\n\n\n\n<p>Unser Expertenteam steht Ihnen gerne zur Seite, um mit SAP MDG die am besten geeignete Strategie f\u00fcr Ihre Gesch\u00e4ftsanforderungen zu entwickeln.<\/p>","protected":false},"excerpt":{"rendered":"<p>In today\u2019s rapidly digitizing business world, data quality plays a critical role in the success of business processes. Incorrect or inconsistent data not only cause problems in daily operations but also pose significant risks when making strategic decisions. For this reason, effective data managing, ensuring error-free and consistent data flows, allows businesses to gain a [&hellip;]<\/p>","protected":false},"author":1,"featured_media":0,"parent":0,"menu_order":0,"comment_status":"closed","ping_status":"closed","template":"","meta":{"footnotes":""},"class_list":["post-13842","page","type-page","status-publish","hentry"],"_hostinger_reach_plugin_has_subscription_block":false,"_hostinger_reach_plugin_is_elementor":false,"_links":{"self":[{"href":"https:\/\/medepia.com\/de\/wp-json\/wp\/v2\/pages\/13842","targetHints":{"allow":["GET"]}}],"collection":[{"href":"https:\/\/medepia.com\/de\/wp-json\/wp\/v2\/pages"}],"about":[{"href":"https:\/\/medepia.com\/de\/wp-json\/wp\/v2\/types\/page"}],"author":[{"embeddable":true,"href":"https:\/\/medepia.com\/de\/wp-json\/wp\/v2\/users\/1"}],"replies":[{"embeddable":true,"href":"https:\/\/medepia.com\/de\/wp-json\/wp\/v2\/comments?post=13842"}],"version-history":[{"count":1,"href":"https:\/\/medepia.com\/de\/wp-json\/wp\/v2\/pages\/13842\/revisions"}],"predecessor-version":[{"id":13846,"href":"https:\/\/medepia.com\/de\/wp-json\/wp\/v2\/pages\/13842\/revisions\/13846"}],"wp:attachment":[{"href":"https:\/\/medepia.com\/de\/wp-json\/wp\/v2\/media?parent=13842"}],"curies":[{"name":"wp","href":"https:\/\/api.w.org\/{rel}","templated":true}]}}