{"id":13835,"date":"2025-11-27T17:29:57","date_gmt":"2025-11-27T14:29:57","guid":{"rendered":"https:\/\/skyblue-oryx-530841.hostingersite.com\/?page_id=13835"},"modified":"2025-11-27T17:29:57","modified_gmt":"2025-11-27T14:29:57","slug":"the-key-benefits-of-sap-mdg-centralized-data-management","status":"publish","type":"page","link":"https:\/\/medepia.com\/de\/the-key-benefits-of-sap-mdg-centralized-data-management\/","title":{"rendered":"Die wichtigsten Vorteile von SAP MDG: Zentralisierte Datenverwaltung"},"content":{"rendered":"<p><\/p>\n\n\n\n<figure class=\"wp-block-image size-large\"><img loading=\"lazy\" decoding=\"async\" width=\"1024\" height=\"576\" src=\"https:\/\/medepia.com\/wp-content\/uploads\/2025\/11\/1-1-1536x864-1-1024x576.png\" alt=\"\" class=\"wp-image-13836\" srcset=\"https:\/\/medepia.com\/wp-content\/uploads\/2025\/11\/1-1-1536x864-1-1024x576.png 1024w, https:\/\/medepia.com\/wp-content\/uploads\/2025\/11\/1-1-1536x864-1-300x169.png 300w, https:\/\/medepia.com\/wp-content\/uploads\/2025\/11\/1-1-1536x864-1-768x432.png 768w, https:\/\/medepia.com\/wp-content\/uploads\/2025\/11\/1-1-1536x864-1.png 1536w\" sizes=\"auto, (max-width: 1024px) 100vw, 1024px\" \/><\/figure>\n\n\n\n<p>Daten werden in verschiedenen Abteilungen und Systemen eines Unternehmens generiert und genutzt. Von Kundenbeziehungen \u00fcber Supply-Chain-Management und Finanzen bis hin zu Personalwesen \u2013 jede Abteilung ist auf die effektive Nutzung von Daten f\u00fcr einen reibungslosen Ablauf angewiesen. Werden Daten jedoch abteilungs- und system\u00fcbergreifend isoliert gespeichert, entstehen Datensilos, die zu Problemen wie Datenduplizierung, Inkonsistenzen und Kommunikationsst\u00f6rungen f\u00fchren. SAP Master Data Governance (MDG) begegnet diesen Herausforderungen durch ein zentralisiertes Datenmanagement und gew\u00e4hrleistet so eine konsistente und korrekte Datennutzung im gesamten Unternehmen. Dieser zentrale Ansatz verbessert die Abstimmung und Koordination und steigert die Effizienz der Gesch\u00e4ftsprozesse.<\/p>\n\n\n\n<p><strong>Herausforderungen durch Datensilos<\/strong><\/p>\n\n\n\n<p>Herausforderungen durch Datensilos: Datensilos bezeichnen isolierte Datens\u00e4tze, die f\u00fcr andere Bereiche einer Organisation nicht zug\u00e4nglich sind. Wenn jede Abteilung ihre Daten unabh\u00e4ngig speichert, kann dies zu verschiedenen Problemen f\u00fchren:<\/p>\n\n\n\n<ul class=\"wp-block-list\">\n<li><strong>Dateninkonsistenzen:<\/strong>Verschiedene Abteilungen verwalten m\u00f6glicherweise unterschiedliche Versionen derselben Daten. Beispielsweise kann das Kundenservice-Team eine andere Adresse f\u00fcr einen Kunden verwenden als die Buchhaltung. Diese Inkonsistenzen k\u00f6nnen zu Fehlern in der Kommunikation, der Abrechnung und der Leistungserbringung f\u00fchren.<\/li>\n\n\n\n<li><strong>Doppelte Daten:<\/strong>Ohne ein zentrales System k\u00f6nnten dieselben Daten abteilungs\u00fcbergreifend mehrfach gespeichert werden, was zu unn\u00f6tigem Speicherplatzverbrauch und Schwierigkeiten bei der Datenverwaltung und -analyse f\u00fchrt.<\/li>\n\n\n\n<li><strong>Inefficient Operations<\/strong>: Isolated data hampers seamless communication between departments and hinders collaboration. For example, sales and marketing teams may struggle to access up-to-date customer information, impacting the effectiveness of campaigns.<\/li>\n\n\n\n<li><strong>Verz\u00f6gerte Entscheidungsfindung:<\/strong>Wenn Daten \u00fcber verschiedene Systeme verstreut sind, kommt es bei Entscheidungstr\u00e4gern zu Verz\u00f6gerungen bei der Informationserfassung und -analyse, was die strategische Planung und die F\u00e4higkeit zu schnellen Reaktionen in einem dynamischen Gesch\u00e4ftsumfeld beeintr\u00e4chtigen kann.<\/li>\n<\/ul>\n\n\n\n<p>SAP MDG beseitigt diese Herausforderungen, indem es die Datenverwaltung auf einer zentralen Plattform erm\u00f6glicht. Dies gew\u00e4hrleistet Konsistenz und Genauigkeit, da alle Abteilungen auf dieselben zuverl\u00e4ssigen Daten zugreifen k\u00f6nnen, was die Abstimmung und Koordination im gesamten Unternehmen verbessert.<\/p>\n\n\n\n<h3 class=\"wp-block-heading\">Wie SAP MDG ein zentralisiertes Datenmanagement gew\u00e4hrleistet<\/h3>\n\n\n\n<figure class=\"wp-block-image size-large\"><img loading=\"lazy\" decoding=\"async\" width=\"1024\" height=\"576\" src=\"https:\/\/medepia.com\/wp-content\/uploads\/2025\/11\/2-1-1536x864-1-1024x576.png\" alt=\"\" class=\"wp-image-13837\" srcset=\"https:\/\/medepia.com\/wp-content\/uploads\/2025\/11\/2-1-1536x864-1-1024x576.png 1024w, https:\/\/medepia.com\/wp-content\/uploads\/2025\/11\/2-1-1536x864-1-300x169.png 300w, https:\/\/medepia.com\/wp-content\/uploads\/2025\/11\/2-1-1536x864-1-768x432.png 768w, https:\/\/medepia.com\/wp-content\/uploads\/2025\/11\/2-1-1536x864-1.png 1536w\" sizes=\"auto, (max-width: 1024px) 100vw, 1024px\" \/><\/figure>\n\n\n\n<p>SAP MDG erm\u00f6glicht die zentrale Verwaltung von Kerndaten wie Kunden, Produkten und Lieferanten und gew\u00e4hrleistet so eine konsistente, pr\u00e4zise und aktuelle Datennutzung in allen Abteilungen. So unterst\u00fctzt SAP MDG die zentrale Datenverwaltung:<\/p>\n\n\n\n<ul class=\"wp-block-list\">\n<li><strong>Einheitliche Datenspeicherung:<\/strong>SAP MDG speichert alle Kerndaten auf einer einzigen, zentralen Plattform und gew\u00e4hrleistet so, dass alle Organisationseinheiten mit denselben, aktuellen Informationen arbeiten. Dadurch werden Inkonsistenzen und doppelte Daten reduziert.<\/li>\n\n\n\n<li><strong>Daten-Governance:<\/strong>SAP MDG bietet umfassende Tools f\u00fcr die Daten-Governance, die unternehmensweit Datenstandards, -richtlinien und -prozesse anwenden. Es werden Regeln f\u00fcr die Erstellung, \u00c4nderung und Speicherung von Daten festgelegt, um deren Einhaltung in allen Abteilungen sicherzustellen und so die Datenintegrit\u00e4t und -qualit\u00e4t langfristig zu gew\u00e4hrleisten.<\/li>\n\n\n\n<li><strong>Datenaustausch in Echtzeit:<\/strong>Aktualisierungen der Kerndaten in SAP MDG werden sofort in allen relevanten Systemen und Abteilungen abgebildet. Wenn beispielsweise das Finanzteam die Zahlungsinformationen eines Lieferanten aktualisiert, stehen diese den Teams f\u00fcr Einkauf und Kreditorenbuchhaltung umgehend zur Verf\u00fcgung. Diese Echtzeit-Datenfreigabe erh\u00f6ht die Transparenz und stellt sicher, dass alle mit den aktuellsten Daten arbeiten.<\/li>\n\n\n\n<li><strong>Integriertes Workflow-Management:<\/strong>SAP MDG bietet Workflow-Management-Tools zur Organisation datenbezogener Prozesse. Daten\u00e4nderungen werden automatisch an die relevanten Stakeholder zur Genehmigung weitergeleitet, sodass jede \u00c4nderung vor der Implementierung gepr\u00fcft wird. Dies verbessert die Datenqualit\u00e4t und f\u00f6rdert gleichzeitig Verantwortungsbewusstsein und Abstimmung innerhalb der Organisation.<\/li>\n\n\n\n<li><strong>Datenharmonisierung:<\/strong>SAP MDG harmonisiert Daten aus verschiedenen Quellen, wie z. B. Altsystemen, Datenbanken von Drittanbietern und unterschiedlichen Abteilungen. Es bereinigt, gleicht diese Daten ab und konvertiert sie in ein einheitliches Standardformat. Dadurch k\u00f6nnen Unternehmen pr\u00e4zise Berichte erstellen, aussagekr\u00e4ftige Analysen durchf\u00fchren und Entscheidungen auf Basis verl\u00e4sslicher Informationen treffen.<\/li>\n<\/ul>\n\n\n\n<h3 class=\"wp-block-heading\">Vorteile der zentralisierten Datenverwaltung mit SAP MDG f\u00fcr Unternehmen<\/h3>\n\n\n\n<figure class=\"wp-block-image size-large\"><img loading=\"lazy\" decoding=\"async\" width=\"1024\" height=\"576\" src=\"https:\/\/medepia.com\/wp-content\/uploads\/2025\/11\/3-3-1536x864-1-1024x576.png\" alt=\"\" class=\"wp-image-13838\" srcset=\"https:\/\/medepia.com\/wp-content\/uploads\/2025\/11\/3-3-1536x864-1-1024x576.png 1024w, https:\/\/medepia.com\/wp-content\/uploads\/2025\/11\/3-3-1536x864-1-300x169.png 300w, https:\/\/medepia.com\/wp-content\/uploads\/2025\/11\/3-3-1536x864-1-768x432.png 768w, https:\/\/medepia.com\/wp-content\/uploads\/2025\/11\/3-3-1536x864-1.png 1536w\" sizes=\"auto, (max-width: 1024px) 100vw, 1024px\" \/><\/figure>\n\n\n\n<p>Die Einf\u00fchrung eines zentralisierten Datenmanagements mit SAP MDG bietet Unternehmen mehrere strategische Vorteile:<\/p>\n\n\n\n<ul class=\"wp-block-list\">\n<li><strong>Verbesserte Koordination und Zusammenarbeit:<\/strong>Durch die zentrale Datenverwaltung arbeiten alle Abteilungen mit denselben Informationen, was die Koordination und Zusammenarbeit verbessert. Teams k\u00f6nnen reibungslos zusammenarbeiten, ohne mehrere Datenquellen abgleichen oder auf veraltete Informationen zur\u00fcckgreifen zu m\u00fcssen. Wenn beispielsweise Marketing- und Vertriebsteams auf einheitliche Kundendaten zugreifen, k\u00f6nnen sie effektivere Kampagnen durchf\u00fchren.<\/li>\n\n\n\n<li><strong>Verbesserte Datenqualit\u00e4t:<\/strong>Zentralisiertes Datenmanagement reduziert die Wahrscheinlichkeit von Fehlern und Inkonsistenzen. SAP MDG setzt standardisierte Prozesse f\u00fcr Dateneingabe, -validierung und -freigabe durch und gew\u00e4hrleistet so die Speicherung ausschlie\u00dflich korrekter und qualitativ hochwertiger Daten. Dies erm\u00f6glicht fundierte Entscheidungen und erh\u00f6ht die Vertrauensw\u00fcrdigkeit der Gesch\u00e4ftsprozesse.<\/li>\n\n\n\n<li><strong>Effizientere Gesch\u00e4ftsprozesse:<\/strong>Mit einer zentralen Datenplattform k\u00f6nnen Unternehmen ihre Gesch\u00e4ftsprozesse optimieren. Wenn beispielsweise Einkaufsteams direkten Zugriff auf aktuelle Lieferanteninformationen haben, beschleunigt sich der Beschaffungsprozess. Ebenso kann der Kundenservice besseren Support leisten, wenn er in Echtzeit auf genaue Kundendaten zugreifen kann.<\/li>\n\n\n\n<li><strong>Schnellere, fundiertere Entscheidungsfindung:<\/strong>Zentralisiertes Datenmanagement schafft eine einheitliche Datenbasis und erm\u00f6glicht so schnellere Entscheidungsprozesse. F\u00fchrungskr\u00e4fte haben schnellen Zugriff auf umfassende und pr\u00e4zise Daten, ohne Diskrepanzen aus verschiedenen Systemen abgleichen zu m\u00fcssen. Dies beschleunigt die strategische Planung, die Probleml\u00f6sung und die Umsetzung von Gesch\u00e4ftsinitiativen.<\/li>\n\n\n\n<li><strong>Kosteneinsparungen:<\/strong>Die zentrale Datenverwaltung mit SAP MDG f\u00fchrt zu erheblichen Kosteneinsparungen. Durch die Vermeidung von Datenredundanz und die Reduzierung des Zeitaufwands f\u00fcr die Datenabstimmung k\u00f6nnen Unternehmen ihre Ressourcen effizienter nutzen. Dar\u00fcber hinaus verringert die Automatisierung von Datengovernance-Prozessen den Bedarf an manueller Dateneingabe und -\u00fcberwachung und senkt somit die Betriebskosten.<\/li>\n<\/ul>\n\n\n\n<p>Zentralisiertes Datenmanagement ist f\u00fcr moderne Unternehmen, die Datensilos aufl\u00f6sen und die abteilungs\u00fcbergreifende Koordination verbessern wollen, unerl\u00e4sslich. SAP MDG bietet eine robuste Plattform f\u00fcr die Verwaltung von Kerndaten und erm\u00f6glicht es allen Gesch\u00e4ftsbereichen, mit denselben pr\u00e4zisen Informationen zu arbeiten. Durch die Beseitigung von Inkonsistenzen, die Erleichterung des Datenaustauschs in Echtzeit und die Optimierung von Arbeitsabl\u00e4ufen verbessert SAP MDG nicht nur die Datenqualit\u00e4t, sondern auch die operative Effizienz. Das Ergebnis ist eine agile, datengetriebene Organisation, die schnellere und effektivere Gesch\u00e4ftsentscheidungen treffen kann.<\/p>\n\n\n\n<p>In einer Welt, in der Daten ein strategisches Gut sind, ist die zentrale Datenverwaltung mit SAP MDG nicht nur eine betriebliche Notwendigkeit, sondern ein Wettbewerbsvorteil, der den langfristigen Gesch\u00e4ftserfolg unterst\u00fctzt.<\/p>\n\n\n\n<p>Optimieren Sie Ihre Datenmanagementprozesse und steigern Sie die Effizienz Ihres Unternehmens mit den L\u00f6sungen von SAP MDG. Kontaktieren Sie unser Expertenteam f\u00fcr weitere Informationen zu strategischen, auf Ihre Bed\u00fcrfnisse zugeschnittenen L\u00f6sungen!<\/p>","protected":false},"excerpt":{"rendered":"<p>Data is generated and used across different departments and systems within an organization. From customer relations to supply chain management, finance, and human resources, every department relies on the effective use of data for efficient operations. However, when data is isolated across departments and systems, data silos emerge, leading to issues like data duplication, inconsistencies, [&hellip;]<\/p>","protected":false},"author":1,"featured_media":0,"parent":0,"menu_order":0,"comment_status":"closed","ping_status":"closed","template":"","meta":{"footnotes":""},"class_list":["post-13835","page","type-page","status-publish","hentry"],"_hostinger_reach_plugin_has_subscription_block":false,"_hostinger_reach_plugin_is_elementor":false,"_links":{"self":[{"href":"https:\/\/medepia.com\/de\/wp-json\/wp\/v2\/pages\/13835","targetHints":{"allow":["GET"]}}],"collection":[{"href":"https:\/\/medepia.com\/de\/wp-json\/wp\/v2\/pages"}],"about":[{"href":"https:\/\/medepia.com\/de\/wp-json\/wp\/v2\/types\/page"}],"author":[{"embeddable":true,"href":"https:\/\/medepia.com\/de\/wp-json\/wp\/v2\/users\/1"}],"replies":[{"embeddable":true,"href":"https:\/\/medepia.com\/de\/wp-json\/wp\/v2\/comments?post=13835"}],"version-history":[{"count":1,"href":"https:\/\/medepia.com\/de\/wp-json\/wp\/v2\/pages\/13835\/revisions"}],"predecessor-version":[{"id":13839,"href":"https:\/\/medepia.com\/de\/wp-json\/wp\/v2\/pages\/13835\/revisions\/13839"}],"wp:attachment":[{"href":"https:\/\/medepia.com\/de\/wp-json\/wp\/v2\/media?parent=13835"}],"curies":[{"name":"wp","href":"https:\/\/api.w.org\/{rel}","templated":true}]}}