{"id":13830,"date":"2025-11-27T17:22:27","date_gmt":"2025-11-27T14:22:27","guid":{"rendered":"https:\/\/skyblue-oryx-530841.hostingersite.com\/?page_id=13830"},"modified":"2025-11-27T17:22:27","modified_gmt":"2025-11-27T14:22:27","slug":"compliance-and-audit-facilitation-with-sap-mdg","status":"publish","type":"page","link":"https:\/\/medepia.com\/de\/compliance-and-audit-facilitation-with-sap-mdg\/","title":{"rendered":"Compliance- und Auditunterst\u00fctzung mit SAP MDG"},"content":{"rendered":"<figure class=\"wp-block-image size-large\"><img loading=\"lazy\" decoding=\"async\" width=\"1024\" height=\"576\" src=\"https:\/\/medepia.com\/wp-content\/uploads\/2025\/11\/3-1-1536x864-1-1024x576.png\" alt=\"\" class=\"wp-image-13831\" srcset=\"https:\/\/medepia.com\/wp-content\/uploads\/2025\/11\/3-1-1536x864-1-1024x576.png 1024w, https:\/\/medepia.com\/wp-content\/uploads\/2025\/11\/3-1-1536x864-1-300x169.png 300w, https:\/\/medepia.com\/wp-content\/uploads\/2025\/11\/3-1-1536x864-1-768x432.png 768w, https:\/\/medepia.com\/wp-content\/uploads\/2025\/11\/3-1-1536x864-1.png 1536w\" sizes=\"auto, (max-width: 1024px) 100vw, 1024px\" \/><\/figure>\n\n\n\n<p>Um in der heutigen Gesch\u00e4ftswelt erfolgreich zu sein, sind operative Effizienz und eine Datenmanagementstrategie unerl\u00e4sslich, die Compliance- und Auditstandards erf\u00fcllt. Effektives und nachvollziehbares Datenmanagement ist f\u00fcr Unternehmen mit steigenden regulatorischen Anforderungen und Anforderungen an die Daten-Governance unverzichtbar geworden. SAP MDG (Master Data Governance) bietet eine robuste Infrastruktur, die Unternehmen dabei unterst\u00fctzt, Compliance-Standards zu erf\u00fcllen und Auditprozesse zu optimieren. In diesem Blogbeitrag erfahren Sie, wie SAP MDG die Compliance- und Auditvorbereitung erleichtert.<\/p>\n\n\n\n<h3 class=\"wp-block-heading\">SAP MDG und Erf\u00fcllung der Compliance-Anforderungen<\/h3>\n\n\n\n<p>Compliance ist f\u00fcr Unternehmen, die ihren Ruf sch\u00fctzen und Vertrauen bewahren wollen, zu einer zwingenden Notwendigkeit geworden und nicht nur eine gesetzliche Vorgabe. SAP MDG bietet ein umfassendes Framework, das Unternehmen bei der Erf\u00fcllung der Compliance-Anforderungen im Datenmanagement unterst\u00fctzt. Indem SAP MDG Unternehmen die Entwicklung von Data-Governance-Richtlinien erm\u00f6glicht, die mit den gesetzlichen Bestimmungen \u00fcbereinstimmen, gew\u00e4hrleistet es die Genauigkeit und Aktualit\u00e4t der Daten.<\/p>\n\n\n\n<p>SAP MDG erm\u00f6glicht die zentrale Datenverwaltung und unterst\u00fctzt Unternehmen so bei der Optimierung ihrer Pr\u00fcfprozesse und der Minimierung von Compliance-Risiken. Beispielsweise wird die Einhaltung strenger Gesetze wie der DSGVO durch die robuste Datenmanagement-Infrastruktur von SAP MDG vereinfacht, wodurch Datenschutz und Datensicherheit jederzeit gew\u00e4hrleistet sind.<\/p>\n\n\n\n<h3 class=\"wp-block-heading\">Pr\u00fcfprotokolle und R\u00fcckverfolgbarkeit<\/h3>\n\n\n\n<p>Die Nachverfolgbarkeit im Datenmanagement ist f\u00fcr die Durchf\u00fchrung effektiver Audits unerl\u00e4sslich. SAP MDG bietet eine umfassende Audit-Trail-Funktion, die protokolliert, wer Daten aktualisiert hat, welche \u00c4nderungen vorgenommen wurden und wann. Dies gew\u00e4hrleistet die einfache Nachverfolgung von Daten\u00e4nderungen und erh\u00f6ht die Transparenz von Auditprozessen.<\/p>\n\n\n\n<p>Die R\u00fcckverfolgbarkeit von SAP MDG bietet Vorteile nicht nur f\u00fcr externe, sondern auch f\u00fcr interne Audits. Interne Revisionsteams k\u00f6nnen die Datengenauigkeit und -integrit\u00e4t anhand von Audit-Trails \u00fcberpr\u00fcfen, die Daten\u00e4nderungen und Benutzeraktivit\u00e4ten protokollieren. Dieser \u00dcberwachungsmechanismus erm\u00f6glicht schnelle Korrekturma\u00dfnahmen bei Nichteinhaltung und reduziert so die Fehlerwahrscheinlichkeit.<\/p>\n\n\n\n<h3 class=\"wp-block-heading\">Schnelle Reaktion auf regulatorische Anforderungen<\/h3>\n\n\n\n<figure class=\"wp-block-image size-large\"><img loading=\"lazy\" decoding=\"async\" width=\"1024\" height=\"576\" src=\"https:\/\/medepia.com\/wp-content\/uploads\/2025\/11\/2-5-1536x864-1-1024x576.png\" alt=\"\" class=\"wp-image-13832\" srcset=\"https:\/\/medepia.com\/wp-content\/uploads\/2025\/11\/2-5-1536x864-1-1024x576.png 1024w, https:\/\/medepia.com\/wp-content\/uploads\/2025\/11\/2-5-1536x864-1-300x169.png 300w, https:\/\/medepia.com\/wp-content\/uploads\/2025\/11\/2-5-1536x864-1-768x432.png 768w, https:\/\/medepia.com\/wp-content\/uploads\/2025\/11\/2-5-1536x864-1.png 1536w\" sizes=\"auto, (max-width: 1024px) 100vw, 1024px\" \/><\/figure>\n\n\n\n<p>Die schnelle und effektive Erf\u00fcllung regulatorischer Anforderungen stellt viele Unternehmen vor Herausforderungen. Mit SAP MDG lassen sich diese Anforderungen effizient erf\u00fcllen. SAP MDG erm\u00f6glicht die Generierung von Berichten auf Abruf und stellt sicher, dass die Daten in den von den Aufsichtsbeh\u00f6rden geforderten Formaten pr\u00e4sentiert werden. So werden Strafrisiken minimiert und die Einhaltung der Vorschriften gew\u00e4hrleistet.<\/p>\n\n\n\n<p>Aufsichtsbeh\u00f6rden f\u00fchren h\u00e4ufig strenge Pr\u00fcfungen der Datenintegrit\u00e4t und -genauigkeit durch. SAP MDG konsolidiert die gesamte Datenstruktur in einem einzigen Framework und gew\u00e4hrleistet so die pr\u00e4zise und fehlerfreie Erf\u00fcllung regulatorischer Anforderungen. Dar\u00fcber hinaus sorgen die automatisierten Benachrichtigungsfunktionen der Plattform daf\u00fcr, dass Sie auf m\u00f6gliche Anfragen von Aufsichtsbeh\u00f6rden vorbereitet sind.<\/p>\n\n\n\n<h3 class=\"wp-block-heading\">Datensicherheit mit SAP MDG<\/h3>\n\n\n\n<p>Datensicherheit ist ein Grundpfeiler der Compliance. SAP MDG verbessert die Datensicherheit durch verschiedene Protokolle und Benutzerzugriffskontrollen und stellt so sicher, dass nur autorisiertes Personal Zugriff auf sensible Informationen hat. Diese Schutzma\u00dfnahme ist f\u00fcr Unternehmen unerl\u00e4sslich, um konforme und sichere Datenmanagementpraktiken zu gew\u00e4hrleisten.<\/p>\n\n\n\n<p>Diese Sicherheitsma\u00dfnahmen werden durch die Protokollierungsfunktion von SAP MDG f\u00fcr alle Benutzertransaktionen verst\u00e4rkt, was sowohl die Datensicherheit als auch die Transparenz innerhalb der Datenmanagementprozesse erh\u00f6ht. Durch die Minimierung des Risikos von Datenschutzverletzungen unterst\u00fctzt SAP MDG Unternehmen bei der Einhaltung gesetzlicher Bestimmungen.<\/p>\n\n\n\n<h3 class=\"wp-block-heading\">Erleichterung interner Audits<\/h3>\n\n\n\n<p>SAP MDG unterst\u00fctzt nicht nur beh\u00f6rdliche, sondern auch interne Audits. Interne Audits bieten Unternehmen eine wertvolle Gelegenheit, die Einhaltung von Vorschriften und die Effizienz ihrer Datenmanagementprozesse zu \u00fcberpr\u00fcfen. Mit SAP MDG lassen sich Daten\u00e4nderungen nachverfolgen und Benutzeraktivit\u00e4ten \u00fcberwachen, was die Effizienz und Effektivit\u00e4t interner Audits verbessert.<\/p>\n\n\n\n<p>Auditteams k\u00f6nnen mithilfe der umfassenden Berichtsfunktionen von SAP MDG alle Datenmanagementprozesse analysieren. Diese Funktionen liefern Echtzeit-Einblicke in Daten\u00e4nderungen, Benutzerrollen und Zugriffsberechtigungen. So k\u00f6nnen Unternehmen Compliance- und Audit-Anforderungen innerhalb ihrer Organisation schnell und effektiv erf\u00fcllen.<\/p>\n\n\n\n<h3 class=\"wp-block-heading\">Abschluss<\/h3>\n\n\n\n<figure class=\"wp-block-image size-large\"><img loading=\"lazy\" decoding=\"async\" width=\"1024\" height=\"576\" src=\"https:\/\/medepia.com\/wp-content\/uploads\/2025\/11\/1-2-1536x864-1-1024x576.png\" alt=\"\" class=\"wp-image-13833\" srcset=\"https:\/\/medepia.com\/wp-content\/uploads\/2025\/11\/1-2-1536x864-1-1024x576.png 1024w, https:\/\/medepia.com\/wp-content\/uploads\/2025\/11\/1-2-1536x864-1-300x169.png 300w, https:\/\/medepia.com\/wp-content\/uploads\/2025\/11\/1-2-1536x864-1-768x432.png 768w, https:\/\/medepia.com\/wp-content\/uploads\/2025\/11\/1-2-1536x864-1.png 1536w\" sizes=\"auto, (max-width: 1024px) 100vw, 1024px\" \/><\/figure>\n\n\n\n<p>SAP MDG unterst\u00fctzt Unternehmen bei der Einhaltung von Compliance-Anforderungen im Datenmanagement und erm\u00f6glicht eine schnelle Reaktion auf regulatorische Vorgaben. Dank detaillierter Pr\u00fcfprotokolle verbessert SAP MDG die Nachvollziehbarkeit von Datenmanagementprozessen und optimiert so externe und interne Audits. Durch die Gew\u00e4hrleistung von Datensicherheit und die Unterst\u00fctzung von Compliance-Standards bietet SAP MDG eine innovative und zuverl\u00e4ssige L\u00f6sung f\u00fcr das Datenmanagement.<\/p>\n\n\n\n<p>Kontaktieren Sie unser Expertenteam, um die strategischen Vorteile von SAP MDG f\u00fcr Ihr Unternehmen zu entdecken. Wir bieten Ihnen ma\u00dfgeschneiderte L\u00f6sungen f\u00fcr Ihre Bed\u00fcrfnisse und erm\u00f6glichen Ihnen ein sicheres und regelkonformes Datenmanagement.<\/p>","protected":false},"excerpt":{"rendered":"<p>Achieving success in today\u2019s business world requires operational efficiency and a data management strategy that aligns with compliance and audit standards. Effective and traceable data management has become essential for companies with increasing regulatory requirements and data governance needs. SAP MDG (Master Data Governance) provides a robust infrastructure that empowers businesses to meet compliance standards [&hellip;]<\/p>","protected":false},"author":1,"featured_media":0,"parent":0,"menu_order":0,"comment_status":"closed","ping_status":"closed","template":"","meta":{"footnotes":""},"class_list":["post-13830","page","type-page","status-publish","hentry"],"_hostinger_reach_plugin_has_subscription_block":false,"_hostinger_reach_plugin_is_elementor":false,"_links":{"self":[{"href":"https:\/\/medepia.com\/de\/wp-json\/wp\/v2\/pages\/13830","targetHints":{"allow":["GET"]}}],"collection":[{"href":"https:\/\/medepia.com\/de\/wp-json\/wp\/v2\/pages"}],"about":[{"href":"https:\/\/medepia.com\/de\/wp-json\/wp\/v2\/types\/page"}],"author":[{"embeddable":true,"href":"https:\/\/medepia.com\/de\/wp-json\/wp\/v2\/users\/1"}],"replies":[{"embeddable":true,"href":"https:\/\/medepia.com\/de\/wp-json\/wp\/v2\/comments?post=13830"}],"version-history":[{"count":1,"href":"https:\/\/medepia.com\/de\/wp-json\/wp\/v2\/pages\/13830\/revisions"}],"predecessor-version":[{"id":13834,"href":"https:\/\/medepia.com\/de\/wp-json\/wp\/v2\/pages\/13830\/revisions\/13834"}],"wp:attachment":[{"href":"https:\/\/medepia.com\/de\/wp-json\/wp\/v2\/media?parent=13830"}],"curies":[{"name":"wp","href":"https:\/\/api.w.org\/{rel}","templated":true}]}}