{"id":13819,"date":"2025-11-27T17:11:18","date_gmt":"2025-11-27T14:11:18","guid":{"rendered":"https:\/\/skyblue-oryx-530841.hostingersite.com\/?page_id=13819"},"modified":"2025-11-27T17:17:15","modified_gmt":"2025-11-27T14:17:15","slug":"sap-mdg-benefits-series","status":"publish","type":"page","link":"https:\/\/medepia.com\/de\/sap-mdg-benefits-series\/","title":{"rendered":"SAP MDG Vorteile-Serie"},"content":{"rendered":"<figure class=\"wp-block-image size-full\"><img loading=\"lazy\" decoding=\"async\" width=\"1024\" height=\"576\" src=\"https:\/\/medepia.com\/wp-content\/uploads\/2025\/11\/1-1024x576-1.png\" alt=\"\" class=\"wp-image-13820\" srcset=\"https:\/\/medepia.com\/wp-content\/uploads\/2025\/11\/1-1024x576-1.png 1024w, https:\/\/medepia.com\/wp-content\/uploads\/2025\/11\/1-1024x576-1-300x169.png 300w, https:\/\/medepia.com\/wp-content\/uploads\/2025\/11\/1-1024x576-1-768x432.png 768w\" sizes=\"auto, (max-width: 1024px) 100vw, 1024px\" \/><\/figure>\n\n\n\n<h3 class=\"wp-block-heading\">Erreichen Sie neue H\u00f6hen im Datenmanagement: Steigern Sie die operative Effizienz mit SAP MDG<\/h3>\n\n\n\n<p>Daten sind f\u00fcr jedes Unternehmen von strategischem Wert. Die Verwaltung gro\u00dfer Datenmengen unterschiedlicher Art kann jedoch erhebliche Herausforderungen mit sich bringen und gleichzeitig die Effizienz steigern. Hier setzt SAP MDG (Master Data Management) an und gew\u00e4hrleistet die pr\u00e4zise, \u200b\u200bkonsistente und zuverl\u00e4ssige Datenverwaltung bei gleichzeitiger Optimierung der Betriebsprozesse. In diesem Artikel untersuchen wir, wie SAP MDG die betriebliche Effizienz beeinflusst und welche Vorteile dieses System bietet.&nbsp;<\/p>\n\n\n\n<h3 class=\"wp-block-heading\">Bek\u00e4mpfung von Dateninkonsistenzen<\/h3>\n\n\n\n<p>Eines der h\u00e4ufigsten Probleme, das die Gesch\u00e4ftseffizienz beeintr\u00e4chtigt, ist die Dateninkonsistenz zwischen verschiedenen Systemen. Wenn beispielsweise ein Produktcode in einem System unterschiedlich erfasst wird oder die Adressdaten eines Kunden veraltet sind, kann dies zu Diskrepanzen und Datenverwirrung zwischen Abteilungen f\u00fchren. SAP MDG minimiert diese Inkonsistenzen durch die zentrale Datenspeicherung und -verarbeitung. Dadurch wird sichergestellt, dass alle Abteilungen Zugriff auf denselben Datensatz haben und die Datenkonsistenz im gesamten Unternehmen gew\u00e4hrleistet ist.&nbsp;<\/p>\n\n\n\n<h3 class=\"wp-block-heading\">Vereinfachung von Datenfehlerkorrekturprozessen&nbsp;<\/h3>\n\n\n\n<p>In jedem Unternehmen ist es entscheidend, fehlerhafte Daten umgehend zu erkennen und zu korrigieren. Andernfalls k\u00f6nnen ungenaue Informationen zu Fehlanalysen und Fehlentscheidungen f\u00fchren. SAP MDG automatisiert die Datenvalidierung und -korrektur und erm\u00f6glicht so eine schnelle Fehlerbehebung. Dies spart nicht nur Zeit, sondern reduziert auch den Personalaufwand f\u00fcr die Fehlerkorrektur. Durch die Verbesserung der Datenqualit\u00e4t und die Vereinfachung der Fehlerkorrektur erm\u00f6glicht SAP MDG den Mitarbeitern, sich auf strategischere Aufgaben zu konzentrieren.&nbsp;<\/p>\n\n\n\n<h3 class=\"wp-block-heading\">Zentralisiertes Datenmanagement f\u00fcr operative Effizienz<\/h3>\n\n\n\n<figure class=\"wp-block-image size-large\"><img loading=\"lazy\" decoding=\"async\" width=\"1024\" height=\"576\" src=\"https:\/\/medepia.com\/wp-content\/uploads\/2025\/11\/2-1536x864-1-1024x576.png\" alt=\"\" class=\"wp-image-13821\" srcset=\"https:\/\/medepia.com\/wp-content\/uploads\/2025\/11\/2-1536x864-1-1024x576.png 1024w, https:\/\/medepia.com\/wp-content\/uploads\/2025\/11\/2-1536x864-1-300x169.png 300w, https:\/\/medepia.com\/wp-content\/uploads\/2025\/11\/2-1536x864-1-768x432.png 768w, https:\/\/medepia.com\/wp-content\/uploads\/2025\/11\/2-1536x864-1.png 1536w\" sizes=\"auto, (max-width: 1024px) 100vw, 1024px\" \/><\/figure>\n\n\n\n<p>Ein zentrales Datenmanagementsystem verbessert die Datenqualit\u00e4t und stellt sicher, dass alle Daten innerhalb des Unternehmens an einem Ort erfasst werden. SAP MDG steigert die betriebliche Effizienz, indem es die Synchronisierung verschiedener Abteilungen und Systeme gew\u00e4hrleistet. Wird beispielsweise die Adresse eines Kunden in SAP MDG aktualisiert, erfolgt die \u00c4nderung zentral, und die aktualisierten Informationen stehen allen relevanten Abteilungen sofort zur Verf\u00fcgung. Dies minimiert redundante Dateneingabe und reduziert Ineffizienzen bei Datenaktualisierungsprozessen.<\/p>\n\n\n\n<h3 class=\"wp-block-heading\">Hauptvorteile von SAP MDG<\/h3>\n\n\n\n<ol class=\"wp-block-list\">\n<li>Zeitersparnis: Die Zentralisierung und Aktualisierung von Daten beschleunigt den Datenverwaltungsprozess.\u00a0\u00a0<\/li>\n\n\n\n<li>Kosteneffizienz: Reduziert die Kosten, die durch fehlerhafte Daten entstehen.\u00a0\u00a0<\/li>\n\n\n\n<li>Strategisches Datenmanagement: Automatisierte Datenvalidierungs- und Korrekturfunktionen erm\u00f6glichen Unternehmen den Zugriff auf strategischere Daten und verbessern so die Entscheidungsprozesse.\u00a0\u00a0<\/li>\n\n\n\n<li>Abteilungs\u00fcbergreifende Konsistenz: Gew\u00e4hrleistet, dass alle Abteilungen denselben Datensatz verwenden, wodurch Dateninkonsistenzen vermieden werden.<\/li>\n<\/ol>\n\n\n\n<h3 class=\"wp-block-heading\">Die Bedeutung von SAP MDG f\u00fcr die betriebliche Effizienz<\/h3>\n\n\n\n<figure class=\"wp-block-image size-large\"><img loading=\"lazy\" decoding=\"async\" width=\"1024\" height=\"576\" src=\"https:\/\/medepia.com\/wp-content\/uploads\/2025\/11\/3-1536x864-1-1024x576.png\" alt=\"\" class=\"wp-image-13822\" srcset=\"https:\/\/medepia.com\/wp-content\/uploads\/2025\/11\/3-1536x864-1-1024x576.png 1024w, https:\/\/medepia.com\/wp-content\/uploads\/2025\/11\/3-1536x864-1-300x169.png 300w, https:\/\/medepia.com\/wp-content\/uploads\/2025\/11\/3-1536x864-1-768x432.png 768w, https:\/\/medepia.com\/wp-content\/uploads\/2025\/11\/3-1536x864-1.png 1536w\" sizes=\"auto, (max-width: 1024px) 100vw, 1024px\" \/><\/figure>\n\n\n\n<p>SAP MDG zeichnet sich als Datenmanagementsystem aus, das die betriebliche Effizienz steigert. Durch die Verbesserung der Datenqualit\u00e4t und die Beseitigung von Dateninkonsistenzen unterst\u00fctzt SAP MDG Unternehmen dabei, schnellere und pr\u00e4zisere Entscheidungen zu treffen. Insbesondere f\u00fcr Unternehmen mit gro\u00dfen Datenmengen reduziert SAP MDG den Arbeitsaufwand durch die Optimierung zentralisierter Datenmanagement- und Validierungsprozesse. Dies f\u00fchrt zu einem effizienteren Workflow und erm\u00f6glicht es den Mitarbeitern, sich strategischeren Aufgaben zu widmen, anstatt t\u00e4glich Daten zu korrigieren.&nbsp;<\/p>\n\n\n\n<h3 class=\"wp-block-heading\">Kontaktieren Sie medepia, um mehr zu erfahren!&nbsp;<\/h3>\n\n\n\n<p>Wenn Sie erfahren m\u00f6chten, wie SAP MDG Ihrem Unternehmen einen Mehrwert bieten und Ihre betriebliche Effizienz steigern kann, kontaktieren Sie uns f\u00fcr weitere Informationen und eine Demo.&nbsp;<\/p>","protected":false},"excerpt":{"rendered":"<p>Reach New\u00a0Heights\u00a0in Data Management:\u00a0Achieve\u00a0Operational\u00a0Efficiency\u00a0with\u00a0SAP MDG Data holds strategic value for every business. However, managing large volumes of data across various types can enhance productivity while simultaneously creating significant challenges. This is where SAP MDG (Master Data Governance) comes into play, ensuring data is managed in an accurate, consistent, and reliable manner, while optimizing operational processes. [&hellip;]<\/p>","protected":false},"author":1,"featured_media":0,"parent":0,"menu_order":0,"comment_status":"closed","ping_status":"closed","template":"","meta":{"footnotes":""},"class_list":["post-13819","page","type-page","status-publish","hentry"],"_hostinger_reach_plugin_has_subscription_block":false,"_hostinger_reach_plugin_is_elementor":false,"_links":{"self":[{"href":"https:\/\/medepia.com\/de\/wp-json\/wp\/v2\/pages\/13819","targetHints":{"allow":["GET"]}}],"collection":[{"href":"https:\/\/medepia.com\/de\/wp-json\/wp\/v2\/pages"}],"about":[{"href":"https:\/\/medepia.com\/de\/wp-json\/wp\/v2\/types\/page"}],"author":[{"embeddable":true,"href":"https:\/\/medepia.com\/de\/wp-json\/wp\/v2\/users\/1"}],"replies":[{"embeddable":true,"href":"https:\/\/medepia.com\/de\/wp-json\/wp\/v2\/comments?post=13819"}],"version-history":[{"count":6,"href":"https:\/\/medepia.com\/de\/wp-json\/wp\/v2\/pages\/13819\/revisions"}],"predecessor-version":[{"id":13829,"href":"https:\/\/medepia.com\/de\/wp-json\/wp\/v2\/pages\/13819\/revisions\/13829"}],"wp:attachment":[{"href":"https:\/\/medepia.com\/de\/wp-json\/wp\/v2\/media?parent=13819"}],"curies":[{"name":"wp","href":"https:\/\/api.w.org\/{rel}","templated":true}]}}