{"id":13812,"date":"2025-11-27T17:08:54","date_gmt":"2025-11-27T14:08:54","guid":{"rendered":"https:\/\/skyblue-oryx-530841.hostingersite.com\/?page_id=13812"},"modified":"2025-11-27T17:08:54","modified_gmt":"2025-11-27T14:08:54","slug":"master-data-governance-mdg-gaining-control-and-flexibility-in-master-data-management","status":"publish","type":"page","link":"https:\/\/medepia.com\/de\/master-data-governance-mdg-gaining-control-and-flexibility-in-master-data-management\/","title":{"rendered":"Master Data Governance (MDG): Kontrolle und Flexibilit\u00e4t im Stammdatenmanagement gewinnen\u00a0"},"content":{"rendered":"<p>In den heutigen komplexen und verteilten Gesch\u00e4ftsumgebungen ist die Aufrechterhaltung konsistenter Stammdaten an mehreren Standorten von entscheidender Bedeutung.&nbsp;<strong>Master Data Governance (MDG)<\/strong>&nbsp;bietet zuverl\u00e4ssige Unterst\u00fctzung, um Ihnen dabei zu helfen.&nbsp;<strong>SAP MDG<\/strong>, Sie k\u00f6nnen sich schnell an rechtliche \u00c4nderungen anpassen, Datenaktualisierungen verfolgen und flexibel auf Unternehmenstransformationen wie Fusionen und \u00dcbernahmen reagieren.<\/p>\n\n\n\n<figure class=\"wp-block-image size-large\"><img loading=\"lazy\" decoding=\"async\" width=\"1024\" height=\"576\" src=\"https:\/\/medepia.com\/wp-content\/uploads\/2025\/11\/1-1-1024x576.png\" alt=\"\" class=\"wp-image-13814\" srcset=\"https:\/\/medepia.com\/wp-content\/uploads\/2025\/11\/1-1-1024x576.png 1024w, https:\/\/medepia.com\/wp-content\/uploads\/2025\/11\/1-1-300x169.png 300w, https:\/\/medepia.com\/wp-content\/uploads\/2025\/11\/1-1-768x432.png 768w, https:\/\/medepia.com\/wp-content\/uploads\/2025\/11\/1-1-1536x864.png 1536w, https:\/\/medepia.com\/wp-content\/uploads\/2025\/11\/1-1.png 1920w\" sizes=\"auto, (max-width: 1024px) 100vw, 1024px\" \/><\/figure>\n\n\n\n<h3 class=\"wp-block-heading\"><strong>Zentralisierte Steuerung von Stammdaten<\/strong><\/h3>\n\n\n\n<p>Der zentralisierte Governance-Modus von MDG gew\u00e4hrleistet die zentrale Verwaltung der Stammdaten, abgestimmt auf die Gesch\u00e4ftsregeln und -prozesse Ihres Unternehmens.&nbsp;<strong>SAP MDG<\/strong>&nbsp;bietet sofort einsatzbereite Anwendungen f\u00fcr spezifische Anwendungsbereiche sowie ein Framework f\u00fcr kundenspezifische L\u00f6sungen.<\/p>\n\n\n\n<p>Diese L\u00f6sung erm\u00f6glicht Workflows auf Basis von \u00c4nderungsanforderungen f\u00fcr die Datenverwaltung und integriert Genehmigungs-, Aktivierungs- und Verteilungsprozesse. MDG kann als eigenst\u00e4ndiges Hub-System betrieben oder nahtlos integriert werden.&nbsp;<strong>SAP S\/4HANA<\/strong>, indem die Logik von SAP und die Regeln Ihrer Organisation genutzt werden, um sicherzustellen, dass die Stammdaten gesch\u00e4ftsbereit sind.<\/p>\n\n\n\n<h3 class=\"wp-block-heading\"><strong>Konsolidierung f\u00fcr standardisierte und einheitliche Daten<\/strong><\/h3>\n\n\n\n<p>Die Konsolidierungsfunktionen von MDG erm\u00f6glichen die Standardisierung von Stammdaten aus verschiedenen Quellen, die Identifizierung von Duplikaten und die Erstellung optimaler Datens\u00e4tze mithilfe von \u00dcberlebensregeln. Diese optimalen Datens\u00e4tze k\u00f6nnen anschlie\u00dfend in verschiedenen Analyse- und Gesch\u00e4ftsszenarien eingesetzt werden.<\/p>\n\n\n\n<figure class=\"wp-block-image size-large\"><img loading=\"lazy\" decoding=\"async\" width=\"1024\" height=\"576\" src=\"https:\/\/medepia.com\/wp-content\/uploads\/2025\/11\/2-1-1024x576.png\" alt=\"\" class=\"wp-image-13816\" srcset=\"https:\/\/medepia.com\/wp-content\/uploads\/2025\/11\/2-1-1024x576.png 1024w, https:\/\/medepia.com\/wp-content\/uploads\/2025\/11\/2-1-300x169.png 300w, https:\/\/medepia.com\/wp-content\/uploads\/2025\/11\/2-1-768x432.png 768w, https:\/\/medepia.com\/wp-content\/uploads\/2025\/11\/2-1-1536x864.png 1536w, https:\/\/medepia.com\/wp-content\/uploads\/2025\/11\/2-1.png 1920w\" sizes=\"auto, (max-width: 1024px) 100vw, 1024px\" \/><\/figure>\n\n\n\n<h3 class=\"wp-block-heading\"><strong>Massenverarbeitung und Datenqualit\u00e4tsmanagement<\/strong><\/h3>\n\n\n\n<p><strong>Massenverarbeitung in MDG<\/strong>&nbsp;erm\u00f6glicht die gleichzeitige Aktualisierung mehrerer Datens\u00e4tze. W\u00e4hlen Sie einfach die Felder und Datens\u00e4tze aus, die Sie \u00e4ndern m\u00f6chten. Das System validiert die \u00c4nderungen vor der Aktivierung und gew\u00e4hrleistet so die Kompatibilit\u00e4t mit Ihren Gesch\u00e4ftsprozessen.<\/p>\n\n\n\n<p><strong>MDGs Datenqualit\u00e4tsmanagement<\/strong>&nbsp;Es nutzt Ihre Regeln, um Fehler zu erkennen und Korrekturen auszul\u00f6sen. Au\u00dferdem beinhaltet es Funktionen zur Regelerkennung mittels maschinellen Lernens, die Ihnen helfen, Validierungsregeln f\u00fcr eine verbesserte Datenqualit\u00e4t zu definieren.<\/p>\n\n\n\n<h3 class=\"wp-block-heading\"><strong>Prozessanalyse f\u00fcr intelligentere Entscheidungsfindung<\/strong><\/h3>\n\n\n\n<p>Die Prozessanalysefunktionen von MDG bieten \u00dcbersichts- und Analyselisten mit detaillierten Einblicken in Governance, Konsolidierung und Massenverarbeitung. Diese Tools erm\u00f6glichen Unternehmen, datengest\u00fctzte Entscheidungen schneller und effektiver zu treffen.<\/p>\n\n\n\n<figure class=\"wp-block-image size-large\"><img loading=\"lazy\" decoding=\"async\" width=\"1024\" height=\"576\" src=\"https:\/\/medepia.com\/wp-content\/uploads\/2025\/11\/3-2-1536x864-1-1024x576.png\" alt=\"\" class=\"wp-image-13817\" srcset=\"https:\/\/medepia.com\/wp-content\/uploads\/2025\/11\/3-2-1536x864-1-1024x576.png 1024w, https:\/\/medepia.com\/wp-content\/uploads\/2025\/11\/3-2-1536x864-1-300x169.png 300w, https:\/\/medepia.com\/wp-content\/uploads\/2025\/11\/3-2-1536x864-1-768x432.png 768w, https:\/\/medepia.com\/wp-content\/uploads\/2025\/11\/3-2-1536x864-1.png 1536w\" sizes=\"auto, (max-width: 1024px) 100vw, 1024px\" \/><\/figure>\n\n\n\n<h3 class=\"wp-block-heading\"><strong>Warum SAP MDG w\u00e4hlen?<\/strong><\/h3>\n\n\n\n<p>Mit seinen robusten F\u00e4higkeiten,&nbsp;<strong>SAP Master Data Governance<\/strong>&nbsp;MDG unterst\u00fctzt Flexibilit\u00e4t, Kontrolle und Effizienz im Stammdatenmanagement. Von der zentralen Steuerung \u00fcber die Konsolidierung bis hin zur Qualit\u00e4tssicherung erm\u00f6glicht MDG Unternehmen, Abl\u00e4ufe zu optimieren und bessere Entscheidungen zu treffen.<\/p>\n\n\n\n<h3 class=\"wp-block-heading\"><strong>Sind Sie bereit, die Kontrolle \u00fcber Ihre Stammdaten zu \u00fcbernehmen?<\/strong><\/h3>\n\n\n\n<p><strong>SAP MDG<\/strong>&nbsp;ist Ihr Schl\u00fcssel zu besserer Datenverwaltung und h\u00f6herer betrieblicher Effizienz. Kontaktieren Sie unser Team, um zu erfahren, wie SAP MDG Ihrem Unternehmen strategischen Mehrwert bieten kann.<\/p>\n\n\n\n<p><strong>#medepia #itconsulting #MasterDataGovernance #SAPMDG #DataQuality #DataConsolidation #BusinessEfficiency<\/strong><\/p>","protected":false},"excerpt":{"rendered":"<p>In today\u2019s complex and distributed business environments, maintaining consistent master data across multiple locations is critical.&nbsp;Master Data Governance (MDG)&nbsp;offers reliable support to help you achieve this. With&nbsp;SAP MDG, you can quickly adapt to legal changes, track data updates, and respond flexibly to business transformations such as mergers and acquisitions. Centralized Governance for Master Data MDG\u2019s [&hellip;]<\/p>","protected":false},"author":1,"featured_media":0,"parent":0,"menu_order":0,"comment_status":"closed","ping_status":"closed","template":"","meta":{"footnotes":""},"class_list":["post-13812","page","type-page","status-publish","hentry"],"_hostinger_reach_plugin_has_subscription_block":false,"_hostinger_reach_plugin_is_elementor":false,"_links":{"self":[{"href":"https:\/\/medepia.com\/de\/wp-json\/wp\/v2\/pages\/13812","targetHints":{"allow":["GET"]}}],"collection":[{"href":"https:\/\/medepia.com\/de\/wp-json\/wp\/v2\/pages"}],"about":[{"href":"https:\/\/medepia.com\/de\/wp-json\/wp\/v2\/types\/page"}],"author":[{"embeddable":true,"href":"https:\/\/medepia.com\/de\/wp-json\/wp\/v2\/users\/1"}],"replies":[{"embeddable":true,"href":"https:\/\/medepia.com\/de\/wp-json\/wp\/v2\/comments?post=13812"}],"version-history":[{"count":3,"href":"https:\/\/medepia.com\/de\/wp-json\/wp\/v2\/pages\/13812\/revisions"}],"predecessor-version":[{"id":13818,"href":"https:\/\/medepia.com\/de\/wp-json\/wp\/v2\/pages\/13812\/revisions\/13818"}],"wp:attachment":[{"href":"https:\/\/medepia.com\/de\/wp-json\/wp\/v2\/media?parent=13812"}],"curies":[{"name":"wp","href":"https:\/\/api.w.org\/{rel}","templated":true}]}}