{"id":13729,"date":"2025-11-21T09:52:51","date_gmt":"2025-11-21T06:52:51","guid":{"rendered":"https:\/\/skyblue-oryx-530841.hostingersite.com\/?page_id=13729"},"modified":"2025-11-21T10:21:00","modified_gmt":"2025-11-21T07:21:00","slug":"career","status":"publish","type":"page","link":"https:\/\/medepia.com\/de\/career\/","title":{"rendered":"Karriere"},"content":{"rendered":"<figure class=\"wp-block-image aligncenter size-large\"><img loading=\"lazy\" decoding=\"async\" width=\"1024\" height=\"210\" src=\"https:\/\/medepia.com\/wp-content\/uploads\/2025\/11\/website2event-1-1024x210.jpg\" alt=\"\" class=\"wp-image-13730\" srcset=\"https:\/\/medepia.com\/wp-content\/uploads\/2025\/11\/website2event-1-1024x210.jpg 1024w, https:\/\/medepia.com\/wp-content\/uploads\/2025\/11\/website2event-1-300x62.jpg 300w, https:\/\/medepia.com\/wp-content\/uploads\/2025\/11\/website2event-1-768x158.jpg 768w, https:\/\/medepia.com\/wp-content\/uploads\/2025\/11\/website2event-1-1536x316.jpg 1536w, https:\/\/medepia.com\/wp-content\/uploads\/2025\/11\/website2event-1.jpg 1869w\" sizes=\"auto, (max-width: 1024px) 100vw, 1024px\" \/><\/figure>\n\n\n\n<h3 class=\"wp-block-heading has-text-align-center\"><strong>WIR SIND MEDEPIA!<\/strong><\/h3>\n\n\n\n<p class=\"has-text-align-center\">medepia ist ein IT-Technologieunternehmen, das SAP-L\u00f6sungen sowie Beratungsdienstleistungen f\u00fcr MDG, Gesch\u00e4ftsprozesse und Datenqualit\u00e4t anbietet.<\/p>\n\n\n\n<p class=\"has-text-align-center\">Unser Unternehmen besch\u00e4ftigt die prominentesten Mitglieder der Branche, die \u00fcber einen technischen Hintergrund und eine funktionale Denkweise verf\u00fcgen und unseren internationalen Kunden die beste Beratung bieten.<\/p>\n\n\n\n<p class=\"has-text-align-center\">Wir unterst\u00fctzen uns gegenseitig und gehen unsere Aufgaben ergebnisorientiert an. Wir sind bestrebt, dazuzulernen, Wissen zu teilen und das Leben zu genie\u00dfen.<\/p>\n\n\n\n<p class=\"has-text-align-center\">Wir arbeiten hart daran, unseren Kunden exzellenten Service zu bieten. Aus diesem Grund ist die Gewinnung neuer Mitarbeiter ein kontinuierliches Anliegen f\u00fcr uns.<\/p>\n\n\n\n<h3 class=\"wp-block-heading has-text-align-center\"><strong>Entfalte dein Potenzial mit uns!<\/strong><\/h3>\n\n\n\n<p class=\"has-text-align-center\">Entdecke mit der Hilfe eines unterst\u00fctzenden Teams, wozu du f\u00e4hig bist.<\/p>\n\n\n\n<p style=\"margin-right:0;margin-left:0\"><\/p>\n\n\n\n<p><\/p>\n\n\n\n<div class=\"wp-block-group alignfull has-global-padding is-layout-constrained wp-container-core-group-is-layout-8bbd0b3b wp-block-group-is-layout-constrained\" style=\"margin-top:0;margin-bottom:0;padding-top:var(--wp--preset--spacing--superbspacing-large);padding-right:var(--wp--preset--spacing--superbspacing-small);padding-bottom:var(--wp--preset--spacing--superbspacing-large);padding-left:var(--wp--preset--spacing--superbspacing-small)\">\n<div class=\"wp-block-columns alignwide is-layout-flex wp-container-core-columns-is-layout-25593187 wp-block-columns-is-layout-flex\">\n<div class=\"wp-block-column is-vertically-aligned-center is-layout-flow wp-container-core-column-is-layout-40a2a7e8 wp-block-column-is-layout-flow\" style=\"padding-right:0;padding-bottom:0;padding-left:0\">\n<figure class=\"wp-block-image size-full has-custom-border\"><img loading=\"lazy\" decoding=\"async\" width=\"547\" height=\"551\" src=\"https:\/\/medepia.com\/wp-content\/uploads\/2025\/11\/grid_office.png\" alt=\"\" class=\"wp-image-13748\" style=\"border-radius:8px\" srcset=\"https:\/\/medepia.com\/wp-content\/uploads\/2025\/11\/grid_office.png 547w, https:\/\/medepia.com\/wp-content\/uploads\/2025\/11\/grid_office-298x300.png 298w, https:\/\/medepia.com\/wp-content\/uploads\/2025\/11\/grid_office-150x150.png 150w\" sizes=\"auto, (max-width: 547px) 100vw, 547px\" \/><\/figure>\n<\/div>\n\n\n\n<div class=\"wp-block-column is-vertically-aligned-center is-layout-flow wp-container-core-column-is-layout-a1628350 wp-block-column-is-layout-flow\" style=\"padding-top:0;padding-right:0;padding-bottom:0;padding-left:0\">\n<div class=\"wp-block-group is-layout-flow wp-container-core-group-is-layout-ff697075 wp-block-group-is-layout-flow\">\n<p class=\"has-text-align-left\"><\/p>\n\n\n\n<h4 class=\"wp-block-heading\">Leben bei&nbsp;<strong>medepia&nbsp;<\/strong>angebote;<\/h4>\n\n\n\n<ul class=\"wp-block-list\">\n<li>Flexible Arbeitszeiten<\/li>\n\n\n\n<li>Hybrider Arbeitsplatz<\/li>\n\n\n\n<li>Gro\u00dfraumb\u00fcro<\/li>\n\n\n\n<li>Gute Lage in der Stadt,<\/li>\n\n\n\n<li>Verbesserung der Kurse<\/li>\n\n\n\n<li>Unterst\u00fctzendes Team,<\/li>\n\n\n\n<li>Entwicklungsm\u00f6glichkeiten.<\/li>\n<\/ul>\n\n\n\n<p><\/p>\n\n\n\n<div class=\"wp-block-buttons is-layout-flex wp-block-buttons-is-layout-flex\">\n<div class=\"wp-block-button\"><a class=\"wp-block-button__link has-background wp-element-button\" href=\"https:\/\/medepia.com\/de\/contact\/\" style=\"background-color:#169838\">Unsere Offiziere finden \u2192<\/a><\/div>\n<\/div>\n<\/div>\n<\/div>\n<\/div>\n<\/div>\n\n\n\n<h2 class=\"wp-block-heading has-text-align-center\">Jobs<\/h2>\n\n\n\n<details class=\"wp-block-details is-layout-flow wp-block-details-is-layout-flow\"><summary><strong>Senior SAP Consultant<\/strong><\/summary>\n<p><strong>ALLGEMEINE QUALIFIKATIONEN UND STELLENBESCHREIBUNG<\/strong><br>STELLENBESCHREIBUNG<\/p>\n\n\n\n<ul class=\"wp-block-list\">\n<li>\u00dcbernahme der Verantwortung in internationalen S\/4HANA-Transformationsprojekten und Angebot der damit verbundenen technischen Beratungsleistungen<\/li>\n\n\n\n<li>sich selbst verbessern&nbsp;<strong>Stammdatenverwaltung<\/strong>&nbsp;und diese Auflistung als Gelegenheit nutzen, sich in jeder Hinsicht zu verbessern<\/li>\n\n\n\n<li>Aufbau eines Dialogs mit unseren Kunden<\/li>\n\n\n\n<li>Beitr\u00e4ge in vielen Bereichen leisten<\/li>\n\n\n\n<li>Der Wunsch, mit uns zu wachsen, indem sie ihre Kenntnisse in den von SAP angebotenen Modulen (MDG, DS, MM, BP, \u2026) erweitern.<\/li>\n<\/ul>\n\n\n\n<p>ALLGEMEINE QUALIFIKATIONEN<\/p>\n\n\n\n<ul class=\"wp-block-list\">\n<li>Bachelor-Abschluss in einem vierj\u00e4hrigen Studiengang der Informatik oder einer vergleichbaren Fachrichtung<\/li>\n\n\n\n<li>Gute Englischkenntnisse<\/li>\n\n\n\n<li>Erfahrung in einem beliebigen Modul der Stammdatenverwaltung&nbsp;<strong>SAP<\/strong><\/li>\n\n\n\n<li>Erfahrung in&nbsp;<strong>ABAP OO<\/strong><\/li>\n\n\n\n<li>proaktiv sein und offen f\u00fcr Selbstverbesserung sein,<\/li>\n\n\n\n<li>Bereitschaft zu flexiblen Arbeitszeiten<\/li>\n\n\n\n<li>Offen f\u00fcr Teamarbeit<\/li>\n\n\n\n<li>Keine Reisebeschr\u00e4nkungen im In- oder Ausland<\/li>\n<\/ul>\n\n\n\n<p>Anforderungen an den Kandidaten<br><strong>Erfahrung:<\/strong><br>Bewerber mit maximal 4 Jahren Berufserfahrung<br><strong>Bildungsniveau:<\/strong><br>Universit\u00e4tsabschluss, Masterabschluss (Student), Doktorand (Student), Doktorand (Absolvent)<br><strong>Universit\u00e4tsabteilung:<\/strong><br>Informatik, Computerwissenschaften, Computertechnik, Computerprogrammierung, Mathematik-Informatik<\/p>\n\n\n\n<p>Zusammenfassung der Position<br><strong>Unternehmensbereich:<\/strong><br>Informatik, Software, IT-Beratung<br><strong>Abteilung:<\/strong><br>Informationstechnologien \/ IT<br><strong>Art der Besch\u00e4ftigung:<\/strong><br>Festanstellung \/ Vollzeit<br><strong>Positionsebene:<\/strong><br>Expertin\/Experte<br><strong>Anzahl der Mitarbeiter:<\/strong><br>10<br><strong>Land\/Stadt:<\/strong><br>Istanbul (Asien) (Maltepe)<\/p>\n<\/details>\n\n\n\n<details class=\"wp-block-details is-layout-flow wp-block-details-is-layout-flow\"><summary><strong>Junior SAP Consultant (Amsterdam Office)<\/strong><\/summary>\n<p>ALLGEMEINE QUALIFIKATIONEN UND STELLENBESCHREIBUNG&nbsp;<\/p>\n\n\n\n<p><strong>STELLENBESCHREIBUNG<\/strong>&nbsp;<\/p>\n\n\n\n<ul class=\"wp-block-list\">\n<li><strong>Sind Sie SAP-Berater oder m\u00f6chten Sie einer werden?<\/strong>&nbsp;<\/li>\n\n\n\n<li><strong>Wohnen Sie in den Niederlanden?<\/strong>&nbsp;<\/li>\n\n\n\n<li><strong>M\u00f6chten Sie Teil eines wachsenden Unternehmens werden?<\/strong>&nbsp;<\/li>\n\n\n\n<li><strong>\u00dcbernehmen Sie gerne Verantwortung?<\/strong>&nbsp;<\/li>\n\n\n\n<li><strong>Sind Sie an Stammdatenmanagement und SAP-Transformationsprojekten interessiert?<\/strong>&nbsp;<\/li>\n<\/ul>\n\n\n\n<p><strong>projects?<\/strong>&nbsp;<\/p>\n\n\n\n<ul class=\"wp-block-list\">\n<li><strong>Alles fit? \u2013 Mach mit!<\/strong>&nbsp;<\/li>\n<\/ul>\n\n\n\n<p><strong>ALLGEMEINE QUALIFIKATIONEN<\/strong>&nbsp;<\/p>\n\n\n\n<ul class=\"wp-block-list\">\n<li><strong>Haben Sie einen Master-\/Bachelor-Abschluss in Computertechnik oder einem vergleichbaren Studiengang?<\/strong>&nbsp;<\/li>\n<\/ul>\n\n\n\n<p><strong>W\u00dcNSCHENSWERT:<\/strong>&nbsp;<\/p>\n\n\n\n<ul class=\"wp-block-list\">\n<li><strong>Erfahrung in einem beliebigen Modul von SAP<\/strong>&nbsp;<\/li>\n\n\n\n<li><strong>Erfahrung in ABAP<\/strong>&nbsp;<\/li>\n<\/ul>\n\n\n\n<p><strong>Unser Angebot<\/strong>&nbsp;<\/p>\n\n\n\n<ul class=\"wp-block-list\">\n<li><strong>Wir stellen Ihnen alle Werkzeuge zur Verf\u00fcgung, die Sie ben\u00f6tigen, um sich weiterzuentwickeln und in diesem Bereich erfolgreich zu werden!<\/strong>&nbsp;<\/li>\n<\/ul>\n\n\n\n<p><strong>Art der Stelle: Vollzeit<\/strong>&nbsp;<\/p>\n<\/details>\n\n\n\n<details class=\"wp-block-details is-layout-flow wp-block-details-is-layout-flow\"><summary><strong>Junior SAP Consultant<\/strong><\/summary>\n<p>ALLGEMEINE QUALIFIKATIONEN UND STELLENBESCHREIBUNG&nbsp;<\/p>\n\n\n\n<p><strong>STELLENBESCHREIBUNG<\/strong>&nbsp;<\/p>\n\n\n\n<ul class=\"wp-block-list\">\n<li><strong>Sind Sie SAP-Berater oder m\u00f6chten Sie einer werden?<\/strong>&nbsp;<\/li>\n\n\n\n<li><strong>M\u00f6chten Sie Teil eines wachsenden Unternehmens werden?<\/strong>&nbsp;<\/li>\n\n\n\n<li><strong>\u00dcbernehmen Sie gerne Verantwortung?<\/strong>&nbsp;<\/li>\n\n\n\n<li><strong>Sind Sie an Stammdatenmanagement und SAP-Transformationsprojekten interessiert?<\/strong>&nbsp;<\/li>\n<\/ul>\n\n\n\n<p><strong>projects?<\/strong>&nbsp;<\/p>\n\n\n\n<ul class=\"wp-block-list\">\n<li><strong>Alles fit? \u2013 Mach mit!<\/strong>&nbsp;<\/li>\n<\/ul>\n\n\n\n<p><strong>ALLGEMEINE QUALIFIKATIONEN<\/strong>&nbsp;<\/p>\n\n\n\n<ul class=\"wp-block-list\">\n<li><strong>Haben Sie einen Master-\/Bachelor-Abschluss in Computertechnik oder einem vergleichbaren Studiengang?<\/strong>&nbsp;<\/li>\n<\/ul>\n\n\n\n<p><strong>W\u00dcNSCHENSWERT:<\/strong>&nbsp;<\/p>\n\n\n\n<ul class=\"wp-block-list\">\n<li><strong>Erfahrung in einem beliebigen Modul von SAP<\/strong>&nbsp;<\/li>\n\n\n\n<li><strong>Erfahrung in ABAP<\/strong>&nbsp;<\/li>\n<\/ul>\n\n\n\n<p><strong>Unser Angebot<\/strong>&nbsp;<\/p>\n\n\n\n<ul class=\"wp-block-list\">\n<li><strong>Wir stellen Ihnen alle Werkzeuge zur Verf\u00fcgung, die Sie ben\u00f6tigen, um sich weiterzuentwickeln und in diesem Bereich erfolgreich zu werden!<\/strong>&nbsp;<\/li>\n<\/ul>\n\n\n\n<p><strong>Art der Stelle: Vollzeit<\/strong>&nbsp;<\/p>\n<\/details>\n\n\n\n<div style=\"height:44px\" aria-hidden=\"true\" class=\"wp-block-spacer\"><\/div>\n\n\n\n<div class=\"wp-block-buttons has-custom-font-size has-superbfont-xsmall-font-size is-content-justification-center is-layout-flex wp-container-core-buttons-is-layout-de6d9f3a wp-block-buttons-is-layout-flex\" style=\"border-style:none;border-width:0px;padding-right:0;padding-left:0\">\n<div class=\"wp-block-button is-style-fill\"><a class=\"wp-block-button__link has-background wp-element-button\" href=\"mailto:info@medepia.com\" style=\"background-color:#169838\">M\u00d6CHTEN SIE MIT UNS IN KONTAKT TRETEN?<\/a><\/div>\n<\/div>","protected":false},"excerpt":{"rendered":"<p>WE ARE MEDEPIA! medepia is an IT technology company providing SAP solutions as well as consulting services for MDG, business processes, and data quality. Our company bears the most prominent members in the sector who possess technical background with a functional mindset, servicing the best consultancy for our international customers. We like supporting each other [&hellip;]<\/p>","protected":false},"author":1,"featured_media":0,"parent":0,"menu_order":0,"comment_status":"closed","ping_status":"closed","template":"","meta":{"footnotes":""},"class_list":["post-13729","page","type-page","status-publish","hentry"],"_hostinger_reach_plugin_has_subscription_block":false,"_hostinger_reach_plugin_is_elementor":false,"_links":{"self":[{"href":"https:\/\/medepia.com\/de\/wp-json\/wp\/v2\/pages\/13729","targetHints":{"allow":["GET"]}}],"collection":[{"href":"https:\/\/medepia.com\/de\/wp-json\/wp\/v2\/pages"}],"about":[{"href":"https:\/\/medepia.com\/de\/wp-json\/wp\/v2\/types\/page"}],"author":[{"embeddable":true,"href":"https:\/\/medepia.com\/de\/wp-json\/wp\/v2\/users\/1"}],"replies":[{"embeddable":true,"href":"https:\/\/medepia.com\/de\/wp-json\/wp\/v2\/comments?post=13729"}],"version-history":[{"count":26,"href":"https:\/\/medepia.com\/de\/wp-json\/wp\/v2\/pages\/13729\/revisions"}],"predecessor-version":[{"id":13771,"href":"https:\/\/medepia.com\/de\/wp-json\/wp\/v2\/pages\/13729\/revisions\/13771"}],"wp:attachment":[{"href":"https:\/\/medepia.com\/de\/wp-json\/wp\/v2\/media?parent=13729"}],"curies":[{"name":"wp","href":"https:\/\/api.w.org\/{rel}","templated":true}]}}