{"id":109,"date":"2024-11-05T10:05:41","date_gmt":"2024-11-05T07:05:41","guid":{"rendered":"http:\/\/localhost\/wordpress\/?page_id=109"},"modified":"2025-12-18T15:19:18","modified_gmt":"2025-12-18T12:19:18","slug":"partnership","status":"publish","type":"page","link":"https:\/\/medepia.com\/de\/partnership\/","title":{"rendered":"Partnerschaft mit SAP"},"content":{"rendered":"<div class=\"wp-block-group alignfull has-global-padding is-layout-constrained wp-block-group-is-layout-constrained\">\n<div class=\"wp-block-group has-global-padding is-layout-constrained wp-block-group-is-layout-constrained\">\n<div class=\"wp-block-columns is-layout-flex wp-container-core-columns-is-layout-28f84493 wp-block-columns-is-layout-flex\">\n<div class=\"wp-block-column is-layout-flow wp-block-column-is-layout-flow\">\n<p style=\"margin-right:0;margin-left:0;padding-right:0;padding-left:0\">Die Zusammenarbeit mit SAP ist ein bedeutender Meilenstein auf unserem Weg zu Innovation und Exzellenz. Durch den Zusammenschluss mit SAP wollen wir unsere Services und Produkte weiter verbessern und unseren Kunden un\u00fcbertroffene Qualit\u00e4t und innovative L\u00f6sungen bieten. Gemeinsam setzen wir uns f\u00fcr positive Ver\u00e4nderungen ein, f\u00f6rdern Kreativit\u00e4t und schaffen einen einzigartigen Mehrwert f\u00fcr unsere Kunden. Diese Partnerschaft unterstreicht das Engagement von medepia, Grenzen zu \u00fcberschreiten, und wir freuen uns auf die unglaublichen M\u00f6glichkeiten, die vor uns liegen.<\/p>\n\n\n\n<div class=\"wp-block-buttons is-layout-flex wp-block-buttons-is-layout-flex\">\n<div class=\"wp-block-button\"><a class=\"wp-block-button__link has-background wp-element-button\" href=\"https:\/\/medepia.com\/de\/contact\/\" style=\"background-color:#169838\">Kontakt \u2192<\/a><\/div>\n\n\n\n<div class=\"wp-block-button is-style-outline is-style-outline--1\"><a class=\"wp-block-button__link has-contrast-dark-color has-contrast-light-background-color has-text-color has-background has-link-color wp-element-button\" href=\"https:\/\/medepia.com\/de\/blog\/\">Blog lesen<\/a><\/div>\n<\/div>\n<\/div>\n\n\n\n<div class=\"wp-block-column is-layout-flow wp-block-column-is-layout-flow\" style=\"border-radius:8px\">\n<figure class=\"wp-block-image size-full\"><img loading=\"lazy\" decoding=\"async\" width=\"700\" height=\"614\" src=\"https:\/\/medepia.com\/wp-content\/uploads\/2024\/11\/ctaassdsda-1-1.png\" alt=\"\" class=\"wp-image-150\"\/><\/figure>\n<\/div>\n<\/div>\n<\/div>\n<\/div>\n\n\n\n<p><\/p>","protected":false},"excerpt":{"rendered":"<p>SAP Partner collaboration marks a significant milestone in our journey towards innovation and excellence. By joining forces with SAP, we want to make our services\/products better, and want to offer unparalleled quality and cutting-edge solutions to our customers. Together, we are committed to driving positive change, fostering creativity, and delivering unmatched value to our clients. [&hellip;]<\/p>","protected":false},"author":1,"featured_media":0,"parent":0,"menu_order":0,"comment_status":"closed","ping_status":"closed","template":"","meta":{"footnotes":""},"class_list":["post-109","page","type-page","status-publish","hentry"],"_hostinger_reach_plugin_has_subscription_block":false,"_hostinger_reach_plugin_is_elementor":false,"_links":{"self":[{"href":"https:\/\/medepia.com\/de\/wp-json\/wp\/v2\/pages\/109","targetHints":{"allow":["GET"]}}],"collection":[{"href":"https:\/\/medepia.com\/de\/wp-json\/wp\/v2\/pages"}],"about":[{"href":"https:\/\/medepia.com\/de\/wp-json\/wp\/v2\/types\/page"}],"author":[{"embeddable":true,"href":"https:\/\/medepia.com\/de\/wp-json\/wp\/v2\/users\/1"}],"replies":[{"embeddable":true,"href":"https:\/\/medepia.com\/de\/wp-json\/wp\/v2\/comments?post=109"}],"version-history":[{"count":6,"href":"https:\/\/medepia.com\/de\/wp-json\/wp\/v2\/pages\/109\/revisions"}],"predecessor-version":[{"id":13939,"href":"https:\/\/medepia.com\/de\/wp-json\/wp\/v2\/pages\/109\/revisions\/13939"}],"wp:attachment":[{"href":"https:\/\/medepia.com\/de\/wp-json\/wp\/v2\/media?parent=109"}],"curies":[{"name":"wp","href":"https:\/\/api.w.org\/{rel}","templated":true}]}}